{"id":194798,"date":"2025-05-15T16:52:54","date_gmt":"2025-05-15T14:52:54","guid":{"rendered":"http:\/\/dev.nutralie.com\/about-2\/"},"modified":"2025-09-12T11:50:39","modified_gmt":"2025-09-12T09:50:39","slug":"about-2","status":"publish","type":"page","link":"https:\/\/dev.nutralie.com\/de\/about\/","title":{"rendered":"About"},"content":{"rendered":"<div class=\"wpb-content-wrapper\"><p>[vc_row][vc_column]<div class=\"ult-spacer spacer-69e3b8060759c\" data-id=\"69e3b8060759c\" data-height=\"80\" data-height-mobile=\"80\" data-height-tab=\"80\" data-height-tab-portrait=\"\" data-height-mobile-landscape=\"\" style=\"clear:both;display:block;\"><\/div><h2 class=\"titulo-dos-colores title-1\" style=\"text-align:center !important;\"><span class=\"titulo-negro\">Be<\/span> <span class=\"titulo-morado\">Nutralie<\/span><\/h2><style>\r\n                .titulo-dos-colores .titulo-negro {\r\n                    color: #000000;\r\n                }\r\n                .titulo-dos-colores .titulo-morado {\r\n                    color: #AAA5FF;\r\n                }\r\n            <\/style><div class=\"ult-spacer spacer-69e3b80607674\" data-id=\"69e3b80607674\" data-height=\"20\" data-height-mobile=\"20\" data-height-tab=\"20\" data-height-tab-portrait=\"\" data-height-mobile-landscape=\"\" style=\"clear:both;display:block;\"><\/div>[\/vc_column][\/vc_row][vc_row full_width=&#8220;stretch_row&#8220;][vc_column width=&#8220;1\/6&#8243;][\/vc_column][vc_column width=&#8220;2\/3&#8243; el_class=&#8220;full-width-767&#8243;][vc_column_text css=&#8220;&#8220;]Nutralie zu sein bedeutet, sich um die Menschen zu k\u00fcmmern, sich mit der Natur zu verbinden und das Wohlbefinden auf authentische und nahe Art und Weise zu f\u00f6rdern. Wir glauben an eine Welt, in der nat\u00fcrlich bedeutet, auf den K\u00f6rper zu h\u00f6ren, ihm zu geben, was er braucht, und sich von innen heraus wohl zu f\u00fchlen. Eine Welt, in der Wellness kein fernes Ziel ist, sondern ein einfacher und authentischer t\u00e4glicher Begleiter.[\/vc_column_text]<div class=\"ult-spacer spacer-69e3b806076d3\" data-id=\"69e3b806076d3\" data-height=\"20\" data-height-mobile=\"20\" data-height-tab=\"20\" data-height-tab-portrait=\"\" data-height-mobile-landscape=\"\" style=\"clear:both;display:block;\"><\/div>[\/vc_column][vc_column width=&#8220;1\/6&#8243;][\/vc_column][\/vc_row][vc_row][vc_column]<div class=\"ult-spacer spacer-69e3b80607731\" data-id=\"69e3b80607731\" data-height=\"40\" data-height-mobile=\"20\" data-height-tab=\"\" data-height-tab-portrait=\"\" data-height-mobile-landscape=\"20\" style=\"clear:both;display:block;\"><\/div>[\/vc_column][\/vc_row][vc_row full_width=&#8220;stretch_row_content&#8220; gap=&#8220;35&#8243; content_placement=&#8220;middle&#8220; el_class=&#8220;columna-calidad-sostenibilidad ordenar-responsive pading_lat fondo_about&#8220;][vc_column width=&#8220;5\/12&#8243; css=&#8220;.vc_custom_1747322230302{background-position: center !important;background-repeat: no-repeat !important;background-size: cover !important;}&#8220; el_class=&#8220;order-0&#8243;][vc_single_image image=&#8220;189549&#8243; img_size=&#8220;full&#8220; alignment=&#8220;center&#8220; css=&#8220;&#8220;][\/vc_column][vc_column width=&#8220;7\/12&#8243; el_class=&#8220;order-1&#8243;]<div class=\"ult-spacer spacer-69e3b8060778a\" data-id=\"69e3b8060778a\" data-height=\"45\" data-height-mobile=\"5\" data-height-tab=\"\" data-height-tab-portrait=\"\" data-height-mobile-landscape=\"5\" style=\"clear:both;display:block;\"><\/div><h2 class=\"titulo-dos-colores title-1\" style=\"text-align:left !important;\"><span class=\"titulo-negro\">Unsere<\/span> <span class=\"titulo-morado\">mission<\/span><\/h2><style>\r\n                .titulo-dos-colores .titulo-negro {\r\n                    color: #000000;\r\n                }\r\n                .titulo-dos-colores .titulo-morado {\r\n                    color: #AAA5FF;\r\n                }\r\n            <\/style><div class=\"ult-spacer spacer-69e3b80607829\" data-id=\"69e3b80607829\" data-height=\"20\" data-height-mobile=\"20\" data-height-tab=\"\" data-height-tab-portrait=\"\" data-height-mobile-landscape=\"20\" style=\"clear:both;display:block;\"><\/div>[vc_column_text css=&#8220;&#8220;]Wir von Nutralie m\u00f6chten Sie auf Ihrem Weg zum Wohlbefinden begleiten, auf dem Sie sich sowohl k\u00f6rperlich als auch geistig wohlf\u00fchlen und Ihr Leben in vollen Z\u00fcgen genie\u00dfen k\u00f6nnen. Ein Ausflug mit Freunden, die Lekt\u00fcre eines Buches am Strand, ein Yogakurs oder das Abschalten und der Kontakt mit der Natur sind Momente, in denen wir uns wohlf\u00fchlen und uns komplett f\u00fchlen. Wir m\u00f6chten, dass Sie diese Erlebnisse genie\u00dfen k\u00f6nnen und sich dabei innerlich und \u00e4u\u00dferlich wohl f\u00fchlen.[\/vc_column_text]<div class=\"ult-spacer spacer-69e3b8060787d\" data-id=\"69e3b8060787d\" data-height=\"20\" data-height-mobile=\"20\" data-height-tab=\"\" data-height-tab-portrait=\"\" data-height-mobile-landscape=\"20\" style=\"clear:both;display:block;\"><\/div><div class=\"ult-spacer spacer-69e3b806078cf\" data-id=\"69e3b806078cf\" data-height=\"20\" data-height-mobile=\"5\" data-height-tab=\"\" data-height-tab-portrait=\"\" data-height-mobile-landscape=\"5\" style=\"clear:both;display:block;\"><\/div>[\/vc_column][\/vc_row][vc_row][vc_column]<div class=\"ult-spacer spacer-69e3b8060791f\" data-id=\"69e3b8060791f\" data-height=\"50\" data-height-mobile=\"50\" data-height-tab=\"50\" data-height-tab-portrait=\"\" data-height-mobile-landscape=\"\" style=\"clear:both;display:block;\"><\/div>[\/vc_column][\/vc_row][vc_row full_width=&#8220;stretch_row_content&#8220; equal_height=&#8220;yes&#8220;][vc_column width=&#8220;3\/4&#8243; el_class=&#8220;text_img title_valores&#8220;]<div class=\"ult-spacer spacer-69e3b8060796e\" data-id=\"69e3b8060796e\" data-height=\"40\" data-height-mobile=\"40\" data-height-tab=\"40\" data-height-tab-portrait=\"\" data-height-mobile-landscape=\"\" style=\"clear:both;display:block;\"><\/div><h2 class=\"titulo-dos-colores title-1\" style=\"text-align:left !important;\"><span class=\"titulo-negro\">WERTE<\/span> <span class=\"titulo-morado\"><\/span><\/h2><style>\r\n                .titulo-dos-colores .titulo-negro {\r\n                    color: #000000;\r\n                }\r\n                .titulo-dos-colores .titulo-morado {\r\n                    color: #AAA5FF;\r\n                }\r\n            <\/style><div class=\"ult-spacer spacer-69e3b806079ff\" data-id=\"69e3b806079ff\" data-height=\"40\" data-height-mobile=\"20\" data-height-tab=\"\" data-height-tab-portrait=\"\" data-height-mobile-landscape=\"20\" style=\"clear:both;display:block;\"><\/div><div id=\"ult-carousel-42342734569e3b80607c1a\" class=\"ult-carousel-wrapper  sliders_icon ult_horizontal\" data-gutter=\"15\" data-rtl=\"false\" ><div class=\"ult-carousel-50096361169e3b80607a8d \" >[vc_row_inner content_placement=&#8220;middle&#8220; el_class=&#8220;seccion-valores&#8220;][vc_column_inner el_class=&#8220;primera_figura&#8220;][vc_single_image image=&#8220;192342&#8243; img_size=&#8220;full&#8220; css=&#8220;&#8220;]<div class=\"ult-item-wrap\" data-animation=\"animated no-animation\"><div class=\"ult-spacer spacer-69e3b80607d5b\" data-id=\"69e3b80607d5b\" data-height=\"10\" data-height-mobile=\"10\" data-height-tab=\"10\" data-height-tab-portrait=\"\" data-height-mobile-landscape=\"\" style=\"clear:both;display:block;\"><\/div><\/div>[vc_column_text css=&#8220;&#8220; el_class=&#8220;subtitle-valores&#8220;]<strong>NATURAL<\/strong>[\/vc_column_text][vc_column_text css=&#8220;&#8220; el_class=&#8220;texto-15px&#8220;]<\/p>\n<p data-start=\"1022\" data-end=\"1285\">Die Natur inspiriert uns dazu, Produkte zu entwickeln, die auf einfache und reine Weise zum Wohlbefinden beitragen. Jede unserer Formeln basiert auf nat\u00fcrlichen Inhaltsstoffen, weil wir glauben, dass das Nat\u00fcrliche ein Weg ist, sich wohlzuf\u00fchlen.<\/p>\n<p>[\/vc_column_text][\/vc_column_inner][\/vc_row_inner][vc_row_inner el_class=&#8220;seccion-valores&#8220;][vc_column_inner][vc_single_image image=&#8220;190725&#8243; img_size=&#8220;full&#8220; css=&#8220;&#8220;]<div class=\"ult-item-wrap\" data-animation=\"animated no-animation\"><div class=\"ult-spacer spacer-69e3b80607deb\" data-id=\"69e3b80607deb\" data-height=\"10\" data-height-mobile=\"10\" data-height-tab=\"10\" data-height-tab-portrait=\"\" data-height-mobile-landscape=\"\" style=\"clear:both;display:block;\"><\/div><\/div>[vc_column_text css=&#8220;&#8220; el_class=&#8220;subtitle-valores&#8220;]<strong>F\u00dcR MENSCHEN<\/strong>[\/vc_column_text][vc_column_text css=&#8220;&#8220; el_class=&#8220;texto-15px&#8220;]Wir arbeiten daran, das Leben der Menschen zu verbessern und sie auf ihrem Weg zu einem gesunden Leben zu begleiten. Deshalb h\u00f6ren wir zu, lernen und bem\u00fchen uns, eine echte Verbindung zu den Menschen aufzubauen, die uns vertrauen.[\/vc_column_text][\/vc_column_inner][\/vc_row_inner][vc_row_inner el_class=&#8220;seccion-valores&#8220;][vc_column_inner][vc_single_image image=&#8220;190731&#8243; img_size=&#8220;full&#8220; css=&#8220;&#8220;]<div class=\"ult-item-wrap\" data-animation=\"animated no-animation\"><div class=\"ult-spacer spacer-69e3b80607e55\" data-id=\"69e3b80607e55\" data-height=\"10\" data-height-mobile=\"10\" data-height-tab=\"10\" data-height-tab-portrait=\"\" data-height-mobile-landscape=\"\" style=\"clear:both;display:block;\"><\/div><\/div>[vc_column_text css=&#8220;&#8220; el_class=&#8220;subtitle-valores&#8220;]<strong>QUALIT\u00c4T<\/strong>[\/vc_column_text][vc_column_text css=&#8220;&#8220; el_class=&#8220;texto-15px&#8220;]<\/p>\n<p data-start=\"969\" data-end=\"1165\">Wir achten auf jedes Detail: von der Auswahl der Zutaten und ihrer Herkunft bis zur Herstellung des Endprodukts \u2013 stets mit dem Anspruch, sichere und wirksame Produkte anzubieten.<\/p>\n<p>[\/vc_column_text][\/vc_column_inner][\/vc_row_inner][vc_row_inner el_class=&#8220;seccion-valores&#8220;][vc_column_inner][vc_single_image image=&#8220;190737&#8243; img_size=&#8220;full&#8220; css=&#8220;&#8220;]<div class=\"ult-item-wrap\" data-animation=\"animated no-animation\"><div class=\"ult-spacer spacer-69e3b80607ea9\" data-id=\"69e3b80607ea9\" data-height=\"10\" data-height-mobile=\"10\" data-height-tab=\"10\" data-height-tab-portrait=\"\" data-height-mobile-landscape=\"\" style=\"clear:both;display:block;\"><\/div><\/div>[vc_column_text css=&#8220;&#8220; el_class=&#8220;subtitle-valores&#8220;]<strong>INNOVATION<\/strong>[\/vc_column_text][vc_column_text css=&#8220;&#8220; el_class=&#8220;texto-15px&#8220;]<\/p>\n<p data-start=\"931\" data-end=\"1157\">Jede Formel, Complex oder Elements, ist das Ergebnis eines sorgf\u00e4ltigen Forschungsprozesses, der darauf ausgelegt ist, Zutaten verantwortungsvoll auszuw\u00e4hlen und zu kombinieren, mit Augenmerk auf jedes Detail.<\/p>\n<p>[\/vc_column_text][\/vc_column_inner][\/vc_row_inner]<\/div><\/div>\t\t\t<script type=\"text\/javascript\">\r\n\t\t\t\tjQuery(document).ready(function ($) {\r\n\t\t\t\t\tif( typeof jQuery('.ult-carousel-50096361169e3b80607a8d').slick == \"function\"){\r\n\t\t\t\t\t\t$('.ult-carousel-50096361169e3b80607a8d').slick({dots: true,autoplaySpeed: 5000,speed: 300,infinite: false,arrows: true,nextArrow: '<button type=\"button\" role=\"button\" aria-label=\"Next\" style=\"color:#333333; font-size:20px;\" class=\"slick-next default\"><i class=\"ultsl-arrow-right4\"><\/i><\/button>',prevArrow: '<button type=\"button\" role=\"button\" aria-label=\"Previous\" style=\"color:#333333; font-size:20px;\" class=\"slick-prev default\"><i class=\"ultsl-arrow-left4\"><\/i><\/button>',slidesToScroll:4,slidesToShow:4,swipe: true,draggable: true,touchMove: true,pauseOnHover: true,pauseOnFocus: false,responsive: [\r\n\t\t\t\t\t\t\t{\r\n\t\t\t\t\t\t\t  breakpoint: 1026,\r\n\t\t\t\t\t\t\t  settings: {\r\n\t\t\t\t\t\t\t\tslidesToShow: 4,\r\n\t\t\t\t\t\t\t\tslidesToScroll: 4,  \r\n\t\t\t\t\t\t\t  }\r\n\t\t\t\t\t\t\t},\r\n\t\t\t\t\t\t\t{\r\n\t\t\t\t\t\t\t  breakpoint: 1025,\r\n\t\t\t\t\t\t\t  settings: {\r\n\t\t\t\t\t\t\t\tslidesToShow: 4,\r\n\t\t\t\t\t\t\t\tslidesToScroll: 4\r\n\t\t\t\t\t\t\t  }\r\n\t\t\t\t\t\t\t},\r\n\t\t\t\t\t\t\t{\r\n\t\t\t\t\t\t\t  breakpoint: 760,\r\n\t\t\t\t\t\t\t  settings: {\r\n\t\t\t\t\t\t\t\tslidesToShow: 1,\r\n\t\t\t\t\t\t\t\tslidesToScroll: 1\r\n\t\t\t\t\t\t\t  }\r\n\t\t\t\t\t\t\t}\r\n\t\t\t\t\t\t],pauseOnDotsHover: true,customPaging: function(slider, i) {\r\n                   return '<i type=\"button\" style= \"color:#333333;\" class=\"ultsl-record\" data-role=\"none\"><\/i>';\r\n                },});\r\n\t\t\t\t\t}\r\n\t\t\t\t});\r\n\t\t\t<\/script>\r\n\t\t\t<div class=\"ult-spacer spacer-69e3b80607f19\" data-id=\"69e3b80607f19\" data-height=\"40\" data-height-mobile=\"40\" data-height-tab=\"40\" data-height-tab-portrait=\"\" data-height-mobile-landscape=\"\" style=\"clear:both;display:block;\"><\/div>[\/vc_column][vc_column width=&#8220;1\/4&#8243; el_class=&#8220;img_img img_valores&#8220;][vc_single_image image=&#8220;189555&#8243; img_size=&#8220;full&#8220; alignment=&#8220;center&#8220; css=&#8220;&#8220; el_class=&#8220;imagen-calidad&#8220;][\/vc_column][\/vc_row]<\/p>\n<\/div>","protected":false},"excerpt":{"rendered":"<p>[vc_row][vc_column][\/vc_column][\/vc_row][vc_row full_width=&#8220;stretch_row&#8220;][vc_column width=&#8220;1\/6&#8243;][\/vc_column][vc_column width=&#8220;2\/3&#8243; el_class=&#8220;full-width-767&#8243;][vc_column_text css=&#8220;&#8220;]Nutralie zu sein bedeutet, sich um die Menschen zu k\u00fcmmern, sich mit der Natur zu verbinden und das Wohlbefinden auf authentische und nahe Art und Weise zu f\u00f6rdern. Wir glauben an eine Welt, in der<\/p>\n<p><a class=\"readmore\" href=\"https:\/\/dev.nutralie.com\/de\/about\/\">Leer M\u00e1s<\/a><\/p>\n","protected":false},"author":1,"featured_media":0,"parent":0,"menu_order":0,"comment_status":"closed","ping_status":"closed","template":"full-width.php","meta":{"_acf_changed":false,"footnotes":""},"class_list":["post-194798","page","type-page","status-publish","hentry"],"acf":[],"yoast_head":"<!-- This site is optimized with the Yoast SEO plugin v27.3 - https:\/\/yoast.com\/product\/yoast-seo-wordpress\/ -->\n<title>About | Nutralie<\/title>\n<meta name=\"description\" content=\"Unser Ziel ist es, mit unseren Nahrungserg\u00e4nzungsmitteln das Gleichgewicht und das Wohlbefinden zu erreichen, das Sie brauchen, wobei wir uns f\u00fcr Innovation und Nachhaltigkeit einsetzen.\" \/>\n<meta name=\"robots\" content=\"noindex, follow, max-snippet:-1, max-image-preview:large, max-video-preview:-1\" \/>\n<meta property=\"og:locale\" content=\"de_DE\" \/>\n<meta property=\"og:type\" content=\"article\" \/>\n<meta property=\"og:title\" content=\"About | Nutralie\" \/>\n<meta property=\"og:description\" content=\"Unser Ziel ist es, mit unseren Nahrungserg\u00e4nzungsmitteln das Gleichgewicht und das Wohlbefinden zu erreichen, das Sie brauchen, wobei wir uns f\u00fcr Innovation und Nachhaltigkeit einsetzen.\" \/>\n<meta property=\"og:url\" content=\"https:\/\/dev.nutralie.com\/de\/about\/\" \/>\n<meta property=\"og:site_name\" content=\"Nutralie\" \/>\n<meta property=\"article:modified_time\" content=\"2025-09-12T09:50:39+00:00\" \/>\n<meta name=\"twitter:card\" content=\"summary_large_image\" \/>\n<meta name=\"twitter:label1\" content=\"Gesch\u00e4tzte Lesezeit\" \/>\n\t<meta name=\"twitter:data1\" content=\"3\u00a0Minuten\" \/>\n<script type=\"application\/ld+json\" class=\"yoast-schema-graph\">{\"@context\":\"https:\\\/\\\/schema.org\",\"@graph\":[{\"@type\":\"WebPage\",\"@id\":\"https:\\\/\\\/dev.nutralie.com\\\/de\\\/about\\\/\",\"url\":\"https:\\\/\\\/dev.nutralie.com\\\/de\\\/about\\\/\",\"name\":\"About | Nutralie\",\"isPartOf\":{\"@id\":\"https:\\\/\\\/dev.nutralie.com\\\/de\\\/#website\"},\"datePublished\":\"2025-05-15T14:52:54+00:00\",\"dateModified\":\"2025-09-12T09:50:39+00:00\",\"description\":\"Unser Ziel ist es, mit unseren Nahrungserg\u00e4nzungsmitteln das Gleichgewicht und das Wohlbefinden zu erreichen, das Sie brauchen, wobei wir uns f\u00fcr Innovation und Nachhaltigkeit einsetzen.\",\"breadcrumb\":{\"@id\":\"https:\\\/\\\/dev.nutralie.com\\\/de\\\/about\\\/#breadcrumb\"},\"inLanguage\":\"de\",\"potentialAction\":[{\"@type\":\"ReadAction\",\"target\":[\"https:\\\/\\\/dev.nutralie.com\\\/de\\\/about\\\/\"]}]},{\"@type\":\"BreadcrumbList\",\"@id\":\"https:\\\/\\\/dev.nutralie.com\\\/de\\\/about\\\/#breadcrumb\",\"itemListElement\":[{\"@type\":\"ListItem\",\"position\":1,\"name\":\"Home\",\"item\":\"https:\\\/\\\/dev.nutralie.com\\\/de\\\/\"},{\"@type\":\"ListItem\",\"position\":2,\"name\":\"About\"}]},{\"@type\":\"WebSite\",\"@id\":\"https:\\\/\\\/dev.nutralie.com\\\/de\\\/#website\",\"url\":\"https:\\\/\\\/dev.nutralie.com\\\/de\\\/\",\"name\":\"Nutralie\",\"description\":\"\",\"potentialAction\":[{\"@type\":\"SearchAction\",\"target\":{\"@type\":\"EntryPoint\",\"urlTemplate\":\"https:\\\/\\\/dev.nutralie.com\\\/de\\\/?s={search_term_string}\"},\"query-input\":{\"@type\":\"PropertyValueSpecification\",\"valueRequired\":true,\"valueName\":\"search_term_string\"}}],\"inLanguage\":\"de\"}]}<\/script>\n<!-- \/ Yoast SEO plugin. -->","yoast_head_json":{"title":"About | Nutralie","description":"Unser Ziel ist es, mit unseren Nahrungserg\u00e4nzungsmitteln das Gleichgewicht und das Wohlbefinden zu erreichen, das Sie brauchen, wobei wir uns f\u00fcr Innovation und Nachhaltigkeit einsetzen.","robots":{"index":"noindex","follow":"follow","max-snippet":"max-snippet:-1","max-image-preview":"max-image-preview:large","max-video-preview":"max-video-preview:-1"},"og_locale":"de_DE","og_type":"article","og_title":"About | Nutralie","og_description":"Unser Ziel ist es, mit unseren Nahrungserg\u00e4nzungsmitteln das Gleichgewicht und das Wohlbefinden zu erreichen, das Sie brauchen, wobei wir uns f\u00fcr Innovation und Nachhaltigkeit einsetzen.","og_url":"https:\/\/dev.nutralie.com\/de\/about\/","og_site_name":"Nutralie","article_modified_time":"2025-09-12T09:50:39+00:00","twitter_card":"summary_large_image","twitter_misc":{"Gesch\u00e4tzte Lesezeit":"3\u00a0Minuten"},"schema":{"@context":"https:\/\/schema.org","@graph":[{"@type":"WebPage","@id":"https:\/\/dev.nutralie.com\/de\/about\/","url":"https:\/\/dev.nutralie.com\/de\/about\/","name":"About | Nutralie","isPartOf":{"@id":"https:\/\/dev.nutralie.com\/de\/#website"},"datePublished":"2025-05-15T14:52:54+00:00","dateModified":"2025-09-12T09:50:39+00:00","description":"Unser Ziel ist es, mit unseren Nahrungserg\u00e4nzungsmitteln das Gleichgewicht und das Wohlbefinden zu erreichen, das Sie brauchen, wobei wir uns f\u00fcr Innovation und Nachhaltigkeit einsetzen.","breadcrumb":{"@id":"https:\/\/dev.nutralie.com\/de\/about\/#breadcrumb"},"inLanguage":"de","potentialAction":[{"@type":"ReadAction","target":["https:\/\/dev.nutralie.com\/de\/about\/"]}]},{"@type":"BreadcrumbList","@id":"https:\/\/dev.nutralie.com\/de\/about\/#breadcrumb","itemListElement":[{"@type":"ListItem","position":1,"name":"Home","item":"https:\/\/dev.nutralie.com\/de\/"},{"@type":"ListItem","position":2,"name":"About"}]},{"@type":"WebSite","@id":"https:\/\/dev.nutralie.com\/de\/#website","url":"https:\/\/dev.nutralie.com\/de\/","name":"Nutralie","description":"","potentialAction":[{"@type":"SearchAction","target":{"@type":"EntryPoint","urlTemplate":"https:\/\/dev.nutralie.com\/de\/?s={search_term_string}"},"query-input":{"@type":"PropertyValueSpecification","valueRequired":true,"valueName":"search_term_string"}}],"inLanguage":"de"}]}},"_links":{"self":[{"href":"https:\/\/dev.nutralie.com\/de\/wp-json\/wp\/v2\/pages\/194798","targetHints":{"allow":["GET"]}}],"collection":[{"href":"https:\/\/dev.nutralie.com\/de\/wp-json\/wp\/v2\/pages"}],"about":[{"href":"https:\/\/dev.nutralie.com\/de\/wp-json\/wp\/v2\/types\/page"}],"author":[{"embeddable":true,"href":"https:\/\/dev.nutralie.com\/de\/wp-json\/wp\/v2\/users\/1"}],"replies":[{"embeddable":true,"href":"https:\/\/dev.nutralie.com\/de\/wp-json\/wp\/v2\/comments?post=194798"}],"version-history":[{"count":6,"href":"https:\/\/dev.nutralie.com\/de\/wp-json\/wp\/v2\/pages\/194798\/revisions"}],"predecessor-version":[{"id":207833,"href":"https:\/\/dev.nutralie.com\/de\/wp-json\/wp\/v2\/pages\/194798\/revisions\/207833"}],"wp:attachment":[{"href":"https:\/\/dev.nutralie.com\/de\/wp-json\/wp\/v2\/media?parent=194798"}],"curies":[{"name":"wp","href":"https:\/\/api.w.org\/{rel}","templated":true}]}}