{"id":218106,"date":"2026-01-28T13:24:25","date_gmt":"2026-01-28T11:24:25","guid":{"rendered":"http:\/\/dev.nutralie.com\/?page_id=218106"},"modified":"2026-01-28T14:20:19","modified_gmt":"2026-01-28T12:20:19","slug":"richtlinie-fuer-soziale-medien","status":"publish","type":"page","link":"https:\/\/dev.nutralie.com\/de\/richtlinie-fuer-soziale-medien\/","title":{"rendered":"RICHTLINIE F\u00dcR SOZIALE MEDIEN"},"content":{"rendered":"<div class=\"wpb-content-wrapper\"><p>[vc_row][vc_column]<div class=\"ult-spacer spacer-69e3d1ce33cbc\" data-id=\"69e3d1ce33cbc\" data-height=\"80\" data-height-mobile=\"55\" data-height-tab=\"\" data-height-tab-portrait=\"\" data-height-mobile-landscape=\"55\" style=\"clear:both;display:block;\"><\/div><h2 class=\"titulo-dos-colores title-1\" style=\"text-align:center !important;\"><span class=\"titulo-negro\">Richtlinie f\u00fcr <\/span> <span class=\"titulo-morado\">Soziale Medien<\/span><\/h2><style>\r\n                .titulo-dos-colores .titulo-negro {\r\n                    color: #000000;\r\n                }\r\n                .titulo-dos-colores .titulo-morado {\r\n                    color: #AAA5FF;\r\n                }\r\n            <\/style><div class=\"ult-spacer spacer-69e3d1ce33dae\" data-id=\"69e3d1ce33dae\" data-height=\"80\" data-height-mobile=\"55\" data-height-tab=\"\" data-height-tab-portrait=\"\" data-height-mobile-landscape=\"55\" style=\"clear:both;display:block;\"><\/div>[\/vc_column][\/vc_row][vc_row][vc_column][vc_column_text css=&#8220;&#8220;]<\/p>\n<p data-start=\"117\" data-end=\"160\"><strong data-start=\"117\" data-end=\"160\">DATENSCHUTZERKL\u00c4RUNG F\u00dcR SOZIALE MEDIEN<\/strong><\/p>\n<p data-start=\"162\" data-end=\"197\"><strong data-start=\"162\" data-end=\"197\">1. INFORMATIONEN F\u00dcR DEN NUTZER<\/strong><\/p>\n<p data-start=\"199\" data-end=\"279\"><strong data-start=\"199\" data-end=\"277\">Wer ist f\u00fcr die Verarbeitung Ihrer personenbezogenen Daten verantwortlich?<\/strong><\/p>\n<p data-start=\"281\" data-end=\"661\">NUTRIEXPERTS, SL ist verantwortlich f\u00fcr die Verarbeitung personenbezogener Daten von Personen, die ein Profil auf einem ihrer Social-Media-Kan\u00e4le erstellt haben. Diese Daten werden in \u00dcbereinstimmung mit der Verordnung (EU) 2016\/679 (DSGVO), dem Organischen Gesetz 3\/2018 (LOPDGDD) und dem Gesetz \u00fcber Informationsgesellschaftsdienste und elektronischen Handel (LSSI) verarbeitet.<\/p>\n<p data-start=\"663\" data-end=\"719\"><strong data-start=\"663\" data-end=\"717\">Wozu verarbeiten wir Ihre personenbezogenen Daten?<\/strong><\/p>\n<p data-start=\"721\" data-end=\"869\">Zweck der Verarbeitung ist die Aufrechterhaltung einer Beziehung zwischen dem Nutzer und NUTRIEXPERTS, SL, einschlie\u00dflich der folgenden Aktivit\u00e4ten:<\/p>\n<p data-start=\"873\" data-end=\"957\">Bearbeitung von Anfragen und Fragen, die an den Verantwortlichen gerichtet werden.<\/p>\n<p data-start=\"960\" data-end=\"1072\">Bereitstellung von Informationen \u00fcber Aktivit\u00e4ten, Veranstaltungen, Produkte oder angebotene Dienstleistungen.<\/p>\n<p data-start=\"1075\" data-end=\"1116\">Interaktion \u00fcber die offiziellen Profile.<\/p>\n<p data-start=\"1118\" data-end=\"1412\"><strong data-start=\"1118\" data-end=\"1155\">Rechtsgrundlage der Verarbeitung:<\/strong><br data-start=\"1155\" data-end=\"1158\" \/>Ausdr\u00fcckliche Einwilligung des Nutzers f\u00fcr einen oder mehrere spezifische Zwecke. Der Nutzer kann jederzeit die Datenschutzrichtlinien des jeweiligen sozialen Netzwerks einsehen und sein Profil so konfigurieren, dass seine Privatsph\u00e4re gew\u00e4hrleistet ist.<\/p>\n<p data-start=\"1414\" data-end=\"1572\"><strong data-start=\"1414\" data-end=\"1478\">Wie lange werden wir Ihre personenbezogenen Daten speichern?<\/strong><br data-start=\"1478\" data-end=\"1481\" \/>Die Daten werden so lange aufbewahrt, bis der Nutzer seine erteilte Einwilligung widerruft.<\/p>\n<p data-start=\"1574\" data-end=\"2008\"><strong data-start=\"1574\" data-end=\"1631\">An wen geben wir Ihre personenbezogenen Daten weiter?<\/strong><br data-start=\"1631\" data-end=\"1634\" \/>Informationen, die \u00fcber soziale Medien bereitgestellt werden, k\u00f6nnen ver\u00f6ffentlicht und f\u00fcr andere Nutzer desselben Netzwerks \u00f6ffentlich zug\u00e4nglich gemacht werden. Daten werden nicht an Dritte au\u00dferhalb des sozialen Netzwerks weitergegeben, es sei denn, dies ist f\u00fcr die Zwecke der Verarbeitung erforderlich (z.\u202fB. Dienstleister mit g\u00fcltigen Vertraulichkeitsvereinbarungen).<\/p>\n<p data-start=\"2010\" data-end=\"2159\"><strong data-start=\"2010\" data-end=\"2038\">Welche Rechte haben Sie?<\/strong><br data-start=\"2038\" data-end=\"2041\" \/>Die Rechte k\u00f6nnen nur in Bezug auf Informationen ausge\u00fcbt werden, die unter der Kontrolle des Verantwortlichen stehen:<\/p>\n<p data-start=\"2163\" data-end=\"2213\">Recht, die Einwilligung jederzeit zu widerrufen.<\/p>\n<p data-start=\"2216\" data-end=\"2332\">Recht auf Auskunft, Berichtigung, \u00dcbertragbarkeit, L\u00f6schung, Einschr\u00e4nkung und Widerspruch gegen die Verarbeitung.<\/p>\n<p data-start=\"2335\" data-end=\"2414\">Recht, eine Beschwerde bei der Aufsichtsbeh\u00f6rde einzureichen (<strong data-start=\"2397\" data-end=\"2412\"><a class=\"decorated-link\" href=\"http:\/\/www.aepd.es\" target=\"_new\" rel=\"noopener\" data-start=\"2399\" data-end=\"2410\">www.aepd.es<\/a><\/strong>).<\/p>\n<p data-start=\"2416\" data-end=\"2583\"><strong data-start=\"2416\" data-end=\"2459\">Kontaktdaten zur Aus\u00fcbung Ihrer Rechte:<\/strong><br data-start=\"2459\" data-end=\"2462\" \/>Postanschrift: C\/ Vallespir, 19, 3. Etage, B\u00fcro 5, 08173 Sant Cugat del Vall\u00e8s (Barcelona)<br data-start=\"2552\" data-end=\"2555\" \/>E-Mail: <a class=\"decorated-link cursor-pointer\" rel=\"noopener\" data-start=\"2563\" data-end=\"2583\">gdpr@nutriexperts.eu<\/a><\/p>\n<p data-start=\"2590\" data-end=\"2618\"><strong data-start=\"2590\" data-end=\"2616\">2. NUTZUNG DES PROFILS<\/strong><\/p>\n<p data-start=\"2620\" data-end=\"3050\">Der Verantwortliche kann Ma\u00dfnahmen wie den Zugriff auf \u00f6ffentliche Profildaten, das Posten von bereits auf dem eigenen sozialen Netzwerk vorhandenen Informationen auf dem Profil des Nutzers, das Versenden pers\u00f6nlicher und individueller Nachrichten sowie Statusaktualisierungen durchf\u00fchren. Der Nutzer kann jederzeit seine Verbindungen verwalten und einschr\u00e4nken, mit wem Inhalte \u00fcber die Privatsph\u00e4re-Einstellungen geteilt werden.<\/p>\n<p data-start=\"3057\" data-end=\"3074\"><strong data-start=\"3057\" data-end=\"3072\">3. BEITR\u00c4GE<\/strong><\/p>\n<p data-start=\"3076\" data-end=\"3173\">Sobald der Nutzer Follower ist, kann er Kommentare, Links, Bilder oder Multimedia-Inhalte posten.<\/p>\n<p data-start=\"3177\" data-end=\"3283\"><strong data-start=\"3177\" data-end=\"3190\">Eigentum:<\/strong> Der Nutzer muss Eigent\u00fcmer der Inhalte sein oder die Zustimmung betroffener Dritter haben.<\/p>\n<p data-start=\"3286\" data-end=\"3421\"><strong data-start=\"3286\" data-end=\"3298\">Verbote:<\/strong> Beitr\u00e4ge, die gegen Moral, Ethik oder Gesetz versto\u00dfen, sowie beleidigende oder diffamierende Kommentare sind untersagt.<\/p>\n<p data-start=\"3424\" data-end=\"3670\"><strong data-start=\"3424\" data-end=\"3442\">Verantwortung:<\/strong> Der Verantwortliche beh\u00e4lt sich das Recht vor, Inhalte sofort zu entfernen und Nutzer ohne Vorank\u00fcndigung zu sperren. Der Nutzer ist prim\u00e4r f\u00fcr seine eigene Privatsph\u00e4re in Bezug auf frei ver\u00f6ffentlichte Inhalte verantwortlich.<\/p>\n<p data-start=\"3677\" data-end=\"3752\"><strong data-start=\"3677\" data-end=\"3750\">4. DATEN VON MINDERJ\u00c4HRIGEN ODER PERSONEN MIT BESONDEREN BED\u00dcRFNISSEN<\/strong><\/p>\n<p data-start=\"3754\" data-end=\"4035\">Es wird empfohlen, die Altersanforderungen jedes sozialen Netzwerks zu pr\u00fcfen. Der Verantwortliche ist nicht haftbar f\u00fcr die Nutzung sozialer Medien durch Minderj\u00e4hrige oder Personen mit besonderen Bed\u00fcrfnissen, deren Zugang von ihren gesetzlichen Vertretern \u00fcberwacht werden muss.<\/p>\n<p data-start=\"4037\" data-end=\"4167\" data-is-last-node=\"\" data-is-only-node=\"\"><strong data-start=\"4037\" data-end=\"4049\">Hinweis:<\/strong> Diese Richtlinie kann jederzeit ge\u00e4ndert werden. \u00c4nderungen werden \u00fcber soziale Medien oder die Website kommuniziert.<\/p>\n<p>[\/vc_column_text]<div class=\"ult-spacer spacer-69e3d1ce33e0e\" data-id=\"69e3d1ce33e0e\" data-height=\"80\" data-height-mobile=\"55\" data-height-tab=\"\" data-height-tab-portrait=\"\" data-height-mobile-landscape=\"55\" style=\"clear:both;display:block;\"><\/div>[\/vc_column][\/vc_row]<\/p>\n<\/div>","protected":false},"excerpt":{"rendered":"<p>[vc_row][vc_column][\/vc_column][\/vc_row][vc_row][vc_column][vc_column_text css=&#8220;&#8220;] DATENSCHUTZERKL\u00c4RUNG F\u00dcR SOZIALE MEDIEN 1. INFORMATIONEN F\u00dcR DEN NUTZER Wer ist f\u00fcr die Verarbeitung Ihrer personenbezogenen Daten verantwortlich? NUTRIEXPERTS, SL ist verantwortlich f\u00fcr die Verarbeitung personenbezogener Daten von Personen, die ein Profil auf einem ihrer Social-Media-Kan\u00e4le erstellt haben.<\/p>\n<p><a class=\"readmore\" href=\"https:\/\/dev.nutralie.com\/de\/richtlinie-fuer-soziale-medien\/\">Leer M\u00e1s<\/a><\/p>\n","protected":false},"author":14,"featured_media":0,"parent":0,"menu_order":0,"comment_status":"closed","ping_status":"closed","template":"","meta":{"_acf_changed":false,"footnotes":""},"class_list":["post-218106","page","type-page","status-publish","hentry"],"acf":[],"yoast_head":"<!-- This site is optimized with the Yoast SEO plugin v27.3 - https:\/\/yoast.com\/product\/yoast-seo-wordpress\/ -->\n<title>RICHTLINIE F\u00dcR SOZIALE MEDIEN - Nutralie<\/title>\n<meta name=\"robots\" content=\"noindex, follow, max-snippet:-1, max-image-preview:large, max-video-preview:-1\" \/>\n<meta property=\"og:locale\" content=\"de_DE\" \/>\n<meta property=\"og:type\" content=\"article\" \/>\n<meta property=\"og:title\" content=\"RICHTLINIE F\u00dcR SOZIALE MEDIEN - Nutralie\" \/>\n<meta property=\"og:description\" content=\"[vc_row][vc_column][\/vc_column][\/vc_row][vc_row][vc_column][vc_column_text css=&#8220;&#8220;] DATENSCHUTZERKL\u00c4RUNG F\u00dcR SOZIALE MEDIEN 1. INFORMATIONEN F\u00dcR DEN NUTZER Wer ist f\u00fcr die Verarbeitung Ihrer personenbezogenen Daten verantwortlich? NUTRIEXPERTS, SL ist verantwortlich f\u00fcr die Verarbeitung personenbezogener Daten von Personen, die ein Profil auf einem ihrer Social-Media-Kan\u00e4le erstellt haben.Leer M\u00e1s\" \/>\n<meta property=\"og:url\" content=\"https:\/\/dev.nutralie.com\/de\/richtlinie-fuer-soziale-medien\/\" \/>\n<meta property=\"og:site_name\" content=\"Nutralie\" \/>\n<meta property=\"article:modified_time\" content=\"2026-01-28T12:20:19+00:00\" \/>\n<meta name=\"twitter:card\" content=\"summary_large_image\" \/>\n<meta name=\"twitter:label1\" content=\"Gesch\u00e4tzte Lesezeit\" \/>\n\t<meta name=\"twitter:data1\" content=\"3\u00a0Minuten\" \/>\n<script type=\"application\/ld+json\" class=\"yoast-schema-graph\">{\"@context\":\"https:\\\/\\\/schema.org\",\"@graph\":[{\"@type\":\"WebPage\",\"@id\":\"https:\\\/\\\/dev.nutralie.com\\\/de\\\/richtlinie-fuer-soziale-medien\\\/\",\"url\":\"https:\\\/\\\/dev.nutralie.com\\\/de\\\/richtlinie-fuer-soziale-medien\\\/\",\"name\":\"RICHTLINIE F\u00dcR SOZIALE MEDIEN - Nutralie\",\"isPartOf\":{\"@id\":\"https:\\\/\\\/dev.nutralie.com\\\/de\\\/#website\"},\"datePublished\":\"2026-01-28T11:24:25+00:00\",\"dateModified\":\"2026-01-28T12:20:19+00:00\",\"breadcrumb\":{\"@id\":\"https:\\\/\\\/dev.nutralie.com\\\/de\\\/richtlinie-fuer-soziale-medien\\\/#breadcrumb\"},\"inLanguage\":\"de\",\"potentialAction\":[{\"@type\":\"ReadAction\",\"target\":[\"https:\\\/\\\/dev.nutralie.com\\\/de\\\/richtlinie-fuer-soziale-medien\\\/\"]}]},{\"@type\":\"BreadcrumbList\",\"@id\":\"https:\\\/\\\/dev.nutralie.com\\\/de\\\/richtlinie-fuer-soziale-medien\\\/#breadcrumb\",\"itemListElement\":[{\"@type\":\"ListItem\",\"position\":1,\"name\":\"Home\",\"item\":\"https:\\\/\\\/dev.nutralie.com\\\/de\\\/\"},{\"@type\":\"ListItem\",\"position\":2,\"name\":\"RICHTLINIE F\u00dcR SOZIALE MEDIEN\"}]},{\"@type\":\"WebSite\",\"@id\":\"https:\\\/\\\/dev.nutralie.com\\\/de\\\/#website\",\"url\":\"https:\\\/\\\/dev.nutralie.com\\\/de\\\/\",\"name\":\"Nutralie\",\"description\":\"\",\"potentialAction\":[{\"@type\":\"SearchAction\",\"target\":{\"@type\":\"EntryPoint\",\"urlTemplate\":\"https:\\\/\\\/dev.nutralie.com\\\/de\\\/?s={search_term_string}\"},\"query-input\":{\"@type\":\"PropertyValueSpecification\",\"valueRequired\":true,\"valueName\":\"search_term_string\"}}],\"inLanguage\":\"de\"}]}<\/script>\n<!-- \/ Yoast SEO plugin. -->","yoast_head_json":{"title":"RICHTLINIE F\u00dcR SOZIALE MEDIEN - Nutralie","robots":{"index":"noindex","follow":"follow","max-snippet":"max-snippet:-1","max-image-preview":"max-image-preview:large","max-video-preview":"max-video-preview:-1"},"og_locale":"de_DE","og_type":"article","og_title":"RICHTLINIE F\u00dcR SOZIALE MEDIEN - Nutralie","og_description":"[vc_row][vc_column][\/vc_column][\/vc_row][vc_row][vc_column][vc_column_text css=&#8220;&#8220;] DATENSCHUTZERKL\u00c4RUNG F\u00dcR SOZIALE MEDIEN 1. INFORMATIONEN F\u00dcR DEN NUTZER Wer ist f\u00fcr die Verarbeitung Ihrer personenbezogenen Daten verantwortlich? NUTRIEXPERTS, SL ist verantwortlich f\u00fcr die Verarbeitung personenbezogener Daten von Personen, die ein Profil auf einem ihrer Social-Media-Kan\u00e4le erstellt haben.Leer M\u00e1s","og_url":"https:\/\/dev.nutralie.com\/de\/richtlinie-fuer-soziale-medien\/","og_site_name":"Nutralie","article_modified_time":"2026-01-28T12:20:19+00:00","twitter_card":"summary_large_image","twitter_misc":{"Gesch\u00e4tzte Lesezeit":"3\u00a0Minuten"},"schema":{"@context":"https:\/\/schema.org","@graph":[{"@type":"WebPage","@id":"https:\/\/dev.nutralie.com\/de\/richtlinie-fuer-soziale-medien\/","url":"https:\/\/dev.nutralie.com\/de\/richtlinie-fuer-soziale-medien\/","name":"RICHTLINIE F\u00dcR SOZIALE MEDIEN - Nutralie","isPartOf":{"@id":"https:\/\/dev.nutralie.com\/de\/#website"},"datePublished":"2026-01-28T11:24:25+00:00","dateModified":"2026-01-28T12:20:19+00:00","breadcrumb":{"@id":"https:\/\/dev.nutralie.com\/de\/richtlinie-fuer-soziale-medien\/#breadcrumb"},"inLanguage":"de","potentialAction":[{"@type":"ReadAction","target":["https:\/\/dev.nutralie.com\/de\/richtlinie-fuer-soziale-medien\/"]}]},{"@type":"BreadcrumbList","@id":"https:\/\/dev.nutralie.com\/de\/richtlinie-fuer-soziale-medien\/#breadcrumb","itemListElement":[{"@type":"ListItem","position":1,"name":"Home","item":"https:\/\/dev.nutralie.com\/de\/"},{"@type":"ListItem","position":2,"name":"RICHTLINIE F\u00dcR SOZIALE MEDIEN"}]},{"@type":"WebSite","@id":"https:\/\/dev.nutralie.com\/de\/#website","url":"https:\/\/dev.nutralie.com\/de\/","name":"Nutralie","description":"","potentialAction":[{"@type":"SearchAction","target":{"@type":"EntryPoint","urlTemplate":"https:\/\/dev.nutralie.com\/de\/?s={search_term_string}"},"query-input":{"@type":"PropertyValueSpecification","valueRequired":true,"valueName":"search_term_string"}}],"inLanguage":"de"}]}},"_links":{"self":[{"href":"https:\/\/dev.nutralie.com\/de\/wp-json\/wp\/v2\/pages\/218106","targetHints":{"allow":["GET"]}}],"collection":[{"href":"https:\/\/dev.nutralie.com\/de\/wp-json\/wp\/v2\/pages"}],"about":[{"href":"https:\/\/dev.nutralie.com\/de\/wp-json\/wp\/v2\/types\/page"}],"author":[{"embeddable":true,"href":"https:\/\/dev.nutralie.com\/de\/wp-json\/wp\/v2\/users\/14"}],"replies":[{"embeddable":true,"href":"https:\/\/dev.nutralie.com\/de\/wp-json\/wp\/v2\/comments?post=218106"}],"version-history":[{"count":4,"href":"https:\/\/dev.nutralie.com\/de\/wp-json\/wp\/v2\/pages\/218106\/revisions"}],"predecessor-version":[{"id":218143,"href":"https:\/\/dev.nutralie.com\/de\/wp-json\/wp\/v2\/pages\/218106\/revisions\/218143"}],"wp:attachment":[{"href":"https:\/\/dev.nutralie.com\/de\/wp-json\/wp\/v2\/media?parent=218106"}],"curies":[{"name":"wp","href":"https:\/\/api.w.org\/{rel}","templated":true}]}}