{"id":9487,"date":"2020-08-27T11:40:43","date_gmt":"2020-08-27T09:40:43","guid":{"rendered":"http:\/\/dev.nutralie.com\/politica-de-cookies\/"},"modified":"2025-11-14T14:12:01","modified_gmt":"2025-11-14T12:12:01","slug":"cookie-richtlinien","status":"publish","type":"page","link":"https:\/\/dev.nutralie.com\/de\/cookie-richtlinien\/","title":{"rendered":"COOKIE-RICHTLINIEN"},"content":{"rendered":"<div class=\"wpb-content-wrapper\"><p>[vc_row][vc_column][vc_column_text css=&#8220;&#8220;]<\/p>\n<p style=\"text-align: right;\" data-start=\"134\" data-end=\"178\"><strong>Letzte Aktualisierung: 14. November 2025<\/strong><\/p>\n<p data-start=\"180\" data-end=\"679\">Auf dieser Website verwenden wir Cookies und \u00e4hnliche Technologien (nachfolgend \u201eCookies\u201c), die den Betrieb und die Personalisierung der Website erm\u00f6glichen sowie statistische Analysen \u00fcber deren Nutzung durchf\u00fchren. Ziel dieser Richtlinie ist es, klare und umfassende Informationen \u00fcber die Verwendung von Cookies durch diese Website bereitzustellen, in \u00dcbereinstimmung mit der Verordnung (EU) 2016\/679 (DSGVO), dem Gesetz 34\/2002 (LSSI) und den Leitlinien der spanischen Datenschutzbeh\u00f6rde (AEPD).<\/p>\n<p data-start=\"686\" data-end=\"710\"><strong>1. Was sind Cookies?<\/strong><\/p>\n<p data-start=\"712\" data-end=\"1015\">Cookies sind Dateien, die auf das Ger\u00e4t des Nutzers (Computer, Smartphone, Tablet oder andere) heruntergeladen werden, um Informationen zu speichern und abzurufen. Sie erm\u00f6glichen es beispielsweise, Navigationsdaten oder Einstellungen zu speichern oder Nutzungsmuster des Website-Verhaltens zu erkennen.<\/p>\n<p data-start=\"1017\" data-end=\"1130\">Cookies besch\u00e4digen Ihr Ger\u00e4t nicht und sind f\u00fcr das ordnungsgem\u00e4\u00dfe Funktionieren digitaler Dienste unerl\u00e4sslich.<\/p>\n<p data-start=\"1137\" data-end=\"1173\"><strong>2. Arten von verwendeten Cookies<\/strong><\/p>\n<p data-start=\"1175\" data-end=\"1238\">Cookies k\u00f6nnen nach verschiedenen Kategorien eingeteilt werden:<\/p>\n<p data-start=\"1240\" data-end=\"1295\"><strong>2.1. Nach dem Verantwortlichen f\u00fcr ihre Verwaltung<\/strong><\/p>\n<p data-start=\"1297\" data-end=\"1438\">a) Eigene Cookies (First-Party-Cookies). Diese werden von dieser Website \u00fcber unsere eigenen Server oder Domains gesendet und verwaltet.<\/p>\n<p data-start=\"1440\" data-end=\"1648\">b) Cookies von Drittanbietern. Sie werden von einem anderen Domain verwaltet als diesem Website-Domain, typischerweise bei der Einbindung externer Dienste wie Analysewerkzeuge (z. B. Google Analytics 4).<\/p>\n<p data-start=\"1650\" data-end=\"1692\"><strong>2.2. Nach der Dauer ihrer Aktivierung<\/strong><\/p>\n<p data-start=\"1694\" data-end=\"1840\">a) Sitzungscookies. Sie werden automatisch gel\u00f6scht, sobald der Browser geschlossen wird. Sie erm\u00f6glichen wesentliche Funktionen der Website.<\/p>\n<p data-start=\"1842\" data-end=\"1988\">b) Persistente Cookies. Sie bleiben f\u00fcr einen festgelegten Zeitraum gespeichert, der von wenigen Minuten bis zu mehreren Jahren reichen kann.<\/p>\n<p data-start=\"1990\" data-end=\"2026\"><strong>2.3. Nach ihrer Zweckbestimmung<\/strong><\/p>\n<p data-start=\"2028\" data-end=\"2312\">a) Technische oder notwendige Cookies (von der Einwilligung ausgenommen). Sie erm\u00f6glichen die Navigation und den ordnungsgem\u00e4\u00dfen Betrieb der Website, die Verwaltung grundlegender Einstellungen, die Sicherheit sowie das reibungslose Funktionieren von WordPress und seiner Plugins.<\/p>\n<p data-start=\"2314\" data-end=\"2436\">b) Pr\u00e4ferenz- oder Personalisierungs-Cookies. Sie speichern vom Nutzer gew\u00e4hlte Einstellungen (Sprache, Design usw.).<\/p>\n<p data-start=\"2438\" data-end=\"2605\">c) Analyse- oder Messcookies. Sie erm\u00f6glichen die Quantifizierung der Nutzerzahl und die Analyse der Website-Nutzung, um Funktionalit\u00e4t und Inhalte zu verbessern.<\/p>\n<p data-start=\"2607\" data-end=\"2680\">Diese Website verwendet Google Analytics 4 mit anonymisierter IP-Adresse.<\/p>\n<p data-start=\"2687\" data-end=\"2731\"><strong>3. Auf dieser Website verwendete Cookies<\/strong><\/p>\n<p data-start=\"2733\" data-end=\"2882\">Im Folgenden sind die Cookies aufgef\u00fchrt, die beim Besuch dieser Website installiert werden k\u00f6nnen, mit Angaben zu Zweck, Dauer und Verantwortlichem.<\/p>\n<p data-start=\"2884\" data-end=\"2990\"><em data-start=\"2884\" data-end=\"2990\">Hinweis: Die tats\u00e4chliche Installation kann je nach Auswahl des Nutzers im Einwilligungspanel variieren.<\/em><\/p>\n<p data-start=\"2992\" data-end=\"3063\"><strong>3.1. Technische Cookies (eigene und WordPress) (einwilligungsfrei)<\/strong><\/p>\n<div class=\"group _tableWrapper_1rjym_13 flex w-fit flex-col-reverse\" tabindex=\"-1\">\n<table class=\"w-fit min-w-(--thread-content-width)\" style=\"height: 247px;\" width=\"1364\" data-start=\"3065\" data-end=\"4043\">\n<thead data-start=\"3065\" data-end=\"3110\">\n<tr data-start=\"3065\" data-end=\"3110\">\n<th data-start=\"3065\" data-end=\"3074\" data-col-size=\"md\">Cookie<\/th>\n<th data-start=\"3074\" data-end=\"3082\" data-col-size=\"md\">Zweck<\/th>\n<th data-start=\"3082\" data-end=\"3090\" data-col-size=\"sm\">Dauer<\/th>\n<th data-start=\"3090\" data-end=\"3110\" data-col-size=\"sm\">Verantwortlicher<\/th>\n<\/tr>\n<\/thead>\n<tbody data-start=\"3160\" data-end=\"4043\">\n<tr data-start=\"3160\" data-end=\"3289\">\n<td data-start=\"3160\" data-end=\"3199\" data-col-size=\"md\">cookielawinfo-checkbox-necessary<\/td>\n<td data-start=\"3199\" data-end=\"3244\" data-col-size=\"md\">Pr\u00fcft die Aktivierung notwendiger Cookies.<\/td>\n<td data-start=\"3244\" data-end=\"3253\" data-col-size=\"sm\">1 Jahr<\/td>\n<td data-start=\"3253\" data-end=\"3289\" data-col-size=\"sm\">WordPress (Einwilligungs-Plugin)<\/td>\n<\/tr>\n<tr data-start=\"3290\" data-end=\"3431\">\n<td data-start=\"3290\" data-end=\"3333\" data-col-size=\"md\">cookielawinfo-checkbox-non-necessary<\/td>\n<td data-start=\"3333\" data-end=\"3386\" data-col-size=\"md\">Steuert die Aktivierung nicht notwendiger Cookies.<\/td>\n<td data-start=\"3386\" data-end=\"3395\" data-col-size=\"sm\">1 Jahr<\/td>\n<td data-start=\"3395\" data-end=\"3431\" data-col-size=\"sm\">WordPress (Einwilligungs-Plugin)<\/td>\n<\/tr>\n<tr data-start=\"3432\" data-end=\"3553\">\n<td data-start=\"3432\" data-end=\"3459\" data-col-size=\"md\">CookieLawInfoConsent<\/td>\n<td data-start=\"3459\" data-end=\"3508\" data-col-size=\"md\">Speichert den allgemeinen Einwilligungsstatus.<\/td>\n<td data-start=\"3508\" data-end=\"3517\" data-col-size=\"sm\">1 Jahr<\/td>\n<td data-start=\"3517\" data-end=\"3553\" data-col-size=\"sm\">WordPress (Einwilligungs-Plugin)<\/td>\n<\/tr>\n<tr data-start=\"3554\" data-end=\"3665\">\n<td data-start=\"3554\" data-end=\"3581\" data-col-size=\"md\">viewed_cookie_policy<\/td>\n<td data-start=\"3581\" data-end=\"3643\" data-col-size=\"md\">Zeichnet auf, ob der Nutzer den Cookie-Hinweis gesehen hat.<\/td>\n<td data-start=\"3643\" data-end=\"3652\" data-col-size=\"sm\">1 Jahr<\/td>\n<td data-start=\"3652\" data-end=\"3665\" data-col-size=\"sm\">WordPress<\/td>\n<\/tr>\n<tr data-start=\"3666\" data-end=\"3795\">\n<td data-start=\"3666\" data-end=\"3716\" data-col-size=\"md\">wp-wpml_current_language (falls zutreffend)<\/td>\n<td data-start=\"3716\" data-end=\"3777\" data-col-size=\"md\">H\u00e4lt die w\u00e4hrend der Navigation gew\u00e4hlte Sprache aufrecht.<\/td>\n<td data-start=\"3777\" data-end=\"3787\" data-col-size=\"sm\">Sitzung<\/td>\n<td data-start=\"3787\" data-end=\"3795\" data-col-size=\"sm\">WPML<\/td>\n<\/tr>\n<tr data-start=\"3796\" data-end=\"3940\">\n<td data-start=\"3796\" data-end=\"3871\" data-col-size=\"md\">woocommerce_cart_hash \/ woocommerce_items_in_cart (falls zutreffend)<\/td>\n<td data-start=\"3871\" data-end=\"3915\" data-col-size=\"md\">Erm\u00f6glicht die Verwaltung des Warenkorbs.<\/td>\n<td data-start=\"3915\" data-end=\"3925\" data-col-size=\"sm\">Sitzung<\/td>\n<td data-start=\"3925\" data-end=\"3940\" data-col-size=\"sm\">WooCommerce<\/td>\n<\/tr>\n<tr data-start=\"3941\" data-end=\"4043\">\n<td data-start=\"3941\" data-end=\"3984\" data-col-size=\"md\">yith_wcwl_session (falls zutreffend)<\/td>\n<td data-start=\"3984\" data-end=\"4014\" data-col-size=\"md\">Verwaltung der Wunschliste.<\/td>\n<td data-start=\"4014\" data-end=\"4023\" data-col-size=\"sm\">2 Tage<\/td>\n<td data-start=\"4023\" data-end=\"4043\" data-col-size=\"sm\">WordPress \/ YITH<\/td>\n<\/tr>\n<\/tbody>\n<\/table>\n<\/div>\n<p data-start=\"4045\" data-end=\"4091\"><strong>3.2. Analyse-Cookies (Google Analytics 4)<\/strong><\/p>\n<p data-start=\"4093\" data-end=\"4163\">GA4 verwendet haupts\u00e4chlich First-Party-Cookies mit anonymisierter IP:<\/p>\n<div class=\"group _tableWrapper_1rjym_13 flex w-fit flex-col-reverse\" tabindex=\"-1\">\n<table class=\"w-fit min-w-(--thread-content-width)\" style=\"height: 94px;\" width=\"1212\" data-start=\"4165\" data-end=\"4429\">\n<thead data-start=\"4165\" data-end=\"4210\">\n<tr data-start=\"4165\" data-end=\"4210\">\n<th data-start=\"4165\" data-end=\"4174\" data-col-size=\"sm\">Cookie<\/th>\n<th data-start=\"4174\" data-end=\"4182\" data-col-size=\"md\">Zweck<\/th>\n<th data-start=\"4182\" data-end=\"4190\" data-col-size=\"sm\">Dauer<\/th>\n<th data-start=\"4190\" data-end=\"4210\" data-col-size=\"sm\">Verantwortlicher<\/th>\n<\/tr>\n<\/thead>\n<tbody data-start=\"4260\" data-end=\"4429\">\n<tr data-start=\"4260\" data-end=\"4325\">\n<td data-start=\"4260\" data-end=\"4270\" data-col-size=\"sm\">_ga<\/td>\n<td data-start=\"4270\" data-end=\"4301\" data-col-size=\"md\">Unterscheidet Nutzer anonym.<\/td>\n<td data-start=\"4301\" data-end=\"4311\" data-col-size=\"sm\">2 Jahre<\/td>\n<td data-start=\"4311\" data-end=\"4325\" data-col-size=\"sm\">Google LLC<\/td>\n<\/tr>\n<tr data-start=\"4326\" data-end=\"4429\">\n<td data-start=\"4326\" data-end=\"4351\" data-col-size=\"sm\"><em data-start=\"4330\" data-end=\"4334\">ga<\/em>&lt;CONTAINER_ID&gt;<\/td>\n<td data-start=\"4351\" data-end=\"4405\" data-col-size=\"md\">H\u00e4lt den Sitzungsstatus f\u00fcr Analysezwecke aufrecht.<\/td>\n<td data-start=\"4405\" data-end=\"4415\" data-col-size=\"sm\">2 Jahre<\/td>\n<td data-start=\"4415\" data-end=\"4429\" data-col-size=\"sm\">Google LLC<\/td>\n<\/tr>\n<\/tbody>\n<\/table>\n<\/div>\n<p data-start=\"4431\" data-end=\"4568\">Google Analytics 4 ist auf dieser Website mit IP-Anonymisierung und ereignisbasierter Messung gem\u00e4\u00df den Leitlinien der AEPD konfiguriert.<\/p>\n<p data-start=\"4575\" data-end=\"4616\"><strong>4. Internationale Daten\u00fcbermittlungen<\/strong><\/p>\n<p data-start=\"4618\" data-end=\"4912\">Die Nutzung von Google Analytics 4 kann internationale Daten\u00fcbermittlungen in die Vereinigten Staaten beinhalten.<\/p>\n<p data-start=\"4618\" data-end=\"4912\">Google LLC gew\u00e4hrleistet geeignete Garantien durch die Anwendung der von der Europ\u00e4ischen Kommission genehmigten Standardvertragsklauseln sowie zus\u00e4tzlicher Sicherheitsma\u00dfnahmen.<\/p>\n<p data-start=\"4914\" data-end=\"4987\">Weitere Informationen finden Sie in der Datenschutzrichtlinie von Google.<\/p>\n<p data-start=\"4994\" data-end=\"5052\"><strong>5. Wie k\u00f6nnen Sie Cookies verwalten oder deaktivieren?<\/strong><\/p>\n<p data-start=\"5054\" data-end=\"5084\">Der Nutzer kann Folgendes tun:<\/p>\n<p data-start=\"5086\" data-end=\"5233\">a) Cookies ebenso leicht akzeptieren wie ablehnen. Beim ersten Besuch der Website erscheint ein Einwilligungsbanner, das Folgendes erm\u00f6glicht:<\/p>\n<ul>\n<li data-start=\"5237\" data-end=\"5263\">Alle Cookies akzeptieren<\/li>\n<li data-start=\"5266\" data-end=\"5289\">Alle Cookies ablehnen<\/li>\n<li data-start=\"5292\" data-end=\"5327\">Cookies individuell konfigurieren<\/li>\n<\/ul>\n<p data-start=\"5329\" data-end=\"5521\">b) Die Einwilligung jederzeit \u00e4ndern oder widerrufen. Der Nutzer kann jederzeit \u00fcber den Link \u201eCookies konfigurieren\u201c (in der Regel im Footer verf\u00fcgbar) zum Einstellungsmen\u00fc zur\u00fcckkehren.<\/p>\n<p data-start=\"5523\" data-end=\"5725\">c) Cookies \u00fcber den Browser konfigurieren. \u00dcber die Browsereinstellungen k\u00f6nnen Cookies zugelassen, blockiert oder gel\u00f6scht werden. Nachfolgend die Links zu den Anleitungen der wichtigsten Browser:<\/p>\n<ul>\n<li data-start=\"5729\" data-end=\"5744\">Google Chrome<\/li>\n<li data-start=\"5747\" data-end=\"5764\">Mozilla Firefox<\/li>\n<li data-start=\"5767\" data-end=\"5781\">Apple Safari<\/li>\n<li data-start=\"5784\" data-end=\"5800\">Microsoft Edge<\/li>\n<li data-start=\"5803\" data-end=\"5823\">Chrome f\u00fcr Android<\/li>\n<li data-start=\"5826\" data-end=\"5842\">Safari f\u00fcr iOS<\/li>\n<\/ul>\n<p data-start=\"5844\" data-end=\"6019\"><em data-start=\"5844\" data-end=\"6019\">(Achten Sie darauf, dass Ihr Plugin diese Links automatisch generiert; moderne Richtlinien empfehlen nicht mehr, die vollst\u00e4ndigen Anweisungen direkt im Text zu platzieren.)<\/em><\/p>\n<p data-start=\"6026\" data-end=\"6074\"><strong>6. Cookies, die keine Einwilligung erfordern<\/strong><\/p>\n<p data-start=\"6076\" data-end=\"6154\">Von der Einwilligungspflicht ausgenommen sind Cookies, die notwendig sind, um:<\/p>\n<ul>\n<li data-start=\"6158\" data-end=\"6241\">die Kommunikation zwischen dem Ger\u00e4t des Nutzers und dem Netzwerk zu erm\u00f6glichen,<\/li>\n<li data-start=\"6244\" data-end=\"6313\">einen vom Nutzer ausdr\u00fccklich angeforderten Dienst bereitzustellen,<\/li>\n<li data-start=\"6316\" data-end=\"6416\">grundlegende Funktionen von WordPress, WooCommerce oder anderen technischen Modulen sicherzustellen.<\/li>\n<\/ul>\n<p data-start=\"6423\" data-end=\"6483\"><strong>7. Aktualisierungen und \u00c4nderungen der Cookie-Richtlinie<\/strong><\/p>\n<p data-start=\"6485\" data-end=\"6675\">Wir k\u00f6nnen diese Cookie-Richtlinie aktualisieren, um gesetzlichen, technischen oder regulatorischen Anforderungen zu entsprechen oder um sie an \u00c4nderungen der angebotenen Dienste anzupassen.<\/p>\n<p data-start=\"6677\" data-end=\"6794\">Bei wesentlichen \u00c4nderungen wird der Nutzer \u00fcber einen Hinweis auf der Website oder im Einwilligungspanel informiert.<\/p>\n<p>[\/vc_column_text][\/vc_column][\/vc_row]<\/p>\n<\/div>","protected":false},"excerpt":{"rendered":"<p>[vc_row][vc_column][vc_column_text css=&#8220;&#8220;] Letzte Aktualisierung: 14. November 2025 Auf dieser Website verwenden wir Cookies und \u00e4hnliche Technologien (nachfolgend \u201eCookies\u201c), die den Betrieb und die Personalisierung der Website erm\u00f6glichen sowie statistische Analysen \u00fcber deren Nutzung durchf\u00fchren. Ziel dieser Richtlinie ist es, klare<\/p>\n<p><a class=\"readmore\" href=\"https:\/\/dev.nutralie.com\/de\/cookie-richtlinien\/\">Leer M\u00e1s<\/a><\/p>\n","protected":false},"author":3,"featured_media":0,"parent":0,"menu_order":0,"comment_status":"closed","ping_status":"closed","template":"","meta":{"_acf_changed":false,"footnotes":""},"class_list":["post-9487","page","type-page","status-publish","hentry"],"acf":[],"yoast_head":"<!-- This site is optimized with the Yoast SEO plugin v27.3 - https:\/\/yoast.com\/product\/yoast-seo-wordpress\/ -->\n<title>Cookie-Richtlinien | Nutralie<\/title>\n<meta name=\"robots\" content=\"noindex, follow, max-snippet:-1, max-image-preview:large, max-video-preview:-1\" \/>\n<meta property=\"og:locale\" content=\"de_DE\" \/>\n<meta property=\"og:type\" content=\"article\" \/>\n<meta property=\"og:title\" content=\"Cookie-Richtlinien | Nutralie\" \/>\n<meta property=\"og:description\" content=\"[vc_row][vc_column][vc_column_text css=&#8220;&#8220;] Letzte Aktualisierung: 14. November 2025 Auf dieser Website verwenden wir Cookies und \u00e4hnliche Technologien (nachfolgend \u201eCookies\u201c), die den Betrieb und die Personalisierung der Website erm\u00f6glichen sowie statistische Analysen \u00fcber deren Nutzung durchf\u00fchren. Ziel dieser Richtlinie ist es, klareLeer M\u00e1s\" \/>\n<meta property=\"og:url\" content=\"https:\/\/dev.nutralie.com\/de\/cookie-richtlinien\/\" \/>\n<meta property=\"og:site_name\" content=\"Nutralie\" \/>\n<meta property=\"article:modified_time\" content=\"2025-11-14T12:12:01+00:00\" \/>\n<meta name=\"twitter:card\" content=\"summary_large_image\" \/>\n<meta name=\"twitter:label1\" content=\"Gesch\u00e4tzte Lesezeit\" \/>\n\t<meta name=\"twitter:data1\" content=\"5\u00a0Minuten\" \/>\n<script type=\"application\/ld+json\" class=\"yoast-schema-graph\">{\"@context\":\"https:\\\/\\\/schema.org\",\"@graph\":[{\"@type\":\"WebPage\",\"@id\":\"https:\\\/\\\/dev.nutralie.com\\\/de\\\/cookie-richtlinien\\\/\",\"url\":\"https:\\\/\\\/dev.nutralie.com\\\/de\\\/cookie-richtlinien\\\/\",\"name\":\"Cookie-Richtlinien | Nutralie\",\"isPartOf\":{\"@id\":\"https:\\\/\\\/dev.nutralie.com\\\/de\\\/#website\"},\"datePublished\":\"2020-08-27T09:40:43+00:00\",\"dateModified\":\"2025-11-14T12:12:01+00:00\",\"breadcrumb\":{\"@id\":\"https:\\\/\\\/dev.nutralie.com\\\/de\\\/cookie-richtlinien\\\/#breadcrumb\"},\"inLanguage\":\"de\",\"potentialAction\":[{\"@type\":\"ReadAction\",\"target\":[\"https:\\\/\\\/dev.nutralie.com\\\/de\\\/cookie-richtlinien\\\/\"]}]},{\"@type\":\"BreadcrumbList\",\"@id\":\"https:\\\/\\\/dev.nutralie.com\\\/de\\\/cookie-richtlinien\\\/#breadcrumb\",\"itemListElement\":[{\"@type\":\"ListItem\",\"position\":1,\"name\":\"Home\",\"item\":\"https:\\\/\\\/dev.nutralie.com\\\/de\\\/\"},{\"@type\":\"ListItem\",\"position\":2,\"name\":\"COOKIE-RICHTLINIEN\"}]},{\"@type\":\"WebSite\",\"@id\":\"https:\\\/\\\/dev.nutralie.com\\\/de\\\/#website\",\"url\":\"https:\\\/\\\/dev.nutralie.com\\\/de\\\/\",\"name\":\"Nutralie\",\"description\":\"\",\"potentialAction\":[{\"@type\":\"SearchAction\",\"target\":{\"@type\":\"EntryPoint\",\"urlTemplate\":\"https:\\\/\\\/dev.nutralie.com\\\/de\\\/?s={search_term_string}\"},\"query-input\":{\"@type\":\"PropertyValueSpecification\",\"valueRequired\":true,\"valueName\":\"search_term_string\"}}],\"inLanguage\":\"de\"}]}<\/script>\n<!-- \/ Yoast SEO plugin. -->","yoast_head_json":{"title":"Cookie-Richtlinien | Nutralie","robots":{"index":"noindex","follow":"follow","max-snippet":"max-snippet:-1","max-image-preview":"max-image-preview:large","max-video-preview":"max-video-preview:-1"},"og_locale":"de_DE","og_type":"article","og_title":"Cookie-Richtlinien | Nutralie","og_description":"[vc_row][vc_column][vc_column_text css=&#8220;&#8220;] Letzte Aktualisierung: 14. November 2025 Auf dieser Website verwenden wir Cookies und \u00e4hnliche Technologien (nachfolgend \u201eCookies\u201c), die den Betrieb und die Personalisierung der Website erm\u00f6glichen sowie statistische Analysen \u00fcber deren Nutzung durchf\u00fchren. Ziel dieser Richtlinie ist es, klareLeer M\u00e1s","og_url":"https:\/\/dev.nutralie.com\/de\/cookie-richtlinien\/","og_site_name":"Nutralie","article_modified_time":"2025-11-14T12:12:01+00:00","twitter_card":"summary_large_image","twitter_misc":{"Gesch\u00e4tzte Lesezeit":"5\u00a0Minuten"},"schema":{"@context":"https:\/\/schema.org","@graph":[{"@type":"WebPage","@id":"https:\/\/dev.nutralie.com\/de\/cookie-richtlinien\/","url":"https:\/\/dev.nutralie.com\/de\/cookie-richtlinien\/","name":"Cookie-Richtlinien | Nutralie","isPartOf":{"@id":"https:\/\/dev.nutralie.com\/de\/#website"},"datePublished":"2020-08-27T09:40:43+00:00","dateModified":"2025-11-14T12:12:01+00:00","breadcrumb":{"@id":"https:\/\/dev.nutralie.com\/de\/cookie-richtlinien\/#breadcrumb"},"inLanguage":"de","potentialAction":[{"@type":"ReadAction","target":["https:\/\/dev.nutralie.com\/de\/cookie-richtlinien\/"]}]},{"@type":"BreadcrumbList","@id":"https:\/\/dev.nutralie.com\/de\/cookie-richtlinien\/#breadcrumb","itemListElement":[{"@type":"ListItem","position":1,"name":"Home","item":"https:\/\/dev.nutralie.com\/de\/"},{"@type":"ListItem","position":2,"name":"COOKIE-RICHTLINIEN"}]},{"@type":"WebSite","@id":"https:\/\/dev.nutralie.com\/de\/#website","url":"https:\/\/dev.nutralie.com\/de\/","name":"Nutralie","description":"","potentialAction":[{"@type":"SearchAction","target":{"@type":"EntryPoint","urlTemplate":"https:\/\/dev.nutralie.com\/de\/?s={search_term_string}"},"query-input":{"@type":"PropertyValueSpecification","valueRequired":true,"valueName":"search_term_string"}}],"inLanguage":"de"}]}},"_links":{"self":[{"href":"https:\/\/dev.nutralie.com\/de\/wp-json\/wp\/v2\/pages\/9487","targetHints":{"allow":["GET"]}}],"collection":[{"href":"https:\/\/dev.nutralie.com\/de\/wp-json\/wp\/v2\/pages"}],"about":[{"href":"https:\/\/dev.nutralie.com\/de\/wp-json\/wp\/v2\/types\/page"}],"author":[{"embeddable":true,"href":"https:\/\/dev.nutralie.com\/de\/wp-json\/wp\/v2\/users\/3"}],"replies":[{"embeddable":true,"href":"https:\/\/dev.nutralie.com\/de\/wp-json\/wp\/v2\/comments?post=9487"}],"version-history":[{"count":1,"href":"https:\/\/dev.nutralie.com\/de\/wp-json\/wp\/v2\/pages\/9487\/revisions"}],"predecessor-version":[{"id":212623,"href":"https:\/\/dev.nutralie.com\/de\/wp-json\/wp\/v2\/pages\/9487\/revisions\/212623"}],"wp:attachment":[{"href":"https:\/\/dev.nutralie.com\/de\/wp-json\/wp\/v2\/media?parent=9487"}],"curies":[{"name":"wp","href":"https:\/\/api.w.org\/{rel}","templated":true}]}}