{"id":9488,"date":"2020-07-24T09:51:40","date_gmt":"2020-07-24T07:51:40","guid":{"rendered":"http:\/\/dev.nutralie.com\/politica-de-privacidad\/"},"modified":"2026-01-28T13:03:31","modified_gmt":"2026-01-28T11:03:31","slug":"datenschutzerklaerung","status":"publish","type":"page","link":"https:\/\/dev.nutralie.com\/de\/datenschutzerklaerung\/","title":{"rendered":"DATENSCHUTZ"},"content":{"rendered":"<div class=\"wpb-content-wrapper\"><p>[vc_row][vc_column][vc_column_text css=&#8220;&#8220;]<\/p>\n<p data-start=\"112\" data-end=\"148\"><strong data-start=\"112\" data-end=\"148\">DATENSCHUTZERKL\u00c4RUNG DER WEBSITE<\/strong><\/p>\n<p data-start=\"150\" data-end=\"199\"><strong data-start=\"150\" data-end=\"199\">1. VERANTWORTLICHER F\u00dcR DIE DATENVERARBEITUNG<\/strong><\/p>\n<p data-start=\"201\" data-end=\"308\">Das f\u00fcr die Verarbeitung Ihrer Daten im Rahmen dieser Datenschutzerkl\u00e4rung verantwortliche Unternehmen ist:<\/p>\n<p data-start=\"310\" data-end=\"704\"><strong data-start=\"310\" data-end=\"325\">Firmenname:<\/strong> NUTRIEXPERTS, SL<br data-start=\"342\" data-end=\"345\" \/><strong data-start=\"345\" data-end=\"361\">Handelsname:<\/strong> NUTRIEXPERTS<br data-start=\"374\" data-end=\"377\" \/><strong data-start=\"377\" data-end=\"400\">Steuernummer (NIF):<\/strong> B06770051<br data-start=\"410\" data-end=\"413\" \/><strong data-start=\"413\" data-end=\"427\">Anschrift:<\/strong> C\/ Vallespir, 19, 3. Etage, B\u00fcro 5, 08173 Sant Cugat del Vall\u00e8s \u2013 Barcelona (Spanien)<br data-start=\"513\" data-end=\"516\" \/><strong data-start=\"516\" data-end=\"535\">E-Mail-Adresse:<\/strong> <a class=\"decorated-link cursor-pointer\" rel=\"noopener\" data-start=\"536\" data-end=\"553\">info@dev.nutralie.com<\/a><br data-start=\"553\" data-end=\"556\" \/><strong data-start=\"556\" data-end=\"568\">Website:<\/strong> <a class=\"decorated-link\" href=\"http:\/\/dev.nutralie.com\" target=\"_new\" rel=\"noopener\" data-start=\"569\" data-end=\"585\">www.nutralie.com<\/a><br data-start=\"585\" data-end=\"588\" \/><strong data-start=\"588\" data-end=\"608\">Handelsregister:<\/strong> Eingetragen im Handelsregister von Barcelona, Band 39904, Folio, Abschnitt 113, Blatt B-356186.<\/p>\n<p data-start=\"706\" data-end=\"897\">Bei NUTRIEXPERTS, SL verpflichten wir uns, Ihre personenbezogenen Daten zu sch\u00fctzen und diese verantwortungsvoll sowie in \u00dcbereinstimmung mit den geltenden Datenschutzgesetzen zu verarbeiten.<\/p>\n<p data-start=\"904\" data-end=\"933\"><strong data-start=\"904\" data-end=\"933\">2. PERSONENBEZOGENE DATEN<\/strong><\/p>\n<p data-start=\"935\" data-end=\"1435\">Personenbezogene Daten sind alle Informationen, die Sie identifizieren oder identifizierbar machen. \u00dcber unsere Website erheben wir die Daten, die Sie uns freiwillig mitteilen (Vor- und Nachname, E-Mail-Adresse, Telefonnummer usw.) \u00fcber Formulare oder soziale Netzwerke. Der Besuch der Website verpflichtet nicht zur Angabe personenbezogener Daten. Sofern Sie solche Daten bereitstellen, werden diese gem\u00e4\u00df der Verordnung (EU) 2016\/679 (DSGVO) und dem Organischen Gesetz 3\/2018 (LOPDGDD) verarbeitet.<\/p>\n<p data-start=\"1442\" data-end=\"1489\"><strong data-start=\"1442\" data-end=\"1489\">3. ZWECK, SPEICHERDAUER UND RECHTSGRUNDLAGE<\/strong><\/p>\n<p data-start=\"1491\" data-end=\"1557\">Wir verarbeiten Ihre personenbezogenen Daten zu folgenden Zwecken:<\/p>\n<ul data-start=\"1559\" data-end=\"3374\">\n<li data-start=\"1559\" data-end=\"1752\">\n<p data-start=\"1561\" data-end=\"1752\"><strong data-start=\"1561\" data-end=\"1590\">Bearbeitung von Anfragen:<\/strong> Verwaltung von Anfragen, die \u00fcber das Kontaktformular gestellt werden. Mindestaufbewahrungsdauer von 3 Jahren.<br data-start=\"1701\" data-end=\"1704\" \/><strong data-start=\"1706\" data-end=\"1726\">Rechtsgrundlage:<\/strong> Einwilligung des Nutzers.<\/p>\n<\/li>\n<li data-start=\"1754\" data-end=\"2014\">\n<p data-start=\"1756\" data-end=\"2014\"><strong data-start=\"1756\" data-end=\"1795\">Verbesserung der Website-Erfahrung:<\/strong> Verwendung von Cookies zur Erleichterung der Navigation. Mindestaufbewahrungsdauer von 3 Jahren, sofern die Einwilligung nicht widerrufen wird.<br data-start=\"1939\" data-end=\"1942\" \/><strong data-start=\"1944\" data-end=\"1964\">Rechtsgrundlage:<\/strong> Einwilligung des Nutzers bei Annahme der Cookies.<\/p>\n<\/li>\n<li data-start=\"2016\" data-end=\"2200\">\n<p data-start=\"2018\" data-end=\"2200\"><strong data-start=\"2018\" data-end=\"2052\">Verwaltung sozialer Netzwerke:<\/strong> Versand von Informationen \u00fcber Aktivit\u00e4ten und Produkte. Mindestaufbewahrungsdauer von 3 Jahren.<br data-start=\"2149\" data-end=\"2152\" \/><strong data-start=\"2154\" data-end=\"2174\">Rechtsgrundlage:<\/strong> Einwilligung des Nutzers.<\/p>\n<\/li>\n<li data-start=\"2202\" data-end=\"2451\">\n<p data-start=\"2204\" data-end=\"2451\"><strong data-start=\"2204\" data-end=\"2230\">Abwicklung von K\u00e4ufen:<\/strong> Verarbeitung von Bestellungen, Zahlungen und Durchf\u00fchrung des Kaufvertrags. Speicherung f\u00fcr die Dauer der Vertragsbeziehung sowie gem\u00e4\u00df den steuerlichen Verpflichtungen.<br data-start=\"2400\" data-end=\"2403\" \/><strong data-start=\"2405\" data-end=\"2425\">Rechtsgrundlage:<\/strong> Erf\u00fcllung eines Vertrags.<\/p>\n<\/li>\n<li data-start=\"2453\" data-end=\"2645\">\n<p data-start=\"2455\" data-end=\"2645\"><strong data-start=\"2455\" data-end=\"2483\">Abgebrochener Warenkorb:<\/strong> Versand von Erinnerungen an Produkte im Warenkorb f\u00fcr einen maximalen Zeitraum von 5 Tagen.<br data-start=\"2575\" data-end=\"2578\" \/><strong data-start=\"2580\" data-end=\"2600\">Rechtsgrundlage:<\/strong> Berechtigtes Interesse des Verantwortlichen.<\/p>\n<\/li>\n<li data-start=\"2647\" data-end=\"2872\">\n<p data-start=\"2649\" data-end=\"2872\"><strong data-start=\"2649\" data-end=\"2664\">Newsletter:<\/strong> Versand von Newslettern und kommerziellen Mitteilungen. Mindestaufbewahrungsdauer von 3 Jahren, sofern die Einwilligung nicht widerrufen wird.<br data-start=\"2807\" data-end=\"2810\" \/><strong data-start=\"2812\" data-end=\"2832\">Rechtsgrundlage:<\/strong> Ausdr\u00fcckliche Einwilligung des Nutzers.<\/p>\n<\/li>\n<li data-start=\"2874\" data-end=\"3122\">\n<p data-start=\"2876\" data-end=\"3122\"><strong data-start=\"2876\" data-end=\"2902\">Benutzerregistrierung:<\/strong> Verwaltung der Kontoerstellung, -pflege und des Zugangs zum privaten Bereich. Speicherung bis zur Abmeldung durch den Nutzer (mindestens 3 Jahre).<br data-start=\"3049\" data-end=\"3052\" \/><strong data-start=\"3054\" data-end=\"3074\">Rechtsgrundlage:<\/strong> Einwilligung des Nutzers bei der Registrierung.<\/p>\n<\/li>\n<li data-start=\"3124\" data-end=\"3374\">\n<p data-start=\"3126\" data-end=\"3374\"><strong data-start=\"3126\" data-end=\"3159\">Gewinnspiele und Verlosungen:<\/strong> Verwaltung der Teilnahme und Kommunikation mit den Gewinnern. Speicherung gem\u00e4\u00df den Teilnahmebedingungen (mindestens 3 Jahre).<br data-start=\"3286\" data-end=\"3289\" \/><strong data-start=\"3291\" data-end=\"3311\">Rechtsgrundlage:<\/strong> Einwilligung des Nutzers und Annahme der Teilnahmebedingungen.<\/p>\n<\/li>\n<\/ul>\n<p data-start=\"3381\" data-end=\"3442\"><strong data-start=\"3381\" data-end=\"3442\">4. DATENWEITERGABE UND INTERNATIONALE DATEN\u00dcBERMITTLUNGEN<\/strong><\/p>\n<p data-start=\"3444\" data-end=\"3982\">Ihre personenbezogenen Daten werden nicht an Dritte weitergegeben, au\u00dfer wenn eine gesetzliche Verpflichtung besteht oder dies f\u00fcr die Leistungserbringung durch Dienstleister erforderlich ist, die als Auftragsverarbeiter t\u00e4tig sind. Unsere Server befinden sich innerhalb der Europ\u00e4ischen Union. Im Falle internationaler Daten\u00fcbermittlungen au\u00dferhalb des Europ\u00e4ischen Wirtschaftsraums wird ein angemessenes Schutzniveau durch Angemessenheitsbeschl\u00fcsse oder von der Europ\u00e4ischen Kommission genehmigte Standardvertragsklauseln gew\u00e4hrleistet.<\/p>\n<p data-start=\"3989\" data-end=\"4027\"><strong data-start=\"3989\" data-end=\"4027\">5. RECHTE DER BETROFFENEN PERSONEN<\/strong><\/p>\n<p data-start=\"4029\" data-end=\"4049\">Sie haben das Recht:<\/p>\n<ol data-start=\"4051\" data-end=\"4422\">\n<li data-start=\"4051\" data-end=\"4110\">\n<p data-start=\"4053\" data-end=\"4110\">Auskunft \u00fcber Ihre personenbezogenen Daten zu erhalten.<\/p>\n<\/li>\n<li data-start=\"4111\" data-end=\"4171\">\n<p data-start=\"4113\" data-end=\"4171\">Die Berichtigung oder L\u00f6schung Ihrer Daten zu verlangen.<\/p>\n<\/li>\n<li data-start=\"4172\" data-end=\"4263\">\n<p data-start=\"4174\" data-end=\"4263\">Die Einschr\u00e4nkung der Verarbeitung zu verlangen oder der Verarbeitung zu widersprechen.<\/p>\n<\/li>\n<li data-start=\"4264\" data-end=\"4313\">\n<p data-start=\"4266\" data-end=\"4313\">Die \u00dcbertragbarkeit Ihrer Daten zu verlangen.<\/p>\n<\/li>\n<li data-start=\"4314\" data-end=\"4422\">\n<p data-start=\"4316\" data-end=\"4422\">Nicht einer ausschlie\u00dflich auf automatisierter Verarbeitung beruhenden Entscheidung unterworfen zu werden.<\/p>\n<\/li>\n<\/ol>\n<p data-start=\"4424\" data-end=\"4661\">Zur Aus\u00fcbung dieser Rechte k\u00f6nnen Sie uns unter folgender E-Mail-Adresse kontaktieren: <strong data-start=\"4511\" data-end=\"4535\"><a class=\"decorated-link cursor-pointer\" rel=\"noopener\" data-start=\"4513\" data-end=\"4533\">gdpr@nutriexperts.eu<\/a><\/strong>. Zudem haben Sie das Recht, eine Beschwerde bei der spanischen Datenschutzaufsichtsbeh\u00f6rde \u00fcber <strong data-start=\"4632\" data-end=\"4647\"><a class=\"decorated-link\" href=\"http:\/\/www.aepd.es\" target=\"_new\" rel=\"noopener\" data-start=\"4634\" data-end=\"4645\">www.aepd.es<\/a><\/strong> einzureichen.<\/p>\n<p data-start=\"4668\" data-end=\"4695\"><strong data-start=\"4668\" data-end=\"4695\">6. WEITERE BESTIMMUNGEN<\/strong><\/p>\n<ul data-start=\"4697\" data-end=\"5145\">\n<li data-start=\"4697\" data-end=\"4851\">\n<p data-start=\"4699\" data-end=\"4851\"><strong data-start=\"4699\" data-end=\"4717\">Minderj\u00e4hrige:<\/strong> Der Zugang zur Website ist Personen unter 14 Jahren untersagt. Werden Daten eines Minderj\u00e4hrigen festgestellt, werden diese gel\u00f6scht.<\/p>\n<\/li>\n<li data-start=\"4853\" data-end=\"4978\">\n<p data-start=\"4855\" data-end=\"4978\"><strong data-start=\"4855\" data-end=\"4878\">Passwortsicherheit:<\/strong> Der Nutzer ist f\u00fcr die sichere Aufbewahrung und Vertraulichkeit seiner Zugangsdaten verantwortlich.<\/p>\n<\/li>\n<li data-start=\"4980\" data-end=\"5145\">\n<p data-start=\"4982\" data-end=\"5145\"><strong data-start=\"4982\" data-end=\"4994\">Cookies:<\/strong> Sie k\u00f6nnen die Verwendung von Cookies \u00fcber die Einstellungen Ihres Browsers verhindern. Weitere Informationen finden Sie in unserer Cookie-Richtlinie.<\/p>\n<\/li>\n<\/ul>\n<p data-start=\"5152\" data-end=\"5200\" data-is-last-node=\"\" data-is-only-node=\"\"><strong data-start=\"5152\" data-end=\"5189\">Datum der letzten Aktualisierung:<\/strong> 30.10.2025<\/p>\n<p>[\/vc_column_text][\/vc_column][\/vc_row]<\/p>\n<\/div>","protected":false},"excerpt":{"rendered":"<p>[vc_row][vc_column][vc_column_text css=&#8220;&#8220;] DATENSCHUTZERKL\u00c4RUNG DER WEBSITE 1. VERANTWORTLICHER F\u00dcR DIE DATENVERARBEITUNG Das f\u00fcr die Verarbeitung Ihrer Daten im Rahmen dieser Datenschutzerkl\u00e4rung verantwortliche Unternehmen ist: Firmenname: NUTRIEXPERTS, SLHandelsname: NUTRIEXPERTSSteuernummer (NIF): B06770051Anschrift: C\/ Vallespir, 19, 3. Etage, B\u00fcro 5, 08173 Sant Cugat del<\/p>\n<p><a class=\"readmore\" href=\"https:\/\/dev.nutralie.com\/de\/datenschutzerklaerung\/\">Leer M\u00e1s<\/a><\/p>\n","protected":false},"author":3,"featured_media":0,"parent":0,"menu_order":0,"comment_status":"closed","ping_status":"closed","template":"","meta":{"_acf_changed":false,"footnotes":""},"class_list":["post-9488","page","type-page","status-publish","hentry"],"acf":[],"yoast_head":"<!-- This site is optimized with the Yoast SEO plugin v27.3 - https:\/\/yoast.com\/product\/yoast-seo-wordpress\/ -->\n<title>Datenschutzrichtlinie | Nutralie<\/title>\n<meta name=\"robots\" content=\"noindex, follow, max-snippet:-1, max-image-preview:large, max-video-preview:-1\" \/>\n<meta property=\"og:locale\" content=\"de_DE\" \/>\n<meta property=\"og:type\" content=\"article\" \/>\n<meta property=\"og:title\" content=\"Datenschutzrichtlinie | Nutralie\" \/>\n<meta property=\"og:description\" content=\"[vc_row][vc_column][vc_column_text css=&#8220;&#8220;] DATENSCHUTZERKL\u00c4RUNG DER WEBSITE 1. VERANTWORTLICHER F\u00dcR DIE DATENVERARBEITUNG Das f\u00fcr die Verarbeitung Ihrer Daten im Rahmen dieser Datenschutzerkl\u00e4rung verantwortliche Unternehmen ist: Firmenname: NUTRIEXPERTS, SLHandelsname: NUTRIEXPERTSSteuernummer (NIF): B06770051Anschrift: C\/ Vallespir, 19, 3. Etage, B\u00fcro 5, 08173 Sant Cugat delLeer M\u00e1s\" \/>\n<meta property=\"og:url\" content=\"https:\/\/dev.nutralie.com\/de\/datenschutzerklaerung\/\" \/>\n<meta property=\"og:site_name\" content=\"Nutralie\" \/>\n<meta property=\"article:modified_time\" content=\"2026-01-28T11:03:31+00:00\" \/>\n<meta name=\"twitter:card\" content=\"summary_large_image\" \/>\n<meta name=\"twitter:label1\" content=\"Gesch\u00e4tzte Lesezeit\" \/>\n\t<meta name=\"twitter:data1\" content=\"3\u00a0Minuten\" \/>\n<script type=\"application\/ld+json\" class=\"yoast-schema-graph\">{\"@context\":\"https:\\\/\\\/schema.org\",\"@graph\":[{\"@type\":\"WebPage\",\"@id\":\"https:\\\/\\\/dev.nutralie.com\\\/de\\\/datenschutzerklaerung\\\/\",\"url\":\"https:\\\/\\\/dev.nutralie.com\\\/de\\\/datenschutzerklaerung\\\/\",\"name\":\"Datenschutzrichtlinie | Nutralie\",\"isPartOf\":{\"@id\":\"https:\\\/\\\/dev.nutralie.com\\\/de\\\/#website\"},\"datePublished\":\"2020-07-24T07:51:40+00:00\",\"dateModified\":\"2026-01-28T11:03:31+00:00\",\"breadcrumb\":{\"@id\":\"https:\\\/\\\/dev.nutralie.com\\\/de\\\/datenschutzerklaerung\\\/#breadcrumb\"},\"inLanguage\":\"de\",\"potentialAction\":[{\"@type\":\"ReadAction\",\"target\":[\"https:\\\/\\\/dev.nutralie.com\\\/de\\\/datenschutzerklaerung\\\/\"]}]},{\"@type\":\"BreadcrumbList\",\"@id\":\"https:\\\/\\\/dev.nutralie.com\\\/de\\\/datenschutzerklaerung\\\/#breadcrumb\",\"itemListElement\":[{\"@type\":\"ListItem\",\"position\":1,\"name\":\"Home\",\"item\":\"https:\\\/\\\/dev.nutralie.com\\\/de\\\/\"},{\"@type\":\"ListItem\",\"position\":2,\"name\":\"DATENSCHUTZ\"}]},{\"@type\":\"WebSite\",\"@id\":\"https:\\\/\\\/dev.nutralie.com\\\/de\\\/#website\",\"url\":\"https:\\\/\\\/dev.nutralie.com\\\/de\\\/\",\"name\":\"Nutralie\",\"description\":\"\",\"potentialAction\":[{\"@type\":\"SearchAction\",\"target\":{\"@type\":\"EntryPoint\",\"urlTemplate\":\"https:\\\/\\\/dev.nutralie.com\\\/de\\\/?s={search_term_string}\"},\"query-input\":{\"@type\":\"PropertyValueSpecification\",\"valueRequired\":true,\"valueName\":\"search_term_string\"}}],\"inLanguage\":\"de\"}]}<\/script>\n<!-- \/ Yoast SEO plugin. -->","yoast_head_json":{"title":"Datenschutzrichtlinie | Nutralie","robots":{"index":"noindex","follow":"follow","max-snippet":"max-snippet:-1","max-image-preview":"max-image-preview:large","max-video-preview":"max-video-preview:-1"},"og_locale":"de_DE","og_type":"article","og_title":"Datenschutzrichtlinie | Nutralie","og_description":"[vc_row][vc_column][vc_column_text css=&#8220;&#8220;] DATENSCHUTZERKL\u00c4RUNG DER WEBSITE 1. VERANTWORTLICHER F\u00dcR DIE DATENVERARBEITUNG Das f\u00fcr die Verarbeitung Ihrer Daten im Rahmen dieser Datenschutzerkl\u00e4rung verantwortliche Unternehmen ist: Firmenname: NUTRIEXPERTS, SLHandelsname: NUTRIEXPERTSSteuernummer (NIF): B06770051Anschrift: C\/ Vallespir, 19, 3. Etage, B\u00fcro 5, 08173 Sant Cugat delLeer M\u00e1s","og_url":"https:\/\/dev.nutralie.com\/de\/datenschutzerklaerung\/","og_site_name":"Nutralie","article_modified_time":"2026-01-28T11:03:31+00:00","twitter_card":"summary_large_image","twitter_misc":{"Gesch\u00e4tzte Lesezeit":"3\u00a0Minuten"},"schema":{"@context":"https:\/\/schema.org","@graph":[{"@type":"WebPage","@id":"https:\/\/dev.nutralie.com\/de\/datenschutzerklaerung\/","url":"https:\/\/dev.nutralie.com\/de\/datenschutzerklaerung\/","name":"Datenschutzrichtlinie | Nutralie","isPartOf":{"@id":"https:\/\/dev.nutralie.com\/de\/#website"},"datePublished":"2020-07-24T07:51:40+00:00","dateModified":"2026-01-28T11:03:31+00:00","breadcrumb":{"@id":"https:\/\/dev.nutralie.com\/de\/datenschutzerklaerung\/#breadcrumb"},"inLanguage":"de","potentialAction":[{"@type":"ReadAction","target":["https:\/\/dev.nutralie.com\/de\/datenschutzerklaerung\/"]}]},{"@type":"BreadcrumbList","@id":"https:\/\/dev.nutralie.com\/de\/datenschutzerklaerung\/#breadcrumb","itemListElement":[{"@type":"ListItem","position":1,"name":"Home","item":"https:\/\/dev.nutralie.com\/de\/"},{"@type":"ListItem","position":2,"name":"DATENSCHUTZ"}]},{"@type":"WebSite","@id":"https:\/\/dev.nutralie.com\/de\/#website","url":"https:\/\/dev.nutralie.com\/de\/","name":"Nutralie","description":"","potentialAction":[{"@type":"SearchAction","target":{"@type":"EntryPoint","urlTemplate":"https:\/\/dev.nutralie.com\/de\/?s={search_term_string}"},"query-input":{"@type":"PropertyValueSpecification","valueRequired":true,"valueName":"search_term_string"}}],"inLanguage":"de"}]}},"_links":{"self":[{"href":"https:\/\/dev.nutralie.com\/de\/wp-json\/wp\/v2\/pages\/9488","targetHints":{"allow":["GET"]}}],"collection":[{"href":"https:\/\/dev.nutralie.com\/de\/wp-json\/wp\/v2\/pages"}],"about":[{"href":"https:\/\/dev.nutralie.com\/de\/wp-json\/wp\/v2\/types\/page"}],"author":[{"embeddable":true,"href":"https:\/\/dev.nutralie.com\/de\/wp-json\/wp\/v2\/users\/3"}],"replies":[{"embeddable":true,"href":"https:\/\/dev.nutralie.com\/de\/wp-json\/wp\/v2\/comments?post=9488"}],"version-history":[{"count":2,"href":"https:\/\/dev.nutralie.com\/de\/wp-json\/wp\/v2\/pages\/9488\/revisions"}],"predecessor-version":[{"id":218087,"href":"https:\/\/dev.nutralie.com\/de\/wp-json\/wp\/v2\/pages\/9488\/revisions\/218087"}],"wp:attachment":[{"href":"https:\/\/dev.nutralie.com\/de\/wp-json\/wp\/v2\/media?parent=9488"}],"curies":[{"name":"wp","href":"https:\/\/api.w.org\/{rel}","templated":true}]}}