{"id":150509,"date":"2024-07-17T10:30:29","date_gmt":"2024-07-17T08:30:29","guid":{"rendered":"http:\/\/dev.nutralie.com\/?post_type=product&#038;p=150509"},"modified":"2026-01-08T11:35:22","modified_gmt":"2026-01-08T09:35:22","slug":"vision-complex-copia","status":"publish","type":"product","link":"https:\/\/dev.nutralie.com\/de\/liposomal-iron-elements\/","title":{"rendered":"LIPOSOMAL IRON ELEMENTS"},"content":{"rendered":"","protected":false},"excerpt":{"rendered":"<p>Eisen, Vitamin B6, Vitamin A, Fols\u00e4ure und Vitamin B12.<\/p>\n<p><strong>TABLETTEN<\/strong><\/p>\n<p>Nutralie Liposomal Iron Elements ist in einer Packung mit 60 konzentrierten Tabletten erh\u00e4ltlich.<\/p>\n","protected":false},"featured_media":206262,"template":"","meta":{"_acf_changed":false},"product_brand":[],"product_cat":[182],"product_tag":[],"referencias":[],"beneficio":[],"class_list":{"0":"post-150509","1":"product","2":"type-product","3":"status-publish","4":"has-post-thumbnail","6":"product_cat-energie","8":"first","9":"instock","10":"taxable","11":"shipping-taxable","12":"purchasable","13":"product-type-simple"},"bundled_by":[],"bundle_stock_status":"instock","bundle_stock_quantity":null,"bundle_virtual":false,"bundle_layout":"","bundle_add_to_cart_form_location":"","bundle_editable_in_cart":false,"bundle_sold_individually_context":"","bundle_item_grouping":"","bundle_min_size":"","bundle_max_size":"","bundle_price":[],"bundled_items":[],"bundle_sell_ids":[],"acf":[],"yoast_head":"<!-- This site is optimized with the Yoast SEO plugin v27.3 - https:\/\/yoast.com\/product\/yoast-seo-wordpress\/ -->\n<title>Liposomale Eisenelemente | 60 Kapseln \u25b6\ufe0f Versandkostenfrei ab 50 \u20ac<\/title>\n<meta name=\"description\" content=\"Liposomale Eisenelemente | Eisen tr\u00e4gt zur normalen Bildung von roten Blutk\u00f6rperchen und H\u00e4moglobin bei | Nutralie\" \/>\n<meta name=\"robots\" content=\"noindex, follow, max-snippet:-1, max-image-preview:large, max-video-preview:-1\" \/>\n<meta property=\"og:locale\" content=\"de_DE\" \/>\n<meta property=\"og:type\" content=\"article\" \/>\n<meta property=\"og:title\" content=\"Liposomale Eisenelemente | 60 Kapseln \u25b6\ufe0f Versandkostenfrei ab 50 \u20ac\" \/>\n<meta property=\"og:description\" content=\"Liposomale Eisenelemente | Eisen tr\u00e4gt zur normalen Bildung von roten Blutk\u00f6rperchen und H\u00e4moglobin bei | Nutralie\" \/>\n<meta property=\"og:url\" content=\"https:\/\/dev.nutralie.com\/de\/liposomal-iron-elements\/\" \/>\n<meta property=\"og:site_name\" content=\"Nutralie\" \/>\n<meta property=\"article:modified_time\" content=\"2026-01-08T09:35:22+00:00\" \/>\n<meta property=\"og:image\" content=\"https:\/\/dev.nutralie.com\/wp-content\/uploads\/2024\/07\/001_Nutralie_Amazon_2025_ImagenesLaterales_PropuestaVisual_LiposomalIron_2000x2000_mockup_EN.jpg\" \/>\n\t<meta property=\"og:image:width\" content=\"2000\" \/>\n\t<meta property=\"og:image:height\" content=\"2000\" \/>\n\t<meta property=\"og:image:type\" content=\"image\/jpeg\" \/>\n<meta name=\"twitter:card\" content=\"summary_large_image\" \/>\n<meta name=\"twitter:label1\" content=\"Gesch\u00e4tzte Lesezeit\" \/>\n\t<meta name=\"twitter:data1\" content=\"1\u00a0Minute\" \/>\n<script type=\"application\/ld+json\" class=\"yoast-schema-graph\">{\"@context\":\"https:\\\/\\\/schema.org\",\"@graph\":[{\"@type\":\"WebPage\",\"@id\":\"https:\\\/\\\/dev.nutralie.com\\\/de\\\/liposomal-iron-elements\\\/\",\"url\":\"https:\\\/\\\/dev.nutralie.com\\\/de\\\/liposomal-iron-elements\\\/\",\"name\":\"Liposomale Eisenelemente | 60 Kapseln \u25b6\ufe0f Versandkostenfrei ab 50 \u20ac\",\"isPartOf\":{\"@id\":\"https:\\\/\\\/dev.nutralie.com\\\/de\\\/#website\"},\"primaryImageOfPage\":{\"@id\":\"https:\\\/\\\/dev.nutralie.com\\\/de\\\/liposomal-iron-elements\\\/#primaryimage\"},\"image\":{\"@id\":\"https:\\\/\\\/dev.nutralie.com\\\/de\\\/liposomal-iron-elements\\\/#primaryimage\"},\"thumbnailUrl\":\"https:\\\/\\\/dev.nutralie.com\\\/wp-content\\\/uploads\\\/2024\\\/07\\\/001_Nutralie_Amazon_2025_ImagenesLaterales_PropuestaVisual_LiposomalIron_2000x2000_mockup_EN.jpg\",\"datePublished\":\"2024-07-17T08:30:29+00:00\",\"dateModified\":\"2026-01-08T09:35:22+00:00\",\"description\":\"Liposomale Eisenelemente | Eisen tr\u00e4gt zur normalen Bildung von roten Blutk\u00f6rperchen und H\u00e4moglobin bei | Nutralie\",\"breadcrumb\":{\"@id\":\"https:\\\/\\\/dev.nutralie.com\\\/de\\\/liposomal-iron-elements\\\/#breadcrumb\"},\"inLanguage\":\"de\",\"potentialAction\":[{\"@type\":\"ReadAction\",\"target\":[\"https:\\\/\\\/dev.nutralie.com\\\/de\\\/liposomal-iron-elements\\\/\"]}]},{\"@type\":\"ImageObject\",\"inLanguage\":\"de\",\"@id\":\"https:\\\/\\\/dev.nutralie.com\\\/de\\\/liposomal-iron-elements\\\/#primaryimage\",\"url\":\"https:\\\/\\\/dev.nutralie.com\\\/wp-content\\\/uploads\\\/2024\\\/07\\\/001_Nutralie_Amazon_2025_ImagenesLaterales_PropuestaVisual_LiposomalIron_2000x2000_mockup_EN.jpg\",\"contentUrl\":\"https:\\\/\\\/dev.nutralie.com\\\/wp-content\\\/uploads\\\/2024\\\/07\\\/001_Nutralie_Amazon_2025_ImagenesLaterales_PropuestaVisual_LiposomalIron_2000x2000_mockup_EN.jpg\",\"width\":2000,\"height\":2000},{\"@type\":\"BreadcrumbList\",\"@id\":\"https:\\\/\\\/dev.nutralie.com\\\/de\\\/liposomal-iron-elements\\\/#breadcrumb\",\"itemListElement\":[{\"@type\":\"ListItem\",\"position\":1,\"name\":\"Home\",\"item\":\"https:\\\/\\\/dev.nutralie.com\\\/de\\\/\"},{\"@type\":\"ListItem\",\"position\":2,\"name\":\"Produkte\",\"item\":\"https:\\\/\\\/dev.nutralie.com\\\/de\\\/shop\\\/\"},{\"@type\":\"ListItem\",\"position\":3,\"name\":\"LIPOSOMAL IRON ELEMENTS\"}]},{\"@type\":\"WebSite\",\"@id\":\"https:\\\/\\\/dev.nutralie.com\\\/de\\\/#website\",\"url\":\"https:\\\/\\\/dev.nutralie.com\\\/de\\\/\",\"name\":\"Nutralie\",\"description\":\"\",\"potentialAction\":[{\"@type\":\"SearchAction\",\"target\":{\"@type\":\"EntryPoint\",\"urlTemplate\":\"https:\\\/\\\/dev.nutralie.com\\\/de\\\/?s={search_term_string}\"},\"query-input\":{\"@type\":\"PropertyValueSpecification\",\"valueRequired\":true,\"valueName\":\"search_term_string\"}}],\"inLanguage\":\"de\"}]}<\/script>\n<!-- \/ Yoast SEO plugin. -->","yoast_head_json":{"title":"Liposomale Eisenelemente | 60 Kapseln \u25b6\ufe0f Versandkostenfrei ab 50 \u20ac","description":"Liposomale Eisenelemente | Eisen tr\u00e4gt zur normalen Bildung von roten Blutk\u00f6rperchen und H\u00e4moglobin bei | Nutralie","robots":{"index":"noindex","follow":"follow","max-snippet":"max-snippet:-1","max-image-preview":"max-image-preview:large","max-video-preview":"max-video-preview:-1"},"og_locale":"de_DE","og_type":"article","og_title":"Liposomale Eisenelemente | 60 Kapseln \u25b6\ufe0f Versandkostenfrei ab 50 \u20ac","og_description":"Liposomale Eisenelemente | Eisen tr\u00e4gt zur normalen Bildung von roten Blutk\u00f6rperchen und H\u00e4moglobin bei | Nutralie","og_url":"https:\/\/dev.nutralie.com\/de\/liposomal-iron-elements\/","og_site_name":"Nutralie","article_modified_time":"2026-01-08T09:35:22+00:00","og_image":[{"width":2000,"height":2000,"url":"https:\/\/dev.nutralie.com\/wp-content\/uploads\/2024\/07\/001_Nutralie_Amazon_2025_ImagenesLaterales_PropuestaVisual_LiposomalIron_2000x2000_mockup_EN.jpg","type":"image\/jpeg"}],"twitter_card":"summary_large_image","twitter_misc":{"Gesch\u00e4tzte Lesezeit":"1\u00a0Minute"},"schema":{"@context":"https:\/\/schema.org","@graph":[{"@type":"WebPage","@id":"https:\/\/dev.nutralie.com\/de\/liposomal-iron-elements\/","url":"https:\/\/dev.nutralie.com\/de\/liposomal-iron-elements\/","name":"Liposomale Eisenelemente | 60 Kapseln \u25b6\ufe0f Versandkostenfrei ab 50 \u20ac","isPartOf":{"@id":"https:\/\/dev.nutralie.com\/de\/#website"},"primaryImageOfPage":{"@id":"https:\/\/dev.nutralie.com\/de\/liposomal-iron-elements\/#primaryimage"},"image":{"@id":"https:\/\/dev.nutralie.com\/de\/liposomal-iron-elements\/#primaryimage"},"thumbnailUrl":"https:\/\/dev.nutralie.com\/wp-content\/uploads\/2024\/07\/001_Nutralie_Amazon_2025_ImagenesLaterales_PropuestaVisual_LiposomalIron_2000x2000_mockup_EN.jpg","datePublished":"2024-07-17T08:30:29+00:00","dateModified":"2026-01-08T09:35:22+00:00","description":"Liposomale Eisenelemente | Eisen tr\u00e4gt zur normalen Bildung von roten Blutk\u00f6rperchen und H\u00e4moglobin bei | Nutralie","breadcrumb":{"@id":"https:\/\/dev.nutralie.com\/de\/liposomal-iron-elements\/#breadcrumb"},"inLanguage":"de","potentialAction":[{"@type":"ReadAction","target":["https:\/\/dev.nutralie.com\/de\/liposomal-iron-elements\/"]}]},{"@type":"ImageObject","inLanguage":"de","@id":"https:\/\/dev.nutralie.com\/de\/liposomal-iron-elements\/#primaryimage","url":"https:\/\/dev.nutralie.com\/wp-content\/uploads\/2024\/07\/001_Nutralie_Amazon_2025_ImagenesLaterales_PropuestaVisual_LiposomalIron_2000x2000_mockup_EN.jpg","contentUrl":"https:\/\/dev.nutralie.com\/wp-content\/uploads\/2024\/07\/001_Nutralie_Amazon_2025_ImagenesLaterales_PropuestaVisual_LiposomalIron_2000x2000_mockup_EN.jpg","width":2000,"height":2000},{"@type":"BreadcrumbList","@id":"https:\/\/dev.nutralie.com\/de\/liposomal-iron-elements\/#breadcrumb","itemListElement":[{"@type":"ListItem","position":1,"name":"Home","item":"https:\/\/dev.nutralie.com\/de\/"},{"@type":"ListItem","position":2,"name":"Produkte","item":"https:\/\/dev.nutralie.com\/de\/shop\/"},{"@type":"ListItem","position":3,"name":"LIPOSOMAL IRON ELEMENTS"}]},{"@type":"WebSite","@id":"https:\/\/dev.nutralie.com\/de\/#website","url":"https:\/\/dev.nutralie.com\/de\/","name":"Nutralie","description":"","potentialAction":[{"@type":"SearchAction","target":{"@type":"EntryPoint","urlTemplate":"https:\/\/dev.nutralie.com\/de\/?s={search_term_string}"},"query-input":{"@type":"PropertyValueSpecification","valueRequired":true,"valueName":"search_term_string"}}],"inLanguage":"de"}]}},"_links":{"self":[{"href":"https:\/\/dev.nutralie.com\/de\/wp-json\/wp\/v2\/product\/150509","targetHints":{"allow":["GET"]}}],"collection":[{"href":"https:\/\/dev.nutralie.com\/de\/wp-json\/wp\/v2\/product"}],"about":[{"href":"https:\/\/dev.nutralie.com\/de\/wp-json\/wp\/v2\/types\/product"}],"wp:featuredmedia":[{"embeddable":true,"href":"https:\/\/dev.nutralie.com\/de\/wp-json\/wp\/v2\/media\/206262"}],"wp:attachment":[{"href":"https:\/\/dev.nutralie.com\/de\/wp-json\/wp\/v2\/media?parent=150509"}],"wp:term":[{"taxonomy":"product_brand","embeddable":true,"href":"https:\/\/dev.nutralie.com\/de\/wp-json\/wp\/v2\/product_brand?post=150509"},{"taxonomy":"product_cat","embeddable":true,"href":"https:\/\/dev.nutralie.com\/de\/wp-json\/wp\/v2\/product_cat?post=150509"},{"taxonomy":"product_tag","embeddable":true,"href":"https:\/\/dev.nutralie.com\/de\/wp-json\/wp\/v2\/product_tag?post=150509"},{"taxonomy":"referencias","embeddable":true,"href":"https:\/\/dev.nutralie.com\/de\/wp-json\/wp\/v2\/referencias?post=150509"},{"taxonomy":"beneficio","embeddable":true,"href":"https:\/\/dev.nutralie.com\/de\/wp-json\/wp\/v2\/beneficio?post=150509"}],"curies":[{"name":"wp","href":"https:\/\/api.w.org\/{rel}","templated":true}]}}