{"id":15363,"date":"2021-03-03T15:44:12","date_gmt":"2021-03-03T13:44:12","guid":{"rendered":"http:\/\/dev.nutralie.com\/?post_type=product&#038;p=15363"},"modified":"2026-01-08T11:36:20","modified_gmt":"2026-01-08T09:36:20","slug":"ashwagandha","status":"publish","type":"product","link":"https:\/\/dev.nutralie.com\/de\/ashwagandha\/","title":{"rendered":"ASHWAGANDHA COMPLEX"},"content":{"rendered":"","protected":false},"excerpt":{"rendered":"<p>Ashwagandha Complex von Nutralie zeichnet sich durch einen Gehalt von 550 mg <strong>Ashwagandha KSM-66\u00ae<\/strong> aus, einem registrierten Inhaltsstoff, der den einzigartigen Extrakt aus der Ashwagandha-Wurzel mit der h\u00f6chsten Konzentration an bioaktiven Substanzen enth\u00e4lt und \u00fcber mehr als 40 Qualit\u00e4tszertifikate verf\u00fcgt. Ashwaganda ist ein traditionelles indisches Kraut, auch bekannt als Withania Somnifera, das in der ayurvedischen Medizin h\u00e4ufig verwendet wird. Diese Formel enth\u00e4lt au\u00dferdem <strong>Vitamin B6 und B12.<\/strong><\/p>\n<p><strong>KAPSELN<\/strong><br \/>\nAshwagandha Complex von Nutralie wird in einer Packung mit 60 Kapseln angeboten.<\/p>\n","protected":false},"featured_media":200190,"template":"","meta":{"_acf_changed":false},"product_brand":[],"product_cat":[2398],"product_tag":[],"referencias":[2447],"beneficio":[],"class_list":{"0":"post-15363","1":"product","2":"type-product","3":"status-publish","4":"has-post-thumbnail","6":"product_cat-geistig","8":"first","9":"instock","10":"taxable","11":"shipping-taxable","12":"purchasable","13":"product-type-simple"},"bundled_by":["137694"],"bundle_stock_status":"instock","bundle_stock_quantity":null,"bundle_virtual":false,"bundle_layout":"","bundle_add_to_cart_form_location":"","bundle_editable_in_cart":false,"bundle_sold_individually_context":"","bundle_item_grouping":"","bundle_min_size":"","bundle_max_size":"","bundle_price":[],"bundled_items":[],"bundle_sell_ids":[],"acf":[],"yoast_head":"<!-- This site is optimized with the Yoast SEO plugin v27.3 - https:\/\/yoast.com\/product\/yoast-seo-wordpress\/ -->\n<title>Ashwagandha-Komplex | 60 Kapseln | Mit Vitamin B6 und B12 | Nutralie<\/title>\n<meta name=\"description\" content=\"Ashwagandha KSM-66\u00ae 550 mg, 100% vegan und mit 5% Withanolidos, kombiniert mit Vitamin B6 und B12. Den Nutralie Nahrungszusatz Ashwagandha-Komplex kaufen.\" \/>\n<meta name=\"robots\" content=\"noindex, follow, max-snippet:-1, max-image-preview:large, max-video-preview:-1\" \/>\n<meta property=\"og:locale\" content=\"de_DE\" \/>\n<meta property=\"og:type\" content=\"article\" \/>\n<meta property=\"og:title\" content=\"Ashwagandha-Komplex | 60 Kapseln | Mit Vitamin B6 und B12 | Nutralie\" \/>\n<meta property=\"og:description\" content=\"Ashwagandha KSM-66\u00ae 550 mg, 100% vegan und mit 5% Withanolidos, kombiniert mit Vitamin B6 und B12. Den Nutralie Nahrungszusatz Ashwagandha-Komplex kaufen.\" \/>\n<meta property=\"og:url\" content=\"https:\/\/dev.nutralie.com\/de\/ashwagandha\/\" \/>\n<meta property=\"og:site_name\" content=\"Nutralie\" \/>\n<meta property=\"article:modified_time\" content=\"2026-01-08T09:36:20+00:00\" \/>\n<meta property=\"og:image\" content=\"https:\/\/dev.nutralie.com\/wp-content\/uploads\/2021\/03\/002_Nutralie_Amazon_2025_ImagenesLaterales_PropuestaVisual_Ashwagandha_2000x2000_mockup_EN.webp\" \/>\n\t<meta property=\"og:image:width\" content=\"2000\" \/>\n\t<meta property=\"og:image:height\" content=\"2000\" \/>\n\t<meta property=\"og:image:type\" content=\"image\/webp\" \/>\n<meta name=\"twitter:card\" content=\"summary_large_image\" \/>\n<meta name=\"twitter:label1\" content=\"Gesch\u00e4tzte Lesezeit\" \/>\n\t<meta name=\"twitter:data1\" content=\"1\u00a0Minute\" \/>\n<script type=\"application\/ld+json\" class=\"yoast-schema-graph\">{\"@context\":\"https:\\\/\\\/schema.org\",\"@graph\":[{\"@type\":\"WebPage\",\"@id\":\"https:\\\/\\\/dev.nutralie.com\\\/de\\\/ashwagandha\\\/\",\"url\":\"https:\\\/\\\/dev.nutralie.com\\\/de\\\/ashwagandha\\\/\",\"name\":\"Ashwagandha-Komplex | 60 Kapseln | Mit Vitamin B6 und B12 | Nutralie\",\"isPartOf\":{\"@id\":\"https:\\\/\\\/dev.nutralie.com\\\/de\\\/#website\"},\"primaryImageOfPage\":{\"@id\":\"https:\\\/\\\/dev.nutralie.com\\\/de\\\/ashwagandha\\\/#primaryimage\"},\"image\":{\"@id\":\"https:\\\/\\\/dev.nutralie.com\\\/de\\\/ashwagandha\\\/#primaryimage\"},\"thumbnailUrl\":\"https:\\\/\\\/dev.nutralie.com\\\/wp-content\\\/uploads\\\/2021\\\/03\\\/002_Nutralie_Amazon_2025_ImagenesLaterales_PropuestaVisual_Ashwagandha_2000x2000_mockup_EN.webp\",\"datePublished\":\"2021-03-03T13:44:12+00:00\",\"dateModified\":\"2026-01-08T09:36:20+00:00\",\"description\":\"Ashwagandha KSM-66\u00ae 550 mg, 100% vegan und mit 5% Withanolidos, kombiniert mit Vitamin B6 und B12. Den Nutralie Nahrungszusatz Ashwagandha-Komplex kaufen.\",\"breadcrumb\":{\"@id\":\"https:\\\/\\\/dev.nutralie.com\\\/de\\\/ashwagandha\\\/#breadcrumb\"},\"inLanguage\":\"de\",\"potentialAction\":[{\"@type\":\"ReadAction\",\"target\":[\"https:\\\/\\\/dev.nutralie.com\\\/de\\\/ashwagandha\\\/\"]}]},{\"@type\":\"ImageObject\",\"inLanguage\":\"de\",\"@id\":\"https:\\\/\\\/dev.nutralie.com\\\/de\\\/ashwagandha\\\/#primaryimage\",\"url\":\"https:\\\/\\\/dev.nutralie.com\\\/wp-content\\\/uploads\\\/2021\\\/03\\\/002_Nutralie_Amazon_2025_ImagenesLaterales_PropuestaVisual_Ashwagandha_2000x2000_mockup_EN.webp\",\"contentUrl\":\"https:\\\/\\\/dev.nutralie.com\\\/wp-content\\\/uploads\\\/2021\\\/03\\\/002_Nutralie_Amazon_2025_ImagenesLaterales_PropuestaVisual_Ashwagandha_2000x2000_mockup_EN.webp\",\"width\":2000,\"height\":2000},{\"@type\":\"BreadcrumbList\",\"@id\":\"https:\\\/\\\/dev.nutralie.com\\\/de\\\/ashwagandha\\\/#breadcrumb\",\"itemListElement\":[{\"@type\":\"ListItem\",\"position\":1,\"name\":\"Home\",\"item\":\"https:\\\/\\\/dev.nutralie.com\\\/de\\\/\"},{\"@type\":\"ListItem\",\"position\":2,\"name\":\"Produkte\",\"item\":\"https:\\\/\\\/dev.nutralie.com\\\/de\\\/shop\\\/\"},{\"@type\":\"ListItem\",\"position\":3,\"name\":\"ASHWAGANDHA COMPLEX\"}]},{\"@type\":\"WebSite\",\"@id\":\"https:\\\/\\\/dev.nutralie.com\\\/de\\\/#website\",\"url\":\"https:\\\/\\\/dev.nutralie.com\\\/de\\\/\",\"name\":\"Nutralie\",\"description\":\"\",\"potentialAction\":[{\"@type\":\"SearchAction\",\"target\":{\"@type\":\"EntryPoint\",\"urlTemplate\":\"https:\\\/\\\/dev.nutralie.com\\\/de\\\/?s={search_term_string}\"},\"query-input\":{\"@type\":\"PropertyValueSpecification\",\"valueRequired\":true,\"valueName\":\"search_term_string\"}}],\"inLanguage\":\"de\"}]}<\/script>\n<!-- \/ Yoast SEO plugin. -->","yoast_head_json":{"title":"Ashwagandha-Komplex | 60 Kapseln | Mit Vitamin B6 und B12 | Nutralie","description":"Ashwagandha KSM-66\u00ae 550 mg, 100% vegan und mit 5% Withanolidos, kombiniert mit Vitamin B6 und B12. Den Nutralie Nahrungszusatz Ashwagandha-Komplex kaufen.","robots":{"index":"noindex","follow":"follow","max-snippet":"max-snippet:-1","max-image-preview":"max-image-preview:large","max-video-preview":"max-video-preview:-1"},"og_locale":"de_DE","og_type":"article","og_title":"Ashwagandha-Komplex | 60 Kapseln | Mit Vitamin B6 und B12 | Nutralie","og_description":"Ashwagandha KSM-66\u00ae 550 mg, 100% vegan und mit 5% Withanolidos, kombiniert mit Vitamin B6 und B12. Den Nutralie Nahrungszusatz Ashwagandha-Komplex kaufen.","og_url":"https:\/\/dev.nutralie.com\/de\/ashwagandha\/","og_site_name":"Nutralie","article_modified_time":"2026-01-08T09:36:20+00:00","og_image":[{"width":2000,"height":2000,"url":"https:\/\/dev.nutralie.com\/wp-content\/uploads\/2021\/03\/002_Nutralie_Amazon_2025_ImagenesLaterales_PropuestaVisual_Ashwagandha_2000x2000_mockup_EN.webp","type":"image\/webp"}],"twitter_card":"summary_large_image","twitter_misc":{"Gesch\u00e4tzte Lesezeit":"1\u00a0Minute"},"schema":{"@context":"https:\/\/schema.org","@graph":[{"@type":"WebPage","@id":"https:\/\/dev.nutralie.com\/de\/ashwagandha\/","url":"https:\/\/dev.nutralie.com\/de\/ashwagandha\/","name":"Ashwagandha-Komplex | 60 Kapseln | Mit Vitamin B6 und B12 | Nutralie","isPartOf":{"@id":"https:\/\/dev.nutralie.com\/de\/#website"},"primaryImageOfPage":{"@id":"https:\/\/dev.nutralie.com\/de\/ashwagandha\/#primaryimage"},"image":{"@id":"https:\/\/dev.nutralie.com\/de\/ashwagandha\/#primaryimage"},"thumbnailUrl":"https:\/\/dev.nutralie.com\/wp-content\/uploads\/2021\/03\/002_Nutralie_Amazon_2025_ImagenesLaterales_PropuestaVisual_Ashwagandha_2000x2000_mockup_EN.webp","datePublished":"2021-03-03T13:44:12+00:00","dateModified":"2026-01-08T09:36:20+00:00","description":"Ashwagandha KSM-66\u00ae 550 mg, 100% vegan und mit 5% Withanolidos, kombiniert mit Vitamin B6 und B12. Den Nutralie Nahrungszusatz Ashwagandha-Komplex kaufen.","breadcrumb":{"@id":"https:\/\/dev.nutralie.com\/de\/ashwagandha\/#breadcrumb"},"inLanguage":"de","potentialAction":[{"@type":"ReadAction","target":["https:\/\/dev.nutralie.com\/de\/ashwagandha\/"]}]},{"@type":"ImageObject","inLanguage":"de","@id":"https:\/\/dev.nutralie.com\/de\/ashwagandha\/#primaryimage","url":"https:\/\/dev.nutralie.com\/wp-content\/uploads\/2021\/03\/002_Nutralie_Amazon_2025_ImagenesLaterales_PropuestaVisual_Ashwagandha_2000x2000_mockup_EN.webp","contentUrl":"https:\/\/dev.nutralie.com\/wp-content\/uploads\/2021\/03\/002_Nutralie_Amazon_2025_ImagenesLaterales_PropuestaVisual_Ashwagandha_2000x2000_mockup_EN.webp","width":2000,"height":2000},{"@type":"BreadcrumbList","@id":"https:\/\/dev.nutralie.com\/de\/ashwagandha\/#breadcrumb","itemListElement":[{"@type":"ListItem","position":1,"name":"Home","item":"https:\/\/dev.nutralie.com\/de\/"},{"@type":"ListItem","position":2,"name":"Produkte","item":"https:\/\/dev.nutralie.com\/de\/shop\/"},{"@type":"ListItem","position":3,"name":"ASHWAGANDHA COMPLEX"}]},{"@type":"WebSite","@id":"https:\/\/dev.nutralie.com\/de\/#website","url":"https:\/\/dev.nutralie.com\/de\/","name":"Nutralie","description":"","potentialAction":[{"@type":"SearchAction","target":{"@type":"EntryPoint","urlTemplate":"https:\/\/dev.nutralie.com\/de\/?s={search_term_string}"},"query-input":{"@type":"PropertyValueSpecification","valueRequired":true,"valueName":"search_term_string"}}],"inLanguage":"de"}]}},"_links":{"self":[{"href":"https:\/\/dev.nutralie.com\/de\/wp-json\/wp\/v2\/product\/15363","targetHints":{"allow":["GET"]}}],"collection":[{"href":"https:\/\/dev.nutralie.com\/de\/wp-json\/wp\/v2\/product"}],"about":[{"href":"https:\/\/dev.nutralie.com\/de\/wp-json\/wp\/v2\/types\/product"}],"wp:featuredmedia":[{"embeddable":true,"href":"https:\/\/dev.nutralie.com\/de\/wp-json\/wp\/v2\/media\/200190"}],"wp:attachment":[{"href":"https:\/\/dev.nutralie.com\/de\/wp-json\/wp\/v2\/media?parent=15363"}],"wp:term":[{"taxonomy":"product_brand","embeddable":true,"href":"https:\/\/dev.nutralie.com\/de\/wp-json\/wp\/v2\/product_brand?post=15363"},{"taxonomy":"product_cat","embeddable":true,"href":"https:\/\/dev.nutralie.com\/de\/wp-json\/wp\/v2\/product_cat?post=15363"},{"taxonomy":"product_tag","embeddable":true,"href":"https:\/\/dev.nutralie.com\/de\/wp-json\/wp\/v2\/product_tag?post=15363"},{"taxonomy":"referencias","embeddable":true,"href":"https:\/\/dev.nutralie.com\/de\/wp-json\/wp\/v2\/referencias?post=15363"},{"taxonomy":"beneficio","embeddable":true,"href":"https:\/\/dev.nutralie.com\/de\/wp-json\/wp\/v2\/beneficio?post=15363"}],"curies":[{"name":"wp","href":"https:\/\/api.w.org\/{rel}","templated":true}]}}