{"id":206112,"date":"2025-09-03T12:19:08","date_gmt":"2025-09-03T10:19:08","guid":{"rendered":"http:\/\/dev.nutralie.com\/?post_type=product&#038;p=206112"},"modified":"2026-01-08T11:35:13","modified_gmt":"2026-01-08T09:35:13","slug":"kreatin-monohydrat-elemente","status":"publish","type":"product","link":"https:\/\/dev.nutralie.com\/de\/tienda\/kreatin-monohydrat-elemente\/","title":{"rendered":"KREATIN MONOHYDRAT ELEMENTE"},"content":{"rendered":"","protected":false},"excerpt":{"rendered":"<p>Nutralie Creatine Monohydrate Elements ist ein kreatinbasiertes Nahrungserg\u00e4nzungsmittel, das die k\u00f6rperliche Leistungsf\u00e4higkeit bei aufeinanderfolgenden kurzen, hochintensiven Trainingseinheiten verbessert.*<\/p>\n<p>Diese Elements-Formel enth\u00e4lt einen hohen Anteil an Kreatinmonohydrat, bis zu 6.900 mg pro Dosis.<\/p>\n<p>*F\u00fcr Erwachsene, die ausschlie\u00dflich hochintensives Training betreiben.<\/p>\n<p><strong>KAPSELN<\/strong><\/p>\n<p>Nutralie Creatine Monohydrate Elements wird in einer Packung mit 90 Kapseln geliefert.<\/p>\n","protected":false},"featured_media":206096,"template":"","meta":{"_acf_changed":false},"product_brand":[],"product_cat":[182],"product_tag":[],"referencias":[],"beneficio":[],"class_list":{"0":"post-206112","1":"product","2":"type-product","3":"status-publish","4":"has-post-thumbnail","6":"product_cat-energie","8":"first","9":"instock","10":"taxable","11":"shipping-taxable","12":"purchasable","13":"product-type-simple"},"bundled_by":[],"bundle_stock_status":"instock","bundle_stock_quantity":null,"bundle_virtual":false,"bundle_layout":"","bundle_add_to_cart_form_location":"","bundle_editable_in_cart":false,"bundle_sold_individually_context":"","bundle_item_grouping":"","bundle_min_size":"","bundle_max_size":"","bundle_price":[],"bundled_items":[],"bundle_sell_ids":[],"acf":[],"yoast_head":"<!-- This site is optimized with the Yoast SEO plugin v27.3 - https:\/\/yoast.com\/product\/yoast-seo-wordpress\/ -->\n<title>Kreatin Monohydrat Elemente | 90 Kapseln \u25b6\ufe0f Versandkostenfrei ab 50 \u20ac<\/title>\n<meta name=\"description\" content=\"Kreatin-Monohydrat-Elemente | Kreatin verbessert die k\u00f6rperliche Leistungsf\u00e4higkeit bei aufeinanderfolgenden kurzen, hochintensiven Trainingseinheiten | Nutralie\" \/>\n<meta name=\"robots\" content=\"noindex, follow, max-snippet:-1, max-image-preview:large, max-video-preview:-1\" \/>\n<meta property=\"og:locale\" content=\"de_DE\" \/>\n<meta property=\"og:type\" content=\"article\" \/>\n<meta property=\"og:title\" content=\"Kreatin Monohydrat Elemente | 90 Kapseln \u25b6\ufe0f Versandkostenfrei ab 50 \u20ac\" \/>\n<meta property=\"og:description\" content=\"Kreatin-Monohydrat-Elemente | Kreatin verbessert die k\u00f6rperliche Leistungsf\u00e4higkeit bei aufeinanderfolgenden kurzen, hochintensiven Trainingseinheiten | Nutralie\" \/>\n<meta property=\"og:url\" content=\"https:\/\/dev.nutralie.com\/de\/tienda\/kreatin-monohydrat-elemente\/\" \/>\n<meta property=\"og:site_name\" content=\"Nutralie\" \/>\n<meta property=\"article:modified_time\" content=\"2026-01-08T09:35:13+00:00\" \/>\n<meta property=\"og:image\" content=\"https:\/\/dev.nutralie.com\/wp-content\/uploads\/2025\/09\/001_Nutralie_Amazon_2025_ImagenesLaterales_PropuestaVisual_Creatine_2000x2000_mockup_EN.jpg\" \/>\n\t<meta property=\"og:image:width\" content=\"2000\" \/>\n\t<meta property=\"og:image:height\" content=\"2000\" \/>\n\t<meta property=\"og:image:type\" content=\"image\/jpeg\" \/>\n<meta name=\"twitter:card\" content=\"summary_large_image\" \/>\n<meta name=\"twitter:label1\" content=\"Gesch\u00e4tzte Lesezeit\" \/>\n\t<meta name=\"twitter:data1\" content=\"1\u00a0Minute\" \/>\n<script type=\"application\/ld+json\" class=\"yoast-schema-graph\">{\"@context\":\"https:\\\/\\\/schema.org\",\"@graph\":[{\"@type\":\"WebPage\",\"@id\":\"https:\\\/\\\/dev.nutralie.com\\\/de\\\/tienda\\\/kreatin-monohydrat-elemente\\\/\",\"url\":\"https:\\\/\\\/dev.nutralie.com\\\/de\\\/tienda\\\/kreatin-monohydrat-elemente\\\/\",\"name\":\"Kreatin Monohydrat Elemente | 90 Kapseln \u25b6\ufe0f Versandkostenfrei ab 50 \u20ac\",\"isPartOf\":{\"@id\":\"https:\\\/\\\/dev.nutralie.com\\\/de\\\/#website\"},\"primaryImageOfPage\":{\"@id\":\"https:\\\/\\\/dev.nutralie.com\\\/de\\\/tienda\\\/kreatin-monohydrat-elemente\\\/#primaryimage\"},\"image\":{\"@id\":\"https:\\\/\\\/dev.nutralie.com\\\/de\\\/tienda\\\/kreatin-monohydrat-elemente\\\/#primaryimage\"},\"thumbnailUrl\":\"https:\\\/\\\/dev.nutralie.com\\\/wp-content\\\/uploads\\\/2025\\\/09\\\/001_Nutralie_Amazon_2025_ImagenesLaterales_PropuestaVisual_Creatine_2000x2000_mockup_EN.jpg\",\"datePublished\":\"2025-09-03T10:19:08+00:00\",\"dateModified\":\"2026-01-08T09:35:13+00:00\",\"description\":\"Kreatin-Monohydrat-Elemente | Kreatin verbessert die k\u00f6rperliche Leistungsf\u00e4higkeit bei aufeinanderfolgenden kurzen, hochintensiven Trainingseinheiten | Nutralie\",\"breadcrumb\":{\"@id\":\"https:\\\/\\\/dev.nutralie.com\\\/de\\\/tienda\\\/kreatin-monohydrat-elemente\\\/#breadcrumb\"},\"inLanguage\":\"de\",\"potentialAction\":[{\"@type\":\"ReadAction\",\"target\":[\"https:\\\/\\\/dev.nutralie.com\\\/de\\\/tienda\\\/kreatin-monohydrat-elemente\\\/\"]}]},{\"@type\":\"ImageObject\",\"inLanguage\":\"de\",\"@id\":\"https:\\\/\\\/dev.nutralie.com\\\/de\\\/tienda\\\/kreatin-monohydrat-elemente\\\/#primaryimage\",\"url\":\"https:\\\/\\\/dev.nutralie.com\\\/wp-content\\\/uploads\\\/2025\\\/09\\\/001_Nutralie_Amazon_2025_ImagenesLaterales_PropuestaVisual_Creatine_2000x2000_mockup_EN.jpg\",\"contentUrl\":\"https:\\\/\\\/dev.nutralie.com\\\/wp-content\\\/uploads\\\/2025\\\/09\\\/001_Nutralie_Amazon_2025_ImagenesLaterales_PropuestaVisual_Creatine_2000x2000_mockup_EN.jpg\",\"width\":2000,\"height\":2000},{\"@type\":\"BreadcrumbList\",\"@id\":\"https:\\\/\\\/dev.nutralie.com\\\/de\\\/tienda\\\/kreatin-monohydrat-elemente\\\/#breadcrumb\",\"itemListElement\":[{\"@type\":\"ListItem\",\"position\":1,\"name\":\"Home\",\"item\":\"https:\\\/\\\/dev.nutralie.com\\\/de\\\/\"},{\"@type\":\"ListItem\",\"position\":2,\"name\":\"Produkte\",\"item\":\"https:\\\/\\\/dev.nutralie.com\\\/de\\\/shop\\\/\"},{\"@type\":\"ListItem\",\"position\":3,\"name\":\"KREATIN MONOHYDRAT ELEMENTE\"}]},{\"@type\":\"WebSite\",\"@id\":\"https:\\\/\\\/dev.nutralie.com\\\/de\\\/#website\",\"url\":\"https:\\\/\\\/dev.nutralie.com\\\/de\\\/\",\"name\":\"Nutralie\",\"description\":\"\",\"potentialAction\":[{\"@type\":\"SearchAction\",\"target\":{\"@type\":\"EntryPoint\",\"urlTemplate\":\"https:\\\/\\\/dev.nutralie.com\\\/de\\\/?s={search_term_string}\"},\"query-input\":{\"@type\":\"PropertyValueSpecification\",\"valueRequired\":true,\"valueName\":\"search_term_string\"}}],\"inLanguage\":\"de\"}]}<\/script>\n<!-- \/ Yoast SEO plugin. -->","yoast_head_json":{"title":"Kreatin Monohydrat Elemente | 90 Kapseln \u25b6\ufe0f Versandkostenfrei ab 50 \u20ac","description":"Kreatin-Monohydrat-Elemente | Kreatin verbessert die k\u00f6rperliche Leistungsf\u00e4higkeit bei aufeinanderfolgenden kurzen, hochintensiven Trainingseinheiten | Nutralie","robots":{"index":"noindex","follow":"follow","max-snippet":"max-snippet:-1","max-image-preview":"max-image-preview:large","max-video-preview":"max-video-preview:-1"},"og_locale":"de_DE","og_type":"article","og_title":"Kreatin Monohydrat Elemente | 90 Kapseln \u25b6\ufe0f Versandkostenfrei ab 50 \u20ac","og_description":"Kreatin-Monohydrat-Elemente | Kreatin verbessert die k\u00f6rperliche Leistungsf\u00e4higkeit bei aufeinanderfolgenden kurzen, hochintensiven Trainingseinheiten | Nutralie","og_url":"https:\/\/dev.nutralie.com\/de\/tienda\/kreatin-monohydrat-elemente\/","og_site_name":"Nutralie","article_modified_time":"2026-01-08T09:35:13+00:00","og_image":[{"width":2000,"height":2000,"url":"https:\/\/dev.nutralie.com\/wp-content\/uploads\/2025\/09\/001_Nutralie_Amazon_2025_ImagenesLaterales_PropuestaVisual_Creatine_2000x2000_mockup_EN.jpg","type":"image\/jpeg"}],"twitter_card":"summary_large_image","twitter_misc":{"Gesch\u00e4tzte Lesezeit":"1\u00a0Minute"},"schema":{"@context":"https:\/\/schema.org","@graph":[{"@type":"WebPage","@id":"https:\/\/dev.nutralie.com\/de\/tienda\/kreatin-monohydrat-elemente\/","url":"https:\/\/dev.nutralie.com\/de\/tienda\/kreatin-monohydrat-elemente\/","name":"Kreatin Monohydrat Elemente | 90 Kapseln \u25b6\ufe0f Versandkostenfrei ab 50 \u20ac","isPartOf":{"@id":"https:\/\/dev.nutralie.com\/de\/#website"},"primaryImageOfPage":{"@id":"https:\/\/dev.nutralie.com\/de\/tienda\/kreatin-monohydrat-elemente\/#primaryimage"},"image":{"@id":"https:\/\/dev.nutralie.com\/de\/tienda\/kreatin-monohydrat-elemente\/#primaryimage"},"thumbnailUrl":"https:\/\/dev.nutralie.com\/wp-content\/uploads\/2025\/09\/001_Nutralie_Amazon_2025_ImagenesLaterales_PropuestaVisual_Creatine_2000x2000_mockup_EN.jpg","datePublished":"2025-09-03T10:19:08+00:00","dateModified":"2026-01-08T09:35:13+00:00","description":"Kreatin-Monohydrat-Elemente | Kreatin verbessert die k\u00f6rperliche Leistungsf\u00e4higkeit bei aufeinanderfolgenden kurzen, hochintensiven Trainingseinheiten | Nutralie","breadcrumb":{"@id":"https:\/\/dev.nutralie.com\/de\/tienda\/kreatin-monohydrat-elemente\/#breadcrumb"},"inLanguage":"de","potentialAction":[{"@type":"ReadAction","target":["https:\/\/dev.nutralie.com\/de\/tienda\/kreatin-monohydrat-elemente\/"]}]},{"@type":"ImageObject","inLanguage":"de","@id":"https:\/\/dev.nutralie.com\/de\/tienda\/kreatin-monohydrat-elemente\/#primaryimage","url":"https:\/\/dev.nutralie.com\/wp-content\/uploads\/2025\/09\/001_Nutralie_Amazon_2025_ImagenesLaterales_PropuestaVisual_Creatine_2000x2000_mockup_EN.jpg","contentUrl":"https:\/\/dev.nutralie.com\/wp-content\/uploads\/2025\/09\/001_Nutralie_Amazon_2025_ImagenesLaterales_PropuestaVisual_Creatine_2000x2000_mockup_EN.jpg","width":2000,"height":2000},{"@type":"BreadcrumbList","@id":"https:\/\/dev.nutralie.com\/de\/tienda\/kreatin-monohydrat-elemente\/#breadcrumb","itemListElement":[{"@type":"ListItem","position":1,"name":"Home","item":"https:\/\/dev.nutralie.com\/de\/"},{"@type":"ListItem","position":2,"name":"Produkte","item":"https:\/\/dev.nutralie.com\/de\/shop\/"},{"@type":"ListItem","position":3,"name":"KREATIN MONOHYDRAT ELEMENTE"}]},{"@type":"WebSite","@id":"https:\/\/dev.nutralie.com\/de\/#website","url":"https:\/\/dev.nutralie.com\/de\/","name":"Nutralie","description":"","potentialAction":[{"@type":"SearchAction","target":{"@type":"EntryPoint","urlTemplate":"https:\/\/dev.nutralie.com\/de\/?s={search_term_string}"},"query-input":{"@type":"PropertyValueSpecification","valueRequired":true,"valueName":"search_term_string"}}],"inLanguage":"de"}]}},"_links":{"self":[{"href":"https:\/\/dev.nutralie.com\/de\/wp-json\/wp\/v2\/product\/206112","targetHints":{"allow":["GET"]}}],"collection":[{"href":"https:\/\/dev.nutralie.com\/de\/wp-json\/wp\/v2\/product"}],"about":[{"href":"https:\/\/dev.nutralie.com\/de\/wp-json\/wp\/v2\/types\/product"}],"wp:featuredmedia":[{"embeddable":true,"href":"https:\/\/dev.nutralie.com\/de\/wp-json\/wp\/v2\/media\/206096"}],"wp:attachment":[{"href":"https:\/\/dev.nutralie.com\/de\/wp-json\/wp\/v2\/media?parent=206112"}],"wp:term":[{"taxonomy":"product_brand","embeddable":true,"href":"https:\/\/dev.nutralie.com\/de\/wp-json\/wp\/v2\/product_brand?post=206112"},{"taxonomy":"product_cat","embeddable":true,"href":"https:\/\/dev.nutralie.com\/de\/wp-json\/wp\/v2\/product_cat?post=206112"},{"taxonomy":"product_tag","embeddable":true,"href":"https:\/\/dev.nutralie.com\/de\/wp-json\/wp\/v2\/product_tag?post=206112"},{"taxonomy":"referencias","embeddable":true,"href":"https:\/\/dev.nutralie.com\/de\/wp-json\/wp\/v2\/referencias?post=206112"},{"taxonomy":"beneficio","embeddable":true,"href":"https:\/\/dev.nutralie.com\/de\/wp-json\/wp\/v2\/beneficio?post=206112"}],"curies":[{"name":"wp","href":"https:\/\/api.w.org\/{rel}","templated":true}]}}