{"id":209118,"date":"2025-09-26T12:23:25","date_gmt":"2025-09-26T10:23:25","guid":{"rendered":"http:\/\/dev.nutralie.com\/?post_type=product&#038;p=209118"},"modified":"2026-01-08T11:35:10","modified_gmt":"2026-01-08T09:35:10","slug":"immunitat-paket","status":"publish","type":"product","link":"https:\/\/dev.nutralie.com\/de\/immunitat-paket\/","title":{"rendered":"IMMUNIT\u00c4T-PAKET"},"content":{"rendered":"","protected":false},"excerpt":{"rendered":"<p><strong>BEGRENZTES ANGEBOT: HERBST-N\u00c4HRSTOFFE MIT 15 % RABATT!<\/strong><\/p>\n<p><strong>Vitamin C Elements<\/strong> ist ein Nahrungserg\u00e4nzungsmittel mit Vitamin C (900 % NRV), Hagebutte (60 %) und Bioflavonoiden (70 %).<\/p>\n<p><strong>Immunity Booster<\/strong> Complex von Nutralie ist ein Nahrungserg\u00e4nzungsmittel mit Reishi-Extrakt, Propolis, Echinacea-purpurea-Extrakt, Vitaminen der Gruppen A bis D und Mineralstoffen.<\/p>\n<p>&nbsp;<\/p>\n<p><strong>KAPSELN<\/strong><br \/>\nVitamin C Elements von Nutralie wird in einer Packung mit 180 konzentrierten Tabletten angeboten.<\/p>\n<p>Immunity Booster Complex von Nutralie wird in einer Packung mit 60 konzentrierten Tabletten angeboten.<\/p>\n","protected":false},"featured_media":207565,"template":"","meta":{"_acf_changed":false},"product_brand":[],"product_cat":[168],"product_tag":[],"referencias":[],"beneficio":[],"class_list":{"0":"post-209118","1":"product","2":"type-product","3":"status-publish","4":"has-post-thumbnail","6":"product_cat-immunabwehr","8":"first","9":"instock","10":"sale","11":"taxable","12":"shipping-taxable","13":"purchasable","14":"product-type-simple"},"bundled_by":[],"bundle_stock_status":"instock","bundle_stock_quantity":null,"bundle_virtual":false,"bundle_layout":"","bundle_add_to_cart_form_location":"","bundle_editable_in_cart":false,"bundle_sold_individually_context":"","bundle_item_grouping":"","bundle_min_size":"","bundle_max_size":"","bundle_price":[],"bundled_items":[],"bundle_sell_ids":[],"acf":[],"yoast_head":"<!-- This site is optimized with the Yoast SEO plugin v27.3 - https:\/\/yoast.com\/product\/yoast-seo-wordpress\/ -->\n<title>Immunit\u00e4tspaket | Immunity Booster + Vitamin C | Sonderangebot<\/title>\n<meta name=\"description\" content=\"Immunit\u00e4tspaket | Sonderangebot f\u00fcr die Top-Nahrungserg\u00e4nzungsmittel Immunity Booster Complex und Vitamin C Elements von Nutralie\" \/>\n<meta name=\"robots\" content=\"noindex, follow, max-snippet:-1, max-image-preview:large, max-video-preview:-1\" \/>\n<meta property=\"og:locale\" content=\"de_DE\" \/>\n<meta property=\"og:type\" content=\"article\" \/>\n<meta property=\"og:title\" content=\"Immunit\u00e4tspaket | Immunity Booster + Vitamin C | Sonderangebot\" \/>\n<meta property=\"og:description\" content=\"Immunit\u00e4tspaket | Sonderangebot f\u00fcr die Top-Nahrungserg\u00e4nzungsmittel Immunity Booster Complex und Vitamin C Elements von Nutralie\" \/>\n<meta property=\"og:url\" content=\"https:\/\/dev.nutralie.com\/de\/immunitat-paket\/\" \/>\n<meta property=\"og:site_name\" content=\"Nutralie\" \/>\n<meta property=\"article:modified_time\" content=\"2026-01-08T09:35:10+00:00\" \/>\n<meta property=\"og:image\" content=\"https:\/\/dev.nutralie.com\/wp-content\/uploads\/2025\/09\/001_Nutralie_Web_Destokp_ImmnunityVitC_2560x2560px.jpg\" \/>\n\t<meta property=\"og:image:width\" content=\"2560\" \/>\n\t<meta property=\"og:image:height\" content=\"2560\" \/>\n\t<meta property=\"og:image:type\" content=\"image\/jpeg\" \/>\n<meta name=\"twitter:card\" content=\"summary_large_image\" \/>\n<meta name=\"twitter:label1\" content=\"Gesch\u00e4tzte Lesezeit\" \/>\n\t<meta name=\"twitter:data1\" content=\"1\u00a0Minute\" \/>\n<script type=\"application\/ld+json\" class=\"yoast-schema-graph\">{\"@context\":\"https:\\\/\\\/schema.org\",\"@graph\":[{\"@type\":\"WebPage\",\"@id\":\"https:\\\/\\\/dev.nutralie.com\\\/de\\\/immunitat-paket\\\/\",\"url\":\"https:\\\/\\\/dev.nutralie.com\\\/de\\\/immunitat-paket\\\/\",\"name\":\"Immunit\u00e4tspaket | Immunity Booster + Vitamin C | Sonderangebot\",\"isPartOf\":{\"@id\":\"https:\\\/\\\/dev.nutralie.com\\\/de\\\/#website\"},\"primaryImageOfPage\":{\"@id\":\"https:\\\/\\\/dev.nutralie.com\\\/de\\\/immunitat-paket\\\/#primaryimage\"},\"image\":{\"@id\":\"https:\\\/\\\/dev.nutralie.com\\\/de\\\/immunitat-paket\\\/#primaryimage\"},\"thumbnailUrl\":\"https:\\\/\\\/dev.nutralie.com\\\/wp-content\\\/uploads\\\/2025\\\/09\\\/001_Nutralie_Web_Destokp_ImmnunityVitC_2560x2560px.jpg\",\"datePublished\":\"2025-09-26T10:23:25+00:00\",\"dateModified\":\"2026-01-08T09:35:10+00:00\",\"description\":\"Immunit\u00e4tspaket | Sonderangebot f\u00fcr die Top-Nahrungserg\u00e4nzungsmittel Immunity Booster Complex und Vitamin C Elements von Nutralie\",\"breadcrumb\":{\"@id\":\"https:\\\/\\\/dev.nutralie.com\\\/de\\\/immunitat-paket\\\/#breadcrumb\"},\"inLanguage\":\"de\",\"potentialAction\":[{\"@type\":\"ReadAction\",\"target\":[\"https:\\\/\\\/dev.nutralie.com\\\/de\\\/immunitat-paket\\\/\"]}]},{\"@type\":\"ImageObject\",\"inLanguage\":\"de\",\"@id\":\"https:\\\/\\\/dev.nutralie.com\\\/de\\\/immunitat-paket\\\/#primaryimage\",\"url\":\"https:\\\/\\\/dev.nutralie.com\\\/wp-content\\\/uploads\\\/2025\\\/09\\\/001_Nutralie_Web_Destokp_ImmnunityVitC_2560x2560px.jpg\",\"contentUrl\":\"https:\\\/\\\/dev.nutralie.com\\\/wp-content\\\/uploads\\\/2025\\\/09\\\/001_Nutralie_Web_Destokp_ImmnunityVitC_2560x2560px.jpg\",\"width\":2560,\"height\":2560},{\"@type\":\"BreadcrumbList\",\"@id\":\"https:\\\/\\\/dev.nutralie.com\\\/de\\\/immunitat-paket\\\/#breadcrumb\",\"itemListElement\":[{\"@type\":\"ListItem\",\"position\":1,\"name\":\"Home\",\"item\":\"https:\\\/\\\/dev.nutralie.com\\\/de\\\/\"},{\"@type\":\"ListItem\",\"position\":2,\"name\":\"Produkte\",\"item\":\"https:\\\/\\\/dev.nutralie.com\\\/de\\\/shop\\\/\"},{\"@type\":\"ListItem\",\"position\":3,\"name\":\"IMMUNIT\u00c4T-PAKET\"}]},{\"@type\":\"WebSite\",\"@id\":\"https:\\\/\\\/dev.nutralie.com\\\/de\\\/#website\",\"url\":\"https:\\\/\\\/dev.nutralie.com\\\/de\\\/\",\"name\":\"Nutralie\",\"description\":\"\",\"potentialAction\":[{\"@type\":\"SearchAction\",\"target\":{\"@type\":\"EntryPoint\",\"urlTemplate\":\"https:\\\/\\\/dev.nutralie.com\\\/de\\\/?s={search_term_string}\"},\"query-input\":{\"@type\":\"PropertyValueSpecification\",\"valueRequired\":true,\"valueName\":\"search_term_string\"}}],\"inLanguage\":\"de\"}]}<\/script>\n<!-- \/ Yoast SEO plugin. -->","yoast_head_json":{"title":"Immunit\u00e4tspaket | Immunity Booster + Vitamin C | Sonderangebot","description":"Immunit\u00e4tspaket | Sonderangebot f\u00fcr die Top-Nahrungserg\u00e4nzungsmittel Immunity Booster Complex und Vitamin C Elements von Nutralie","robots":{"index":"noindex","follow":"follow","max-snippet":"max-snippet:-1","max-image-preview":"max-image-preview:large","max-video-preview":"max-video-preview:-1"},"og_locale":"de_DE","og_type":"article","og_title":"Immunit\u00e4tspaket | Immunity Booster + Vitamin C | Sonderangebot","og_description":"Immunit\u00e4tspaket | Sonderangebot f\u00fcr die Top-Nahrungserg\u00e4nzungsmittel Immunity Booster Complex und Vitamin C Elements von Nutralie","og_url":"https:\/\/dev.nutralie.com\/de\/immunitat-paket\/","og_site_name":"Nutralie","article_modified_time":"2026-01-08T09:35:10+00:00","og_image":[{"width":2560,"height":2560,"url":"https:\/\/dev.nutralie.com\/wp-content\/uploads\/2025\/09\/001_Nutralie_Web_Destokp_ImmnunityVitC_2560x2560px.jpg","type":"image\/jpeg"}],"twitter_card":"summary_large_image","twitter_misc":{"Gesch\u00e4tzte Lesezeit":"1\u00a0Minute"},"schema":{"@context":"https:\/\/schema.org","@graph":[{"@type":"WebPage","@id":"https:\/\/dev.nutralie.com\/de\/immunitat-paket\/","url":"https:\/\/dev.nutralie.com\/de\/immunitat-paket\/","name":"Immunit\u00e4tspaket | Immunity Booster + Vitamin C | Sonderangebot","isPartOf":{"@id":"https:\/\/dev.nutralie.com\/de\/#website"},"primaryImageOfPage":{"@id":"https:\/\/dev.nutralie.com\/de\/immunitat-paket\/#primaryimage"},"image":{"@id":"https:\/\/dev.nutralie.com\/de\/immunitat-paket\/#primaryimage"},"thumbnailUrl":"https:\/\/dev.nutralie.com\/wp-content\/uploads\/2025\/09\/001_Nutralie_Web_Destokp_ImmnunityVitC_2560x2560px.jpg","datePublished":"2025-09-26T10:23:25+00:00","dateModified":"2026-01-08T09:35:10+00:00","description":"Immunit\u00e4tspaket | Sonderangebot f\u00fcr die Top-Nahrungserg\u00e4nzungsmittel Immunity Booster Complex und Vitamin C Elements von Nutralie","breadcrumb":{"@id":"https:\/\/dev.nutralie.com\/de\/immunitat-paket\/#breadcrumb"},"inLanguage":"de","potentialAction":[{"@type":"ReadAction","target":["https:\/\/dev.nutralie.com\/de\/immunitat-paket\/"]}]},{"@type":"ImageObject","inLanguage":"de","@id":"https:\/\/dev.nutralie.com\/de\/immunitat-paket\/#primaryimage","url":"https:\/\/dev.nutralie.com\/wp-content\/uploads\/2025\/09\/001_Nutralie_Web_Destokp_ImmnunityVitC_2560x2560px.jpg","contentUrl":"https:\/\/dev.nutralie.com\/wp-content\/uploads\/2025\/09\/001_Nutralie_Web_Destokp_ImmnunityVitC_2560x2560px.jpg","width":2560,"height":2560},{"@type":"BreadcrumbList","@id":"https:\/\/dev.nutralie.com\/de\/immunitat-paket\/#breadcrumb","itemListElement":[{"@type":"ListItem","position":1,"name":"Home","item":"https:\/\/dev.nutralie.com\/de\/"},{"@type":"ListItem","position":2,"name":"Produkte","item":"https:\/\/dev.nutralie.com\/de\/shop\/"},{"@type":"ListItem","position":3,"name":"IMMUNIT\u00c4T-PAKET"}]},{"@type":"WebSite","@id":"https:\/\/dev.nutralie.com\/de\/#website","url":"https:\/\/dev.nutralie.com\/de\/","name":"Nutralie","description":"","potentialAction":[{"@type":"SearchAction","target":{"@type":"EntryPoint","urlTemplate":"https:\/\/dev.nutralie.com\/de\/?s={search_term_string}"},"query-input":{"@type":"PropertyValueSpecification","valueRequired":true,"valueName":"search_term_string"}}],"inLanguage":"de"}]}},"_links":{"self":[{"href":"https:\/\/dev.nutralie.com\/de\/wp-json\/wp\/v2\/product\/209118","targetHints":{"allow":["GET"]}}],"collection":[{"href":"https:\/\/dev.nutralie.com\/de\/wp-json\/wp\/v2\/product"}],"about":[{"href":"https:\/\/dev.nutralie.com\/de\/wp-json\/wp\/v2\/types\/product"}],"wp:featuredmedia":[{"embeddable":true,"href":"https:\/\/dev.nutralie.com\/de\/wp-json\/wp\/v2\/media\/207565"}],"wp:attachment":[{"href":"https:\/\/dev.nutralie.com\/de\/wp-json\/wp\/v2\/media?parent=209118"}],"wp:term":[{"taxonomy":"product_brand","embeddable":true,"href":"https:\/\/dev.nutralie.com\/de\/wp-json\/wp\/v2\/product_brand?post=209118"},{"taxonomy":"product_cat","embeddable":true,"href":"https:\/\/dev.nutralie.com\/de\/wp-json\/wp\/v2\/product_cat?post=209118"},{"taxonomy":"product_tag","embeddable":true,"href":"https:\/\/dev.nutralie.com\/de\/wp-json\/wp\/v2\/product_tag?post=209118"},{"taxonomy":"referencias","embeddable":true,"href":"https:\/\/dev.nutralie.com\/de\/wp-json\/wp\/v2\/referencias?post=209118"},{"taxonomy":"beneficio","embeddable":true,"href":"https:\/\/dev.nutralie.com\/de\/wp-json\/wp\/v2\/beneficio?post=209118"}],"curies":[{"name":"wp","href":"https:\/\/api.w.org\/{rel}","templated":true}]}}