{"id":9831,"date":"2020-10-22T06:52:59","date_gmt":"2020-10-22T04:52:59","guid":{"rendered":"http:\/\/dev.nutralie.com\/probiplus\/"},"modified":"2026-02-04T12:17:23","modified_gmt":"2026-02-04T10:17:23","slug":"biprotics","status":"publish","type":"product","link":"https:\/\/dev.nutralie.com\/de\/biprotics\/","title":{"rendered":"BIPROTICS COMPLEX"},"content":{"rendered":"","protected":false},"excerpt":{"rendered":"<p>Biprotics Complex von Nutralie ist ein nat\u00fcrliches Nahrungserg\u00e4nzungsmittel mit einer Kombination aus 10 St\u00e4mmen. Diese Kombination liefert garantiert 50 Milliarden CFU w\u00e4hrend der gesamten Haltbarkeitsdauer des Produkts. Biprotics Complex enth\u00e4lt St\u00e4mme, die zur Gruppe der Laktobazillen und Bifidobakterien geh\u00f6ren.<\/p>\n<p><strong>KAPSELN<\/strong><\/p>\n<p>Biprotics Complex wird in einer Packung mit 60 Kapseln angeboten.<\/p>\n","protected":false},"featured_media":202788,"template":"","meta":{"_acf_changed":false},"product_brand":[],"product_cat":[168],"product_tag":[],"referencias":[2427],"beneficio":[],"class_list":{"0":"post-9831","1":"product","2":"type-product","3":"status-publish","4":"has-post-thumbnail","6":"product_cat-immunabwehr","8":"first","9":"instock","10":"taxable","11":"shipping-taxable","12":"purchasable","13":"product-type-simple"},"bundled_by":[],"bundle_stock_status":"instock","bundle_stock_quantity":null,"bundle_virtual":false,"bundle_layout":"","bundle_add_to_cart_form_location":"","bundle_editable_in_cart":false,"bundle_sold_individually_context":"","bundle_item_grouping":"","bundle_min_size":"","bundle_max_size":"","bundle_price":[],"bundled_items":[],"bundle_sell_ids":[],"acf":[],"yoast_head":"<!-- This site is optimized with the Yoast SEO plugin v27.3 - https:\/\/yoast.com\/product\/yoast-seo-wordpress\/ -->\n<title>Biprotics Complex | 60 Kapseln \u25b6\ufe0f Kostenloser Versand ab 50 \u20ac<\/title>\n<meta name=\"description\" content=\"Biprotics Complex | Nahrungserg\u00e4nzungsmittel mit einer Kombination aus 10 St\u00e4mmen. Complex-Formel | Nutralie\" \/>\n<meta name=\"robots\" content=\"noindex, follow, max-snippet:-1, max-image-preview:large, max-video-preview:-1\" \/>\n<meta property=\"og:locale\" content=\"de_DE\" \/>\n<meta property=\"og:type\" content=\"article\" \/>\n<meta property=\"og:title\" content=\"Biprotics Complex | 60 Kapseln \u25b6\ufe0f Kostenloser Versand ab 50 \u20ac\" \/>\n<meta property=\"og:description\" content=\"Biprotics Complex | Nahrungserg\u00e4nzungsmittel mit einer Kombination aus 10 St\u00e4mmen. Complex-Formel | Nutralie\" \/>\n<meta property=\"og:url\" content=\"https:\/\/dev.nutralie.com\/de\/biprotics\/\" \/>\n<meta property=\"og:site_name\" content=\"Nutralie\" \/>\n<meta property=\"article:modified_time\" content=\"2026-02-04T10:17:23+00:00\" \/>\n<meta property=\"og:image\" content=\"https:\/\/dev.nutralie.com\/wp-content\/uploads\/2020\/10\/001_Nutralie_Amazon_2025_ImagenesLaterales_PropuestaVisual_Biprotics_2000x2000_mockup_EN.jpg\" \/>\n\t<meta property=\"og:image:width\" content=\"2000\" \/>\n\t<meta property=\"og:image:height\" content=\"2000\" \/>\n\t<meta property=\"og:image:type\" content=\"image\/jpeg\" \/>\n<meta name=\"twitter:card\" content=\"summary_large_image\" \/>\n<meta name=\"twitter:label1\" content=\"Gesch\u00e4tzte Lesezeit\" \/>\n\t<meta name=\"twitter:data1\" content=\"1\u00a0Minute\" \/>\n<script type=\"application\/ld+json\" class=\"yoast-schema-graph\">{\"@context\":\"https:\\\/\\\/schema.org\",\"@graph\":[{\"@type\":\"WebPage\",\"@id\":\"https:\\\/\\\/dev.nutralie.com\\\/de\\\/biprotics\\\/\",\"url\":\"https:\\\/\\\/dev.nutralie.com\\\/de\\\/biprotics\\\/\",\"name\":\"Biprotics Complex | 60 Kapseln \u25b6\ufe0f Kostenloser Versand ab 50 \u20ac\",\"isPartOf\":{\"@id\":\"https:\\\/\\\/dev.nutralie.com\\\/de\\\/#website\"},\"primaryImageOfPage\":{\"@id\":\"https:\\\/\\\/dev.nutralie.com\\\/de\\\/biprotics\\\/#primaryimage\"},\"image\":{\"@id\":\"https:\\\/\\\/dev.nutralie.com\\\/de\\\/biprotics\\\/#primaryimage\"},\"thumbnailUrl\":\"https:\\\/\\\/dev.nutralie.com\\\/wp-content\\\/uploads\\\/2020\\\/10\\\/001_Nutralie_Amazon_2025_ImagenesLaterales_PropuestaVisual_Biprotics_2000x2000_mockup_EN.jpg\",\"datePublished\":\"2020-10-22T04:52:59+00:00\",\"dateModified\":\"2026-02-04T10:17:23+00:00\",\"description\":\"Biprotics Complex | Nahrungserg\u00e4nzungsmittel mit einer Kombination aus 10 St\u00e4mmen. Complex-Formel | Nutralie\",\"breadcrumb\":{\"@id\":\"https:\\\/\\\/dev.nutralie.com\\\/de\\\/biprotics\\\/#breadcrumb\"},\"inLanguage\":\"de\",\"potentialAction\":[{\"@type\":\"ReadAction\",\"target\":[\"https:\\\/\\\/dev.nutralie.com\\\/de\\\/biprotics\\\/\"]}]},{\"@type\":\"ImageObject\",\"inLanguage\":\"de\",\"@id\":\"https:\\\/\\\/dev.nutralie.com\\\/de\\\/biprotics\\\/#primaryimage\",\"url\":\"https:\\\/\\\/dev.nutralie.com\\\/wp-content\\\/uploads\\\/2020\\\/10\\\/001_Nutralie_Amazon_2025_ImagenesLaterales_PropuestaVisual_Biprotics_2000x2000_mockup_EN.jpg\",\"contentUrl\":\"https:\\\/\\\/dev.nutralie.com\\\/wp-content\\\/uploads\\\/2020\\\/10\\\/001_Nutralie_Amazon_2025_ImagenesLaterales_PropuestaVisual_Biprotics_2000x2000_mockup_EN.jpg\",\"width\":2000,\"height\":2000},{\"@type\":\"BreadcrumbList\",\"@id\":\"https:\\\/\\\/dev.nutralie.com\\\/de\\\/biprotics\\\/#breadcrumb\",\"itemListElement\":[{\"@type\":\"ListItem\",\"position\":1,\"name\":\"Home\",\"item\":\"https:\\\/\\\/dev.nutralie.com\\\/de\\\/\"},{\"@type\":\"ListItem\",\"position\":2,\"name\":\"Produkte\",\"item\":\"https:\\\/\\\/dev.nutralie.com\\\/de\\\/shop\\\/\"},{\"@type\":\"ListItem\",\"position\":3,\"name\":\"BIPROTICS COMPLEX\"}]},{\"@type\":\"WebSite\",\"@id\":\"https:\\\/\\\/dev.nutralie.com\\\/de\\\/#website\",\"url\":\"https:\\\/\\\/dev.nutralie.com\\\/de\\\/\",\"name\":\"Nutralie\",\"description\":\"\",\"potentialAction\":[{\"@type\":\"SearchAction\",\"target\":{\"@type\":\"EntryPoint\",\"urlTemplate\":\"https:\\\/\\\/dev.nutralie.com\\\/de\\\/?s={search_term_string}\"},\"query-input\":{\"@type\":\"PropertyValueSpecification\",\"valueRequired\":true,\"valueName\":\"search_term_string\"}}],\"inLanguage\":\"de\"}]}<\/script>\n<!-- \/ Yoast SEO plugin. -->","yoast_head_json":{"title":"Biprotics Complex | 60 Kapseln \u25b6\ufe0f Kostenloser Versand ab 50 \u20ac","description":"Biprotics Complex | Nahrungserg\u00e4nzungsmittel mit einer Kombination aus 10 St\u00e4mmen. Complex-Formel | Nutralie","robots":{"index":"noindex","follow":"follow","max-snippet":"max-snippet:-1","max-image-preview":"max-image-preview:large","max-video-preview":"max-video-preview:-1"},"og_locale":"de_DE","og_type":"article","og_title":"Biprotics Complex | 60 Kapseln \u25b6\ufe0f Kostenloser Versand ab 50 \u20ac","og_description":"Biprotics Complex | Nahrungserg\u00e4nzungsmittel mit einer Kombination aus 10 St\u00e4mmen. Complex-Formel | Nutralie","og_url":"https:\/\/dev.nutralie.com\/de\/biprotics\/","og_site_name":"Nutralie","article_modified_time":"2026-02-04T10:17:23+00:00","og_image":[{"width":2000,"height":2000,"url":"https:\/\/dev.nutralie.com\/wp-content\/uploads\/2020\/10\/001_Nutralie_Amazon_2025_ImagenesLaterales_PropuestaVisual_Biprotics_2000x2000_mockup_EN.jpg","type":"image\/jpeg"}],"twitter_card":"summary_large_image","twitter_misc":{"Gesch\u00e4tzte Lesezeit":"1\u00a0Minute"},"schema":{"@context":"https:\/\/schema.org","@graph":[{"@type":"WebPage","@id":"https:\/\/dev.nutralie.com\/de\/biprotics\/","url":"https:\/\/dev.nutralie.com\/de\/biprotics\/","name":"Biprotics Complex | 60 Kapseln \u25b6\ufe0f Kostenloser Versand ab 50 \u20ac","isPartOf":{"@id":"https:\/\/dev.nutralie.com\/de\/#website"},"primaryImageOfPage":{"@id":"https:\/\/dev.nutralie.com\/de\/biprotics\/#primaryimage"},"image":{"@id":"https:\/\/dev.nutralie.com\/de\/biprotics\/#primaryimage"},"thumbnailUrl":"https:\/\/dev.nutralie.com\/wp-content\/uploads\/2020\/10\/001_Nutralie_Amazon_2025_ImagenesLaterales_PropuestaVisual_Biprotics_2000x2000_mockup_EN.jpg","datePublished":"2020-10-22T04:52:59+00:00","dateModified":"2026-02-04T10:17:23+00:00","description":"Biprotics Complex | Nahrungserg\u00e4nzungsmittel mit einer Kombination aus 10 St\u00e4mmen. Complex-Formel | Nutralie","breadcrumb":{"@id":"https:\/\/dev.nutralie.com\/de\/biprotics\/#breadcrumb"},"inLanguage":"de","potentialAction":[{"@type":"ReadAction","target":["https:\/\/dev.nutralie.com\/de\/biprotics\/"]}]},{"@type":"ImageObject","inLanguage":"de","@id":"https:\/\/dev.nutralie.com\/de\/biprotics\/#primaryimage","url":"https:\/\/dev.nutralie.com\/wp-content\/uploads\/2020\/10\/001_Nutralie_Amazon_2025_ImagenesLaterales_PropuestaVisual_Biprotics_2000x2000_mockup_EN.jpg","contentUrl":"https:\/\/dev.nutralie.com\/wp-content\/uploads\/2020\/10\/001_Nutralie_Amazon_2025_ImagenesLaterales_PropuestaVisual_Biprotics_2000x2000_mockup_EN.jpg","width":2000,"height":2000},{"@type":"BreadcrumbList","@id":"https:\/\/dev.nutralie.com\/de\/biprotics\/#breadcrumb","itemListElement":[{"@type":"ListItem","position":1,"name":"Home","item":"https:\/\/dev.nutralie.com\/de\/"},{"@type":"ListItem","position":2,"name":"Produkte","item":"https:\/\/dev.nutralie.com\/de\/shop\/"},{"@type":"ListItem","position":3,"name":"BIPROTICS COMPLEX"}]},{"@type":"WebSite","@id":"https:\/\/dev.nutralie.com\/de\/#website","url":"https:\/\/dev.nutralie.com\/de\/","name":"Nutralie","description":"","potentialAction":[{"@type":"SearchAction","target":{"@type":"EntryPoint","urlTemplate":"https:\/\/dev.nutralie.com\/de\/?s={search_term_string}"},"query-input":{"@type":"PropertyValueSpecification","valueRequired":true,"valueName":"search_term_string"}}],"inLanguage":"de"}]}},"_links":{"self":[{"href":"https:\/\/dev.nutralie.com\/de\/wp-json\/wp\/v2\/product\/9831","targetHints":{"allow":["GET"]}}],"collection":[{"href":"https:\/\/dev.nutralie.com\/de\/wp-json\/wp\/v2\/product"}],"about":[{"href":"https:\/\/dev.nutralie.com\/de\/wp-json\/wp\/v2\/types\/product"}],"wp:featuredmedia":[{"embeddable":true,"href":"https:\/\/dev.nutralie.com\/de\/wp-json\/wp\/v2\/media\/202788"}],"wp:attachment":[{"href":"https:\/\/dev.nutralie.com\/de\/wp-json\/wp\/v2\/media?parent=9831"}],"wp:term":[{"taxonomy":"product_brand","embeddable":true,"href":"https:\/\/dev.nutralie.com\/de\/wp-json\/wp\/v2\/product_brand?post=9831"},{"taxonomy":"product_cat","embeddable":true,"href":"https:\/\/dev.nutralie.com\/de\/wp-json\/wp\/v2\/product_cat?post=9831"},{"taxonomy":"product_tag","embeddable":true,"href":"https:\/\/dev.nutralie.com\/de\/wp-json\/wp\/v2\/product_tag?post=9831"},{"taxonomy":"referencias","embeddable":true,"href":"https:\/\/dev.nutralie.com\/de\/wp-json\/wp\/v2\/referencias?post=9831"},{"taxonomy":"beneficio","embeddable":true,"href":"https:\/\/dev.nutralie.com\/de\/wp-json\/wp\/v2\/beneficio?post=9831"}],"curies":[{"name":"wp","href":"https:\/\/api.w.org\/{rel}","templated":true}]}}