{"id":9875,"date":"2020-10-20T09:44:42","date_gmt":"2020-10-20T07:44:42","guid":{"rendered":"http:\/\/dev.nutralie.com\/detox\/"},"modified":"2026-01-08T11:36:59","modified_gmt":"2026-01-08T09:36:59","slug":"detox","status":"publish","type":"product","link":"https:\/\/dev.nutralie.com\/de\/detox\/","title":{"rendered":"DETOX COMPLEX"},"content":{"rendered":"","protected":false},"excerpt":{"rendered":"<p>Unser Detox Complex besteht aus verschiedenen Pflanzen und Samen, darunter Artischocke und Schwarzer Rettich. Die nat\u00fcrliche Formel enth\u00e4lt au\u00dferdem Cholin sowie die Vitamine B1 (Thiamin) und B6. Letzteres tr\u00e4gt zu einem normalen Energiestoffwechsel bei.<\/p>\n<p><strong>KAPSELN<\/strong><\/p>\n<p>Der Detox Complex von Nutralie wird in einer Packung mit 90 Kapseln geliefert.<\/p>\n","protected":false},"featured_media":204912,"template":"","meta":{"_acf_changed":false},"product_brand":[],"product_cat":[163],"product_tag":[],"referencias":[2441],"beneficio":[],"class_list":{"0":"post-9875","1":"product","2":"type-product","3":"status-publish","4":"has-post-thumbnail","6":"product_cat-gewichtskontrolle","8":"first","9":"instock","10":"taxable","11":"shipping-taxable","12":"purchasable","13":"product-type-simple"},"bundled_by":["137694"],"bundle_stock_status":"instock","bundle_stock_quantity":null,"bundle_virtual":false,"bundle_layout":"","bundle_add_to_cart_form_location":"","bundle_editable_in_cart":false,"bundle_sold_individually_context":"","bundle_item_grouping":"","bundle_min_size":"","bundle_max_size":"","bundle_price":[],"bundled_items":[],"bundle_sell_ids":[],"acf":[],"yoast_head":"<!-- This site is optimized with the Yoast SEO plugin v27.3 - https:\/\/yoast.com\/product\/yoast-seo-wordpress\/ -->\n<title>Detox Complex | 120 Kapseln \u25b6\ufe0f Versandkostenfrei ab 50 \u20ac<\/title>\n<meta name=\"description\" content=\"Detox-Komplex | Artischocke, schwarzer Rettich, Mariendistel und Vitaminpr\u00e4parat. Komplexformel | Nutralie\" \/>\n<meta name=\"robots\" content=\"noindex, follow, max-snippet:-1, max-image-preview:large, max-video-preview:-1\" \/>\n<meta property=\"og:locale\" content=\"de_DE\" \/>\n<meta property=\"og:type\" content=\"article\" \/>\n<meta property=\"og:title\" content=\"Detox Complex | 120 Kapseln \u25b6\ufe0f Versandkostenfrei ab 50 \u20ac\" \/>\n<meta property=\"og:description\" content=\"Detox-Komplex | Artischocke, schwarzer Rettich, Mariendistel und Vitaminpr\u00e4parat. Komplexformel | Nutralie\" \/>\n<meta property=\"og:url\" content=\"https:\/\/dev.nutralie.com\/de\/detox\/\" \/>\n<meta property=\"og:site_name\" content=\"Nutralie\" \/>\n<meta property=\"article:modified_time\" content=\"2026-01-08T09:36:59+00:00\" \/>\n<meta property=\"og:image\" content=\"https:\/\/dev.nutralie.com\/wp-content\/uploads\/2025\/08\/002_Nutralie_Amazon_2025_ImagenesLaterales_PropuestaVisual_Detox_2000x2000_mockup_EN-3.jpg\" \/>\n\t<meta property=\"og:image:width\" content=\"2000\" \/>\n\t<meta property=\"og:image:height\" content=\"2000\" \/>\n\t<meta property=\"og:image:type\" content=\"image\/jpeg\" \/>\n<meta name=\"twitter:card\" content=\"summary_large_image\" \/>\n<meta name=\"twitter:label1\" content=\"Gesch\u00e4tzte Lesezeit\" \/>\n\t<meta name=\"twitter:data1\" content=\"1\u00a0Minute\" \/>\n<script type=\"application\/ld+json\" class=\"yoast-schema-graph\">{\"@context\":\"https:\\\/\\\/schema.org\",\"@graph\":[{\"@type\":\"WebPage\",\"@id\":\"https:\\\/\\\/dev.nutralie.com\\\/de\\\/detox\\\/\",\"url\":\"https:\\\/\\\/dev.nutralie.com\\\/de\\\/detox\\\/\",\"name\":\"Detox Complex | 120 Kapseln \u25b6\ufe0f Versandkostenfrei ab 50 \u20ac\",\"isPartOf\":{\"@id\":\"https:\\\/\\\/dev.nutralie.com\\\/de\\\/#website\"},\"primaryImageOfPage\":{\"@id\":\"https:\\\/\\\/dev.nutralie.com\\\/de\\\/detox\\\/#primaryimage\"},\"image\":{\"@id\":\"https:\\\/\\\/dev.nutralie.com\\\/de\\\/detox\\\/#primaryimage\"},\"thumbnailUrl\":\"https:\\\/\\\/dev.nutralie.com\\\/wp-content\\\/uploads\\\/2025\\\/08\\\/002_Nutralie_Amazon_2025_ImagenesLaterales_PropuestaVisual_Detox_2000x2000_mockup_EN-3.jpg\",\"datePublished\":\"2020-10-20T07:44:42+00:00\",\"dateModified\":\"2026-01-08T09:36:59+00:00\",\"description\":\"Detox-Komplex | Artischocke, schwarzer Rettich, Mariendistel und Vitaminpr\u00e4parat. Komplexformel | Nutralie\",\"breadcrumb\":{\"@id\":\"https:\\\/\\\/dev.nutralie.com\\\/de\\\/detox\\\/#breadcrumb\"},\"inLanguage\":\"de\",\"potentialAction\":[{\"@type\":\"ReadAction\",\"target\":[\"https:\\\/\\\/dev.nutralie.com\\\/de\\\/detox\\\/\"]}]},{\"@type\":\"ImageObject\",\"inLanguage\":\"de\",\"@id\":\"https:\\\/\\\/dev.nutralie.com\\\/de\\\/detox\\\/#primaryimage\",\"url\":\"https:\\\/\\\/dev.nutralie.com\\\/wp-content\\\/uploads\\\/2025\\\/08\\\/002_Nutralie_Amazon_2025_ImagenesLaterales_PropuestaVisual_Detox_2000x2000_mockup_EN-3.jpg\",\"contentUrl\":\"https:\\\/\\\/dev.nutralie.com\\\/wp-content\\\/uploads\\\/2025\\\/08\\\/002_Nutralie_Amazon_2025_ImagenesLaterales_PropuestaVisual_Detox_2000x2000_mockup_EN-3.jpg\",\"width\":2000,\"height\":2000},{\"@type\":\"BreadcrumbList\",\"@id\":\"https:\\\/\\\/dev.nutralie.com\\\/de\\\/detox\\\/#breadcrumb\",\"itemListElement\":[{\"@type\":\"ListItem\",\"position\":1,\"name\":\"Home\",\"item\":\"https:\\\/\\\/dev.nutralie.com\\\/de\\\/\"},{\"@type\":\"ListItem\",\"position\":2,\"name\":\"Produkte\",\"item\":\"https:\\\/\\\/dev.nutralie.com\\\/de\\\/shop\\\/\"},{\"@type\":\"ListItem\",\"position\":3,\"name\":\"DETOX COMPLEX\"}]},{\"@type\":\"WebSite\",\"@id\":\"https:\\\/\\\/dev.nutralie.com\\\/de\\\/#website\",\"url\":\"https:\\\/\\\/dev.nutralie.com\\\/de\\\/\",\"name\":\"Nutralie\",\"description\":\"\",\"potentialAction\":[{\"@type\":\"SearchAction\",\"target\":{\"@type\":\"EntryPoint\",\"urlTemplate\":\"https:\\\/\\\/dev.nutralie.com\\\/de\\\/?s={search_term_string}\"},\"query-input\":{\"@type\":\"PropertyValueSpecification\",\"valueRequired\":true,\"valueName\":\"search_term_string\"}}],\"inLanguage\":\"de\"}]}<\/script>\n<!-- \/ Yoast SEO plugin. -->","yoast_head_json":{"title":"Detox Complex | 120 Kapseln \u25b6\ufe0f Versandkostenfrei ab 50 \u20ac","description":"Detox-Komplex | Artischocke, schwarzer Rettich, Mariendistel und Vitaminpr\u00e4parat. Komplexformel | Nutralie","robots":{"index":"noindex","follow":"follow","max-snippet":"max-snippet:-1","max-image-preview":"max-image-preview:large","max-video-preview":"max-video-preview:-1"},"og_locale":"de_DE","og_type":"article","og_title":"Detox Complex | 120 Kapseln \u25b6\ufe0f Versandkostenfrei ab 50 \u20ac","og_description":"Detox-Komplex | Artischocke, schwarzer Rettich, Mariendistel und Vitaminpr\u00e4parat. Komplexformel | Nutralie","og_url":"https:\/\/dev.nutralie.com\/de\/detox\/","og_site_name":"Nutralie","article_modified_time":"2026-01-08T09:36:59+00:00","og_image":[{"width":2000,"height":2000,"url":"https:\/\/dev.nutralie.com\/wp-content\/uploads\/2025\/08\/002_Nutralie_Amazon_2025_ImagenesLaterales_PropuestaVisual_Detox_2000x2000_mockup_EN-3.jpg","type":"image\/jpeg"}],"twitter_card":"summary_large_image","twitter_misc":{"Gesch\u00e4tzte Lesezeit":"1\u00a0Minute"},"schema":{"@context":"https:\/\/schema.org","@graph":[{"@type":"WebPage","@id":"https:\/\/dev.nutralie.com\/de\/detox\/","url":"https:\/\/dev.nutralie.com\/de\/detox\/","name":"Detox Complex | 120 Kapseln \u25b6\ufe0f Versandkostenfrei ab 50 \u20ac","isPartOf":{"@id":"https:\/\/dev.nutralie.com\/de\/#website"},"primaryImageOfPage":{"@id":"https:\/\/dev.nutralie.com\/de\/detox\/#primaryimage"},"image":{"@id":"https:\/\/dev.nutralie.com\/de\/detox\/#primaryimage"},"thumbnailUrl":"https:\/\/dev.nutralie.com\/wp-content\/uploads\/2025\/08\/002_Nutralie_Amazon_2025_ImagenesLaterales_PropuestaVisual_Detox_2000x2000_mockup_EN-3.jpg","datePublished":"2020-10-20T07:44:42+00:00","dateModified":"2026-01-08T09:36:59+00:00","description":"Detox-Komplex | Artischocke, schwarzer Rettich, Mariendistel und Vitaminpr\u00e4parat. Komplexformel | Nutralie","breadcrumb":{"@id":"https:\/\/dev.nutralie.com\/de\/detox\/#breadcrumb"},"inLanguage":"de","potentialAction":[{"@type":"ReadAction","target":["https:\/\/dev.nutralie.com\/de\/detox\/"]}]},{"@type":"ImageObject","inLanguage":"de","@id":"https:\/\/dev.nutralie.com\/de\/detox\/#primaryimage","url":"https:\/\/dev.nutralie.com\/wp-content\/uploads\/2025\/08\/002_Nutralie_Amazon_2025_ImagenesLaterales_PropuestaVisual_Detox_2000x2000_mockup_EN-3.jpg","contentUrl":"https:\/\/dev.nutralie.com\/wp-content\/uploads\/2025\/08\/002_Nutralie_Amazon_2025_ImagenesLaterales_PropuestaVisual_Detox_2000x2000_mockup_EN-3.jpg","width":2000,"height":2000},{"@type":"BreadcrumbList","@id":"https:\/\/dev.nutralie.com\/de\/detox\/#breadcrumb","itemListElement":[{"@type":"ListItem","position":1,"name":"Home","item":"https:\/\/dev.nutralie.com\/de\/"},{"@type":"ListItem","position":2,"name":"Produkte","item":"https:\/\/dev.nutralie.com\/de\/shop\/"},{"@type":"ListItem","position":3,"name":"DETOX COMPLEX"}]},{"@type":"WebSite","@id":"https:\/\/dev.nutralie.com\/de\/#website","url":"https:\/\/dev.nutralie.com\/de\/","name":"Nutralie","description":"","potentialAction":[{"@type":"SearchAction","target":{"@type":"EntryPoint","urlTemplate":"https:\/\/dev.nutralie.com\/de\/?s={search_term_string}"},"query-input":{"@type":"PropertyValueSpecification","valueRequired":true,"valueName":"search_term_string"}}],"inLanguage":"de"}]}},"_links":{"self":[{"href":"https:\/\/dev.nutralie.com\/de\/wp-json\/wp\/v2\/product\/9875","targetHints":{"allow":["GET"]}}],"collection":[{"href":"https:\/\/dev.nutralie.com\/de\/wp-json\/wp\/v2\/product"}],"about":[{"href":"https:\/\/dev.nutralie.com\/de\/wp-json\/wp\/v2\/types\/product"}],"wp:featuredmedia":[{"embeddable":true,"href":"https:\/\/dev.nutralie.com\/de\/wp-json\/wp\/v2\/media\/204912"}],"wp:attachment":[{"href":"https:\/\/dev.nutralie.com\/de\/wp-json\/wp\/v2\/media?parent=9875"}],"wp:term":[{"taxonomy":"product_brand","embeddable":true,"href":"https:\/\/dev.nutralie.com\/de\/wp-json\/wp\/v2\/product_brand?post=9875"},{"taxonomy":"product_cat","embeddable":true,"href":"https:\/\/dev.nutralie.com\/de\/wp-json\/wp\/v2\/product_cat?post=9875"},{"taxonomy":"product_tag","embeddable":true,"href":"https:\/\/dev.nutralie.com\/de\/wp-json\/wp\/v2\/product_tag?post=9875"},{"taxonomy":"referencias","embeddable":true,"href":"https:\/\/dev.nutralie.com\/de\/wp-json\/wp\/v2\/referencias?post=9875"},{"taxonomy":"beneficio","embeddable":true,"href":"https:\/\/dev.nutralie.com\/de\/wp-json\/wp\/v2\/beneficio?post=9875"}],"curies":[{"name":"wp","href":"https:\/\/api.w.org\/{rel}","templated":true}]}}