{"id":15879,"date":"2021-03-12T12:42:43","date_gmt":"2021-03-12T12:42:43","guid":{"rendered":"http:\/\/dev.nutralie.com\/?page_id=15879"},"modified":"2026-01-28T11:41:48","modified_gmt":"2026-01-28T09:41:48","slug":"aviso-legal","status":"publish","type":"page","link":"https:\/\/dev.nutralie.com\/es\/aviso-legal\/","title":{"rendered":"AVISO LEGAL"},"content":{"rendered":"<div class=\"wpb-content-wrapper\"><p>[vc_row][vc_column]<div class=\"ult-spacer spacer-69e2d133e33db\" data-id=\"69e2d133e33db\" data-height=\"80\" data-height-mobile=\"55\" data-height-tab=\"\" data-height-tab-portrait=\"\" data-height-mobile-landscape=\"55\" style=\"clear:both;display:block;\"><\/div><h2 class=\"titulo-dos-colores title-1\" style=\"text-align:center !important;\"><span class=\"titulo-negro\">Aviso<\/span> <span class=\"titulo-morado\">legal<\/span><\/h2><style>\r\n                .titulo-dos-colores .titulo-negro {\r\n                    color: #000000;\r\n                }\r\n                .titulo-dos-colores .titulo-morado {\r\n                    color: #AAA5FF;\r\n                }\r\n            <\/style><div class=\"ult-spacer spacer-69e2d133e34f9\" data-id=\"69e2d133e34f9\" data-height=\"55\" data-height-mobile=\"25\" data-height-tab=\"\" data-height-tab-portrait=\"\" data-height-mobile-landscape=\"25\" style=\"clear:both;display:block;\"><\/div>[\/vc_column][\/vc_row][vc_row el_class=\u00bbsection-aviso-legal\u00bb][vc_column][vc_column_text css=\u00bb\u00bb]<span style=\"font-weight: 400;\">En cumplimiento de lo dispuesto en el art\u00edculo 10 de la Ley 34\/2002,\u00a0 de 11 de julio, de servicios de la sociedad de la informaci\u00f3n y de comercio electr\u00f3nico, y en el art\u00edculo 5 de la Directiva 2000\/31\/CE, le informamos de los siguientes datos:<\/span><\/p>\n<p><span style=\"font-weight: 400;\"><strong>Nombre de dominio<\/strong>:\u00a0<\/span><a href=\"http:\/\/dev.nutralie.com\/\"><span style=\"font-weight: 400;\">www.nutralie.com<\/span><span style=\"font-weight: 400;\"><br \/>\n<\/span><\/a><span style=\"font-weight: 400;\"><strong>Nombre comercial:<\/strong> Nutralie <\/span><span style=\"font-weight: 400;\"><br \/>\n<\/span><span style=\"font-weight: 400;\"><strong>Denominaci\u00f3n social:<\/strong> NUTRIEXPERTS, SL<\/span><span style=\"font-weight: 400;\"><br \/>\n<\/span><span style=\"font-weight: 400;\"><strong>NIF<\/strong>: B06770051<\/span><span style=\"font-weight: 400;\"><br \/>\n<\/span><span style=\"font-weight: 400;\"><strong>Domicilio social:<\/strong> C\/ Vallespir, 19 Planta 3 Oficina 5 08173 Sant Cugat del Vall\u00e8s-Barcelona<\/span><span style=\"font-weight: 400;\"><br \/>\n<\/span><span style=\"font-weight: 400;\"><strong>E-mail<\/strong>:\u00a0<\/span><a href=\"mailto:info@dev.nutralie.com\"><span style=\"font-weight: 400;\">info@dev.nutralie.com<\/span><span style=\"font-weight: 400;\"><br \/>\n<\/span><\/a><span style=\"font-weight: 400;\">Inscrita en el Registro Mercantil de Barcelona, Tomo 39904, Folio, Secci\u00f3n 113, Hoja B-356186.<\/span><\/p>\n<p>&nbsp;<\/p>\n<p class=\"title-2-aviso-legal\"><b>Condiciones <span style=\"color: #aaa5ff !important;\">de uso<\/span><\/b><\/p>\n<p><span style=\"font-weight: 400;\">Con la utilizaci\u00f3n de la web, el usuario acepta quedar vinculado a las presentes condiciones de uso.\u00a0<\/span><\/p>\n<p><span style=\"font-weight: 400;\">Las condiciones generales de uso de Nutriexperts SL, a partir de ahora el Responsable, regulan el acceso y la utilizaci\u00f3n de la web.<\/span><\/p>\n<p><span style=\"font-weight: 400;\">La web se reserva el derecho a suspender o poner fin, en cualquier momento y sin previo aviso, a todos o parte de los servicios ofrecidos en la presente p\u00e1gina web.<\/span><\/p>\n<p>&nbsp;<\/p>\n<p><b>1- Limitaciones de uso de los usuarios de la web<\/b><\/p>\n<p><span style=\"font-weight: 400;\">Se proh\u00edbe expresamente a los usuarios de la web que no est\u00e9n autorizados expresamente por el RESPONSABLE a copiar, distribuir (incluyendo correos electr\u00f3nicos e Internet), transmitir, comunicar, modificar, alterar, transformar, ceder o, en cualquier otra forma actividades il\u00edcitas que menoscaben el uso de la web o de los contenidos o elementos que lo integran, en cualquiera de sus formas.\u00a0 Los usuarios que realicen un uso inadecuado de la web, infringieran las Condiciones de Uso, o vulneraran los sistemas de seguridad de la web ser\u00e1n los responsable de resarcir los da\u00f1os y perjuicios que se generen con dichas actuaciones.<\/span><\/p>\n<p><span style=\"font-weight: 400;\">El usuario se obliga a indemnizar a los titulares de la web respecto a cualquier p\u00e9rdida, da\u00f1o o gasto que pueda sufrir en relaci\u00f3n con la utilizaci\u00f3n o abuso de la web por el usuario con alguna finalidad il\u00edcita o prohibida, con arreglo a lo establecido en las presentes condiciones.<\/span><\/p>\n<p>&nbsp;<\/p>\n<p><b>2- Exenci\u00f3n de responsabilidad del titular de la web<\/b><\/p>\n<p><span style=\"font-weight: 400;\">El titular de la web no ser\u00e1, en ning\u00fan momento y bajo ninguna circunstancia especial temporal o geogr\u00e1fica responsable de las siguientes actuaciones que se exponen a continuaci\u00f3n:<\/span><\/p>\n<ul>\n<li style=\"font-weight: 400;\" aria-level=\"1\"><span style=\"font-weight: 400;\">De un funcionamiento defectuoso o con deficiencias t\u00e9cnicas de la web, si se deriva de labores t\u00e9cnicas necesarias para producir en la web un completo y correcto funcionamiento. Se incluye cualquier actuaci\u00f3n necesaria para comprobaciones de funcionamiento, rendimiento, seguridad y cualquier otra actuaci\u00f3n derivada de un uso de la p\u00e1gina web.<\/span><\/li>\n<li style=\"font-weight: 400;\" aria-level=\"1\"><span style=\"font-weight: 400;\">De los posibles errores de seguridad que puedan producir los virus, archivos, programas y\/o dem\u00e1s componentes da\u00f1inos en la web o en el servidor.\u00a0<\/span><\/li>\n<li style=\"font-weight: 400;\" aria-level=\"1\"><span style=\"font-weight: 400;\">De los da\u00f1os que se generen al usuario o a un tercero en caso de imposibilidad de prestar el servicio en los supuestos de caso fortuito, fuerza mayor, u otras causas no imputables a los titulares de la web.<\/span><\/li>\n<li style=\"font-weight: 400;\" aria-level=\"1\"><span style=\"font-weight: 400;\">De la informaci\u00f3n publicada en la web, blogs, redes sociales y otros medios, siempre que esta informaci\u00f3n haya sido manipulada o introducida por un tercero no autorizado.<\/span><\/li>\n<li style=\"font-weight: 400;\" aria-level=\"1\"><span style=\"font-weight: 400;\">De los enlaces a otros sitios webs no gestionados por el RESPONSABLE que puedan contenerse en la p\u00e1gina web.<\/span><\/li>\n<\/ul>\n<p>&nbsp;<\/p>\n<p><b>3- Enlaces<\/b><\/p>\n<p><span style=\"font-weight: 400;\">Se informa que la web del RESPONSABLE puede contener v\u00ednculos o enlaces\u00a0 a otros sitios web no gestionados por el RESPONSABLE que se ofrecer\u00e1n \u00fanicamente a modo de referencias informativas, cuya finalidad es facilitar otros contenidos que se consideran de inter\u00e9s. De igual manera, el RESPONSABLE, manifiesta que no ejerce control alguno sobre dichos portales o sitios web, ni es responsable del contenido de estos.<\/span><\/p>\n<p><span style=\"font-weight: 400;\">El RESPONSABLE no asume ning\u00fan tipo de responsabilidad directa ni indirecta en relaci\u00f3n con la licitud, veracidad, utilidad, calidad o fiabilidad de los contenidos que no est\u00e9n directamente gestionados o controlados por \u00e9stos, aunque puedan ser accesibles a trav\u00e9s de la web.<\/span><\/p>\n<p>&nbsp;<\/p>\n<p><b>4- Propiedad intelectual e industrial<\/b><\/p>\n<p><span style=\"font-weight: 400;\">El RESPONSABLE se reserva los derechos de propiedad intelectual de la web en cuanto a aquellos elementos que conforman la apariencia visual, imagen gr\u00e1fica, su c\u00f3digo fuente, dise\u00f1o, estructuras de navegaci\u00f3n y los distintos elementos en ella contenidos como publicaciones, informaciones, gr\u00e1ficos, dibujos, fotograf\u00edas, grabaciones, as\u00ed como la tecnolog\u00eda, <\/span><i><span style=\"font-weight: 400;\">know how<\/span><\/i><span style=\"font-weight: 400;\">, marcas, signos distintivos y logos. Los contenidos propios y las obras reproducidas en esta web son propiedad del RESPONSABLE y por tanto est\u00e1n protegidas por la normativa de propiedad intelectual e industrial.<\/span><\/p>\n<p><span style=\"font-weight: 400;\">Est\u00e1 prohibida la reproducci\u00f3n, transformaci\u00f3n, distribuci\u00f3n, comunicaci\u00f3n p\u00fablica, puesta a disposici\u00f3n del p\u00fablico y, en general, cualquier otra forma de explotaci\u00f3n, parcial o total de los elementos referidos en los apartados anteriores. Su publicaci\u00f3n en otras p\u00e1ginas web o en otros medios de comunicaci\u00f3n digitales o escritos, requiere el consentimiento expreso del titular de la web, y, en todo caso, aparecer\u00e1n con referencia expl\u00edcita a la titularidad de los derechos de propiedad intelectual.<\/span><\/p>\n<p>&nbsp;<\/p>\n<p><b>5- Cuenta de usuarios<\/b><\/p>\n<p><span style=\"font-weight: 400;\">Si se registra en el sitio web, acepta proporcionarnos informaci\u00f3n de registro precisa y completa, e informarnos inmediatamente de cualquier actualizaci\u00f3n u otros cambios a dicha informaci\u00f3n.<br \/>\n<\/span><\/p>\n<p><span style=\"font-weight: 400;\">El usuario es el \u00fanico responsable de proteger la seguridad y confidencialidad de la contrase\u00f1a y la identificaci\u00f3n que se le asign\u00f3. Deber\u00e1 notificarnos inmediatamente de cualquier uso no autorizado de su contrase\u00f1a o identificaci\u00f3n o cualquier otra violaci\u00f3n o amenaza de violaci\u00f3n de la seguridad de este sitio.<\/span>[\/vc_column_text]<div class=\"ult-spacer spacer-69e2d133e357c\" data-id=\"69e2d133e357c\" data-height=\"80\" data-height-mobile=\"45\" data-height-tab=\"\" data-height-tab-portrait=\"\" data-height-mobile-landscape=\"45\" style=\"clear:both;display:block;\"><\/div>[\/vc_column][\/vc_row][vc_row][vc_column el_class=\u00bbsuscribete\u00bb]<div class=\"templatera_shortcode\"><div data-vc-full-width=\"true\" data-vc-full-width-init=\"false\" class=\"vc_row wpb_row vc_row-fluid newsletter-new-section vc_custom_1665733738560 vc_row-has-fill\" style=\"background-repeat: repeat\"><div class=\"wpb_column vc_column_container vc_col-sm-12\"><div class=\"vc_column-inner\"><div class=\"wpb_wrapper\"><div class=\"ult-spacer spacer-69e2d133e89b9\" data-id=\"69e2d133e89b9\" data-height=\"50\" data-height-mobile=\"50\" data-height-tab=\"50\" data-height-tab-portrait=\"\" data-height-mobile-landscape=\"\" style=\"clear:both;display:block;\"><\/div><div class=\"mkdf-row-grid-section-wrapper \" style=\"background-repeat: repeat\"><div class=\"mkdf-row-grid-section\"><div class=\"vc_row wpb_row vc_inner vc_row-fluid vc_row-o-content-top vc_row-flex\" ><div class=\"wpb_column vc_column_container vc_col-sm-6\"><div class=\"vc_column-inner\"><div class=\"wpb_wrapper\"><div  class=\"vc_wp_text wpb_content_element title-middle-30\"><div class=\"widget widget_text\">\t\t\t<div class=\"textwidget\"><\/p>\n<p style=\"color: white !important;\">SUBSCRIBE TO OUR NEWSLETTER TO GET A 10% DISCOUNT!<\/p>\n<p>\n<\/div>\n\t\t<\/div><\/div><div  class=\"vc_wp_text wpb_content_element p-new-category\"><div class=\"widget widget_text\">\t\t\t<div class=\"textwidget\"><\/p>\n<p style=\"color: white !important;\">And discover all the news<\/p>\n<p>\n<\/div>\n\t\t<\/div><\/div><\/div><\/div><\/div><div class=\"wpb_column vc_column_container vc_col-sm-6\"><div class=\"vc_column-inner\"><div class=\"wpb_wrapper\"><div  class=\"vc_wp_text wpb_content_element\"><div class=\"widget widget_text\">\t\t\t<div class=\"textwidget\"><div class=\"wpcf7 no-js\" id=\"wpcf7-f137787-o1\" lang=\"en-US\" dir=\"ltr\" data-wpcf7-id=\"137787\">\n<div class=\"screen-reader-response\">\n<p role=\"status\" aria-live=\"polite\" aria-atomic=\"true\">\n<ul><\/ul>\n<\/div>\n<form action=\"\/es\/wp-json\/wp\/v2\/pages\/15879#wpcf7-f137787-o1\" method=\"post\" class=\"wpcf7-form init\" aria-label=\"Contact form\" novalidate=\"novalidate\" data-status=\"init\">\n<fieldset class=\"hidden-fields-container\"><input type=\"hidden\" name=\"_wpcf7\" value=\"137787\" \/><input type=\"hidden\" name=\"_wpcf7_version\" value=\"6.1.5\" \/><input type=\"hidden\" name=\"_wpcf7_locale\" value=\"en_US\" \/><input type=\"hidden\" name=\"_wpcf7_unit_tag\" value=\"wpcf7-f137787-o1\" \/><input type=\"hidden\" name=\"_wpcf7_container_post\" value=\"0\" \/><input type=\"hidden\" name=\"_wpcf7_posted_data_hash\" value=\"\" \/><input type=\"hidden\" name=\"_wpcf7_recaptcha_response\" value=\"\" \/><br \/>\n<\/fieldset>\n<div class=\"form-unete-nuestra-newsletter\">\n<p><span class=\"wpcf7-form-control-wrap\" data-name=\"your-email\"><input size=\"40\" maxlength=\"400\" class=\"wpcf7-form-control wpcf7-email wpcf7-validates-as-required wpcf7-text wpcf7-validates-as-email\" aria-required=\"true\" aria-invalid=\"false\" placeholder=\"Enter your email address to receive the newsletter\" value=\"\" type=\"email\" name=\"your-email\" \/><\/span><button class=\"wpcf7-form-control wpcf7-submit mkdf-btn mkdf-btn-medium mkdf-btn-solid\" type=\"submit\"><span class=\"mkdf-btn-text\">SUBSCRIBE<\/span><\/button>\n\t<\/p>\n<\/div>\n<p><span class=\"wpcf7-form-control-wrap\" data-name=\"website\"><input size=\"40\" maxlength=\"400\" class=\"wpcf7-form-control wpcf7-text hp-field\" tabindex=\"-1\" autocomplete=\"off\" aria-invalid=\"false\" value=\"\" type=\"text\" name=\"website\" \/><\/span><br \/>\n<span class=\"wpcf7-form-control-wrap\" data-name=\"form_time\"><input size=\"40\" maxlength=\"400\" class=\"wpcf7-form-control wpcf7-text display-none\" aria-invalid=\"false\" value=\"\" type=\"text\" name=\"form_time\" \/><\/span><br \/>\n<span class=\"wpcf7-form-control-wrap\" data-name=\"info_extra_web\"><input size=\"40\" maxlength=\"400\" class=\"wpcf7-form-control wpcf7-text display-none\" aria-invalid=\"false\" value=\"\" type=\"text\" name=\"info_extra_web\" \/><\/span>\n<\/p>\n<div class=\"suscribirse-newsletter-aceptacion\">\n<p><label><span class=\"wpcf7-form-control-wrap\" data-name=\"mailjet-aceptacion\"><span class=\"wpcf7-form-control wpcf7-acceptance\"><span class=\"wpcf7-list-item\"><input type=\"checkbox\" name=\"mailjet-aceptacion\" value=\"1\" aria-invalid=\"false\" \/><\/span><\/span><\/span>I declare that I have read and accepted the conditions of the <a href=\"http:\/\/dev.nutralie.com\/privacy-policy\/\" target=\"_blank\">Legal Notice and Privacy Policy<\/a>.<\/label>\n\t<\/p>\n<\/div>\n<div class=\"display-none\">\n<p><span class=\"wpcf7-form-control-wrap\" data-name=\"origen-formulario\"><textarea cols=\"40\" rows=\"10\" maxlength=\"2000\" class=\"wpcf7-form-control wpcf7-textarea\" aria-invalid=\"false\" name=\"origen-formulario\">Bloque NL - EN<\/textarea><\/span><br \/>\n\t<input class=\"wpcf7-form-control wpcf7-hidden\" id=\"country-code\" value=\"\" type=\"hidden\" name=\"country-code\" \/>\n\t<\/p>\n<\/div>\n<p><input type='hidden' class='wpcf7-pum' value='{\"closepopup\":false,\"closedelay\":0,\"openpopup\":false,\"openpopup_id\":0}' \/><\/p>\n<div class=\"wpcf7-response-output\" aria-hidden=\"true\"><\/div>\n<\/form>\n<\/div>\n<\/div>\n\t\t<\/div><\/div><\/div><\/div><\/div><\/div><\/div><\/div><div class=\"ult-spacer spacer-69e2d1342f13f\" data-id=\"69e2d1342f13f\" data-height=\"50\" data-height-mobile=\"50\" data-height-tab=\"50\" data-height-tab-portrait=\"\" data-height-mobile-landscape=\"\" style=\"clear:both;display:block;\"><\/div><\/div><\/div><\/div><\/div><div class=\"vc_row-full-width vc_clearfix\"><\/div>\r\n<\/div>[\/vc_column][\/vc_row]<\/p>\n<\/div>","protected":false},"excerpt":{"rendered":"SUBSCRIBE TO OUR NEWSLETTER TO GET A 10% DISCOUNT! And discover all the news SUBSCRIBE I declare that I have read and accepted the conditions of the Legal Notice and Privacy Policy. Bloque NL - EN","protected":false},"author":3,"featured_media":0,"parent":0,"menu_order":0,"comment_status":"closed","ping_status":"closed","template":"","meta":{"_acf_changed":false,"footnotes":""},"class_list":["post-15879","page","type-page","status-publish","hentry"],"acf":[],"yoast_head":"<!-- This site is optimized with the Yoast SEO plugin v27.3 - https:\/\/yoast.com\/product\/yoast-seo-wordpress\/ -->\n<title>Aviso Legal | Nutralie<\/title>\n<meta name=\"description\" content=\"Aviso legal de Nutralie\" \/>\n<meta name=\"robots\" content=\"noindex, follow, max-snippet:-1, max-image-preview:large, max-video-preview:-1\" \/>\n<meta property=\"og:locale\" content=\"es_ES\" \/>\n<meta property=\"og:type\" content=\"article\" \/>\n<meta property=\"og:title\" content=\"Aviso Legal | Nutralie\" \/>\n<meta property=\"og:description\" content=\"Aviso legal de Nutralie\" \/>\n<meta property=\"og:url\" content=\"https:\/\/dev.nutralie.com\/es\/aviso-legal\/\" \/>\n<meta property=\"og:site_name\" content=\"Nutralie\" \/>\n<meta property=\"article:modified_time\" content=\"2026-01-28T09:41:48+00:00\" \/>\n<meta name=\"twitter:card\" content=\"summary_large_image\" \/>\n<meta name=\"twitter:label1\" content=\"Tiempo de lectura\" \/>\n\t<meta name=\"twitter:data1\" content=\"4 minutos\" \/>\n<script type=\"application\/ld+json\" class=\"yoast-schema-graph\">{\"@context\":\"https:\\\/\\\/schema.org\",\"@graph\":[{\"@type\":\"WebPage\",\"@id\":\"https:\\\/\\\/dev.nutralie.com\\\/es\\\/aviso-legal\\\/\",\"url\":\"https:\\\/\\\/dev.nutralie.com\\\/es\\\/aviso-legal\\\/\",\"name\":\"Aviso Legal | Nutralie\",\"isPartOf\":{\"@id\":\"https:\\\/\\\/dev.nutralie.com\\\/es\\\/#website\"},\"datePublished\":\"2021-03-12T12:42:43+00:00\",\"dateModified\":\"2026-01-28T09:41:48+00:00\",\"description\":\"Aviso legal de Nutralie\",\"breadcrumb\":{\"@id\":\"https:\\\/\\\/dev.nutralie.com\\\/es\\\/aviso-legal\\\/#breadcrumb\"},\"inLanguage\":\"es\",\"potentialAction\":[{\"@type\":\"ReadAction\",\"target\":[\"https:\\\/\\\/dev.nutralie.com\\\/es\\\/aviso-legal\\\/\"]}]},{\"@type\":\"BreadcrumbList\",\"@id\":\"https:\\\/\\\/dev.nutralie.com\\\/es\\\/aviso-legal\\\/#breadcrumb\",\"itemListElement\":[{\"@type\":\"ListItem\",\"position\":1,\"name\":\"Home\",\"item\":\"https:\\\/\\\/dev.nutralie.com\\\/es\\\/\"},{\"@type\":\"ListItem\",\"position\":2,\"name\":\"AVISO LEGAL\"}]},{\"@type\":\"WebSite\",\"@id\":\"https:\\\/\\\/dev.nutralie.com\\\/es\\\/#website\",\"url\":\"https:\\\/\\\/dev.nutralie.com\\\/es\\\/\",\"name\":\"Nutralie\",\"description\":\"\",\"potentialAction\":[{\"@type\":\"SearchAction\",\"target\":{\"@type\":\"EntryPoint\",\"urlTemplate\":\"https:\\\/\\\/dev.nutralie.com\\\/es\\\/?s={search_term_string}\"},\"query-input\":{\"@type\":\"PropertyValueSpecification\",\"valueRequired\":true,\"valueName\":\"search_term_string\"}}],\"inLanguage\":\"es\"}]}<\/script>\n<!-- \/ Yoast SEO plugin. -->","yoast_head_json":{"title":"Aviso Legal | Nutralie","description":"Aviso legal de Nutralie","robots":{"index":"noindex","follow":"follow","max-snippet":"max-snippet:-1","max-image-preview":"max-image-preview:large","max-video-preview":"max-video-preview:-1"},"og_locale":"es_ES","og_type":"article","og_title":"Aviso Legal | Nutralie","og_description":"Aviso legal de Nutralie","og_url":"https:\/\/dev.nutralie.com\/es\/aviso-legal\/","og_site_name":"Nutralie","article_modified_time":"2026-01-28T09:41:48+00:00","twitter_card":"summary_large_image","twitter_misc":{"Tiempo de lectura":"4 minutos"},"schema":{"@context":"https:\/\/schema.org","@graph":[{"@type":"WebPage","@id":"https:\/\/dev.nutralie.com\/es\/aviso-legal\/","url":"https:\/\/dev.nutralie.com\/es\/aviso-legal\/","name":"Aviso Legal | Nutralie","isPartOf":{"@id":"https:\/\/dev.nutralie.com\/es\/#website"},"datePublished":"2021-03-12T12:42:43+00:00","dateModified":"2026-01-28T09:41:48+00:00","description":"Aviso legal de Nutralie","breadcrumb":{"@id":"https:\/\/dev.nutralie.com\/es\/aviso-legal\/#breadcrumb"},"inLanguage":"es","potentialAction":[{"@type":"ReadAction","target":["https:\/\/dev.nutralie.com\/es\/aviso-legal\/"]}]},{"@type":"BreadcrumbList","@id":"https:\/\/dev.nutralie.com\/es\/aviso-legal\/#breadcrumb","itemListElement":[{"@type":"ListItem","position":1,"name":"Home","item":"https:\/\/dev.nutralie.com\/es\/"},{"@type":"ListItem","position":2,"name":"AVISO LEGAL"}]},{"@type":"WebSite","@id":"https:\/\/dev.nutralie.com\/es\/#website","url":"https:\/\/dev.nutralie.com\/es\/","name":"Nutralie","description":"","potentialAction":[{"@type":"SearchAction","target":{"@type":"EntryPoint","urlTemplate":"https:\/\/dev.nutralie.com\/es\/?s={search_term_string}"},"query-input":{"@type":"PropertyValueSpecification","valueRequired":true,"valueName":"search_term_string"}}],"inLanguage":"es"}]}},"_links":{"self":[{"href":"https:\/\/dev.nutralie.com\/es\/wp-json\/wp\/v2\/pages\/15879","targetHints":{"allow":["GET"]}}],"collection":[{"href":"https:\/\/dev.nutralie.com\/es\/wp-json\/wp\/v2\/pages"}],"about":[{"href":"https:\/\/dev.nutralie.com\/es\/wp-json\/wp\/v2\/types\/page"}],"author":[{"embeddable":true,"href":"https:\/\/dev.nutralie.com\/es\/wp-json\/wp\/v2\/users\/3"}],"replies":[{"embeddable":true,"href":"https:\/\/dev.nutralie.com\/es\/wp-json\/wp\/v2\/comments?post=15879"}],"version-history":[{"count":6,"href":"https:\/\/dev.nutralie.com\/es\/wp-json\/wp\/v2\/pages\/15879\/revisions"}],"predecessor-version":[{"id":218065,"href":"https:\/\/dev.nutralie.com\/es\/wp-json\/wp\/v2\/pages\/15879\/revisions\/218065"}],"wp:attachment":[{"href":"https:\/\/dev.nutralie.com\/es\/wp-json\/wp\/v2\/media?parent=15879"}],"curies":[{"name":"wp","href":"https:\/\/api.w.org\/{rel}","templated":true}]}}