{"id":190650,"date":"2025-05-15T16:52:54","date_gmt":"2025-05-15T14:52:54","guid":{"rendered":"http:\/\/dev.nutralie.com\/?page_id=190650"},"modified":"2025-09-12T11:50:26","modified_gmt":"2025-09-12T09:50:26","slug":"about-2","status":"publish","type":"page","link":"https:\/\/dev.nutralie.com\/es\/about\/","title":{"rendered":"About"},"content":{"rendered":"<div class=\"wpb-content-wrapper\"><p>[vc_row][vc_column]<div class=\"ult-spacer spacer-69e1766910ebd\" data-id=\"69e1766910ebd\" data-height=\"80\" data-height-mobile=\"80\" data-height-tab=\"80\" data-height-tab-portrait=\"\" data-height-mobile-landscape=\"\" style=\"clear:both;display:block;\"><\/div><h2 class=\"titulo-dos-colores title-1\" style=\"text-align:center !important;\"><span class=\"titulo-negro\">Ser<\/span> <span class=\"titulo-morado\">Nutralie<\/span><\/h2><style>\r\n                .titulo-dos-colores .titulo-negro {\r\n                    color: #000000;\r\n                }\r\n                .titulo-dos-colores .titulo-morado {\r\n                    color: #AAA5FF;\r\n                }\r\n            <\/style><div class=\"ult-spacer spacer-69e1766910f8e\" data-id=\"69e1766910f8e\" data-height=\"20\" data-height-mobile=\"20\" data-height-tab=\"20\" data-height-tab-portrait=\"\" data-height-mobile-landscape=\"\" style=\"clear:both;display:block;\"><\/div>[\/vc_column][\/vc_row][vc_row full_width=\u00bbstretch_row\u00bb][vc_column width=\u00bb1\/6&#8243;][\/vc_column][vc_column width=\u00bb2\/3&#8243; el_class=\u00bbfull-width-767&#8243;][vc_column_text css=\u00bb\u00bb]<\/p>\n<p style=\"text-align: center;\">Ser Nutralie significa cuidar de las personas, conectar con la naturaleza y promover el bienestar de forma aut\u00e9ntica y cercana. Creemos en un mundo donde lo natural significa escuchar a tu cuerpo, darle lo que necesita y sentirte bien desde dentro. Un mundo en el que el bienestar no es una meta lejana, sino un compa\u00f1ero diario, sencillo y aut\u00e9ntico.<\/p>\n<p>[\/vc_column_text]<div class=\"ult-spacer spacer-69e1766910fe7\" data-id=\"69e1766910fe7\" data-height=\"20\" data-height-mobile=\"20\" data-height-tab=\"20\" data-height-tab-portrait=\"\" data-height-mobile-landscape=\"\" style=\"clear:both;display:block;\"><\/div>[\/vc_column][vc_column width=\u00bb1\/6&#8243;][\/vc_column][\/vc_row][vc_row][vc_column]<div class=\"ult-spacer spacer-69e176691104b\" data-id=\"69e176691104b\" data-height=\"40\" data-height-mobile=\"20\" data-height-tab=\"\" data-height-tab-portrait=\"\" data-height-mobile-landscape=\"20\" style=\"clear:both;display:block;\"><\/div>[\/vc_column][\/vc_row][vc_row full_width=\u00bbstretch_row_content\u00bb gap=\u00bb35&#8243; content_placement=\u00bbmiddle\u00bb el_class=\u00bbcolumna-calidad-sostenibilidad ordenar-responsive pading_lat fondo_about\u00bb][vc_column width=\u00bb5\/12&#8243; css=\u00bb.vc_custom_1747322230302{background-position: center !important;background-repeat: no-repeat !important;background-size: cover !important;}\u00bb el_class=\u00bborder-0&#8243;][vc_single_image image=\u00bb189545&#8243; img_size=\u00bbfull\u00bb alignment=\u00bbcenter\u00bb css=\u00bb\u00bb][\/vc_column][vc_column width=\u00bb7\/12&#8243; el_class=\u00bborder-1&#8243;]<div class=\"ult-spacer spacer-69e17669110a2\" data-id=\"69e17669110a2\" data-height=\"45\" data-height-mobile=\"5\" data-height-tab=\"\" data-height-tab-portrait=\"\" data-height-mobile-landscape=\"5\" style=\"clear:both;display:block;\"><\/div><h2 class=\"titulo-dos-colores title-1\" style=\"text-align:left !important;\"><span class=\"titulo-negro\">Nuestra<\/span> <span class=\"titulo-morado\">misi\u00f3n<\/span><\/h2><style>\r\n                .titulo-dos-colores .titulo-negro {\r\n                    color: #000000;\r\n                }\r\n                .titulo-dos-colores .titulo-morado {\r\n                    color: #AAA5FF;\r\n                }\r\n            <\/style><div class=\"ult-spacer spacer-69e176691113e\" data-id=\"69e176691113e\" data-height=\"20\" data-height-mobile=\"20\" data-height-tab=\"\" data-height-tab-portrait=\"\" data-height-mobile-landscape=\"20\" style=\"clear:both;display:block;\"><\/div>[vc_column_text css=\u00bb\u00bb]<\/p>\n<p class=\"linea-izquierda\" style=\"text-align: left;\">En Nutralie queremos acompa\u00f1arte en tu camino al bienestar, el que te hace sentirte bien tanto f\u00edsica como mentalmente para que puedas disfrutar de la experiencia completa de tu vida. Y es que disfrutar de un viaje con amigos, leer un libro en la playa, practicar una clase de yoga o desconectar y estar en contacto con la naturaleza, son momentos que nos hacen sentir bienestar y nos hacen sentir completos. Perseguimos que puedas disfrutar de estas experiencias sinti\u00e9ndote bien por dentro y por fuera.<\/p>\n<p>[\/vc_column_text]<div class=\"ult-spacer spacer-69e1766911192\" data-id=\"69e1766911192\" data-height=\"20\" data-height-mobile=\"20\" data-height-tab=\"\" data-height-tab-portrait=\"\" data-height-mobile-landscape=\"20\" style=\"clear:both;display:block;\"><\/div><div class=\"ult-spacer spacer-69e17669111e9\" data-id=\"69e17669111e9\" data-height=\"20\" data-height-mobile=\"5\" data-height-tab=\"\" data-height-tab-portrait=\"\" data-height-mobile-landscape=\"5\" style=\"clear:both;display:block;\"><\/div>[\/vc_column][\/vc_row][vc_row][vc_column]<div class=\"ult-spacer spacer-69e1766911238\" data-id=\"69e1766911238\" data-height=\"50\" data-height-mobile=\"50\" data-height-tab=\"50\" data-height-tab-portrait=\"\" data-height-mobile-landscape=\"\" style=\"clear:both;display:block;\"><\/div>[\/vc_column][\/vc_row][vc_row full_width=\u00bbstretch_row_content\u00bb equal_height=\u00bbyes\u00bb][vc_column width=\u00bb3\/4&#8243; el_class=\u00bbtext_img title_valores\u00bb]<div class=\"ult-spacer spacer-69e1766911286\" data-id=\"69e1766911286\" data-height=\"40\" data-height-mobile=\"40\" data-height-tab=\"40\" data-height-tab-portrait=\"\" data-height-mobile-landscape=\"\" style=\"clear:both;display:block;\"><\/div><h2 class=\"titulo-dos-colores title-1\" style=\"text-align:left !important;\"><span class=\"titulo-negro\">VALORES<\/span> <span class=\"titulo-morado\"><\/span><\/h2><style>\r\n                .titulo-dos-colores .titulo-negro {\r\n                    color: #000000;\r\n                }\r\n                .titulo-dos-colores .titulo-morado {\r\n                    color: #AAA5FF;\r\n                }\r\n            <\/style><div class=\"ult-spacer spacer-69e1766911317\" data-id=\"69e1766911317\" data-height=\"40\" data-height-mobile=\"20\" data-height-tab=\"\" data-height-tab-portrait=\"\" data-height-mobile-landscape=\"20\" style=\"clear:both;display:block;\"><\/div><div id=\"ult-carousel-57611017269e176691151b\" class=\"ult-carousel-wrapper  sliders_icon ult_horizontal\" data-gutter=\"15\" data-rtl=\"false\" ><div class=\"ult-carousel-171622965969e1766911375 \" >[vc_row_inner content_placement=\u00bbmiddle\u00bb el_class=\u00bbseccion-valores\u00bb][vc_column_inner el_class=\u00bbprimera_figura\u00bb][vc_single_image image=\u00bb192338&#8243; img_size=\u00bbfull\u00bb css=\u00bb\u00bb]<div class=\"ult-item-wrap\" data-animation=\"animated no-animation\"><div class=\"ult-spacer spacer-69e17669116ad\" data-id=\"69e17669116ad\" data-height=\"10\" data-height-mobile=\"10\" data-height-tab=\"10\" data-height-tab-portrait=\"\" data-height-mobile-landscape=\"\" style=\"clear:both;display:block;\"><\/div><\/div>[vc_column_text css=\u00bb\u00bb el_class=\u00bbsubtitle-valores\u00bb]<\/p>\n<p style=\"text-align: left;\"><strong>NATURAL<\/strong><\/p>\n<p>[\/vc_column_text][vc_column_text css=\u00bb\u00bb el_class=\u00bbtexto-15px\u00bb]<\/p>\n<p class=\"linea-izquierda\" style=\"text-align: left;\">La naturaleza nos inspira a crear productos que contribuyan al bienestar de manera sencilla y pura. Cada una de nuestras f\u00f3rmulas se basa en ingredientes naturales, porque creemos que lo natural es el camino para sentirse bien.<\/p>\n<p>[\/vc_column_text][\/vc_column_inner][\/vc_row_inner][vc_row_inner el_class=\u00bbseccion-valores\u00bb][vc_column_inner][vc_single_image image=\u00bb190721&#8243; img_size=\u00bbfull\u00bb css=\u00bb\u00bb]<div class=\"ult-item-wrap\" data-animation=\"animated no-animation\"><div class=\"ult-spacer spacer-69e1766911706\" data-id=\"69e1766911706\" data-height=\"10\" data-height-mobile=\"10\" data-height-tab=\"10\" data-height-tab-portrait=\"\" data-height-mobile-landscape=\"\" style=\"clear:both;display:block;\"><\/div><\/div>[vc_column_text css=\u00bb\u00bb el_class=\u00bbsubtitle-valores\u00bb]<\/p>\n<p style=\"text-align: left;\"><strong>PARA LAS PERSONAS<\/strong><\/p>\n<p>[\/vc_column_text][vc_column_text css=\u00bb\u00bb el_class=\u00bbtexto-15px\u00bb]<\/p>\n<p class=\"linea-izquierda\" style=\"text-align: left;\">Trabajamos para mejorar la vida de las personas y ser parte de su camino hacia una vida saludable. Por eso, escuchamos, aprendemos y nos esforzamos por crear una conexi\u00f3n real con quienes conf\u00edan en nosotros.<\/p>\n<p>[\/vc_column_text][\/vc_column_inner][\/vc_row_inner][vc_row_inner el_class=\u00bbseccion-valores\u00bb][vc_column_inner][vc_single_image image=\u00bb190727&#8243; img_size=\u00bbfull\u00bb css=\u00bb\u00bb]<div class=\"ult-item-wrap\" data-animation=\"animated no-animation\"><div class=\"ult-spacer spacer-69e1766911758\" data-id=\"69e1766911758\" data-height=\"10\" data-height-mobile=\"10\" data-height-tab=\"10\" data-height-tab-portrait=\"\" data-height-mobile-landscape=\"\" style=\"clear:both;display:block;\"><\/div><\/div>[vc_column_text css=\u00bb\u00bb el_class=\u00bbsubtitle-valores\u00bb]<\/p>\n<p style=\"text-align: left;\"><strong>CALIDAD<\/strong><\/p>\n<p>[\/vc_column_text][vc_column_text css=\u00bb\u00bb el_class=\u00bbtexto-15px\u00bb]Ponemos atenci\u00f3n en cada detalle: desde la elecci\u00f3n de los ingredientes y su origen hasta la elaboraci\u00f3n del producto final, siempre con el compromiso de ofrecer productos seguros y efectivos.[\/vc_column_text][\/vc_column_inner][\/vc_row_inner][vc_row_inner el_class=\u00bbseccion-valores\u00bb][vc_column_inner][vc_single_image image=\u00bb190733&#8243; img_size=\u00bbfull\u00bb css=\u00bb\u00bb]<div class=\"ult-item-wrap\" data-animation=\"animated no-animation\"><div class=\"ult-spacer spacer-69e17669117a8\" data-id=\"69e17669117a8\" data-height=\"10\" data-height-mobile=\"10\" data-height-tab=\"10\" data-height-tab-portrait=\"\" data-height-mobile-landscape=\"\" style=\"clear:both;display:block;\"><\/div><\/div>[vc_column_text css=\u00bb\u00bb el_class=\u00bbsubtitle-valores\u00bb]<\/p>\n<p style=\"text-align: left;\"><strong>INNOVACI\u00d3N<\/strong><\/p>\n<p>[\/vc_column_text][vc_column_text css=\u00bb\u00bb el_class=\u00bbtexto-15px\u00bb]<\/p>\n<p class=\"linea-izquierda\" style=\"text-align: left;\">Cada f\u00f3rmula, Complex o Elements, es el resultado de un largo proceso de investigaci\u00f3n que tiene como fin ofrecer activos en su m\u00e1xima efectividad.<\/p>\n<p>[\/vc_column_text][\/vc_column_inner][\/vc_row_inner]<\/div><\/div>\t\t\t<script type=\"text\/javascript\">\r\n\t\t\t\tjQuery(document).ready(function ($) {\r\n\t\t\t\t\tif( typeof jQuery('.ult-carousel-171622965969e1766911375').slick == \"function\"){\r\n\t\t\t\t\t\t$('.ult-carousel-171622965969e1766911375').slick({dots: true,autoplaySpeed: 5000,speed: 300,infinite: false,arrows: true,nextArrow: '<button type=\"button\" role=\"button\" aria-label=\"Next\" style=\"color:#333333; font-size:20px;\" class=\"slick-next default\"><i class=\"ultsl-arrow-right4\"><\/i><\/button>',prevArrow: '<button type=\"button\" role=\"button\" aria-label=\"Previous\" style=\"color:#333333; font-size:20px;\" class=\"slick-prev default\"><i class=\"ultsl-arrow-left4\"><\/i><\/button>',slidesToScroll:4,slidesToShow:4,swipe: true,draggable: true,touchMove: true,pauseOnHover: true,pauseOnFocus: false,responsive: [\r\n\t\t\t\t\t\t\t{\r\n\t\t\t\t\t\t\t  breakpoint: 1026,\r\n\t\t\t\t\t\t\t  settings: {\r\n\t\t\t\t\t\t\t\tslidesToShow: 4,\r\n\t\t\t\t\t\t\t\tslidesToScroll: 4,  \r\n\t\t\t\t\t\t\t  }\r\n\t\t\t\t\t\t\t},\r\n\t\t\t\t\t\t\t{\r\n\t\t\t\t\t\t\t  breakpoint: 1025,\r\n\t\t\t\t\t\t\t  settings: {\r\n\t\t\t\t\t\t\t\tslidesToShow: 4,\r\n\t\t\t\t\t\t\t\tslidesToScroll: 4\r\n\t\t\t\t\t\t\t  }\r\n\t\t\t\t\t\t\t},\r\n\t\t\t\t\t\t\t{\r\n\t\t\t\t\t\t\t  breakpoint: 760,\r\n\t\t\t\t\t\t\t  settings: {\r\n\t\t\t\t\t\t\t\tslidesToShow: 1,\r\n\t\t\t\t\t\t\t\tslidesToScroll: 1\r\n\t\t\t\t\t\t\t  }\r\n\t\t\t\t\t\t\t}\r\n\t\t\t\t\t\t],pauseOnDotsHover: true,customPaging: function(slider, i) {\r\n                   return '<i type=\"button\" style= \"color:#333333;\" class=\"ultsl-record\" data-role=\"none\"><\/i>';\r\n                },});\r\n\t\t\t\t\t}\r\n\t\t\t\t});\r\n\t\t\t<\/script>\r\n\t\t\t<div class=\"ult-spacer spacer-69e1766911817\" data-id=\"69e1766911817\" data-height=\"40\" data-height-mobile=\"40\" data-height-tab=\"40\" data-height-tab-portrait=\"\" data-height-mobile-landscape=\"\" style=\"clear:both;display:block;\"><\/div>[\/vc_column][vc_column width=\u00bb1\/4&#8243; el_class=\u00bbimg_img img_valores\u00bb][vc_single_image image=\u00bb189551&#8243; img_size=\u00bbfull\u00bb alignment=\u00bbcenter\u00bb css=\u00bb\u00bb el_class=\u00bbimagen-calidad\u00bb][\/vc_column][\/vc_row]<\/p>\n<\/div>","protected":false},"excerpt":{"rendered":"<p>[vc_row][vc_column][\/vc_column][\/vc_row][vc_row full_width=\u00bbstretch_row\u00bb][vc_column width=\u00bb1\/6&#8243;][\/vc_column][vc_column width=\u00bb2\/3&#8243; el_class=\u00bbfull-width-767&#8243;][vc_column_text css=\u00bb\u00bb] Ser Nutralie significa cuidar de las personas, conectar con la naturaleza y promover el bienestar de forma aut\u00e9ntica y cercana. Creemos en un mundo donde lo natural significa escuchar a tu cuerpo, darle lo<\/p>\n<p><a class=\"readmore\" href=\"https:\/\/dev.nutralie.com\/es\/about\/\">Leer M\u00e1s<\/a><\/p>\n","protected":false},"author":1,"featured_media":0,"parent":0,"menu_order":0,"comment_status":"closed","ping_status":"closed","template":"full-width.php","meta":{"_acf_changed":false,"footnotes":""},"class_list":["post-190650","page","type-page","status-publish","hentry"],"acf":[],"yoast_head":"<!-- This site is optimized with the Yoast SEO plugin v27.3 - https:\/\/yoast.com\/product\/yoast-seo-wordpress\/ -->\n<title>About | Nutralie<\/title>\n<meta name=\"description\" content=\"Nuestro objetivo es conseguirte con nuestros complementos alimenticios el equilibrio y bienestar que necesitas, apostando por la innovaci\u00f3n y la sostenibilidad.\" \/>\n<meta name=\"robots\" content=\"noindex, follow, max-snippet:-1, max-image-preview:large, max-video-preview:-1\" \/>\n<meta property=\"og:locale\" content=\"es_ES\" \/>\n<meta property=\"og:type\" content=\"article\" \/>\n<meta property=\"og:title\" content=\"About | Nutralie\" \/>\n<meta property=\"og:description\" content=\"Nuestro objetivo es conseguirte con nuestros complementos alimenticios el equilibrio y bienestar que necesitas, apostando por la innovaci\u00f3n y la sostenibilidad.\" \/>\n<meta property=\"og:url\" content=\"https:\/\/dev.nutralie.com\/es\/about\/\" \/>\n<meta property=\"og:site_name\" content=\"Nutralie\" \/>\n<meta property=\"article:modified_time\" content=\"2025-09-12T09:50:26+00:00\" \/>\n<meta name=\"twitter:card\" content=\"summary_large_image\" \/>\n<meta name=\"twitter:label1\" content=\"Tiempo de lectura\" \/>\n\t<meta name=\"twitter:data1\" content=\"3 minutos\" \/>\n<script type=\"application\/ld+json\" class=\"yoast-schema-graph\">{\"@context\":\"https:\\\/\\\/schema.org\",\"@graph\":[{\"@type\":\"WebPage\",\"@id\":\"https:\\\/\\\/dev.nutralie.com\\\/es\\\/about\\\/\",\"url\":\"https:\\\/\\\/dev.nutralie.com\\\/es\\\/about\\\/\",\"name\":\"About | Nutralie\",\"isPartOf\":{\"@id\":\"https:\\\/\\\/dev.nutralie.com\\\/es\\\/#website\"},\"datePublished\":\"2025-05-15T14:52:54+00:00\",\"dateModified\":\"2025-09-12T09:50:26+00:00\",\"description\":\"Nuestro objetivo es conseguirte con nuestros complementos alimenticios el equilibrio y bienestar que necesitas, apostando por la innovaci\u00f3n y la sostenibilidad.\",\"breadcrumb\":{\"@id\":\"https:\\\/\\\/dev.nutralie.com\\\/es\\\/about\\\/#breadcrumb\"},\"inLanguage\":\"es\",\"potentialAction\":[{\"@type\":\"ReadAction\",\"target\":[\"https:\\\/\\\/dev.nutralie.com\\\/es\\\/about\\\/\"]}]},{\"@type\":\"BreadcrumbList\",\"@id\":\"https:\\\/\\\/dev.nutralie.com\\\/es\\\/about\\\/#breadcrumb\",\"itemListElement\":[{\"@type\":\"ListItem\",\"position\":1,\"name\":\"Home\",\"item\":\"https:\\\/\\\/dev.nutralie.com\\\/es\\\/\"},{\"@type\":\"ListItem\",\"position\":2,\"name\":\"About\"}]},{\"@type\":\"WebSite\",\"@id\":\"https:\\\/\\\/dev.nutralie.com\\\/es\\\/#website\",\"url\":\"https:\\\/\\\/dev.nutralie.com\\\/es\\\/\",\"name\":\"Nutralie\",\"description\":\"\",\"potentialAction\":[{\"@type\":\"SearchAction\",\"target\":{\"@type\":\"EntryPoint\",\"urlTemplate\":\"https:\\\/\\\/dev.nutralie.com\\\/es\\\/?s={search_term_string}\"},\"query-input\":{\"@type\":\"PropertyValueSpecification\",\"valueRequired\":true,\"valueName\":\"search_term_string\"}}],\"inLanguage\":\"es\"}]}<\/script>\n<!-- \/ Yoast SEO plugin. -->","yoast_head_json":{"title":"About | Nutralie","description":"Nuestro objetivo es conseguirte con nuestros complementos alimenticios el equilibrio y bienestar que necesitas, apostando por la innovaci\u00f3n y la sostenibilidad.","robots":{"index":"noindex","follow":"follow","max-snippet":"max-snippet:-1","max-image-preview":"max-image-preview:large","max-video-preview":"max-video-preview:-1"},"og_locale":"es_ES","og_type":"article","og_title":"About | Nutralie","og_description":"Nuestro objetivo es conseguirte con nuestros complementos alimenticios el equilibrio y bienestar que necesitas, apostando por la innovaci\u00f3n y la sostenibilidad.","og_url":"https:\/\/dev.nutralie.com\/es\/about\/","og_site_name":"Nutralie","article_modified_time":"2025-09-12T09:50:26+00:00","twitter_card":"summary_large_image","twitter_misc":{"Tiempo de lectura":"3 minutos"},"schema":{"@context":"https:\/\/schema.org","@graph":[{"@type":"WebPage","@id":"https:\/\/dev.nutralie.com\/es\/about\/","url":"https:\/\/dev.nutralie.com\/es\/about\/","name":"About | Nutralie","isPartOf":{"@id":"https:\/\/dev.nutralie.com\/es\/#website"},"datePublished":"2025-05-15T14:52:54+00:00","dateModified":"2025-09-12T09:50:26+00:00","description":"Nuestro objetivo es conseguirte con nuestros complementos alimenticios el equilibrio y bienestar que necesitas, apostando por la innovaci\u00f3n y la sostenibilidad.","breadcrumb":{"@id":"https:\/\/dev.nutralie.com\/es\/about\/#breadcrumb"},"inLanguage":"es","potentialAction":[{"@type":"ReadAction","target":["https:\/\/dev.nutralie.com\/es\/about\/"]}]},{"@type":"BreadcrumbList","@id":"https:\/\/dev.nutralie.com\/es\/about\/#breadcrumb","itemListElement":[{"@type":"ListItem","position":1,"name":"Home","item":"https:\/\/dev.nutralie.com\/es\/"},{"@type":"ListItem","position":2,"name":"About"}]},{"@type":"WebSite","@id":"https:\/\/dev.nutralie.com\/es\/#website","url":"https:\/\/dev.nutralie.com\/es\/","name":"Nutralie","description":"","potentialAction":[{"@type":"SearchAction","target":{"@type":"EntryPoint","urlTemplate":"https:\/\/dev.nutralie.com\/es\/?s={search_term_string}"},"query-input":{"@type":"PropertyValueSpecification","valueRequired":true,"valueName":"search_term_string"}}],"inLanguage":"es"}]}},"_links":{"self":[{"href":"https:\/\/dev.nutralie.com\/es\/wp-json\/wp\/v2\/pages\/190650","targetHints":{"allow":["GET"]}}],"collection":[{"href":"https:\/\/dev.nutralie.com\/es\/wp-json\/wp\/v2\/pages"}],"about":[{"href":"https:\/\/dev.nutralie.com\/es\/wp-json\/wp\/v2\/types\/page"}],"author":[{"embeddable":true,"href":"https:\/\/dev.nutralie.com\/es\/wp-json\/wp\/v2\/users\/1"}],"replies":[{"embeddable":true,"href":"https:\/\/dev.nutralie.com\/es\/wp-json\/wp\/v2\/comments?post=190650"}],"version-history":[{"count":6,"href":"https:\/\/dev.nutralie.com\/es\/wp-json\/wp\/v2\/pages\/190650\/revisions"}],"predecessor-version":[{"id":207828,"href":"https:\/\/dev.nutralie.com\/es\/wp-json\/wp\/v2\/pages\/190650\/revisions\/207828"}],"wp:attachment":[{"href":"https:\/\/dev.nutralie.com\/es\/wp-json\/wp\/v2\/media?parent=190650"}],"curies":[{"name":"wp","href":"https:\/\/api.w.org\/{rel}","templated":true}]}}