{"id":191088,"date":"2025-05-18T12:39:43","date_gmt":"2025-05-18T10:39:43","guid":{"rendered":"http:\/\/dev.nutralie.com\/?page_id=191088"},"modified":"2025-07-21T10:29:39","modified_gmt":"2025-07-21T08:29:39","slug":"contacto-2","status":"publish","type":"page","link":"https:\/\/dev.nutralie.com\/es\/contacto\/","title":{"rendered":"Contacto"},"content":{"rendered":"<div class=\"wpb-content-wrapper\"><p>[vc_row][vc_column][vc_single_image image=\u00bb191098&#8243; img_size=\u00bbfull\u00bb alignment=\u00bbcenter\u00bb css=\u00bb\u00bb][\/vc_column][\/vc_row][vc_row][vc_column]<div class=\"ult-spacer spacer-69e10f292b58a\" data-id=\"69e10f292b58a\" data-height=\"75\" data-height-mobile=\"20\" data-height-tab=\"\" data-height-tab-portrait=\"\" data-height-mobile-landscape=\"\" style=\"clear:both;display:block;\"><\/div>[\/vc_column][\/vc_row][vc_row css=\u00bb.vc_custom_1748440157492{background-position: 0 0 !important;background-repeat: no-repeat !important;}\u00bb el_class=\u00bbcontacto_elemento_primero\u00bb][vc_column]<h2 class=\"titulo-dos-colores title-1\" style=\"text-align:center !important;\"><span class=\"titulo-negro\">\u00bfPodemos<\/span> <span class=\"titulo-morado\">ayudarte?<\/span><\/h2><style>\r\n                .titulo-dos-colores .titulo-negro {\r\n                    color: #000000;\r\n                }\r\n                .titulo-dos-colores .titulo-morado {\r\n                    color: #AAA5FF;\r\n                }\r\n            <\/style>[\/vc_column][\/vc_row][vc_row][vc_column]<div class=\"ult-spacer spacer-69e10f292b672\" data-id=\"69e10f292b672\" data-height=\"50\" data-height-mobile=\"50\" data-height-tab=\"50\" data-height-tab-portrait=\"\" data-height-mobile-landscape=\"\" style=\"clear:both;display:block;\"><\/div>[\/vc_column][\/vc_row][vc_row equal_height=\u00bbyes\u00bb content_placement=\u00bbmiddle\u00bb el_class=\u00bbpodemos-ayudarte-section\u00bb][vc_column el_class=\u00bbpadding-7pc\u00bb][vc_empty_space height=\u00bb50&#8243; el_class=\u00bbespacio-0px-responsive\u00bb]\n<div class=\"wpcf7 no-js\" id=\"wpcf7-f192212-o1\" lang=\"en-US\" dir=\"ltr\" data-wpcf7-id=\"192212\">\n<div class=\"screen-reader-response\"><p role=\"status\" aria-live=\"polite\" aria-atomic=\"true\"><\/p> <ul><\/ul><\/div>\n<form action=\"\/es\/wp-json\/wp\/v2\/pages\/191088#wpcf7-f192212-o1\" method=\"post\" class=\"wpcf7-form init cf7_custom_style_3\" aria-label=\"Contact form\" novalidate=\"novalidate\" data-status=\"init\">\n<fieldset class=\"hidden-fields-container\"><input type=\"hidden\" name=\"_wpcf7\" value=\"192212\" \/><input type=\"hidden\" name=\"_wpcf7_version\" value=\"6.1.5\" \/><input type=\"hidden\" name=\"_wpcf7_locale\" value=\"en_US\" \/><input type=\"hidden\" name=\"_wpcf7_unit_tag\" value=\"wpcf7-f192212-o1\" \/><input type=\"hidden\" name=\"_wpcf7_container_post\" value=\"0\" \/><input type=\"hidden\" name=\"_wpcf7_posted_data_hash\" value=\"\" \/><input type=\"hidden\" name=\"_wpcf7_recaptcha_response\" value=\"\" \/>\n<\/fieldset>\n<div class=\"mkdf-custom-contact1-form\">\n\t<div class=\"mkdf-grid-row mkdf-grid-small-gutter mkdf-grid-spec\">\n\t\t<div class=\"mkdf-grid-col-6\">\n\t\t\t<p><label>Nombre y apellidos*<\/label><br \/>\n<span class=\"wpcf7-form-control-wrap\" data-name=\"your-name\"><input size=\"40\" maxlength=\"400\" class=\"wpcf7-form-control wpcf7-text wpcf7-validates-as-required\" aria-required=\"true\" aria-invalid=\"false\" placeholder=\"Nombre y apellidos\" value=\"\" type=\"text\" name=\"your-name\" \/><\/span>\n\t\t\t<\/p>\n\t\t<\/div>\n\t\t<div class=\"mkdf-grid-col-6\">\n\t\t\t<p><label>Tema<\/label><br \/>\n<span class=\"wpcf7-form-control-wrap\" data-name=\"interes\"><select class=\"wpcf7-form-control wpcf7-select\" aria-invalid=\"false\" name=\"interes\"><option value=\"\"><\/option><option value=\"Pedido\">Pedido<\/option><option value=\"Devoluci\u00f3n\">Devoluci\u00f3n<\/option><option value=\"Cuenta de cliente\">Cuenta de cliente<\/option><option value=\"Sobre un producto\">Sobre un producto<\/option><option value=\"Informaci\u00f3n general\">Informaci\u00f3n general<\/option><option value=\"Preguntas y problemas\">Preguntas y problemas<\/option><option value=\"Sugerencias\">Sugerencias<\/option><option value=\"Otro\">Otro<\/option><\/select><\/span>\n\t\t\t<\/p>\n\t\t<\/div>\n\t\t<div class=\"mkdf-grid-col-6\">\n\t\t\t<p><label> Email* <\/label><br \/>\n<span class=\"wpcf7-form-control-wrap\" data-name=\"your-email\"><input size=\"40\" maxlength=\"400\" class=\"wpcf7-form-control wpcf7-email wpcf7-validates-as-required wpcf7-text wpcf7-validates-as-email\" aria-required=\"true\" aria-invalid=\"false\" placeholder=\"Email\" value=\"\" type=\"email\" name=\"your-email\" \/><\/span>\n\t\t\t<\/p>\n\t\t\t<div class=\"mkdf-grid-col-5\">\n\t\t\t\t<p><label> Prefijo<\/label><br \/>\n<span class=\"wpcf7-form-control-wrap\" data-name=\"prefijo\"><input size=\"40\" maxlength=\"400\" class=\"wpcf7-form-control wpcf7-text\" aria-invalid=\"false\" placeholder=\"+34\" value=\"\" type=\"text\" name=\"prefijo\" \/><\/span>\n\t\t\t\t<\/p>\n\t\t\t<\/div>\n\t\t\t<div class=\"mkdf-grid-col-7\">\n\t\t\t\t<p><label>Tel\u00e9fono<\/label><br \/>\n<span class=\"wpcf7-form-control-wrap\" data-name=\"tel-873\"><input size=\"40\" maxlength=\"400\" class=\"wpcf7-form-control wpcf7-tel wpcf7-text wpcf7-validates-as-tel\" aria-invalid=\"false\" value=\"\" type=\"tel\" name=\"tel-873\" \/><\/span>\n\t\t\t\t<\/p>\n\t\t\t<\/div>\n\t\t<\/div>\n\t\t<div class=\"mkdf-grid-col-6\">\n\t\t\t<p><label>Mensaje<\/label><br \/>\n<span class=\"wpcf7-form-control-wrap\" data-name=\"your-message\"><textarea cols=\"40\" rows=\"10\" maxlength=\"2000\" class=\"wpcf7-form-control wpcf7-textarea\" aria-invalid=\"false\" placeholder=\"Mensaje\" name=\"your-message\"><\/textarea><\/span>\n\t\t\t<\/p>\n\t\t<\/div>\n\t\t<div class=\"mkdf-grid-col-6 texto-aviso\">\n\t\t\t<p><span class=\"wpcf7-form-control-wrap\" data-name=\"aviso\"><span class=\"wpcf7-form-control wpcf7-acceptance\"><span class=\"wpcf7-list-item\"><label><input type=\"checkbox\" name=\"aviso\" value=\"1\" aria-invalid=\"false\" \/><span class=\"wpcf7-list-item-label\">He le\u00eddo y aceptado las <a href=\"http:\/\/dev.nutralie.com\/es\/politica-de-privacidad\/\" target=\"_blank\">condiciones de privacidad y aviso legal<\/a><\/span><\/label><\/span><\/span><\/span><br \/>\n<span class=\"wpcf7-form-control-wrap\" data-name=\"mailjet-aceptacion\"><span class=\"wpcf7-form-control wpcf7-acceptance optional\"><span class=\"wpcf7-list-item\"><label><input type=\"checkbox\" name=\"mailjet-aceptacion\" value=\"1\" aria-invalid=\"false\" \/><span class=\"wpcf7-list-item-label\">Suscribirse a Newsletter<\/span><\/label><\/span><\/span><\/span>\n\t\t\t<\/p>\n\t\t<\/div>\n\t\t<div class=\"mkdf-grid-col-6\">\n\t\t<span class=\"wpcf7-form-control-wrap recaptcha\" data-name=\"recaptcha\"><span data-sitekey=\"6LcnHbgqAAAAAFMAUiCKsJ5Q3xERTUbXhr2pY5uy\" class=\"wpcf7-form-control wpcf7-recaptcha g-recaptcha\"><\/span>\r\n<noscript>\r\n\t<div class=\"grecaptcha-noscript\">\r\n\t\t<iframe src=\"https:\/\/www.google.com\/recaptcha\/api\/fallback?k=6LcnHbgqAAAAAFMAUiCKsJ5Q3xERTUbXhr2pY5uy\" frameborder=\"0\" scrolling=\"no\" width=\"310\" height=\"430\">\r\n\t\t<\/iframe>\r\n\t\t<textarea name=\"g-recaptcha-response\" rows=\"3\" cols=\"40\" placeholder=\"reCaptcha Response Here\">\r\n\t\t<\/textarea>\r\n\t<\/div>\r\n<\/noscript>\r\n<\/span>\n\t\t\t<p><span class=\"wpcf7-form-control-wrap\" data-name=\"website\"><input size=\"40\" maxlength=\"400\" class=\"wpcf7-form-control wpcf7-text hp-field\" tabindex=\"-1\" autocomplete=\"off\" aria-invalid=\"false\" value=\"\" type=\"text\" name=\"website\" \/><\/span><br \/>\n<span class=\"wpcf7-form-control-wrap\" data-name=\"form_time\"><input size=\"40\" maxlength=\"400\" class=\"wpcf7-form-control wpcf7-text display-none\" aria-invalid=\"false\" value=\"\" type=\"text\" name=\"form_time\" \/><\/span>\n\t\t\t<\/p>\n\t\t<\/div>\n\t<\/div>\n\t<div style=\"margin-top: 50px; text-align: center;\">\n\t\t<p><button type=\"submit\" class=\"boton-new wpcf7-form-control wpcf7-submit mkdf-btn mkdf-btn-small\">Enviar<\/button>\n\t\t<\/p>\n\t<\/div>\n<\/div>\n<p><script>\ndocument.addEventListener( 'wpcf7mailsent', function( event ) {\ngtag('send', 'event', 'Contacto-ES', 'Enviar', 'ok')\n}, false );\n<\/script>\n<\/p>\n<div class=\"display-none\">\n\t<p><span class=\"wpcf7-form-control-wrap\" data-name=\"origen-formulario\"><textarea cols=\"40\" rows=\"10\" maxlength=\"2000\" class=\"wpcf7-form-control wpcf7-textarea\" aria-invalid=\"false\" name=\"origen-formulario\">Contacto B2C - ES<\/textarea><\/span><br \/>\n\t<input class=\"wpcf7-form-control wpcf7-hidden\" id=\"country-code\" value=\"\" type=\"hidden\" name=\"country-code\" \/><br \/>\n<span class=\"wpcf7-form-control-wrap\" data-name=\"info_extra_web\"><input size=\"40\" maxlength=\"400\" class=\"wpcf7-form-control wpcf7-text display-none\" aria-invalid=\"false\" value=\"\" type=\"text\" name=\"info_extra_web\" \/><\/span>\n\t<\/p>\n<\/div><input type='hidden' class='wpcf7-pum' value='{\"closepopup\":false,\"closedelay\":0,\"openpopup\":false,\"openpopup_id\":0}' \/><div class=\"wpcf7-response-output\" aria-hidden=\"true\"><\/div>\n<\/form>\n<\/div>\n[vc_empty_space height=\u00bb50px\u00bb][\/vc_column][\/vc_row][vc_row][vc_column]<div class=\"ult-spacer spacer-69e10f296480e\" data-id=\"69e10f296480e\" data-height=\"75\" data-height-mobile=\"75\" data-height-tab=\"75\" data-height-tab-portrait=\"\" data-height-mobile-landscape=\"\" style=\"clear:both;display:block;\"><\/div>[\/vc_column][\/vc_row][vc_row][vc_column]<div class=\"templatera_shortcode\"><div data-vc-full-width=\"true\" data-vc-full-width-init=\"false\" class=\"vc_row wpb_row vc_row-fluid newsletter-new-section vc_custom_1747038687085 vc_row-has-fill\" style=\"background-repeat: repeat\"><div class=\"wpb_column vc_column_container vc_col-sm-12\"><div class=\"vc_column-inner\"><div class=\"wpb_wrapper\"><div class=\"ult-spacer spacer-69e10f2969535\" data-id=\"69e10f2969535\" data-height=\"50\" data-height-mobile=\"50\" data-height-tab=\"50\" data-height-tab-portrait=\"\" data-height-mobile-landscape=\"\" style=\"clear:both;display:block;\"><\/div><div class=\"mkdf-row-grid-section-wrapper \" style=\"background-repeat: repeat\"><div class=\"mkdf-row-grid-section\"><div class=\"vc_row wpb_row vc_inner vc_row-fluid vc_row-o-content-top vc_row-flex\" ><div class=\"wpb_column vc_column_container vc_col-sm-6\"><div class=\"vc_column-inner\"><div class=\"wpb_wrapper\"><div  class=\"vc_wp_text wpb_content_element title-middle-30\"><div class=\"widget widget_text\">\t\t\t<div class=\"textwidget\"><\/p>\n<p style=\"color: white !important;\">\u00a1\u00danete a la newsletter!<\/p>\n<p>\n<\/div>\n\t\t<\/div><\/div><div  class=\"vc_wp_text wpb_content_element p-new-category\"><div class=\"widget widget_text\">\t\t\t<div class=\"textwidget\"><\/p>\n<p style=\"color: white !important;\">Y descubre todas las novedades.<\/p>\n<p>\n<\/div>\n\t\t<\/div><\/div><\/div><\/div><\/div><div class=\"wpb_column vc_column_container vc_col-sm-6\"><div class=\"vc_column-inner\"><div class=\"wpb_wrapper\"><div  class=\"vc_wp_text wpb_content_element\"><div class=\"widget widget_text\">\t\t\t<div class=\"textwidget\"><div class=\"wpcf7 no-js\" id=\"wpcf7-f132449-o2\" lang=\"en-US\" dir=\"ltr\" data-wpcf7-id=\"132449\">\n<div class=\"screen-reader-response\">\n<p role=\"status\" aria-live=\"polite\" aria-atomic=\"true\">\n<ul><\/ul>\n<\/div>\n<form action=\"\/es\/wp-json\/wp\/v2\/pages\/191088#wpcf7-f132449-o2\" method=\"post\" class=\"wpcf7-form init\" aria-label=\"Contact form\" novalidate=\"novalidate\" data-status=\"init\">\n<fieldset class=\"hidden-fields-container\"><input type=\"hidden\" name=\"_wpcf7\" value=\"132449\" \/><input type=\"hidden\" name=\"_wpcf7_version\" value=\"6.1.5\" \/><input type=\"hidden\" name=\"_wpcf7_locale\" value=\"en_US\" \/><input type=\"hidden\" name=\"_wpcf7_unit_tag\" value=\"wpcf7-f132449-o2\" \/><input type=\"hidden\" name=\"_wpcf7_container_post\" value=\"0\" \/><input type=\"hidden\" name=\"_wpcf7_posted_data_hash\" value=\"\" \/><input type=\"hidden\" name=\"_wpcf7_recaptcha_response\" value=\"\" \/><br \/>\n<\/fieldset>\n<div class=\"form-unete-nuestra-newsletter\">\n<p><span class=\"wpcf7-form-control-wrap\" data-name=\"your-email\"><input size=\"40\" maxlength=\"400\" class=\"wpcf7-form-control wpcf7-email wpcf7-validates-as-required wpcf7-text wpcf7-validates-as-email\" aria-required=\"true\" aria-invalid=\"false\" placeholder=\"Escribe tu correo eletr\u00f3nico para recibir la newsletter\" value=\"\" type=\"email\" name=\"your-email\" \/><\/span><br \/>\n<button class=\"wpcf7-form-control wpcf7-submit mkdf-btn mkdf-btn-medium mkdf-btn-solid\" type=\"submit\"><span class=\"mkdf-btn-text\">SUSCRIBIRSE<\/span><\/button>\n\t<\/p>\n<\/div>\n<p><span class=\"wpcf7-form-control-wrap\" data-name=\"website\"><input size=\"40\" maxlength=\"400\" class=\"wpcf7-form-control wpcf7-text hp-field\" tabindex=\"-1\" autocomplete=\"off\" aria-invalid=\"false\" value=\"\" type=\"text\" name=\"website\" \/><\/span><br \/>\n<span class=\"wpcf7-form-control-wrap\" data-name=\"form_time\"><input size=\"40\" maxlength=\"400\" class=\"wpcf7-form-control wpcf7-text display-none\" aria-invalid=\"false\" value=\"\" type=\"text\" name=\"form_time\" \/><\/span><br \/>\n<span class=\"wpcf7-form-control-wrap\" data-name=\"info_extra_web\"><input size=\"40\" maxlength=\"400\" class=\"wpcf7-form-control wpcf7-text display-none\" aria-invalid=\"false\" value=\"\" type=\"text\" name=\"info_extra_web\" \/><\/span>\n<\/p>\n<div class=\"textos-adicionales-newsletter\">\n<p>\nNUTRIEXPERTS, SL como responsable del tratamiento tratar\u00e1 tus datos con la finalidad de dar respuesta a tu consulta o petici\u00f3n. Puedes acceder, rectificar y suprimir tus datos, as\u00ed como ejercer otros derechos consultando la informaci\u00f3n adicional y detallada sobre protecci\u00f3n de datos en nuestra <a href=\"http:\/\/dev.nutralie.com\/es\/politica-de-privacidad\/\" target=\"_blank\">Pol\u00edtica de Privacidad<\/a>.\n\t<\/p>\n<\/div>\n<div class=\"suscribirse-newsletter-aceptacion\">\n<p><label><span class=\"wpcf7-form-control-wrap\" data-name=\"mailjet-aceptacion\"><span class=\"wpcf7-form-control wpcf7-acceptance\"><span class=\"wpcf7-list-item\"><input type=\"checkbox\" name=\"mailjet-aceptacion\" value=\"1\" aria-invalid=\"false\" \/><\/span><\/span><\/span>He le\u00eddo y acepto las condiciones contenidas en la pol\u00edtica de privacidad sobre el tratamiento de mis datos para gestionar mi consulta o petici\u00f3n.<\/label>\n\t<\/p>\n<p>Nos gustar\u00eda que nos prestaras tu consentimiento para:\n\t<\/p>\n<p><label><span class=\"wpcf7-form-control-wrap\" data-name=\"mailjet-aceptacion\"><span class=\"wpcf7-form-control wpcf7-acceptance\"><span class=\"wpcf7-list-item\"><input type=\"checkbox\" name=\"mailjet-aceptacion\" value=\"1\" aria-invalid=\"false\" \/><\/span><\/span><\/span>Enviarte informaci\u00f3n comercial sobre los productos, servicios, novedades de NUTRIEXPERTS, SL<\/label>\n\t<\/p>\n<\/div>\n<div class=\"display-none\">\n<p><span class=\"wpcf7-form-control-wrap\" data-name=\"origen-formulario\"><textarea cols=\"40\" rows=\"10\" maxlength=\"2000\" class=\"wpcf7-form-control wpcf7-textarea\" aria-invalid=\"false\" name=\"origen-formulario\">Bloque NL - ES<\/textarea><\/span><br \/>\n\t<input class=\"wpcf7-form-control wpcf7-hidden\" value=\"\" type=\"hidden\" name=\"country-code\" \/>\n\t<\/p>\n<\/div>\n<p><input type='hidden' class='wpcf7-pum' value='{\"closepopup\":false,\"closedelay\":0,\"openpopup\":false,\"openpopup_id\":0}' \/><\/p>\n<div class=\"wpcf7-response-output\" aria-hidden=\"true\"><\/div>\n<\/form>\n<\/div>\n<\/div>\n\t\t<\/div><\/div><\/div><\/div><\/div><\/div><\/div><\/div><div class=\"ult-spacer spacer-69e10f2994cf5\" data-id=\"69e10f2994cf5\" data-height=\"50\" data-height-mobile=\"50\" data-height-tab=\"50\" data-height-tab-portrait=\"\" data-height-mobile-landscape=\"\" style=\"clear:both;display:block;\"><\/div><\/div><\/div><\/div><\/div><div class=\"vc_row-full-width vc_clearfix\"><\/div>\r\n<\/div>[\/vc_column][\/vc_row]<\/p>\n<\/div>","protected":false},"excerpt":{"rendered":"\u00a1\u00danete a la newsletter! Y descubre todas las novedades. SUSCRIBIRSE NUTRIEXPERTS, SL como responsable del tratamiento tratar\u00e1 tus datos con la finalidad de dar respuesta a tu consulta o petici\u00f3n. Puedes acceder, rectificar y suprimir tus datos, as\u00ed como ejercer<p><a class=\"readmore\" href=\"https:\/\/dev.nutralie.com\/es\/templatera\/unete-a-la-newsletter\/\">Leer M\u00e1s<\/a><\/p>","protected":false},"author":1,"featured_media":0,"parent":0,"menu_order":0,"comment_status":"closed","ping_status":"closed","template":"full-width.php","meta":{"_acf_changed":false,"footnotes":""},"class_list":["post-191088","page","type-page","status-publish","hentry"],"acf":[],"yoast_head":"<!-- This site is optimized with the Yoast SEO plugin v27.3 - https:\/\/yoast.com\/product\/yoast-seo-wordpress\/ -->\n<title>Contacto - Nutralie<\/title>\n<meta name=\"robots\" content=\"noindex, follow, max-snippet:-1, max-image-preview:large, max-video-preview:-1\" \/>\n<meta property=\"og:locale\" content=\"es_ES\" \/>\n<meta property=\"og:type\" content=\"article\" \/>\n<meta property=\"og:title\" content=\"Contacto - Nutralie\" \/>\n<meta property=\"og:url\" content=\"https:\/\/dev.nutralie.com\/es\/contacto\/\" \/>\n<meta property=\"og:site_name\" content=\"Nutralie\" \/>\n<meta property=\"article:modified_time\" content=\"2025-07-21T08:29:39+00:00\" \/>\n<meta name=\"twitter:card\" content=\"summary_large_image\" \/>\n<meta name=\"twitter:label1\" content=\"Tiempo de lectura\" \/>\n\t<meta name=\"twitter:data1\" content=\"1 minuto\" \/>\n<script type=\"application\/ld+json\" class=\"yoast-schema-graph\">{\"@context\":\"https:\\\/\\\/schema.org\",\"@graph\":[{\"@type\":\"WebPage\",\"@id\":\"https:\\\/\\\/dev.nutralie.com\\\/es\\\/contacto\\\/\",\"url\":\"https:\\\/\\\/dev.nutralie.com\\\/es\\\/contacto\\\/\",\"name\":\"Contacto - Nutralie\",\"isPartOf\":{\"@id\":\"https:\\\/\\\/dev.nutralie.com\\\/es\\\/#website\"},\"datePublished\":\"2025-05-18T10:39:43+00:00\",\"dateModified\":\"2025-07-21T08:29:39+00:00\",\"breadcrumb\":{\"@id\":\"https:\\\/\\\/dev.nutralie.com\\\/es\\\/contacto\\\/#breadcrumb\"},\"inLanguage\":\"es\",\"potentialAction\":[{\"@type\":\"ReadAction\",\"target\":[\"https:\\\/\\\/dev.nutralie.com\\\/es\\\/contacto\\\/\"]}]},{\"@type\":\"BreadcrumbList\",\"@id\":\"https:\\\/\\\/dev.nutralie.com\\\/es\\\/contacto\\\/#breadcrumb\",\"itemListElement\":[{\"@type\":\"ListItem\",\"position\":1,\"name\":\"Home\",\"item\":\"https:\\\/\\\/dev.nutralie.com\\\/es\\\/\"},{\"@type\":\"ListItem\",\"position\":2,\"name\":\"Contacto\"}]},{\"@type\":\"WebSite\",\"@id\":\"https:\\\/\\\/dev.nutralie.com\\\/es\\\/#website\",\"url\":\"https:\\\/\\\/dev.nutralie.com\\\/es\\\/\",\"name\":\"Nutralie\",\"description\":\"\",\"potentialAction\":[{\"@type\":\"SearchAction\",\"target\":{\"@type\":\"EntryPoint\",\"urlTemplate\":\"https:\\\/\\\/dev.nutralie.com\\\/es\\\/?s={search_term_string}\"},\"query-input\":{\"@type\":\"PropertyValueSpecification\",\"valueRequired\":true,\"valueName\":\"search_term_string\"}}],\"inLanguage\":\"es\"}]}<\/script>\n<!-- \/ Yoast SEO plugin. -->","yoast_head_json":{"title":"Contacto - Nutralie","robots":{"index":"noindex","follow":"follow","max-snippet":"max-snippet:-1","max-image-preview":"max-image-preview:large","max-video-preview":"max-video-preview:-1"},"og_locale":"es_ES","og_type":"article","og_title":"Contacto - Nutralie","og_url":"https:\/\/dev.nutralie.com\/es\/contacto\/","og_site_name":"Nutralie","article_modified_time":"2025-07-21T08:29:39+00:00","twitter_card":"summary_large_image","twitter_misc":{"Tiempo de lectura":"1 minuto"},"schema":{"@context":"https:\/\/schema.org","@graph":[{"@type":"WebPage","@id":"https:\/\/dev.nutralie.com\/es\/contacto\/","url":"https:\/\/dev.nutralie.com\/es\/contacto\/","name":"Contacto - Nutralie","isPartOf":{"@id":"https:\/\/dev.nutralie.com\/es\/#website"},"datePublished":"2025-05-18T10:39:43+00:00","dateModified":"2025-07-21T08:29:39+00:00","breadcrumb":{"@id":"https:\/\/dev.nutralie.com\/es\/contacto\/#breadcrumb"},"inLanguage":"es","potentialAction":[{"@type":"ReadAction","target":["https:\/\/dev.nutralie.com\/es\/contacto\/"]}]},{"@type":"BreadcrumbList","@id":"https:\/\/dev.nutralie.com\/es\/contacto\/#breadcrumb","itemListElement":[{"@type":"ListItem","position":1,"name":"Home","item":"https:\/\/dev.nutralie.com\/es\/"},{"@type":"ListItem","position":2,"name":"Contacto"}]},{"@type":"WebSite","@id":"https:\/\/dev.nutralie.com\/es\/#website","url":"https:\/\/dev.nutralie.com\/es\/","name":"Nutralie","description":"","potentialAction":[{"@type":"SearchAction","target":{"@type":"EntryPoint","urlTemplate":"https:\/\/dev.nutralie.com\/es\/?s={search_term_string}"},"query-input":{"@type":"PropertyValueSpecification","valueRequired":true,"valueName":"search_term_string"}}],"inLanguage":"es"}]}},"_links":{"self":[{"href":"https:\/\/dev.nutralie.com\/es\/wp-json\/wp\/v2\/pages\/191088","targetHints":{"allow":["GET"]}}],"collection":[{"href":"https:\/\/dev.nutralie.com\/es\/wp-json\/wp\/v2\/pages"}],"about":[{"href":"https:\/\/dev.nutralie.com\/es\/wp-json\/wp\/v2\/types\/page"}],"author":[{"embeddable":true,"href":"https:\/\/dev.nutralie.com\/es\/wp-json\/wp\/v2\/users\/1"}],"replies":[{"embeddable":true,"href":"https:\/\/dev.nutralie.com\/es\/wp-json\/wp\/v2\/comments?post=191088"}],"version-history":[{"count":6,"href":"https:\/\/dev.nutralie.com\/es\/wp-json\/wp\/v2\/pages\/191088\/revisions"}],"predecessor-version":[{"id":192258,"href":"https:\/\/dev.nutralie.com\/es\/wp-json\/wp\/v2\/pages\/191088\/revisions\/192258"}],"wp:attachment":[{"href":"https:\/\/dev.nutralie.com\/es\/wp-json\/wp\/v2\/media?parent=191088"}],"curies":[{"name":"wp","href":"https:\/\/api.w.org\/{rel}","templated":true}]}}