{"id":218095,"date":"2026-01-28T13:24:25","date_gmt":"2026-01-28T11:24:25","guid":{"rendered":"http:\/\/dev.nutralie.com\/?page_id=218095"},"modified":"2026-01-28T14:12:53","modified_gmt":"2026-01-28T12:12:53","slug":"politica-de-redes-sociales","status":"publish","type":"page","link":"https:\/\/dev.nutralie.com\/es\/politica-de-redes-sociales\/","title":{"rendered":"POL\u00cdTICA DE REDES SOCIALES"},"content":{"rendered":"<div class=\"wpb-content-wrapper\"><p>[vc_row][vc_column]<div class=\"ult-spacer spacer-69e1720202758\" data-id=\"69e1720202758\" data-height=\"80\" data-height-mobile=\"55\" data-height-tab=\"\" data-height-tab-portrait=\"\" data-height-mobile-landscape=\"55\" style=\"clear:both;display:block;\"><\/div><h2 class=\"titulo-dos-colores title-1\" style=\"text-align:center !important;\"><span class=\"titulo-negro\">Pol\u00edtica de<\/span> <span class=\"titulo-morado\">redes sociales<\/span><\/h2><style>\r\n                .titulo-dos-colores .titulo-negro {\r\n                    color: #000000;\r\n                }\r\n                .titulo-dos-colores .titulo-morado {\r\n                    color: #AAA5FF;\r\n                }\r\n            <\/style><div class=\"ult-spacer spacer-69e172020284b\" data-id=\"69e172020284b\" data-height=\"25\" data-height-mobile=\"15\" data-height-tab=\"\" data-height-tab-portrait=\"\" data-height-mobile-landscape=\"15\" style=\"clear:both;display:block;\"><\/div>[\/vc_column][\/vc_row][vc_row el_class=\u00bbsection-aviso-legal\u00bb][vc_column][vc_column_text css=\u00bb\u00bb]POL\u00cdTICA DE PRIVACIDAD REDES SOCIALES<\/p>\n<p>1. INFORMACI\u00d3N A LA PERSONA USUARIA<\/p>\n<p><span data-path-to-node=\"4,0\"><b data-path-to-node=\"4,0\" data-index-in-node=\"0\">\u00bfQui\u00e9n es el responsable del tratamiento de sus datos personales?<\/b> <\/span><\/p>\n<p><span data-path-to-node=\"4,2\"><span class=\"citation-621\">NUTRIEXPERTS, SL es el responsable del tratamiento de los datos personales de aquellas personas que han creado un perfil en cualquiera de sus redes sociales<\/span><\/span><span data-path-to-node=\"4,4\">. <\/span><span data-path-to-node=\"4,6\"><span class=\"citation-620\">Estos datos ser\u00e1n tratados de conformidad con el Reglamento (UE) 2016\/679 (GDPR), la Ley Org\u00e1nica 3\/2018 (LOPDGDD) y la Ley de Servicios de la Sociedad de la Informaci\u00f3n y Comercio Electr\u00f3nico (LSSI)<\/span><\/span><span data-path-to-node=\"4,8\">.<\/span><\/p>\n<p><b data-path-to-node=\"5\" data-index-in-node=\"0\">\u00bfPara qu\u00e9 tratamos sus datos personales?<\/b><\/p>\n<p>La finalidad del tratamiento es mantener una relaci\u00f3n entre la persona usuaria y NUTRIEXPERTS, SL, lo cual incluye las siguientes operaciones:<\/p>\n<ul>\n<li><span data-path-to-node=\"6,0,0,1\"><span class=\"citation-619\">Tramitar solicitudes y consultas planteadas al responsable<\/span><\/span><span data-path-to-node=\"6,0,0,3\">.<\/span><\/li>\n<li><span data-path-to-node=\"6,1,0,1\"><span class=\"citation-618\">Informar sobre actividades, eventos, productos o servicios ofrecidos<\/span><\/span><span data-path-to-node=\"6,1,0,3\">.<\/span><\/li>\n<li><span data-path-to-node=\"6,2,0,1\"><span class=\"citation-617\">Interactuar a trav\u00e9s de los perfiles oficiales<\/span><\/span><span data-path-to-node=\"6,2,0,3\">.<\/span><\/li>\n<\/ul>\n<p><span data-path-to-node=\"8,0\"><b data-path-to-node=\"8,0\" data-index-in-node=\"0\"><span class=\"citation-616\">Base Jur\u00eddica del Tratamiento:<\/span><\/b> <\/span><\/p>\n<p><span data-path-to-node=\"8,0\"><span class=\"citation-616\">El consentimiento expl\u00edcito otorgado por la persona usuaria para uno o varios fines espec\u00edficos<\/span><\/span><span data-path-to-node=\"8,2\">. <\/span><span data-path-to-node=\"8,4\"><span class=\"citation-615\">El usuario puede acceder en todo momento a las pol\u00edticas de privacidad de la propia red social y configurar su perfil para garantizar su privacidad<\/span><\/span><span data-path-to-node=\"8,6\">.<\/span><\/p>\n<p><span data-path-to-node=\"9,0\"><b data-path-to-node=\"9,0\" data-index-in-node=\"0\">\u00bfDurante cu\u00e1nto tiempo guardaremos sus datos personales?<\/b> <\/span><\/p>\n<p><span data-path-to-node=\"9,2\"><span class=\"citation-614\">Los datos se conservar\u00e1n mientras la persona usuaria no revoque el consentimiento prestado<\/span><\/span><span data-path-to-node=\"9,4\">.<\/span><\/p>\n<p><span data-path-to-node=\"10,0\"><b data-path-to-node=\"10,0\" data-index-in-node=\"0\">\u00bfA qui\u00e9n facilitamos sus datos personales?<\/b> <\/span><\/p>\n<p><span data-path-to-node=\"10,2\"><span class=\"citation-613\">La informaci\u00f3n facilitada a trav\u00e9s de las redes sociales puede ser publicada y quedar a disposici\u00f3n p\u00fablica de otros usuarios de las mismas<\/span><\/span><span data-path-to-node=\"10,4\">. <\/span><span data-path-to-node=\"10,6\"><span class=\"citation-612\">No se prev\u00e9 la comunicaci\u00f3n de datos a terceros fuera de la red social, salvo que sea imprescindible para las finalidades del tratamiento (como proveedores de servicios de comunicaci\u00f3n con contratos de confidencialidad vigentes)<\/span><\/span><span data-path-to-node=\"10,8\">.<\/span><\/p>\n<p><span data-path-to-node=\"11,0\"><b data-path-to-node=\"11,0\" data-index-in-node=\"0\">\u00bfCu\u00e1les son sus derechos?<\/b> <\/span><\/p>\n<p><span data-path-to-node=\"11,2\"><span class=\"citation-611\">Los derechos solo pueden satisfacerse en relaci\u00f3n a la informaci\u00f3n bajo control del responsable<\/span><\/span><span data-path-to-node=\"11,4\">:<\/span><\/p>\n<p><span data-path-to-node=\"12,0,0,1\"><span class=\"citation-610\">Derecho a retirar el consentimiento en cualquier momento<\/span><\/span><span data-path-to-node=\"12,0,0,3\">.<\/span><\/p>\n<p><span data-path-to-node=\"12,1,0,1\"><span class=\"citation-609\">Derecho de acceso, rectificaci\u00f3n, portabilidad, supresi\u00f3n, limitaci\u00f3n y oposici\u00f3n al tratamiento<\/span><\/span><span data-path-to-node=\"12,1,0,3\">.<\/span><\/p>\n<p><span data-path-to-node=\"12,2,0,1\"><span class=\"citation-608\">Derecho a presentar una reclamaci\u00f3n ante la autoridad de control (www.aepd.es)<\/span><\/span><span data-path-to-node=\"12,2,0,3\">.<\/span><\/p>\n<p><b data-path-to-node=\"13\" data-index-in-node=\"0\">Datos de contacto para ejercer sus derechos:<\/b><\/p>\n<p><span data-path-to-node=\"14,0,1,0\"><b data-path-to-node=\"14,0,1,0\" data-index-in-node=\"0\"><span class=\"citation-607\">Direcci\u00f3n postal:<\/span><\/b><span class=\"citation-607\"> C\/ Vallespir, 19 Planta 3 Oficina 5, 08173 Sant Cugat del Vall\u00e8s (Barcelona)<\/span><\/span><span data-path-to-node=\"14,0,1,2\">.<\/span><\/p>\n<p><span data-path-to-node=\"14,1,1,0\"><b data-path-to-node=\"14,1,1,0\" data-index-in-node=\"0\"><span class=\"citation-606\">Correo electr\u00f3nico:<\/span><\/b><span class=\"citation-606\"> gdpr@nutriexperts.eu<\/span><\/span><span data-path-to-node=\"14,1,1,2\">.<\/span><\/p>\n<p>2. UTILIZACI\u00d3N DEL PERFIL<\/p>\n<p><span data-path-to-node=\"17,1\"><span class=\"citation-605\">El responsable realizar\u00e1 actuaciones como el acceso a la informaci\u00f3n p\u00fablica del perfil, publicaci\u00f3n de informaci\u00f3n ya presente en su propia red social en el perfil del usuario, env\u00edo de mensajes personales e individuales y actualizaciones de estado<\/span><\/span><span data-path-to-node=\"17,3\">. <\/span><span data-path-to-node=\"17,5\"><span class=\"citation-604\">La persona usuaria siempre puede controlar sus conexiones y restringir con qui\u00e9n comparte sus contenidos a trav\u00e9s de su configuraci\u00f3n de privacidad<\/span><\/span><span data-path-to-node=\"17,7\">.<\/span><\/p>\n<p>3. PUBLICACIONES<\/p>\n<p><span data-path-to-node=\"20,1\"><span class=\"citation-603\">Una vez que el usuario sea seguidor, podr\u00e1 publicar comentarios, enlaces, im\u00e1genes o contenido multimedia<\/span><\/span><span data-path-to-node=\"20,3\">.<\/span><\/p>\n<ul>\n<li><span data-path-to-node=\"21,0,1,0\"><b data-path-to-node=\"21,0,1,0\" data-index-in-node=\"0\"><span class=\"citation-602\">Titularidad:<\/span><\/b><span class=\"citation-602\"> El usuario debe ser el titular del contenido o contar con el consentimiento de terceros afectados<\/span><\/span><span data-path-to-node=\"21,0,1,2\">.<\/span><\/li>\n<li><span data-path-to-node=\"21,1,1,0\"><b data-path-to-node=\"21,1,1,0\" data-index-in-node=\"0\"><span class=\"citation-601\">Prohibiciones:<\/span><\/b><span class=\"citation-601\"> Se proh\u00edben publicaciones que atenten contra la moral, la \u00e9tica o la ley, as\u00ed como comentarios ofensivos o difamatorios<\/span><\/span><span data-path-to-node=\"21,1,1,2\">.<\/span><\/li>\n<li><span data-path-to-node=\"21,2,1,0\"><b data-path-to-node=\"21,2,1,0\" data-index-in-node=\"0\"><span class=\"citation-600\">Responsabilidad:<\/span><\/b><span class=\"citation-600\"> El responsable se reserva el derecho de retirar contenido de inmediato y bloquear usuarios sin comunicaci\u00f3n previa<\/span><\/span><span data-path-to-node=\"21,2,1,2\">. <\/span><span data-path-to-node=\"21,2,1,4\"><span class=\"citation-599\">El usuario es el principal responsable de su propia privacidad respecto a lo que publica libremente<\/span><\/span><span data-path-to-node=\"21,2,1,6\">.<\/span><\/li>\n<\/ul>\n<p>4. DATOS DE MENORES O PERSONAS CON CAPACIDADES ESPECIALES<\/p>\n<p><span data-path-to-node=\"24,1\"><span class=\"citation-598\">Se recomienda revisar los requisitos de edad de cada red social<\/span><\/span><span data-path-to-node=\"24,3\">. <\/span><span data-path-to-node=\"24,5\"><span class=\"citation-597\">El responsable queda exonerado de responsabilidad por el uso de redes sociales por parte de menores o personas con capacidades especiales, cuyo acceso debe ser supervisado por sus representantes legales<\/span><\/span><span data-path-to-node=\"24,7\">.<\/span><\/p>\n<p><span data-path-to-node=\"26,0\"><b data-path-to-node=\"26,0\" data-index-in-node=\"0\"><span class=\"citation-596\">Nota:<\/span><\/b><span class=\"citation-596\"> Esta pol\u00edtica puede ser modificada en cualquier momento, y los cambios ser\u00e1n comunicados a trav\u00e9s de las redes sociales o el sitio web<\/span><\/span><span data-path-to-node=\"26,2\">.<\/span>[\/vc_column_text]<div class=\"ult-spacer spacer-69e17202028a6\" data-id=\"69e17202028a6\" data-height=\"80\" data-height-mobile=\"45\" data-height-tab=\"\" data-height-tab-portrait=\"\" data-height-mobile-landscape=\"45\" style=\"clear:both;display:block;\"><\/div>[\/vc_column][\/vc_row][vc_row][vc_column el_class=\u00bbsuscribete\u00bb]<div class=\"templatera_shortcode\"><div data-vc-full-width=\"true\" data-vc-full-width-init=\"false\" class=\"vc_row wpb_row vc_row-fluid newsletter-new-section vc_custom_1665733738560 vc_row-has-fill\" style=\"background-repeat: repeat\"><div class=\"wpb_column vc_column_container vc_col-sm-12\"><div class=\"vc_column-inner\"><div class=\"wpb_wrapper\"><div class=\"ult-spacer spacer-69e172020751f\" data-id=\"69e172020751f\" data-height=\"50\" data-height-mobile=\"50\" data-height-tab=\"50\" data-height-tab-portrait=\"\" data-height-mobile-landscape=\"\" style=\"clear:both;display:block;\"><\/div><div class=\"mkdf-row-grid-section-wrapper \" style=\"background-repeat: repeat\"><div class=\"mkdf-row-grid-section\"><div class=\"vc_row wpb_row vc_inner vc_row-fluid vc_row-o-content-top vc_row-flex\" ><div class=\"wpb_column vc_column_container vc_col-sm-6\"><div class=\"vc_column-inner\"><div class=\"wpb_wrapper\"><div  class=\"vc_wp_text wpb_content_element title-middle-30\"><div class=\"widget widget_text\">\t\t\t<div class=\"textwidget\"><\/p>\n<p style=\"color: white !important;\">SUBSCRIBE TO OUR NEWSLETTER TO GET A 10% DISCOUNT!<\/p>\n<p>\n<\/div>\n\t\t<\/div><\/div><div  class=\"vc_wp_text wpb_content_element p-new-category\"><div class=\"widget widget_text\">\t\t\t<div class=\"textwidget\"><\/p>\n<p style=\"color: white !important;\">And discover all the news<\/p>\n<p>\n<\/div>\n\t\t<\/div><\/div><\/div><\/div><\/div><div class=\"wpb_column vc_column_container vc_col-sm-6\"><div class=\"vc_column-inner\"><div class=\"wpb_wrapper\"><div  class=\"vc_wp_text wpb_content_element\"><div class=\"widget widget_text\">\t\t\t<div class=\"textwidget\"><div class=\"wpcf7 no-js\" id=\"wpcf7-f137787-o1\" lang=\"en-US\" dir=\"ltr\" data-wpcf7-id=\"137787\">\n<div class=\"screen-reader-response\">\n<p role=\"status\" aria-live=\"polite\" aria-atomic=\"true\">\n<ul><\/ul>\n<\/div>\n<form action=\"\/es\/wp-json\/wp\/v2\/pages\/218095#wpcf7-f137787-o1\" method=\"post\" class=\"wpcf7-form init\" aria-label=\"Contact form\" novalidate=\"novalidate\" data-status=\"init\">\n<fieldset class=\"hidden-fields-container\"><input type=\"hidden\" name=\"_wpcf7\" value=\"137787\" \/><input type=\"hidden\" name=\"_wpcf7_version\" value=\"6.1.5\" \/><input type=\"hidden\" name=\"_wpcf7_locale\" value=\"en_US\" \/><input type=\"hidden\" name=\"_wpcf7_unit_tag\" value=\"wpcf7-f137787-o1\" \/><input type=\"hidden\" name=\"_wpcf7_container_post\" value=\"0\" \/><input type=\"hidden\" name=\"_wpcf7_posted_data_hash\" value=\"\" \/><input type=\"hidden\" name=\"_wpcf7_recaptcha_response\" value=\"\" \/><br \/>\n<\/fieldset>\n<div class=\"form-unete-nuestra-newsletter\">\n<p><span class=\"wpcf7-form-control-wrap\" data-name=\"your-email\"><input size=\"40\" maxlength=\"400\" class=\"wpcf7-form-control wpcf7-email wpcf7-validates-as-required wpcf7-text wpcf7-validates-as-email\" aria-required=\"true\" aria-invalid=\"false\" placeholder=\"Enter your email address to receive the newsletter\" value=\"\" type=\"email\" name=\"your-email\" \/><\/span><button class=\"wpcf7-form-control wpcf7-submit mkdf-btn mkdf-btn-medium mkdf-btn-solid\" type=\"submit\"><span class=\"mkdf-btn-text\">SUBSCRIBE<\/span><\/button>\n\t<\/p>\n<\/div>\n<p><span class=\"wpcf7-form-control-wrap\" data-name=\"website\"><input size=\"40\" maxlength=\"400\" class=\"wpcf7-form-control wpcf7-text hp-field\" tabindex=\"-1\" autocomplete=\"off\" aria-invalid=\"false\" value=\"\" type=\"text\" name=\"website\" \/><\/span><br \/>\n<span class=\"wpcf7-form-control-wrap\" data-name=\"form_time\"><input size=\"40\" maxlength=\"400\" class=\"wpcf7-form-control wpcf7-text display-none\" aria-invalid=\"false\" value=\"\" type=\"text\" name=\"form_time\" \/><\/span><br \/>\n<span class=\"wpcf7-form-control-wrap\" data-name=\"info_extra_web\"><input size=\"40\" maxlength=\"400\" class=\"wpcf7-form-control wpcf7-text display-none\" aria-invalid=\"false\" value=\"\" type=\"text\" name=\"info_extra_web\" \/><\/span>\n<\/p>\n<div class=\"suscribirse-newsletter-aceptacion\">\n<p><label><span class=\"wpcf7-form-control-wrap\" data-name=\"mailjet-aceptacion\"><span class=\"wpcf7-form-control wpcf7-acceptance\"><span class=\"wpcf7-list-item\"><input type=\"checkbox\" name=\"mailjet-aceptacion\" value=\"1\" aria-invalid=\"false\" \/><\/span><\/span><\/span>I declare that I have read and accepted the conditions of the <a href=\"http:\/\/dev.nutralie.com\/privacy-policy\/\" target=\"_blank\">Legal Notice and Privacy Policy<\/a>.<\/label>\n\t<\/p>\n<\/div>\n<div class=\"display-none\">\n<p><span class=\"wpcf7-form-control-wrap\" data-name=\"origen-formulario\"><textarea cols=\"40\" rows=\"10\" maxlength=\"2000\" class=\"wpcf7-form-control wpcf7-textarea\" aria-invalid=\"false\" name=\"origen-formulario\">Bloque NL - EN<\/textarea><\/span><br \/>\n\t<input class=\"wpcf7-form-control wpcf7-hidden\" id=\"country-code\" value=\"\" type=\"hidden\" name=\"country-code\" \/>\n\t<\/p>\n<\/div>\n<p><input type='hidden' class='wpcf7-pum' value='{\"closepopup\":false,\"closedelay\":0,\"openpopup\":false,\"openpopup_id\":0}' \/><\/p>\n<div class=\"wpcf7-response-output\" aria-hidden=\"true\"><\/div>\n<\/form>\n<\/div>\n<\/div>\n\t\t<\/div><\/div><\/div><\/div><\/div><\/div><\/div><\/div><div class=\"ult-spacer spacer-69e1720241712\" data-id=\"69e1720241712\" data-height=\"50\" data-height-mobile=\"50\" data-height-tab=\"50\" data-height-tab-portrait=\"\" data-height-mobile-landscape=\"\" style=\"clear:both;display:block;\"><\/div><\/div><\/div><\/div><\/div><div class=\"vc_row-full-width vc_clearfix\"><\/div>\r\n<\/div>[\/vc_column][\/vc_row]<\/p>\n<\/div>","protected":false},"excerpt":{"rendered":"SUBSCRIBE TO OUR NEWSLETTER TO GET A 10% DISCOUNT! And discover all the news SUBSCRIBE I declare that I have read and accepted the conditions of the Legal Notice and Privacy Policy. Bloque NL - EN","protected":false},"author":14,"featured_media":0,"parent":0,"menu_order":0,"comment_status":"closed","ping_status":"closed","template":"","meta":{"_acf_changed":false,"footnotes":""},"class_list":["post-218095","page","type-page","status-publish","hentry"],"acf":[],"yoast_head":"<!-- This site is optimized with the Yoast SEO plugin v27.3 - https:\/\/yoast.com\/product\/yoast-seo-wordpress\/ -->\n<title>Pol\u00edtica de Cookies | Nutralie<\/title>\n<meta name=\"robots\" content=\"noindex, follow, max-snippet:-1, max-image-preview:large, max-video-preview:-1\" \/>\n<meta property=\"og:locale\" content=\"es_ES\" \/>\n<meta property=\"og:type\" content=\"article\" \/>\n<meta property=\"og:title\" content=\"Pol\u00edtica de Cookies | Nutralie\" \/>\n<meta property=\"og:url\" content=\"https:\/\/dev.nutralie.com\/es\/politica-de-redes-sociales\/\" \/>\n<meta property=\"og:site_name\" content=\"Nutralie\" \/>\n<meta property=\"article:modified_time\" content=\"2026-01-28T12:12:53+00:00\" \/>\n<meta name=\"twitter:card\" content=\"summary_large_image\" \/>\n<meta name=\"twitter:label1\" content=\"Tiempo de lectura\" \/>\n\t<meta name=\"twitter:data1\" content=\"3 minutos\" \/>\n<script type=\"application\/ld+json\" class=\"yoast-schema-graph\">{\"@context\":\"https:\\\/\\\/schema.org\",\"@graph\":[{\"@type\":\"WebPage\",\"@id\":\"https:\\\/\\\/dev.nutralie.com\\\/es\\\/politica-de-redes-sociales\\\/\",\"url\":\"https:\\\/\\\/dev.nutralie.com\\\/es\\\/politica-de-redes-sociales\\\/\",\"name\":\"Pol\u00edtica de Cookies | Nutralie\",\"isPartOf\":{\"@id\":\"https:\\\/\\\/dev.nutralie.com\\\/es\\\/#website\"},\"datePublished\":\"2026-01-28T11:24:25+00:00\",\"dateModified\":\"2026-01-28T12:12:53+00:00\",\"breadcrumb\":{\"@id\":\"https:\\\/\\\/dev.nutralie.com\\\/es\\\/politica-de-redes-sociales\\\/#breadcrumb\"},\"inLanguage\":\"es\",\"potentialAction\":[{\"@type\":\"ReadAction\",\"target\":[\"https:\\\/\\\/dev.nutralie.com\\\/es\\\/politica-de-redes-sociales\\\/\"]}]},{\"@type\":\"BreadcrumbList\",\"@id\":\"https:\\\/\\\/dev.nutralie.com\\\/es\\\/politica-de-redes-sociales\\\/#breadcrumb\",\"itemListElement\":[{\"@type\":\"ListItem\",\"position\":1,\"name\":\"Home\",\"item\":\"https:\\\/\\\/dev.nutralie.com\\\/es\\\/\"},{\"@type\":\"ListItem\",\"position\":2,\"name\":\"POL\u00cdTICA DE REDES SOCIALES\"}]},{\"@type\":\"WebSite\",\"@id\":\"https:\\\/\\\/dev.nutralie.com\\\/es\\\/#website\",\"url\":\"https:\\\/\\\/dev.nutralie.com\\\/es\\\/\",\"name\":\"Nutralie\",\"description\":\"\",\"potentialAction\":[{\"@type\":\"SearchAction\",\"target\":{\"@type\":\"EntryPoint\",\"urlTemplate\":\"https:\\\/\\\/dev.nutralie.com\\\/es\\\/?s={search_term_string}\"},\"query-input\":{\"@type\":\"PropertyValueSpecification\",\"valueRequired\":true,\"valueName\":\"search_term_string\"}}],\"inLanguage\":\"es\"}]}<\/script>\n<!-- \/ Yoast SEO plugin. -->","yoast_head_json":{"title":"Pol\u00edtica de Cookies | Nutralie","robots":{"index":"noindex","follow":"follow","max-snippet":"max-snippet:-1","max-image-preview":"max-image-preview:large","max-video-preview":"max-video-preview:-1"},"og_locale":"es_ES","og_type":"article","og_title":"Pol\u00edtica de Cookies | Nutralie","og_url":"https:\/\/dev.nutralie.com\/es\/politica-de-redes-sociales\/","og_site_name":"Nutralie","article_modified_time":"2026-01-28T12:12:53+00:00","twitter_card":"summary_large_image","twitter_misc":{"Tiempo de lectura":"3 minutos"},"schema":{"@context":"https:\/\/schema.org","@graph":[{"@type":"WebPage","@id":"https:\/\/dev.nutralie.com\/es\/politica-de-redes-sociales\/","url":"https:\/\/dev.nutralie.com\/es\/politica-de-redes-sociales\/","name":"Pol\u00edtica de Cookies | Nutralie","isPartOf":{"@id":"https:\/\/dev.nutralie.com\/es\/#website"},"datePublished":"2026-01-28T11:24:25+00:00","dateModified":"2026-01-28T12:12:53+00:00","breadcrumb":{"@id":"https:\/\/dev.nutralie.com\/es\/politica-de-redes-sociales\/#breadcrumb"},"inLanguage":"es","potentialAction":[{"@type":"ReadAction","target":["https:\/\/dev.nutralie.com\/es\/politica-de-redes-sociales\/"]}]},{"@type":"BreadcrumbList","@id":"https:\/\/dev.nutralie.com\/es\/politica-de-redes-sociales\/#breadcrumb","itemListElement":[{"@type":"ListItem","position":1,"name":"Home","item":"https:\/\/dev.nutralie.com\/es\/"},{"@type":"ListItem","position":2,"name":"POL\u00cdTICA DE REDES SOCIALES"}]},{"@type":"WebSite","@id":"https:\/\/dev.nutralie.com\/es\/#website","url":"https:\/\/dev.nutralie.com\/es\/","name":"Nutralie","description":"","potentialAction":[{"@type":"SearchAction","target":{"@type":"EntryPoint","urlTemplate":"https:\/\/dev.nutralie.com\/es\/?s={search_term_string}"},"query-input":{"@type":"PropertyValueSpecification","valueRequired":true,"valueName":"search_term_string"}}],"inLanguage":"es"}]}},"_links":{"self":[{"href":"https:\/\/dev.nutralie.com\/es\/wp-json\/wp\/v2\/pages\/218095","targetHints":{"allow":["GET"]}}],"collection":[{"href":"https:\/\/dev.nutralie.com\/es\/wp-json\/wp\/v2\/pages"}],"about":[{"href":"https:\/\/dev.nutralie.com\/es\/wp-json\/wp\/v2\/types\/page"}],"author":[{"embeddable":true,"href":"https:\/\/dev.nutralie.com\/es\/wp-json\/wp\/v2\/users\/14"}],"replies":[{"embeddable":true,"href":"https:\/\/dev.nutralie.com\/es\/wp-json\/wp\/v2\/comments?post=218095"}],"version-history":[{"count":3,"href":"https:\/\/dev.nutralie.com\/es\/wp-json\/wp\/v2\/pages\/218095\/revisions"}],"predecessor-version":[{"id":218118,"href":"https:\/\/dev.nutralie.com\/es\/wp-json\/wp\/v2\/pages\/218095\/revisions\/218118"}],"wp:attachment":[{"href":"https:\/\/dev.nutralie.com\/es\/wp-json\/wp\/v2\/media?parent=218095"}],"curies":[{"name":"wp","href":"https:\/\/api.w.org\/{rel}","templated":true}]}}