{"id":8347,"date":"2020-07-24T09:51:40","date_gmt":"2020-07-24T07:51:40","guid":{"rendered":"http:\/\/dev.nutralie.com\/?page_id=8347"},"modified":"2026-01-28T13:00:07","modified_gmt":"2026-01-28T11:00:07","slug":"politica-de-privacidad","status":"publish","type":"page","link":"https:\/\/dev.nutralie.com\/es\/politica-de-privacidad\/","title":{"rendered":"POL\u00cdTICA DE PRIVACIDAD"},"content":{"rendered":"<div class=\"wpb-content-wrapper\"><p>[vc_row][vc_column]<div class=\"ult-spacer spacer-69e1380eb8d02\" data-id=\"69e1380eb8d02\" data-height=\"80\" data-height-mobile=\"55\" data-height-tab=\"\" data-height-tab-portrait=\"\" data-height-mobile-landscape=\"55\" style=\"clear:both;display:block;\"><\/div><h2 class=\"titulo-dos-colores title-1\" style=\"text-align:center !important;\"><span class=\"titulo-negro\">Pol\u00edtica de<\/span> <span class=\"titulo-morado\">privacidad<\/span><\/h2><style>\r\n                .titulo-dos-colores .titulo-negro {\r\n                    color: #000000;\r\n                }\r\n                .titulo-dos-colores .titulo-morado {\r\n                    color: #AAA5FF;\r\n                }\r\n            <\/style><div class=\"ult-spacer spacer-69e1380eb8ddc\" data-id=\"69e1380eb8ddc\" data-height=\"25\" data-height-mobile=\"15\" data-height-tab=\"\" data-height-tab-portrait=\"\" data-height-mobile-landscape=\"15\" style=\"clear:both;display:block;\"><\/div>[\/vc_column][\/vc_row][vc_row el_class=\u00bbsection-aviso-legal\u00bb][vc_column][vc_column_text css=\u00bb\u00bb]<\/p>\n<div id=\"model-response-message-contentr_4b9bcb646be70be2\" class=\"markdown markdown-main-panel stronger enable-updated-hr-color\" dir=\"ltr\" aria-live=\"polite\" aria-busy=\"false\">\n<p><strong>POL\u00cdTICA DE PRIVACIDAD WEB<\/strong><\/p>\n<p><strong>1. RESPONSABLE DEL TRATAMIENTO<\/strong><\/p>\n<p>La empresa responsable del tratamiento de sus datos en virtud de esta Pol\u00edtica de Privacidad es:<\/p>\n<p><strong>Denominaci\u00f3n Social:<\/strong> NUTRIEXPERTS, SL<br \/>\n<strong>Nombre Comercial:<\/strong> NUTRIEXPERTS<br \/>\n<strong>NIF:<\/strong> B06770051<br \/>\n<strong>Domicilio:<\/strong> C\/ Vallespir, 19 Planta 3 Oficina 5, 08173 Sant Cugat del Vall\u00e8s \u2013 Barcelona (Espa\u00f1a)<br \/>\n<strong>Direcci\u00f3n de correo electr\u00f3nico:<\/strong> <a href=\"mailto:info@dev.nutralie.com\">info@dev.nutralie.com<\/a><br \/>\n<strong>Web:<\/strong> <a href=\"http:\/\/dev.nutralie.com\/\">www.nutralie.com<\/a><br \/>\n<strong>Registro Mercantil:<\/strong> Inscrita en el Registro Mercantil de Barcelona al Tomo 39904, Folio, Secci\u00f3n 113, Hoja B-356186.<\/p>\n<p>En NUTRIEXPERTS, SL, nos comprometemos a proteger su informaci\u00f3n personal y a tratarla con responsabilidad y de conformidad con las leyes de protecci\u00f3n de datos vigentes.<\/p>\n<p><strong>2. DATOS PERSONALES<\/strong><\/p>\n<p>Un dato personal es cualquier informaci\u00f3n que le identifica o le hace identificable. A trav\u00e9s de nuestra web, recogemos los datos que usted nos comunica voluntariamente (nombre, apellidos, correo electr\u00f3nico, tel\u00e9fono, etc.) mediante formularios o redes sociales. La visita a la web no implica la obligaci\u00f3n de facilitar datos personales. En caso de facilitarlos, ser\u00e1n tratados conforme al Reglamento (UE) 2016\/679 (RGPD) y a la Ley Org\u00e1nica 3\/2018 (LOPDGDD).<\/p>\n<p><strong>3. FINALIDAD, DURACI\u00d3N Y LEGITIMACI\u00d3N<\/strong><\/p>\n<p>Tratamos sus datos personales conforme a las siguientes finalidades:<\/p>\n<ul>\n<li><strong>Atenci\u00f3n de solicitudes:<\/strong> Gesti\u00f3n de consultas realizadas a trav\u00e9s del formulario de contacto. Conservaci\u00f3n m\u00ednima de 3 a\u00f1os.<br \/>\n<strong>Legitimaci\u00f3n:<\/strong> Consentimiento del usuario.<\/li>\n<li><strong>Mejora de la experiencia web:<\/strong> Uso de cookies para facilitar la navegaci\u00f3n. Conservaci\u00f3n m\u00ednima de 3 a\u00f1os mientras no se revoque el consentimiento.<br \/>\n<strong>Legitimaci\u00f3n:<\/strong> Consentimiento del usuario al aceptar las cookies.<\/li>\n<li><strong>Gesti\u00f3n de Redes Sociales:<\/strong> Env\u00edo de informaci\u00f3n relacionada con nuestras actividades y productos. Conservaci\u00f3n m\u00ednima de 3 a\u00f1os.<br \/>\n<strong>Legitimaci\u00f3n:<\/strong> Consentimiento del usuario.<\/li>\n<li><strong>Gesti\u00f3n de compras:<\/strong> Tramitaci\u00f3n de pedidos, pagos y ejecuci\u00f3n del contrato de compraventa. Conservaci\u00f3n durante la relaci\u00f3n contractual y los plazos exigidos por la normativa fiscal y contable.<br \/>\n<strong>Legitimaci\u00f3n:<\/strong> Ejecuci\u00f3n de un contrato.<\/li>\n<li><strong>Carrito abandonado:<\/strong> Env\u00edo de recordatorios de los productos a\u00f1adidos a la cesta durante un plazo m\u00e1ximo de 5 d\u00edas.<br \/>\n<strong>Legitimaci\u00f3n:<\/strong> Inter\u00e9s leg\u00edtimo del responsable del tratamiento.<\/li>\n<li><strong>Newsletter:<\/strong> Env\u00edo de boletines informativos y comunicaciones comerciales. Conservaci\u00f3n m\u00ednima de 3 a\u00f1os mientras no se revoque el consentimiento.<br \/>\n<strong>Legitimaci\u00f3n:<\/strong> Consentimiento expreso del usuario.<\/li>\n<li><strong>Registro de usuario:<\/strong> Gesti\u00f3n del alta, mantenimiento de la cuenta y acceso al \u00e1rea privada. Conservaci\u00f3n hasta que el usuario solicite la baja (m\u00ednimo 3 a\u00f1os).<br \/>\n<strong>Legitimaci\u00f3n:<\/strong> Consentimiento del usuario al registrarse.<\/li>\n<li><strong>Concursos y sorteos:<\/strong> Gesti\u00f3n de la participaci\u00f3n y comunicaci\u00f3n con los ganadores. Conservaci\u00f3n conforme a las bases legales de cada concurso (m\u00ednimo 3 a\u00f1os).<br \/>\n<strong>Legitimaci\u00f3n:<\/strong> Consentimiento del usuario y aceptaci\u00f3n de las bases legales.<\/li>\n<\/ul>\n<p><strong>4. CESI\u00d3N DE DATOS Y TRANSFERENCIAS INTERNACIONALES<\/strong><\/p>\n<p>Sus datos personales no se ceder\u00e1n a terceros, salvo obligaci\u00f3n legal o cuando sea necesario para la prestaci\u00f3n del servicio por parte de proveedores que act\u00faen como encargados del tratamiento. Nuestros servidores se encuentran ubicados dentro de la Uni\u00f3n Europea. En caso de que se realicen transferencias internacionales de datos fuera del Espacio Econ\u00f3mico Europeo, se garantizar\u00e1 un nivel adecuado de protecci\u00f3n mediante decisiones de adecuaci\u00f3n o la aplicaci\u00f3n de cl\u00e1usulas contractuales tipo aprobadas por la Comisi\u00f3n Europea.<\/p>\n<p><strong>5. DERECHOS DE LOS INTERESADOS<\/strong><\/p>\n<p>Usted tiene derecho a:<\/p>\n<ol>\n<li>Acceder a sus datos personales.<\/li>\n<li>Solicitar la rectificaci\u00f3n o supresi\u00f3n de los datos.<\/li>\n<li>Solicitar la limitaci\u00f3n del tratamiento u oponerse al mismo.<\/li>\n<li>Solicitar la portabilidad de sus datos.<\/li>\n<li>No ser objeto de decisiones basadas \u00fanicamente en tratamientos automatizados.<\/li>\n<\/ol>\n<p>Para ejercer estos derechos, puede dirigirse por escrito a la siguiente direcci\u00f3n de correo electr\u00f3nico: <strong><a href=\"mailto:gdpr@nutriexperts.eu\">gdpr@nutriexperts.eu<\/a><\/strong>. Asimismo, tiene derecho a presentar una reclamaci\u00f3n ante la Agencia Espa\u00f1ola de Protecci\u00f3n de Datos (AEPD) a trav\u00e9s de su sitio web: <strong><a href=\"http:\/\/www.aepd.es\/\">www.aepd.es<\/a><\/strong>.<\/p>\n<p><strong>6. OTRAS DISPOSICIONES<\/strong><\/p>\n<p><strong>Menores de edad:<\/strong> El acceso y uso de la web est\u00e1 prohibido a menores de 14 a\u00f1os. En caso de que se detecten datos personales de un menor, estos ser\u00e1n cancelados de forma inmediata.<\/p>\n<p><strong>Seguridad de contrase\u00f1as:<\/strong> El usuario es responsable de la custodia, confidencialidad y uso diligente de sus credenciales de acceso.<\/p>\n<p><strong>Cookies:<\/strong> El usuario puede impedir la generaci\u00f3n de cookies mediante la configuraci\u00f3n de su navegador. Para m\u00e1s informaci\u00f3n, puede consultar nuestra Pol\u00edtica de Cookies.<\/p>\n<p>&nbsp;<\/p>\n<p><strong>Fecha de actualizaci\u00f3n:<\/strong> 30\/10\/2025<\/p>\n<\/div>\n<p>[\/vc_column_text][\/vc_column][\/vc_row][vc_row][vc_column]<div class=\"ult-spacer spacer-69e1380eb8e37\" data-id=\"69e1380eb8e37\" data-height=\"80\" data-height-mobile=\"40\" data-height-tab=\"\" data-height-tab-portrait=\"\" data-height-mobile-landscape=\"40\" style=\"clear:both;display:block;\"><\/div>[\/vc_column][\/vc_row][vc_row][vc_column el_class=\u00bbsuscribete\u00bb]<div class=\"templatera_shortcode\"><div data-vc-full-width=\"true\" data-vc-full-width-init=\"false\" class=\"vc_row wpb_row vc_row-fluid newsletter-new-section vc_custom_1665733738560 vc_row-has-fill\" style=\"background-repeat: repeat\"><div class=\"wpb_column vc_column_container vc_col-sm-12\"><div class=\"vc_column-inner\"><div class=\"wpb_wrapper\"><div class=\"ult-spacer spacer-69e1380ebdc1d\" data-id=\"69e1380ebdc1d\" data-height=\"50\" data-height-mobile=\"50\" data-height-tab=\"50\" data-height-tab-portrait=\"\" data-height-mobile-landscape=\"\" style=\"clear:both;display:block;\"><\/div><div class=\"mkdf-row-grid-section-wrapper \" style=\"background-repeat: repeat\"><div class=\"mkdf-row-grid-section\"><div class=\"vc_row wpb_row vc_inner vc_row-fluid vc_row-o-content-top vc_row-flex\" ><div class=\"wpb_column vc_column_container vc_col-sm-6\"><div class=\"vc_column-inner\"><div class=\"wpb_wrapper\"><div  class=\"vc_wp_text wpb_content_element title-middle-30\"><div class=\"widget widget_text\">\t\t\t<div class=\"textwidget\"><\/p>\n<p style=\"color: white !important;\">SUBSCRIBE TO OUR NEWSLETTER TO GET A 10% DISCOUNT!<\/p>\n<p>\n<\/div>\n\t\t<\/div><\/div><div  class=\"vc_wp_text wpb_content_element p-new-category\"><div class=\"widget widget_text\">\t\t\t<div class=\"textwidget\"><\/p>\n<p style=\"color: white !important;\">And discover all the news<\/p>\n<p>\n<\/div>\n\t\t<\/div><\/div><\/div><\/div><\/div><div class=\"wpb_column vc_column_container vc_col-sm-6\"><div class=\"vc_column-inner\"><div class=\"wpb_wrapper\"><div  class=\"vc_wp_text wpb_content_element\"><div class=\"widget widget_text\">\t\t\t<div class=\"textwidget\"><div class=\"wpcf7 no-js\" id=\"wpcf7-f137787-o1\" lang=\"en-US\" dir=\"ltr\" data-wpcf7-id=\"137787\">\n<div class=\"screen-reader-response\">\n<p role=\"status\" aria-live=\"polite\" aria-atomic=\"true\">\n<ul><\/ul>\n<\/div>\n<form action=\"\/es\/wp-json\/wp\/v2\/pages\/8347#wpcf7-f137787-o1\" method=\"post\" class=\"wpcf7-form init\" aria-label=\"Contact form\" novalidate=\"novalidate\" data-status=\"init\">\n<fieldset class=\"hidden-fields-container\"><input type=\"hidden\" name=\"_wpcf7\" value=\"137787\" \/><input type=\"hidden\" name=\"_wpcf7_version\" value=\"6.1.5\" \/><input type=\"hidden\" name=\"_wpcf7_locale\" value=\"en_US\" \/><input type=\"hidden\" name=\"_wpcf7_unit_tag\" value=\"wpcf7-f137787-o1\" \/><input type=\"hidden\" name=\"_wpcf7_container_post\" value=\"0\" \/><input type=\"hidden\" name=\"_wpcf7_posted_data_hash\" value=\"\" \/><input type=\"hidden\" name=\"_wpcf7_recaptcha_response\" value=\"\" \/><br \/>\n<\/fieldset>\n<div class=\"form-unete-nuestra-newsletter\">\n<p><span class=\"wpcf7-form-control-wrap\" data-name=\"your-email\"><input size=\"40\" maxlength=\"400\" class=\"wpcf7-form-control wpcf7-email wpcf7-validates-as-required wpcf7-text wpcf7-validates-as-email\" aria-required=\"true\" aria-invalid=\"false\" placeholder=\"Enter your email address to receive the newsletter\" value=\"\" type=\"email\" name=\"your-email\" \/><\/span><button class=\"wpcf7-form-control wpcf7-submit mkdf-btn mkdf-btn-medium mkdf-btn-solid\" type=\"submit\"><span class=\"mkdf-btn-text\">SUBSCRIBE<\/span><\/button>\n\t<\/p>\n<\/div>\n<p><span class=\"wpcf7-form-control-wrap\" data-name=\"website\"><input size=\"40\" maxlength=\"400\" class=\"wpcf7-form-control wpcf7-text hp-field\" tabindex=\"-1\" autocomplete=\"off\" aria-invalid=\"false\" value=\"\" type=\"text\" name=\"website\" \/><\/span><br \/>\n<span class=\"wpcf7-form-control-wrap\" data-name=\"form_time\"><input size=\"40\" maxlength=\"400\" class=\"wpcf7-form-control wpcf7-text display-none\" aria-invalid=\"false\" value=\"\" type=\"text\" name=\"form_time\" \/><\/span><br \/>\n<span class=\"wpcf7-form-control-wrap\" data-name=\"info_extra_web\"><input size=\"40\" maxlength=\"400\" class=\"wpcf7-form-control wpcf7-text display-none\" aria-invalid=\"false\" value=\"\" type=\"text\" name=\"info_extra_web\" \/><\/span>\n<\/p>\n<div class=\"suscribirse-newsletter-aceptacion\">\n<p><label><span class=\"wpcf7-form-control-wrap\" data-name=\"mailjet-aceptacion\"><span class=\"wpcf7-form-control wpcf7-acceptance\"><span class=\"wpcf7-list-item\"><input type=\"checkbox\" name=\"mailjet-aceptacion\" value=\"1\" aria-invalid=\"false\" \/><\/span><\/span><\/span>I declare that I have read and accepted the conditions of the <a href=\"http:\/\/dev.nutralie.com\/privacy-policy\/\" target=\"_blank\">Legal Notice and Privacy Policy<\/a>.<\/label>\n\t<\/p>\n<\/div>\n<div class=\"display-none\">\n<p><span class=\"wpcf7-form-control-wrap\" data-name=\"origen-formulario\"><textarea cols=\"40\" rows=\"10\" maxlength=\"2000\" class=\"wpcf7-form-control wpcf7-textarea\" aria-invalid=\"false\" name=\"origen-formulario\">Bloque NL - EN<\/textarea><\/span><br \/>\n\t<input class=\"wpcf7-form-control wpcf7-hidden\" id=\"country-code\" value=\"\" type=\"hidden\" name=\"country-code\" \/>\n\t<\/p>\n<\/div>\n<p><input type='hidden' class='wpcf7-pum' value='{\"closepopup\":false,\"closedelay\":0,\"openpopup\":false,\"openpopup_id\":0}' \/><\/p>\n<div class=\"wpcf7-response-output\" aria-hidden=\"true\"><\/div>\n<\/form>\n<\/div>\n<\/div>\n\t\t<\/div><\/div><\/div><\/div><\/div><\/div><\/div><\/div><div class=\"ult-spacer spacer-69e1380f04301\" data-id=\"69e1380f04301\" data-height=\"50\" data-height-mobile=\"50\" data-height-tab=\"50\" data-height-tab-portrait=\"\" data-height-mobile-landscape=\"\" style=\"clear:both;display:block;\"><\/div><\/div><\/div><\/div><\/div><div class=\"vc_row-full-width vc_clearfix\"><\/div>\r\n<\/div>[\/vc_column][\/vc_row]<\/p>\n<\/div>","protected":false},"excerpt":{"rendered":"SUBSCRIBE TO OUR NEWSLETTER TO GET A 10% DISCOUNT! And discover all the news SUBSCRIBE I declare that I have read and accepted the conditions of the Legal Notice and Privacy Policy. Bloque NL - EN","protected":false},"author":3,"featured_media":0,"parent":0,"menu_order":0,"comment_status":"closed","ping_status":"closed","template":"","meta":{"_acf_changed":false,"footnotes":""},"class_list":["post-8347","page","type-page","status-publish","hentry"],"acf":[],"yoast_head":"<!-- This site is optimized with the Yoast SEO plugin v27.3 - https:\/\/yoast.com\/product\/yoast-seo-wordpress\/ -->\n<title>Pol\u00edtica de Privacidad | Nutralie<\/title>\n<meta name=\"robots\" content=\"noindex, follow, max-snippet:-1, max-image-preview:large, max-video-preview:-1\" \/>\n<meta property=\"og:locale\" content=\"es_ES\" \/>\n<meta property=\"og:type\" content=\"article\" \/>\n<meta property=\"og:title\" content=\"Pol\u00edtica de Privacidad | Nutralie\" \/>\n<meta property=\"og:url\" content=\"https:\/\/dev.nutralie.com\/es\/politica-de-privacidad\/\" \/>\n<meta property=\"og:site_name\" content=\"Nutralie\" \/>\n<meta property=\"article:modified_time\" content=\"2026-01-28T11:00:07+00:00\" \/>\n<meta name=\"twitter:card\" content=\"summary_large_image\" \/>\n<meta name=\"twitter:label1\" content=\"Tiempo de lectura\" \/>\n\t<meta name=\"twitter:data1\" content=\"3 minutos\" \/>\n<script type=\"application\/ld+json\" class=\"yoast-schema-graph\">{\"@context\":\"https:\\\/\\\/schema.org\",\"@graph\":[{\"@type\":\"WebPage\",\"@id\":\"https:\\\/\\\/dev.nutralie.com\\\/es\\\/politica-de-privacidad\\\/\",\"url\":\"https:\\\/\\\/dev.nutralie.com\\\/es\\\/politica-de-privacidad\\\/\",\"name\":\"Pol\u00edtica de Privacidad | Nutralie\",\"isPartOf\":{\"@id\":\"https:\\\/\\\/dev.nutralie.com\\\/es\\\/#website\"},\"datePublished\":\"2020-07-24T07:51:40+00:00\",\"dateModified\":\"2026-01-28T11:00:07+00:00\",\"breadcrumb\":{\"@id\":\"https:\\\/\\\/dev.nutralie.com\\\/es\\\/politica-de-privacidad\\\/#breadcrumb\"},\"inLanguage\":\"es\",\"potentialAction\":[{\"@type\":\"ReadAction\",\"target\":[\"https:\\\/\\\/dev.nutralie.com\\\/es\\\/politica-de-privacidad\\\/\"]}]},{\"@type\":\"BreadcrumbList\",\"@id\":\"https:\\\/\\\/dev.nutralie.com\\\/es\\\/politica-de-privacidad\\\/#breadcrumb\",\"itemListElement\":[{\"@type\":\"ListItem\",\"position\":1,\"name\":\"Home\",\"item\":\"https:\\\/\\\/dev.nutralie.com\\\/es\\\/\"},{\"@type\":\"ListItem\",\"position\":2,\"name\":\"POL\u00cdTICA DE PRIVACIDAD\"}]},{\"@type\":\"WebSite\",\"@id\":\"https:\\\/\\\/dev.nutralie.com\\\/es\\\/#website\",\"url\":\"https:\\\/\\\/dev.nutralie.com\\\/es\\\/\",\"name\":\"Nutralie\",\"description\":\"\",\"potentialAction\":[{\"@type\":\"SearchAction\",\"target\":{\"@type\":\"EntryPoint\",\"urlTemplate\":\"https:\\\/\\\/dev.nutralie.com\\\/es\\\/?s={search_term_string}\"},\"query-input\":{\"@type\":\"PropertyValueSpecification\",\"valueRequired\":true,\"valueName\":\"search_term_string\"}}],\"inLanguage\":\"es\"}]}<\/script>\n<!-- \/ Yoast SEO plugin. -->","yoast_head_json":{"title":"Pol\u00edtica de Privacidad | Nutralie","robots":{"index":"noindex","follow":"follow","max-snippet":"max-snippet:-1","max-image-preview":"max-image-preview:large","max-video-preview":"max-video-preview:-1"},"og_locale":"es_ES","og_type":"article","og_title":"Pol\u00edtica de Privacidad | Nutralie","og_url":"https:\/\/dev.nutralie.com\/es\/politica-de-privacidad\/","og_site_name":"Nutralie","article_modified_time":"2026-01-28T11:00:07+00:00","twitter_card":"summary_large_image","twitter_misc":{"Tiempo de lectura":"3 minutos"},"schema":{"@context":"https:\/\/schema.org","@graph":[{"@type":"WebPage","@id":"https:\/\/dev.nutralie.com\/es\/politica-de-privacidad\/","url":"https:\/\/dev.nutralie.com\/es\/politica-de-privacidad\/","name":"Pol\u00edtica de Privacidad | Nutralie","isPartOf":{"@id":"https:\/\/dev.nutralie.com\/es\/#website"},"datePublished":"2020-07-24T07:51:40+00:00","dateModified":"2026-01-28T11:00:07+00:00","breadcrumb":{"@id":"https:\/\/dev.nutralie.com\/es\/politica-de-privacidad\/#breadcrumb"},"inLanguage":"es","potentialAction":[{"@type":"ReadAction","target":["https:\/\/dev.nutralie.com\/es\/politica-de-privacidad\/"]}]},{"@type":"BreadcrumbList","@id":"https:\/\/dev.nutralie.com\/es\/politica-de-privacidad\/#breadcrumb","itemListElement":[{"@type":"ListItem","position":1,"name":"Home","item":"https:\/\/dev.nutralie.com\/es\/"},{"@type":"ListItem","position":2,"name":"POL\u00cdTICA DE PRIVACIDAD"}]},{"@type":"WebSite","@id":"https:\/\/dev.nutralie.com\/es\/#website","url":"https:\/\/dev.nutralie.com\/es\/","name":"Nutralie","description":"","potentialAction":[{"@type":"SearchAction","target":{"@type":"EntryPoint","urlTemplate":"https:\/\/dev.nutralie.com\/es\/?s={search_term_string}"},"query-input":{"@type":"PropertyValueSpecification","valueRequired":true,"valueName":"search_term_string"}}],"inLanguage":"es"}]}},"_links":{"self":[{"href":"https:\/\/dev.nutralie.com\/es\/wp-json\/wp\/v2\/pages\/8347","targetHints":{"allow":["GET"]}}],"collection":[{"href":"https:\/\/dev.nutralie.com\/es\/wp-json\/wp\/v2\/pages"}],"about":[{"href":"https:\/\/dev.nutralie.com\/es\/wp-json\/wp\/v2\/types\/page"}],"author":[{"embeddable":true,"href":"https:\/\/dev.nutralie.com\/es\/wp-json\/wp\/v2\/users\/3"}],"replies":[{"embeddable":true,"href":"https:\/\/dev.nutralie.com\/es\/wp-json\/wp\/v2\/comments?post=8347"}],"version-history":[{"count":6,"href":"https:\/\/dev.nutralie.com\/es\/wp-json\/wp\/v2\/pages\/8347\/revisions"}],"predecessor-version":[{"id":218082,"href":"https:\/\/dev.nutralie.com\/es\/wp-json\/wp\/v2\/pages\/8347\/revisions\/218082"}],"wp:attachment":[{"href":"https:\/\/dev.nutralie.com\/es\/wp-json\/wp\/v2\/media?parent=8347"}],"curies":[{"name":"wp","href":"https:\/\/api.w.org\/{rel}","templated":true}]}}