{"id":8359,"date":"2020-08-27T11:40:43","date_gmt":"2020-08-27T09:40:43","guid":{"rendered":"http:\/\/dev.nutralie.com\/?page_id=8359"},"modified":"2025-12-29T15:01:43","modified_gmt":"2025-12-29T13:01:43","slug":"politica-cookies","status":"publish","type":"page","link":"https:\/\/dev.nutralie.com\/es\/politica-cookies\/","title":{"rendered":"POL\u00cdTICA DE COOKIES"},"content":{"rendered":"<div class=\"wpb-content-wrapper\"><p>[vc_row][vc_column]<div class=\"ult-spacer spacer-69e1e9436249f\" data-id=\"69e1e9436249f\" data-height=\"80\" data-height-mobile=\"55\" data-height-tab=\"\" data-height-tab-portrait=\"\" data-height-mobile-landscape=\"55\" style=\"clear:both;display:block;\"><\/div><h2 class=\"titulo-dos-colores title-1\" style=\"text-align:center !important;\"><span class=\"titulo-negro\">Pol\u00edtica de<\/span> <span class=\"titulo-morado\">cookies<\/span><\/h2><style>\r\n                .titulo-dos-colores .titulo-negro {\r\n                    color: #000000;\r\n                }\r\n                .titulo-dos-colores .titulo-morado {\r\n                    color: #AAA5FF;\r\n                }\r\n            <\/style><div class=\"ult-spacer spacer-69e1e94362577\" data-id=\"69e1e94362577\" data-height=\"25\" data-height-mobile=\"15\" data-height-tab=\"\" data-height-tab-portrait=\"\" data-height-mobile-landscape=\"15\" style=\"clear:both;display:block;\"><\/div>[\/vc_column][\/vc_row][vc_row el_class=\u00bbsection-aviso-legal\u00bb][vc_column][vc_column_text css=\u00bb\u00bb]<\/p>\n<p class=\"revision-politicas\" style=\"text-align: right;\"><strong>\u00daltima revisi\u00f3n 2 de marzo de 2022<\/strong><\/p>\n<p><span style=\"font-weight: 400;\">En Nutralie utilizamos cookies y\/o tecnolog\u00edas similares que almacenan y recuperan informaci\u00f3n cuando navegas. En general, estas tecnolog\u00edas pueden servir para finalidades muy diversas, como, por ejemplo, reconocerte como usuario, obtener informaci\u00f3n sobre tus h\u00e1bitos de navegaci\u00f3n, o personalizar la forma en que se muestra el contenido.<\/span><\/p>\n<p>&nbsp;<\/p>\n<p>Los usos concretos que hacemos de estas tecnolog\u00edas se describen a continuaci\u00f3n. Queremos informarte de manera clara y precisa sobre las cookies que utilizamos, detallando a continuaci\u00f3n, qu\u00e9 es una cookie, para qu\u00e9 sirve, qu\u00e9 tipos de cookies utilizamos, cuales son su finalidad y como puedes configurarlas o deshabilitarlas si as\u00ed lo deseas.<\/p>\n<p>&nbsp;<\/p>\n<p><b>\u00bfQu\u00e9 es una cookie y para qu\u00e9 sirve?<\/b><\/p>\n<p><span style=\"font-weight: 400;\">Una \u00abCookie\u00bb es un peque\u00f1o archivo que se almacena en el ordenador del usuario, tablet, smartphone o cualquier otro dispositivo con informaci\u00f3n sobre la navegaci\u00f3n.<\/span><\/p>\n<p><span style=\"font-weight: 400;\">El conjunto de \u00abcookies\u00bb de todos nuestros usuarios nos ayuda a mejorar la calidad de nuestra web, permiti\u00e9ndonos controlar qu\u00e9 p\u00e1ginas son \u00fatiles, cu\u00e1les no y cu\u00e1les son susceptibles de mejora.<\/span><\/p>\n<p><span style=\"font-weight: 400;\">Las cookies son esenciales para el funcionamiento de internet, aportando innumerables ventajas en la prestaci\u00f3n de servicios interactivos, facilit\u00e1ndote la navegaci\u00f3n y usabilidad de nuestra web. En ning\u00fan caso las cookies podr\u00edan da\u00f1ar tu equipo. Por contra, el que est\u00e9n activas nos ayuda a identificar y resolver los errores.<\/span><\/p>\n<p>&nbsp;<\/p>\n<p><span class=\"title-2-politica\"><b>\u00bfQu\u00e9 tipos de <span style=\"color: #aaa5ff !important;\">cookies utilizamos?<\/span><\/b><\/span><\/p>\n<p><b class=\"title-2-politica\">Seg\u00fan la entidad que la gestiona<\/b><\/p>\n<p><span style=\"font-weight: 400;\"><b>Cookies propias<\/b><br \/>\nSon aquellas que se env\u00edan a tu equipo desde nuestros propios equipos o dominios y desde el que prestamos el servicio que nos solicitas.<\/span><\/p>\n<p>&nbsp;<\/p>\n<p><span style=\"font-weight: 400;\"><b>Cookies de terceros<\/b><br \/>\nSon aquellas que se env\u00edan a tu equipo desde un equipo o dominio que no es gestionado por nosotros, sino por otra entidad colaboradora. Como por ejemplo, las usadas por redes sociales, o por contenido externo como Google Maps.<\/span><\/p>\n<p>&nbsp;<\/p>\n<p><span class=\"title-2-politica\"><b>Seg\u00fan el plazo de tiempo que <span style=\"color: #aaa5ff !important;\">permanecen activadas<\/span><\/b><\/span><\/p>\n<p><span style=\"font-weight: 400;\"><b>Cookies de sesi\u00f3n<\/b><br \/>\nSon cookies temporales que permanecen en el archivo de cookies de tu navegador hasta que abandonas la p\u00e1gina web, por lo que ninguna queda registrada en el disco duro de tu ordenador. La informaci\u00f3n obtenida por medio de estas cookies, sirven para analizar pautas de tr\u00e1fico en la web. A la larga, esto nos permite proporcionar una mejor experiencia para mejorar el contenido y facilitar su uso.<\/span><\/p>\n<p>&nbsp;<\/p>\n<p><span style=\"font-weight: 400;\"><b>Cookies persistentes<\/b><br \/>\nSon almacenadas en el disco duro y nuestra web las lee cada vez que realizas una nueva visita. Una web permanente posee una fecha de expiraci\u00f3n determinada. La cookie dejar\u00e1 de funcionar despu\u00e9s de esa fecha.<\/span><\/p>\n<p>&nbsp;<\/p>\n<p><span class=\"title-2-politica\"><b>Seg\u00fan <span style=\"color: #aaa5ff !important;\">su finalidad<\/span><\/b><\/span><\/p>\n<p><span style=\"font-weight: 400;\"><b>Cookies t\u00e9cnicas<\/b><br \/>\nSon aquellas necesarias para la navegaci\u00f3n y el buen funcionamiento de nuestra p\u00e1gina web. Permiten por ejemplo, controlar el tr\u00e1fico y la comunicaci\u00f3n de datos, acceder a partes de acceso restringido, realizar el proceso de compra de un pedido, utilizar elementos de seguridad, almacenar contenidos para poder difundir v\u00eddeos o compartir contenidos a trav\u00e9s de redes sociales.<\/span><\/p>\n<p>&nbsp;<\/p>\n<p><span style=\"font-weight: 400;\"><b>Cookies de an\u00e1lisis<\/b><br \/>\nSon aqu\u00e9llas que nos permiten cuantificar el n\u00famero de usuarios y as\u00ed realizar la medici\u00f3n y an\u00e1lisis estad\u00edstico de la utilizaci\u00f3n que hacen los usuarios de los servicios prestados. Para ello se analiza su navegaci\u00f3n en nuestra p\u00e1gina web con el fin de mejorar la oferta de productos y servicios que ofrecemos.<\/span><\/p>\n<p>&nbsp;<\/p>\n<p><span style=\"font-weight: 400;\"><b>Cookies de preferencias o personalizaci\u00f3n<\/b><br \/>\nSon aquellas que permiten recordar informaci\u00f3n para que el usuario acceda al servicio con determinadas caracter\u00edsticas que pueden diferenciar su experiencia de la de otros usuarios, como, por ejemplo, el idioma, el n\u00famero de resultados a mostrar cuando el usuario realiza una b\u00fasqueda, el aspecto o contenido del servicio en funci\u00f3n del tipo de navegador a trav\u00e9s del cual el usuario accede al servicio o de la regi\u00f3n desde la que accede al servicio, etc.<\/span><\/p>\n<p>&nbsp;<\/p>\n<p><span style=\"font-weight: 400;\"><b>Cookies de publicidad comportamental<\/b><br \/>\nSon aquellas que almacenan informaci\u00f3n del comportamiento de los usuarios obtenida a trav\u00e9s de la observaci\u00f3n continuada de sus h\u00e1bitos de navegaci\u00f3n, lo que permite desarrollar un perfil espec\u00edfico para mostrar publicidad en funci\u00f3n del mismo.<\/span><\/p>\n<p>&nbsp;<\/p>\n<p><span class=\"title-2-politica\"><b>Finalidad de cada una de las <span style=\"color: #aaa5ff !important;\">cookies utilizadas<\/span><\/b><\/span><\/p>\n<p><span style=\"font-weight: 400;\">A continuaci\u00f3n detallamos las cookies utilizadas en nuestra web y la finalidad de las mismas.<\/span><\/p>\n<p>&nbsp;<\/p>\n<table style=\"height: 409px;\" width=\"1184\">\n<tbody>\n<tr>\n<td><span style=\"font-weight: 400;\">Cookie<\/span><\/td>\n<td><span style=\"font-weight: 400;\">Finalidad o servicio asociado<\/span><\/td>\n<td><span style=\"font-weight: 400;\">Duraci\u00f3n<\/span><\/td>\n<td><span style=\"font-weight: 400;\">Terceros<\/span><\/td>\n<\/tr>\n<tr>\n<td><span style=\"font-weight: 400;\">_gat<\/span><\/td>\n<td><span style=\"font-weight: 400;\">Utilizado por Google Analytics para controlar la tasa de peticiones<\/span><\/td>\n<td><span style=\"font-weight: 400;\">1 d\u00eda<\/span><\/td>\n<td><span style=\"font-weight: 400;\">Google Analytics<\/span><\/td>\n<\/tr>\n<tr>\n<td><span style=\"font-weight: 400;\">_gid<\/span><\/td>\n<td><span style=\"font-weight: 400;\">Registra una identificaci\u00f3n \u00fanica que se utiliza para generar datos estad\u00edsticos acerca de c\u00f3mo utiliza el visitante el sitio web.<\/span><\/td>\n<td><span style=\"font-weight: 400;\">1 d\u00eda<\/span><\/td>\n<td><span style=\"font-weight: 400;\">Google Analytics<\/span><\/td>\n<\/tr>\n<tr>\n<td><span style=\"font-weight: 400;\">_ga<\/span><\/td>\n<td><span style=\"font-weight: 400;\">Utilizado por Google Anlytics para controlar la tasa de peticiones<\/span><\/td>\n<td><span style=\"font-weight: 400;\">2 a\u00f1os<\/span><\/td>\n<td><span style=\"font-weight: 400;\">Google Analytics<\/span><\/td>\n<\/tr>\n<tr>\n<td><span style=\"font-weight: 400;\">_gali<\/span><\/td>\n<td><span style=\"font-weight: 400;\">Utilizada por Google Analytics para registrar los elementos de la p\u00e1gina anterior con los que el usuario ha interactuado para llegar a la p\u00e1gina actual<\/span><\/td>\n<td><span style=\"font-weight: 400;\">Sesi\u00f3n<\/span><\/td>\n<td><span style=\"font-weight: 400;\">Google Analytics<\/span><\/td>\n<\/tr>\n<tr>\n<td><span style=\"font-weight: 400;\">_fbp<\/span><\/td>\n<td><span style=\"font-weight: 400;\">Utilizada por Facebook para proporcionar una serie de productos publicitarios como pujas en tiempo real de terceros anunciantes<\/span><\/td>\n<td><span style=\"font-weight: 400;\">3 meses<\/span><\/td>\n<td><span style=\"font-weight: 400;\">Facebook<\/span><\/td>\n<\/tr>\n<tr>\n<td><span style=\"font-weight: 400;\">Cookielwainfo-checkbox-necessary<\/span><\/td>\n<td><span style=\"font-weight: 400;\">Cookie utilizada para comprobar que se han activado solo las cookies necesarias<\/span><\/td>\n<td><span style=\"font-weight: 400;\">1 a\u00f1o<\/span><\/td>\n<td><span style=\"font-weight: 400;\">WordPress<\/span><\/td>\n<\/tr>\n<tr>\n<td><span style=\"font-weight: 400;\">cookielawinfo-checkbox-non-necessary<\/span><\/td>\n<td><span style=\"font-weight: 400;\">Cookie utilizada para comprobar que se han activado las cookies no necesarias<\/span><\/td>\n<td><span style=\"font-weight: 400;\">1 a\u00f1o<\/span><\/td>\n<td><span style=\"font-weight: 400;\">WordPress<\/span><\/td>\n<\/tr>\n<tr>\n<td><span style=\"font-weight: 400;\">CookielawinfoConsent<\/span><\/td>\n<td><span style=\"font-weight: 400;\">Cookie necesaria para el fald\u00f3n de las mismas<\/span><\/td>\n<td><span style=\"font-weight: 400;\">1 a\u00f1o<\/span><\/td>\n<td><span style=\"font-weight: 400;\">WordPress<\/span><\/td>\n<\/tr>\n<tr>\n<td><span style=\"font-weight: 400;\">yith_wcwl_session<\/span><\/td>\n<td><span style=\"font-weight: 400;\">Cookie que gestiona la lista de deseos. T\u00e9cnica.<\/span><\/td>\n<td><span style=\"font-weight: 400;\">2 d\u00edas<\/span><\/td>\n<td><span style=\"font-weight: 400;\">WordPress<\/span><\/td>\n<\/tr>\n<\/tbody>\n<\/table>\n<p>&nbsp;<\/p>\n<p><span style=\"font-weight: 400;\">El periodo de expiraci\u00f3n de cada cookie viene definido en cada caso para cada cookie.<\/span><\/p>\n<p>&nbsp;<\/p>\n<p><span class=\"title-2-politica\"><b>\u00bfC\u00f3mo puedes configurar o <span style=\"color: #aaa5ff !important;\">deshabilitar tus cookies?<\/span><\/b><\/span><\/p>\n<p><span style=\"font-weight: 400;\">Puedes permitir, bloquear o eliminar las cookies instaladas en tu equipo mediante la configuraci\u00f3n de las opciones de tu navegador de Internet. En caso de que no permitas la instalaci\u00f3n de cookies en tu navegador es posible que no puedas acceder a algunos de los servicios y que tu experiencia en nuestra web pueda resultar menos satisfactoria. En los siguientes enlaces tienes a tu disposici\u00f3n toda la informaci\u00f3n para configurar o deshabilitar tus cookies en cada navegador:<\/span><\/p>\n<p><span style=\"font-weight: 400;\">&#8211; Google Chrome<br \/>\n&#8211; Mozilla Firefox<br \/>\n&#8211; Internet Explorer<br \/>\n&#8211; Safari<br \/>\n&#8211; Safari para IOS (iPhone y iPad)<br \/>\n&#8211; Chrome para Android<\/span><\/p>\n<p><span style=\"font-weight: 400;\">O tambi\u00e9n puedes utilizar el bot\u00f3n al comienzo de esta pol\u00edtica de cookies para abrir el configurador y rechazar las cookies que hayas aceptado.<\/span><\/p>\n<p>&nbsp;<\/p>\n<p><span class=\"title-2-politica\"><b>M\u00e1s <span style=\"color: #aaa5ff !important;\">informaci\u00f3n<\/span><\/b><\/span><\/p>\n<p><span style=\"font-weight: 400;\">Para m\u00e1s informaci\u00f3n acude a nuestra pol\u00edtica de privacidad.<\/span>[\/vc_column_text]<div class=\"ult-spacer spacer-69e1e943625d0\" data-id=\"69e1e943625d0\" data-height=\"80\" data-height-mobile=\"45\" data-height-tab=\"\" data-height-tab-portrait=\"\" data-height-mobile-landscape=\"45\" style=\"clear:both;display:block;\"><\/div>[\/vc_column][\/vc_row][vc_row][vc_column el_class=\u00bbsuscribete\u00bb]<div class=\"templatera_shortcode\"><div data-vc-full-width=\"true\" data-vc-full-width-init=\"false\" class=\"vc_row wpb_row vc_row-fluid newsletter-new-section vc_custom_1665733738560 vc_row-has-fill\" style=\"background-repeat: repeat\"><div class=\"wpb_column vc_column_container vc_col-sm-12\"><div class=\"vc_column-inner\"><div class=\"wpb_wrapper\"><div class=\"ult-spacer spacer-69e1e943675de\" data-id=\"69e1e943675de\" data-height=\"50\" data-height-mobile=\"50\" data-height-tab=\"50\" data-height-tab-portrait=\"\" data-height-mobile-landscape=\"\" style=\"clear:both;display:block;\"><\/div><div class=\"mkdf-row-grid-section-wrapper \" style=\"background-repeat: repeat\"><div class=\"mkdf-row-grid-section\"><div class=\"vc_row wpb_row vc_inner vc_row-fluid vc_row-o-content-top vc_row-flex\" ><div class=\"wpb_column vc_column_container vc_col-sm-6\"><div class=\"vc_column-inner\"><div class=\"wpb_wrapper\"><div  class=\"vc_wp_text wpb_content_element title-middle-30\"><div class=\"widget widget_text\">\t\t\t<div class=\"textwidget\"><\/p>\n<p style=\"color: white !important;\">SUBSCRIBE TO OUR NEWSLETTER TO GET A 10% DISCOUNT!<\/p>\n<p>\n<\/div>\n\t\t<\/div><\/div><div  class=\"vc_wp_text wpb_content_element p-new-category\"><div class=\"widget widget_text\">\t\t\t<div class=\"textwidget\"><\/p>\n<p style=\"color: white !important;\">And discover all the news<\/p>\n<p>\n<\/div>\n\t\t<\/div><\/div><\/div><\/div><\/div><div class=\"wpb_column vc_column_container vc_col-sm-6\"><div class=\"vc_column-inner\"><div class=\"wpb_wrapper\"><div  class=\"vc_wp_text wpb_content_element\"><div class=\"widget widget_text\">\t\t\t<div class=\"textwidget\"><div class=\"wpcf7 no-js\" id=\"wpcf7-f137787-o1\" lang=\"en-US\" dir=\"ltr\" data-wpcf7-id=\"137787\">\n<div class=\"screen-reader-response\">\n<p role=\"status\" aria-live=\"polite\" aria-atomic=\"true\">\n<ul><\/ul>\n<\/div>\n<form action=\"\/es\/wp-json\/wp\/v2\/pages\/8359#wpcf7-f137787-o1\" method=\"post\" class=\"wpcf7-form init\" aria-label=\"Contact form\" novalidate=\"novalidate\" data-status=\"init\">\n<fieldset class=\"hidden-fields-container\"><input type=\"hidden\" name=\"_wpcf7\" value=\"137787\" \/><input type=\"hidden\" name=\"_wpcf7_version\" value=\"6.1.5\" \/><input type=\"hidden\" name=\"_wpcf7_locale\" value=\"en_US\" \/><input type=\"hidden\" name=\"_wpcf7_unit_tag\" value=\"wpcf7-f137787-o1\" \/><input type=\"hidden\" name=\"_wpcf7_container_post\" value=\"0\" \/><input type=\"hidden\" name=\"_wpcf7_posted_data_hash\" value=\"\" \/><input type=\"hidden\" name=\"_wpcf7_recaptcha_response\" value=\"\" \/><br \/>\n<\/fieldset>\n<div class=\"form-unete-nuestra-newsletter\">\n<p><span class=\"wpcf7-form-control-wrap\" data-name=\"your-email\"><input size=\"40\" maxlength=\"400\" class=\"wpcf7-form-control wpcf7-email wpcf7-validates-as-required wpcf7-text wpcf7-validates-as-email\" aria-required=\"true\" aria-invalid=\"false\" placeholder=\"Enter your email address to receive the newsletter\" value=\"\" type=\"email\" name=\"your-email\" \/><\/span><button class=\"wpcf7-form-control wpcf7-submit mkdf-btn mkdf-btn-medium mkdf-btn-solid\" type=\"submit\"><span class=\"mkdf-btn-text\">SUBSCRIBE<\/span><\/button>\n\t<\/p>\n<\/div>\n<p><span class=\"wpcf7-form-control-wrap\" data-name=\"website\"><input size=\"40\" maxlength=\"400\" class=\"wpcf7-form-control wpcf7-text hp-field\" tabindex=\"-1\" autocomplete=\"off\" aria-invalid=\"false\" value=\"\" type=\"text\" name=\"website\" \/><\/span><br \/>\n<span class=\"wpcf7-form-control-wrap\" data-name=\"form_time\"><input size=\"40\" maxlength=\"400\" class=\"wpcf7-form-control wpcf7-text display-none\" aria-invalid=\"false\" value=\"\" type=\"text\" name=\"form_time\" \/><\/span><br \/>\n<span class=\"wpcf7-form-control-wrap\" data-name=\"info_extra_web\"><input size=\"40\" maxlength=\"400\" class=\"wpcf7-form-control wpcf7-text display-none\" aria-invalid=\"false\" value=\"\" type=\"text\" name=\"info_extra_web\" \/><\/span>\n<\/p>\n<div class=\"suscribirse-newsletter-aceptacion\">\n<p><label><span class=\"wpcf7-form-control-wrap\" data-name=\"mailjet-aceptacion\"><span class=\"wpcf7-form-control wpcf7-acceptance\"><span class=\"wpcf7-list-item\"><input type=\"checkbox\" name=\"mailjet-aceptacion\" value=\"1\" aria-invalid=\"false\" \/><\/span><\/span><\/span>I declare that I have read and accepted the conditions of the <a href=\"http:\/\/dev.nutralie.com\/privacy-policy\/\" target=\"_blank\">Legal Notice and Privacy Policy<\/a>.<\/label>\n\t<\/p>\n<\/div>\n<div class=\"display-none\">\n<p><span class=\"wpcf7-form-control-wrap\" data-name=\"origen-formulario\"><textarea cols=\"40\" rows=\"10\" maxlength=\"2000\" class=\"wpcf7-form-control wpcf7-textarea\" aria-invalid=\"false\" name=\"origen-formulario\">Bloque NL - EN<\/textarea><\/span><br \/>\n\t<input class=\"wpcf7-form-control wpcf7-hidden\" id=\"country-code\" value=\"\" type=\"hidden\" name=\"country-code\" \/>\n\t<\/p>\n<\/div>\n<p><input type='hidden' class='wpcf7-pum' value='{\"closepopup\":false,\"closedelay\":0,\"openpopup\":false,\"openpopup_id\":0}' \/><\/p>\n<div class=\"wpcf7-response-output\" aria-hidden=\"true\"><\/div>\n<\/form>\n<\/div>\n<\/div>\n\t\t<\/div><\/div><\/div><\/div><\/div><\/div><\/div><\/div><div class=\"ult-spacer spacer-69e1e943a2678\" data-id=\"69e1e943a2678\" data-height=\"50\" data-height-mobile=\"50\" data-height-tab=\"50\" data-height-tab-portrait=\"\" data-height-mobile-landscape=\"\" style=\"clear:both;display:block;\"><\/div><\/div><\/div><\/div><\/div><div class=\"vc_row-full-width vc_clearfix\"><\/div>\r\n<\/div>[\/vc_column][\/vc_row]<\/p>\n<\/div>","protected":false},"excerpt":{"rendered":"SUBSCRIBE TO OUR NEWSLETTER TO GET A 10% DISCOUNT! And discover all the news SUBSCRIBE I declare that I have read and accepted the conditions of the Legal Notice and Privacy Policy. Bloque NL - EN","protected":false},"author":3,"featured_media":0,"parent":0,"menu_order":0,"comment_status":"closed","ping_status":"closed","template":"","meta":{"_acf_changed":false,"footnotes":""},"class_list":["post-8359","page","type-page","status-publish","hentry"],"acf":[],"yoast_head":"<!-- This site is optimized with the Yoast SEO plugin v27.3 - https:\/\/yoast.com\/product\/yoast-seo-wordpress\/ -->\n<title>Pol\u00edtica de Cookies | Nutralie<\/title>\n<meta name=\"robots\" content=\"noindex, follow, max-snippet:-1, max-image-preview:large, max-video-preview:-1\" \/>\n<meta property=\"og:locale\" content=\"es_ES\" \/>\n<meta property=\"og:type\" content=\"article\" \/>\n<meta property=\"og:title\" content=\"Pol\u00edtica de Cookies | Nutralie\" \/>\n<meta property=\"og:url\" content=\"https:\/\/dev.nutralie.com\/es\/politica-cookies\/\" \/>\n<meta property=\"og:site_name\" content=\"Nutralie\" \/>\n<meta property=\"article:modified_time\" content=\"2025-12-29T13:01:43+00:00\" \/>\n<meta name=\"twitter:card\" content=\"summary_large_image\" \/>\n<meta name=\"twitter:label1\" content=\"Tiempo de lectura\" \/>\n\t<meta name=\"twitter:data1\" content=\"5 minutos\" \/>\n<script type=\"application\/ld+json\" class=\"yoast-schema-graph\">{\"@context\":\"https:\\\/\\\/schema.org\",\"@graph\":[{\"@type\":\"WebPage\",\"@id\":\"https:\\\/\\\/dev.nutralie.com\\\/es\\\/politica-cookies\\\/\",\"url\":\"https:\\\/\\\/dev.nutralie.com\\\/es\\\/politica-cookies\\\/\",\"name\":\"Pol\u00edtica de Cookies | Nutralie\",\"isPartOf\":{\"@id\":\"https:\\\/\\\/dev.nutralie.com\\\/es\\\/#website\"},\"datePublished\":\"2020-08-27T09:40:43+00:00\",\"dateModified\":\"2025-12-29T13:01:43+00:00\",\"breadcrumb\":{\"@id\":\"https:\\\/\\\/dev.nutralie.com\\\/es\\\/politica-cookies\\\/#breadcrumb\"},\"inLanguage\":\"es\",\"potentialAction\":[{\"@type\":\"ReadAction\",\"target\":[\"https:\\\/\\\/dev.nutralie.com\\\/es\\\/politica-cookies\\\/\"]}]},{\"@type\":\"BreadcrumbList\",\"@id\":\"https:\\\/\\\/dev.nutralie.com\\\/es\\\/politica-cookies\\\/#breadcrumb\",\"itemListElement\":[{\"@type\":\"ListItem\",\"position\":1,\"name\":\"Home\",\"item\":\"https:\\\/\\\/dev.nutralie.com\\\/es\\\/\"},{\"@type\":\"ListItem\",\"position\":2,\"name\":\"POL\u00cdTICA DE COOKIES\"}]},{\"@type\":\"WebSite\",\"@id\":\"https:\\\/\\\/dev.nutralie.com\\\/es\\\/#website\",\"url\":\"https:\\\/\\\/dev.nutralie.com\\\/es\\\/\",\"name\":\"Nutralie\",\"description\":\"\",\"potentialAction\":[{\"@type\":\"SearchAction\",\"target\":{\"@type\":\"EntryPoint\",\"urlTemplate\":\"https:\\\/\\\/dev.nutralie.com\\\/es\\\/?s={search_term_string}\"},\"query-input\":{\"@type\":\"PropertyValueSpecification\",\"valueRequired\":true,\"valueName\":\"search_term_string\"}}],\"inLanguage\":\"es\"}]}<\/script>\n<!-- \/ Yoast SEO plugin. -->","yoast_head_json":{"title":"Pol\u00edtica de Cookies | Nutralie","robots":{"index":"noindex","follow":"follow","max-snippet":"max-snippet:-1","max-image-preview":"max-image-preview:large","max-video-preview":"max-video-preview:-1"},"og_locale":"es_ES","og_type":"article","og_title":"Pol\u00edtica de Cookies | Nutralie","og_url":"https:\/\/dev.nutralie.com\/es\/politica-cookies\/","og_site_name":"Nutralie","article_modified_time":"2025-12-29T13:01:43+00:00","twitter_card":"summary_large_image","twitter_misc":{"Tiempo de lectura":"5 minutos"},"schema":{"@context":"https:\/\/schema.org","@graph":[{"@type":"WebPage","@id":"https:\/\/dev.nutralie.com\/es\/politica-cookies\/","url":"https:\/\/dev.nutralie.com\/es\/politica-cookies\/","name":"Pol\u00edtica de Cookies | Nutralie","isPartOf":{"@id":"https:\/\/dev.nutralie.com\/es\/#website"},"datePublished":"2020-08-27T09:40:43+00:00","dateModified":"2025-12-29T13:01:43+00:00","breadcrumb":{"@id":"https:\/\/dev.nutralie.com\/es\/politica-cookies\/#breadcrumb"},"inLanguage":"es","potentialAction":[{"@type":"ReadAction","target":["https:\/\/dev.nutralie.com\/es\/politica-cookies\/"]}]},{"@type":"BreadcrumbList","@id":"https:\/\/dev.nutralie.com\/es\/politica-cookies\/#breadcrumb","itemListElement":[{"@type":"ListItem","position":1,"name":"Home","item":"https:\/\/dev.nutralie.com\/es\/"},{"@type":"ListItem","position":2,"name":"POL\u00cdTICA DE COOKIES"}]},{"@type":"WebSite","@id":"https:\/\/dev.nutralie.com\/es\/#website","url":"https:\/\/dev.nutralie.com\/es\/","name":"Nutralie","description":"","potentialAction":[{"@type":"SearchAction","target":{"@type":"EntryPoint","urlTemplate":"https:\/\/dev.nutralie.com\/es\/?s={search_term_string}"},"query-input":{"@type":"PropertyValueSpecification","valueRequired":true,"valueName":"search_term_string"}}],"inLanguage":"es"}]}},"_links":{"self":[{"href":"https:\/\/dev.nutralie.com\/es\/wp-json\/wp\/v2\/pages\/8359","targetHints":{"allow":["GET"]}}],"collection":[{"href":"https:\/\/dev.nutralie.com\/es\/wp-json\/wp\/v2\/pages"}],"about":[{"href":"https:\/\/dev.nutralie.com\/es\/wp-json\/wp\/v2\/types\/page"}],"author":[{"embeddable":true,"href":"https:\/\/dev.nutralie.com\/es\/wp-json\/wp\/v2\/users\/3"}],"replies":[{"embeddable":true,"href":"https:\/\/dev.nutralie.com\/es\/wp-json\/wp\/v2\/comments?post=8359"}],"version-history":[{"count":6,"href":"https:\/\/dev.nutralie.com\/es\/wp-json\/wp\/v2\/pages\/8359\/revisions"}],"predecessor-version":[{"id":217150,"href":"https:\/\/dev.nutralie.com\/es\/wp-json\/wp\/v2\/pages\/8359\/revisions\/217150"}],"wp:attachment":[{"href":"https:\/\/dev.nutralie.com\/es\/wp-json\/wp\/v2\/media?parent=8359"}],"curies":[{"name":"wp","href":"https:\/\/api.w.org\/{rel}","templated":true}]}}