{"id":15293,"date":"2021-03-03T15:44:12","date_gmt":"2021-03-03T13:44:12","guid":{"rendered":"http:\/\/dev.nutralie.com\/?post_type=product&#038;p=15293"},"modified":"2026-01-08T11:18:26","modified_gmt":"2026-01-08T09:18:26","slug":"ashwagandha","status":"publish","type":"product","link":"https:\/\/dev.nutralie.com\/es\/ashwagandha\/","title":{"rendered":"ASHWAGANDHA COMPLEX"},"content":{"rendered":"","protected":false},"excerpt":{"rendered":"<p><span data-sheets-root=\"1\">Ashwagandha Complex de Nutralie se caracteriza por presentar 550 mg de<strong> Ashwagandha KSM-66\u00ae<\/strong>, un ingrediente registrado que ofrece el extracto \u00fanico de ra\u00edz de Ashwagandha con la mayor concentraci\u00f3n de bioactivos y que tiene m\u00e1s de 40 certificaciones de calidad. La Ashwaganda es una hierba tradicional india, tambi\u00e9n conocida como <strong>Withania Somnifera,<\/strong> muy utilizada en el \u00e1mbito ayurv\u00e9dico. Est\u00e1 f\u00f3rmula tambi\u00e9n tiene <strong>Vitamina B6 y B12.<\/strong><\/span><\/p>\n<p><strong>C\u00c1PSULAS<\/strong><br \/>\nAshwagandha Complex de Nutralie se presenta en un envase que contiene 60 c\u00e1psulas.<\/p>\n","protected":false},"featured_media":199932,"template":"","meta":{"_acf_changed":false},"product_brand":[],"product_cat":[2394],"product_tag":[],"referencias":[2200],"beneficio":[],"class_list":{"0":"post-15293","1":"product","2":"type-product","3":"status-publish","4":"has-post-thumbnail","6":"product_cat-mental","8":"first","9":"instock","10":"taxable","11":"shipping-taxable","12":"purchasable","13":"product-type-simple"},"bundled_by":["137693"],"bundle_stock_status":"instock","bundle_stock_quantity":null,"bundle_virtual":false,"bundle_layout":"","bundle_add_to_cart_form_location":"","bundle_editable_in_cart":false,"bundle_sold_individually_context":"","bundle_item_grouping":"","bundle_min_size":"","bundle_max_size":"","bundle_price":[],"bundled_items":[],"bundle_sell_ids":[],"acf":[],"yoast_head":"<!-- This site is optimized with the Yoast SEO plugin v27.3 - https:\/\/yoast.com\/product\/yoast-seo-wordpress\/ -->\n<title>Ashwagandha Complex | 60 C\u00e1psulas \u25b6\ufe0f Env\u00edo Gratis Desde 50\u20ac<\/title>\n<meta name=\"description\" content=\"Ashwagandha Complex | Suplemento a base de Ashwagandha KSM-66, Vitamina B6 y B12. F\u00f3rmula Complex | Nutralie\" \/>\n<meta name=\"robots\" content=\"noindex, follow, max-snippet:-1, max-image-preview:large, max-video-preview:-1\" \/>\n<meta property=\"og:locale\" content=\"es_ES\" \/>\n<meta property=\"og:type\" content=\"article\" \/>\n<meta property=\"og:title\" content=\"Ashwagandha Complex | 60 C\u00e1psulas \u25b6\ufe0f Env\u00edo Gratis Desde 50\u20ac\" \/>\n<meta property=\"og:description\" content=\"Ashwagandha Complex | Suplemento a base de Ashwagandha KSM-66, Vitamina B6 y B12. F\u00f3rmula Complex | Nutralie\" \/>\n<meta property=\"og:url\" content=\"https:\/\/dev.nutralie.com\/es\/ashwagandha\/\" \/>\n<meta property=\"og:site_name\" content=\"Nutralie\" \/>\n<meta property=\"article:modified_time\" content=\"2026-01-08T09:18:26+00:00\" \/>\n<meta property=\"og:image\" content=\"https:\/\/dev.nutralie.com\/wp-content\/uploads\/2021\/03\/002_Nutralie_Amazon_2025_ImagenesLaterales_PropuestaVisual_Ashwagandha_2000x2000_mockup.jpg\" \/>\n\t<meta property=\"og:image:width\" content=\"2000\" \/>\n\t<meta property=\"og:image:height\" content=\"2000\" \/>\n\t<meta property=\"og:image:type\" content=\"image\/jpeg\" \/>\n<meta name=\"twitter:card\" content=\"summary_large_image\" \/>\n<meta name=\"twitter:label1\" content=\"Tiempo de lectura\" \/>\n\t<meta name=\"twitter:data1\" content=\"1 minuto\" \/>\n<script type=\"application\/ld+json\" class=\"yoast-schema-graph\">{\"@context\":\"https:\\\/\\\/schema.org\",\"@graph\":[{\"@type\":\"WebPage\",\"@id\":\"https:\\\/\\\/dev.nutralie.com\\\/es\\\/ashwagandha\\\/\",\"url\":\"https:\\\/\\\/dev.nutralie.com\\\/es\\\/ashwagandha\\\/\",\"name\":\"Ashwagandha Complex | 60 C\u00e1psulas \u25b6\ufe0f Env\u00edo Gratis Desde 50\u20ac\",\"isPartOf\":{\"@id\":\"https:\\\/\\\/dev.nutralie.com\\\/es\\\/#website\"},\"primaryImageOfPage\":{\"@id\":\"https:\\\/\\\/dev.nutralie.com\\\/es\\\/ashwagandha\\\/#primaryimage\"},\"image\":{\"@id\":\"https:\\\/\\\/dev.nutralie.com\\\/es\\\/ashwagandha\\\/#primaryimage\"},\"thumbnailUrl\":\"https:\\\/\\\/dev.nutralie.com\\\/wp-content\\\/uploads\\\/2021\\\/03\\\/002_Nutralie_Amazon_2025_ImagenesLaterales_PropuestaVisual_Ashwagandha_2000x2000_mockup.jpg\",\"datePublished\":\"2021-03-03T13:44:12+00:00\",\"dateModified\":\"2026-01-08T09:18:26+00:00\",\"description\":\"Ashwagandha Complex | Suplemento a base de Ashwagandha KSM-66, Vitamina B6 y B12. F\u00f3rmula Complex | Nutralie\",\"breadcrumb\":{\"@id\":\"https:\\\/\\\/dev.nutralie.com\\\/es\\\/ashwagandha\\\/#breadcrumb\"},\"inLanguage\":\"es\",\"potentialAction\":[{\"@type\":\"ReadAction\",\"target\":[\"https:\\\/\\\/dev.nutralie.com\\\/es\\\/ashwagandha\\\/\"]}]},{\"@type\":\"ImageObject\",\"inLanguage\":\"es\",\"@id\":\"https:\\\/\\\/dev.nutralie.com\\\/es\\\/ashwagandha\\\/#primaryimage\",\"url\":\"https:\\\/\\\/dev.nutralie.com\\\/wp-content\\\/uploads\\\/2021\\\/03\\\/002_Nutralie_Amazon_2025_ImagenesLaterales_PropuestaVisual_Ashwagandha_2000x2000_mockup.jpg\",\"contentUrl\":\"https:\\\/\\\/dev.nutralie.com\\\/wp-content\\\/uploads\\\/2021\\\/03\\\/002_Nutralie_Amazon_2025_ImagenesLaterales_PropuestaVisual_Ashwagandha_2000x2000_mockup.jpg\",\"width\":2000,\"height\":2000},{\"@type\":\"BreadcrumbList\",\"@id\":\"https:\\\/\\\/dev.nutralie.com\\\/es\\\/ashwagandha\\\/#breadcrumb\",\"itemListElement\":[{\"@type\":\"ListItem\",\"position\":1,\"name\":\"Home\",\"item\":\"https:\\\/\\\/dev.nutralie.com\\\/es\\\/\"},{\"@type\":\"ListItem\",\"position\":2,\"name\":\"Productos\",\"item\":\"https:\\\/\\\/dev.nutralie.com\\\/es\\\/shop\\\/\"},{\"@type\":\"ListItem\",\"position\":3,\"name\":\"ASHWAGANDHA COMPLEX\"}]},{\"@type\":\"WebSite\",\"@id\":\"https:\\\/\\\/dev.nutralie.com\\\/es\\\/#website\",\"url\":\"https:\\\/\\\/dev.nutralie.com\\\/es\\\/\",\"name\":\"Nutralie\",\"description\":\"\",\"potentialAction\":[{\"@type\":\"SearchAction\",\"target\":{\"@type\":\"EntryPoint\",\"urlTemplate\":\"https:\\\/\\\/dev.nutralie.com\\\/es\\\/?s={search_term_string}\"},\"query-input\":{\"@type\":\"PropertyValueSpecification\",\"valueRequired\":true,\"valueName\":\"search_term_string\"}}],\"inLanguage\":\"es\"}]}<\/script>\n<!-- \/ Yoast SEO plugin. -->","yoast_head_json":{"title":"Ashwagandha Complex | 60 C\u00e1psulas \u25b6\ufe0f Env\u00edo Gratis Desde 50\u20ac","description":"Ashwagandha Complex | Suplemento a base de Ashwagandha KSM-66, Vitamina B6 y B12. F\u00f3rmula Complex | Nutralie","robots":{"index":"noindex","follow":"follow","max-snippet":"max-snippet:-1","max-image-preview":"max-image-preview:large","max-video-preview":"max-video-preview:-1"},"og_locale":"es_ES","og_type":"article","og_title":"Ashwagandha Complex | 60 C\u00e1psulas \u25b6\ufe0f Env\u00edo Gratis Desde 50\u20ac","og_description":"Ashwagandha Complex | Suplemento a base de Ashwagandha KSM-66, Vitamina B6 y B12. F\u00f3rmula Complex | Nutralie","og_url":"https:\/\/dev.nutralie.com\/es\/ashwagandha\/","og_site_name":"Nutralie","article_modified_time":"2026-01-08T09:18:26+00:00","og_image":[{"width":2000,"height":2000,"url":"https:\/\/dev.nutralie.com\/wp-content\/uploads\/2021\/03\/002_Nutralie_Amazon_2025_ImagenesLaterales_PropuestaVisual_Ashwagandha_2000x2000_mockup.jpg","type":"image\/jpeg"}],"twitter_card":"summary_large_image","twitter_misc":{"Tiempo de lectura":"1 minuto"},"schema":{"@context":"https:\/\/schema.org","@graph":[{"@type":"WebPage","@id":"https:\/\/dev.nutralie.com\/es\/ashwagandha\/","url":"https:\/\/dev.nutralie.com\/es\/ashwagandha\/","name":"Ashwagandha Complex | 60 C\u00e1psulas \u25b6\ufe0f Env\u00edo Gratis Desde 50\u20ac","isPartOf":{"@id":"https:\/\/dev.nutralie.com\/es\/#website"},"primaryImageOfPage":{"@id":"https:\/\/dev.nutralie.com\/es\/ashwagandha\/#primaryimage"},"image":{"@id":"https:\/\/dev.nutralie.com\/es\/ashwagandha\/#primaryimage"},"thumbnailUrl":"https:\/\/dev.nutralie.com\/wp-content\/uploads\/2021\/03\/002_Nutralie_Amazon_2025_ImagenesLaterales_PropuestaVisual_Ashwagandha_2000x2000_mockup.jpg","datePublished":"2021-03-03T13:44:12+00:00","dateModified":"2026-01-08T09:18:26+00:00","description":"Ashwagandha Complex | Suplemento a base de Ashwagandha KSM-66, Vitamina B6 y B12. F\u00f3rmula Complex | Nutralie","breadcrumb":{"@id":"https:\/\/dev.nutralie.com\/es\/ashwagandha\/#breadcrumb"},"inLanguage":"es","potentialAction":[{"@type":"ReadAction","target":["https:\/\/dev.nutralie.com\/es\/ashwagandha\/"]}]},{"@type":"ImageObject","inLanguage":"es","@id":"https:\/\/dev.nutralie.com\/es\/ashwagandha\/#primaryimage","url":"https:\/\/dev.nutralie.com\/wp-content\/uploads\/2021\/03\/002_Nutralie_Amazon_2025_ImagenesLaterales_PropuestaVisual_Ashwagandha_2000x2000_mockup.jpg","contentUrl":"https:\/\/dev.nutralie.com\/wp-content\/uploads\/2021\/03\/002_Nutralie_Amazon_2025_ImagenesLaterales_PropuestaVisual_Ashwagandha_2000x2000_mockup.jpg","width":2000,"height":2000},{"@type":"BreadcrumbList","@id":"https:\/\/dev.nutralie.com\/es\/ashwagandha\/#breadcrumb","itemListElement":[{"@type":"ListItem","position":1,"name":"Home","item":"https:\/\/dev.nutralie.com\/es\/"},{"@type":"ListItem","position":2,"name":"Productos","item":"https:\/\/dev.nutralie.com\/es\/shop\/"},{"@type":"ListItem","position":3,"name":"ASHWAGANDHA COMPLEX"}]},{"@type":"WebSite","@id":"https:\/\/dev.nutralie.com\/es\/#website","url":"https:\/\/dev.nutralie.com\/es\/","name":"Nutralie","description":"","potentialAction":[{"@type":"SearchAction","target":{"@type":"EntryPoint","urlTemplate":"https:\/\/dev.nutralie.com\/es\/?s={search_term_string}"},"query-input":{"@type":"PropertyValueSpecification","valueRequired":true,"valueName":"search_term_string"}}],"inLanguage":"es"}]}},"_links":{"self":[{"href":"https:\/\/dev.nutralie.com\/es\/wp-json\/wp\/v2\/product\/15293","targetHints":{"allow":["GET"]}}],"collection":[{"href":"https:\/\/dev.nutralie.com\/es\/wp-json\/wp\/v2\/product"}],"about":[{"href":"https:\/\/dev.nutralie.com\/es\/wp-json\/wp\/v2\/types\/product"}],"wp:featuredmedia":[{"embeddable":true,"href":"https:\/\/dev.nutralie.com\/es\/wp-json\/wp\/v2\/media\/199932"}],"wp:attachment":[{"href":"https:\/\/dev.nutralie.com\/es\/wp-json\/wp\/v2\/media?parent=15293"}],"wp:term":[{"taxonomy":"product_brand","embeddable":true,"href":"https:\/\/dev.nutralie.com\/es\/wp-json\/wp\/v2\/product_brand?post=15293"},{"taxonomy":"product_cat","embeddable":true,"href":"https:\/\/dev.nutralie.com\/es\/wp-json\/wp\/v2\/product_cat?post=15293"},{"taxonomy":"product_tag","embeddable":true,"href":"https:\/\/dev.nutralie.com\/es\/wp-json\/wp\/v2\/product_tag?post=15293"},{"taxonomy":"referencias","embeddable":true,"href":"https:\/\/dev.nutralie.com\/es\/wp-json\/wp\/v2\/referencias?post=15293"},{"taxonomy":"beneficio","embeddable":true,"href":"https:\/\/dev.nutralie.com\/es\/wp-json\/wp\/v2\/beneficio?post=15293"}],"curies":[{"name":"wp","href":"https:\/\/api.w.org\/{rel}","templated":true}]}}