{"id":26753,"date":"2021-05-06T07:05:25","date_gmt":"2021-05-06T05:05:25","guid":{"rendered":"http:\/\/dev.nutralie.com\/?post_type=product&#038;p=26753"},"modified":"2026-01-08T11:18:21","modified_gmt":"2026-01-08T09:18:21","slug":"arandano-rojo","status":"publish","type":"product","link":"https:\/\/dev.nutralie.com\/es\/arandano-rojo\/","title":{"rendered":"AR\u00c1NDANO ROJO COMPLEX"},"content":{"rendered":"","protected":false},"excerpt":{"rendered":"<p>Ar\u00e1ndano Rojo Complex de Nutralie se caracteriza por presentar 350 mg de Ar\u00e1ndano Americano, de origen norteamericano de los cuales 140 mg son Proantocianidinas.<br \/>\nNuestro Ar\u00e1ndano Rojo Complex tambi\u00e9n contiene 80 mg de Vitamina C, 400 mg de D-Manosa y 100 mg de H\u00edbisco.<\/p>\n<p><strong>C\u00c1PSULAS<\/strong><\/p>\n<p>Ar\u00e1ndano Rojo Complex de Nutralie se presenta en un envase que contiene 60 c\u00e1psulas.<\/p>\n","protected":false},"featured_media":204488,"template":"","meta":{"_acf_changed":false},"product_brand":[],"product_cat":[170],"product_tag":[],"referencias":[2190],"beneficio":[],"class_list":{"0":"post-26753","1":"product","2":"type-product","3":"status-publish","4":"has-post-thumbnail","6":"product_cat-defensas","8":"first","9":"instock","10":"taxable","11":"shipping-taxable","12":"purchasable","13":"product-type-simple"},"bundled_by":[],"bundle_stock_status":"instock","bundle_stock_quantity":null,"bundle_virtual":false,"bundle_layout":"","bundle_add_to_cart_form_location":"","bundle_editable_in_cart":false,"bundle_sold_individually_context":"","bundle_item_grouping":"","bundle_min_size":"","bundle_max_size":"","bundle_price":[],"bundled_items":[],"bundle_sell_ids":[],"acf":[],"yoast_head":"<!-- This site is optimized with the Yoast SEO plugin v27.3 - https:\/\/yoast.com\/product\/yoast-seo-wordpress\/ -->\n<title>Cranberry Complex | 60 C\u00e1psulas \u25b6\ufe0f Env\u00edo Gratis Desde 50\u20ac<\/title>\n<meta name=\"description\" content=\"Cranberry Complex | Suplemento de \u00e1randano rojo con vitamina c que contribuye al funcionamiento normal del sistema inmunitario. F\u00f3rmula Complex | Nutralie\" \/>\n<meta name=\"robots\" content=\"noindex, follow, max-snippet:-1, max-image-preview:large, max-video-preview:-1\" \/>\n<meta property=\"og:locale\" content=\"es_ES\" \/>\n<meta property=\"og:type\" content=\"article\" \/>\n<meta property=\"og:title\" content=\"Cranberry Complex | 60 C\u00e1psulas \u25b6\ufe0f Env\u00edo Gratis Desde 50\u20ac\" \/>\n<meta property=\"og:description\" content=\"Cranberry Complex | Suplemento de \u00e1randano rojo con vitamina c que contribuye al funcionamiento normal del sistema inmunitario. F\u00f3rmula Complex | Nutralie\" \/>\n<meta property=\"og:url\" content=\"https:\/\/dev.nutralie.com\/es\/arandano-rojo\/\" \/>\n<meta property=\"og:site_name\" content=\"Nutralie\" \/>\n<meta property=\"article:modified_time\" content=\"2026-01-08T09:18:21+00:00\" \/>\n<meta property=\"og:image\" content=\"https:\/\/dev.nutralie.com\/wp-content\/uploads\/2021\/05\/001_Nutralie_Amazon_2025_ImagenesLaterales_PropuestaVisual_Cranberry_2000x2000_mockup_EN.jpg\" \/>\n\t<meta property=\"og:image:width\" content=\"2000\" \/>\n\t<meta property=\"og:image:height\" content=\"2000\" \/>\n\t<meta property=\"og:image:type\" content=\"image\/jpeg\" \/>\n<meta name=\"twitter:card\" content=\"summary_large_image\" \/>\n<meta name=\"twitter:label1\" content=\"Tiempo de lectura\" \/>\n\t<meta name=\"twitter:data1\" content=\"1 minuto\" \/>\n<script type=\"application\/ld+json\" class=\"yoast-schema-graph\">{\"@context\":\"https:\\\/\\\/schema.org\",\"@graph\":[{\"@type\":\"WebPage\",\"@id\":\"https:\\\/\\\/dev.nutralie.com\\\/es\\\/arandano-rojo\\\/\",\"url\":\"https:\\\/\\\/dev.nutralie.com\\\/es\\\/arandano-rojo\\\/\",\"name\":\"Cranberry Complex | 60 C\u00e1psulas \u25b6\ufe0f Env\u00edo Gratis Desde 50\u20ac\",\"isPartOf\":{\"@id\":\"https:\\\/\\\/dev.nutralie.com\\\/es\\\/#website\"},\"primaryImageOfPage\":{\"@id\":\"https:\\\/\\\/dev.nutralie.com\\\/es\\\/arandano-rojo\\\/#primaryimage\"},\"image\":{\"@id\":\"https:\\\/\\\/dev.nutralie.com\\\/es\\\/arandano-rojo\\\/#primaryimage\"},\"thumbnailUrl\":\"https:\\\/\\\/dev.nutralie.com\\\/wp-content\\\/uploads\\\/2021\\\/05\\\/001_Nutralie_Amazon_2025_ImagenesLaterales_PropuestaVisual_Cranberry_2000x2000_mockup_EN.jpg\",\"datePublished\":\"2021-05-06T05:05:25+00:00\",\"dateModified\":\"2026-01-08T09:18:21+00:00\",\"description\":\"Cranberry Complex | Suplemento de \u00e1randano rojo con vitamina c que contribuye al funcionamiento normal del sistema inmunitario. F\u00f3rmula Complex | Nutralie\",\"breadcrumb\":{\"@id\":\"https:\\\/\\\/dev.nutralie.com\\\/es\\\/arandano-rojo\\\/#breadcrumb\"},\"inLanguage\":\"es\",\"potentialAction\":[{\"@type\":\"ReadAction\",\"target\":[\"https:\\\/\\\/dev.nutralie.com\\\/es\\\/arandano-rojo\\\/\"]}]},{\"@type\":\"ImageObject\",\"inLanguage\":\"es\",\"@id\":\"https:\\\/\\\/dev.nutralie.com\\\/es\\\/arandano-rojo\\\/#primaryimage\",\"url\":\"https:\\\/\\\/dev.nutralie.com\\\/wp-content\\\/uploads\\\/2021\\\/05\\\/001_Nutralie_Amazon_2025_ImagenesLaterales_PropuestaVisual_Cranberry_2000x2000_mockup_EN.jpg\",\"contentUrl\":\"https:\\\/\\\/dev.nutralie.com\\\/wp-content\\\/uploads\\\/2021\\\/05\\\/001_Nutralie_Amazon_2025_ImagenesLaterales_PropuestaVisual_Cranberry_2000x2000_mockup_EN.jpg\",\"width\":2000,\"height\":2000},{\"@type\":\"BreadcrumbList\",\"@id\":\"https:\\\/\\\/dev.nutralie.com\\\/es\\\/arandano-rojo\\\/#breadcrumb\",\"itemListElement\":[{\"@type\":\"ListItem\",\"position\":1,\"name\":\"Home\",\"item\":\"https:\\\/\\\/dev.nutralie.com\\\/es\\\/\"},{\"@type\":\"ListItem\",\"position\":2,\"name\":\"Productos\",\"item\":\"https:\\\/\\\/dev.nutralie.com\\\/es\\\/shop\\\/\"},{\"@type\":\"ListItem\",\"position\":3,\"name\":\"AR\u00c1NDANO ROJO COMPLEX\"}]},{\"@type\":\"WebSite\",\"@id\":\"https:\\\/\\\/dev.nutralie.com\\\/es\\\/#website\",\"url\":\"https:\\\/\\\/dev.nutralie.com\\\/es\\\/\",\"name\":\"Nutralie\",\"description\":\"\",\"potentialAction\":[{\"@type\":\"SearchAction\",\"target\":{\"@type\":\"EntryPoint\",\"urlTemplate\":\"https:\\\/\\\/dev.nutralie.com\\\/es\\\/?s={search_term_string}\"},\"query-input\":{\"@type\":\"PropertyValueSpecification\",\"valueRequired\":true,\"valueName\":\"search_term_string\"}}],\"inLanguage\":\"es\"}]}<\/script>\n<!-- \/ Yoast SEO plugin. -->","yoast_head_json":{"title":"Cranberry Complex | 60 C\u00e1psulas \u25b6\ufe0f Env\u00edo Gratis Desde 50\u20ac","description":"Cranberry Complex | Suplemento de \u00e1randano rojo con vitamina c que contribuye al funcionamiento normal del sistema inmunitario. F\u00f3rmula Complex | Nutralie","robots":{"index":"noindex","follow":"follow","max-snippet":"max-snippet:-1","max-image-preview":"max-image-preview:large","max-video-preview":"max-video-preview:-1"},"og_locale":"es_ES","og_type":"article","og_title":"Cranberry Complex | 60 C\u00e1psulas \u25b6\ufe0f Env\u00edo Gratis Desde 50\u20ac","og_description":"Cranberry Complex | Suplemento de \u00e1randano rojo con vitamina c que contribuye al funcionamiento normal del sistema inmunitario. F\u00f3rmula Complex | Nutralie","og_url":"https:\/\/dev.nutralie.com\/es\/arandano-rojo\/","og_site_name":"Nutralie","article_modified_time":"2026-01-08T09:18:21+00:00","og_image":[{"width":2000,"height":2000,"url":"https:\/\/dev.nutralie.com\/wp-content\/uploads\/2021\/05\/001_Nutralie_Amazon_2025_ImagenesLaterales_PropuestaVisual_Cranberry_2000x2000_mockup_EN.jpg","type":"image\/jpeg"}],"twitter_card":"summary_large_image","twitter_misc":{"Tiempo de lectura":"1 minuto"},"schema":{"@context":"https:\/\/schema.org","@graph":[{"@type":"WebPage","@id":"https:\/\/dev.nutralie.com\/es\/arandano-rojo\/","url":"https:\/\/dev.nutralie.com\/es\/arandano-rojo\/","name":"Cranberry Complex | 60 C\u00e1psulas \u25b6\ufe0f Env\u00edo Gratis Desde 50\u20ac","isPartOf":{"@id":"https:\/\/dev.nutralie.com\/es\/#website"},"primaryImageOfPage":{"@id":"https:\/\/dev.nutralie.com\/es\/arandano-rojo\/#primaryimage"},"image":{"@id":"https:\/\/dev.nutralie.com\/es\/arandano-rojo\/#primaryimage"},"thumbnailUrl":"https:\/\/dev.nutralie.com\/wp-content\/uploads\/2021\/05\/001_Nutralie_Amazon_2025_ImagenesLaterales_PropuestaVisual_Cranberry_2000x2000_mockup_EN.jpg","datePublished":"2021-05-06T05:05:25+00:00","dateModified":"2026-01-08T09:18:21+00:00","description":"Cranberry Complex | Suplemento de \u00e1randano rojo con vitamina c que contribuye al funcionamiento normal del sistema inmunitario. F\u00f3rmula Complex | Nutralie","breadcrumb":{"@id":"https:\/\/dev.nutralie.com\/es\/arandano-rojo\/#breadcrumb"},"inLanguage":"es","potentialAction":[{"@type":"ReadAction","target":["https:\/\/dev.nutralie.com\/es\/arandano-rojo\/"]}]},{"@type":"ImageObject","inLanguage":"es","@id":"https:\/\/dev.nutralie.com\/es\/arandano-rojo\/#primaryimage","url":"https:\/\/dev.nutralie.com\/wp-content\/uploads\/2021\/05\/001_Nutralie_Amazon_2025_ImagenesLaterales_PropuestaVisual_Cranberry_2000x2000_mockup_EN.jpg","contentUrl":"https:\/\/dev.nutralie.com\/wp-content\/uploads\/2021\/05\/001_Nutralie_Amazon_2025_ImagenesLaterales_PropuestaVisual_Cranberry_2000x2000_mockup_EN.jpg","width":2000,"height":2000},{"@type":"BreadcrumbList","@id":"https:\/\/dev.nutralie.com\/es\/arandano-rojo\/#breadcrumb","itemListElement":[{"@type":"ListItem","position":1,"name":"Home","item":"https:\/\/dev.nutralie.com\/es\/"},{"@type":"ListItem","position":2,"name":"Productos","item":"https:\/\/dev.nutralie.com\/es\/shop\/"},{"@type":"ListItem","position":3,"name":"AR\u00c1NDANO ROJO COMPLEX"}]},{"@type":"WebSite","@id":"https:\/\/dev.nutralie.com\/es\/#website","url":"https:\/\/dev.nutralie.com\/es\/","name":"Nutralie","description":"","potentialAction":[{"@type":"SearchAction","target":{"@type":"EntryPoint","urlTemplate":"https:\/\/dev.nutralie.com\/es\/?s={search_term_string}"},"query-input":{"@type":"PropertyValueSpecification","valueRequired":true,"valueName":"search_term_string"}}],"inLanguage":"es"}]}},"_links":{"self":[{"href":"https:\/\/dev.nutralie.com\/es\/wp-json\/wp\/v2\/product\/26753","targetHints":{"allow":["GET"]}}],"collection":[{"href":"https:\/\/dev.nutralie.com\/es\/wp-json\/wp\/v2\/product"}],"about":[{"href":"https:\/\/dev.nutralie.com\/es\/wp-json\/wp\/v2\/types\/product"}],"wp:featuredmedia":[{"embeddable":true,"href":"https:\/\/dev.nutralie.com\/es\/wp-json\/wp\/v2\/media\/204488"}],"wp:attachment":[{"href":"https:\/\/dev.nutralie.com\/es\/wp-json\/wp\/v2\/media?parent=26753"}],"wp:term":[{"taxonomy":"product_brand","embeddable":true,"href":"https:\/\/dev.nutralie.com\/es\/wp-json\/wp\/v2\/product_brand?post=26753"},{"taxonomy":"product_cat","embeddable":true,"href":"https:\/\/dev.nutralie.com\/es\/wp-json\/wp\/v2\/product_cat?post=26753"},{"taxonomy":"product_tag","embeddable":true,"href":"https:\/\/dev.nutralie.com\/es\/wp-json\/wp\/v2\/product_tag?post=26753"},{"taxonomy":"referencias","embeddable":true,"href":"https:\/\/dev.nutralie.com\/es\/wp-json\/wp\/v2\/referencias?post=26753"},{"taxonomy":"beneficio","embeddable":true,"href":"https:\/\/dev.nutralie.com\/es\/wp-json\/wp\/v2\/beneficio?post=26753"}],"curies":[{"name":"wp","href":"https:\/\/api.w.org\/{rel}","templated":true}]}}