{"id":8695,"date":"2020-10-20T09:21:28","date_gmt":"2020-10-20T07:21:28","guid":{"rendered":"http:\/\/dev.nutralie.com\/?post_type=product&#038;p=8695"},"modified":"2026-01-08T11:18:58","modified_gmt":"2026-01-08T09:18:58","slug":"garcinia-cambogia-complex","status":"publish","type":"product","link":"https:\/\/dev.nutralie.com\/es\/garcinia-cambogia-complex\/","title":{"rendered":"GARCINIA CAMBOGIA COMPLEX"},"content":{"rendered":"","protected":false},"excerpt":{"rendered":"<p>El suplemento Garcinia Cambogia Complex est\u00e1 elaborado con un fruto proveniente de los bosques h\u00famedos del sudeste asi\u00e1tico. Nuestra Garcinia Cambogia Complex tambi\u00e9n contiene zinc que contribuye al metabolismo normal de los hidratos de carbono, y vitaminas B2 y B6 que contribuyen al metabolismo energ\u00e9tico normal.<\/p>\n<p><strong>C\u00c1PSULAS<\/strong><\/p>\n<p>La Garcinia se presenta en un envase que contiene 90 c\u00e1psulas.<\/p>\n","protected":false},"featured_media":205031,"template":"","meta":{"_acf_changed":false},"product_brand":[],"product_cat":[165],"product_tag":[],"referencias":[2194],"beneficio":[],"class_list":{"0":"post-8695","1":"product","2":"type-product","3":"status-publish","4":"has-post-thumbnail","6":"product_cat-dieta","8":"first","9":"instock","10":"taxable","11":"shipping-taxable","12":"purchasable","13":"product-type-simple"},"bundled_by":[],"bundle_stock_status":"instock","bundle_stock_quantity":null,"bundle_virtual":false,"bundle_layout":"","bundle_add_to_cart_form_location":"","bundle_editable_in_cart":false,"bundle_sold_individually_context":"","bundle_item_grouping":"","bundle_min_size":"","bundle_max_size":"","bundle_price":[],"bundled_items":[],"bundle_sell_ids":[],"acf":[],"yoast_head":"<!-- This site is optimized with the Yoast SEO plugin v27.3 - https:\/\/yoast.com\/product\/yoast-seo-wordpress\/ -->\n<title>Garcinia Cambogia Complex | 90 C\u00e1psulas \u25b6\ufe0f Env\u00edo Gratis Desde 50\u20ac<\/title>\n<meta name=\"description\" content=\"Garcinia Cambogia Complex | Suplemento de garcinia cambogia, minerales y vitaminas. F\u00f3rmula Complex | Nutralie\" \/>\n<meta name=\"robots\" content=\"noindex, follow, max-snippet:-1, max-image-preview:large, max-video-preview:-1\" \/>\n<meta property=\"og:locale\" content=\"es_ES\" \/>\n<meta property=\"og:type\" content=\"article\" \/>\n<meta property=\"og:title\" content=\"Garcinia Cambogia Complex | 90 C\u00e1psulas \u25b6\ufe0f Env\u00edo Gratis Desde 50\u20ac\" \/>\n<meta property=\"og:description\" content=\"Garcinia Cambogia Complex | Suplemento de garcinia cambogia, minerales y vitaminas. F\u00f3rmula Complex | Nutralie\" \/>\n<meta property=\"og:url\" content=\"https:\/\/dev.nutralie.com\/es\/garcinia-cambogia-complex\/\" \/>\n<meta property=\"og:site_name\" content=\"Nutralie\" \/>\n<meta property=\"article:modified_time\" content=\"2026-01-08T09:18:58+00:00\" \/>\n<meta property=\"og:image\" content=\"https:\/\/dev.nutralie.com\/wp-content\/uploads\/2020\/10\/002_Nutralie_Amazon_2025_ImagenesLaterales_PropuestaVisual_Garcinia_2000x2000_mockup_EN.jpg\" \/>\n\t<meta property=\"og:image:width\" content=\"2000\" \/>\n\t<meta property=\"og:image:height\" content=\"2000\" \/>\n\t<meta property=\"og:image:type\" content=\"image\/jpeg\" \/>\n<meta name=\"twitter:card\" content=\"summary_large_image\" \/>\n<meta name=\"twitter:label1\" content=\"Tiempo de lectura\" \/>\n\t<meta name=\"twitter:data1\" content=\"1 minuto\" \/>\n<script type=\"application\/ld+json\" class=\"yoast-schema-graph\">{\"@context\":\"https:\\\/\\\/schema.org\",\"@graph\":[{\"@type\":\"WebPage\",\"@id\":\"https:\\\/\\\/dev.nutralie.com\\\/es\\\/garcinia-cambogia-complex\\\/\",\"url\":\"https:\\\/\\\/dev.nutralie.com\\\/es\\\/garcinia-cambogia-complex\\\/\",\"name\":\"Garcinia Cambogia Complex | 90 C\u00e1psulas \u25b6\ufe0f Env\u00edo Gratis Desde 50\u20ac\",\"isPartOf\":{\"@id\":\"https:\\\/\\\/dev.nutralie.com\\\/es\\\/#website\"},\"primaryImageOfPage\":{\"@id\":\"https:\\\/\\\/dev.nutralie.com\\\/es\\\/garcinia-cambogia-complex\\\/#primaryimage\"},\"image\":{\"@id\":\"https:\\\/\\\/dev.nutralie.com\\\/es\\\/garcinia-cambogia-complex\\\/#primaryimage\"},\"thumbnailUrl\":\"https:\\\/\\\/dev.nutralie.com\\\/wp-content\\\/uploads\\\/2020\\\/10\\\/002_Nutralie_Amazon_2025_ImagenesLaterales_PropuestaVisual_Garcinia_2000x2000_mockup_EN.jpg\",\"datePublished\":\"2020-10-20T07:21:28+00:00\",\"dateModified\":\"2026-01-08T09:18:58+00:00\",\"description\":\"Garcinia Cambogia Complex | Suplemento de garcinia cambogia, minerales y vitaminas. F\u00f3rmula Complex | Nutralie\",\"breadcrumb\":{\"@id\":\"https:\\\/\\\/dev.nutralie.com\\\/es\\\/garcinia-cambogia-complex\\\/#breadcrumb\"},\"inLanguage\":\"es\",\"potentialAction\":[{\"@type\":\"ReadAction\",\"target\":[\"https:\\\/\\\/dev.nutralie.com\\\/es\\\/garcinia-cambogia-complex\\\/\"]}]},{\"@type\":\"ImageObject\",\"inLanguage\":\"es\",\"@id\":\"https:\\\/\\\/dev.nutralie.com\\\/es\\\/garcinia-cambogia-complex\\\/#primaryimage\",\"url\":\"https:\\\/\\\/dev.nutralie.com\\\/wp-content\\\/uploads\\\/2020\\\/10\\\/002_Nutralie_Amazon_2025_ImagenesLaterales_PropuestaVisual_Garcinia_2000x2000_mockup_EN.jpg\",\"contentUrl\":\"https:\\\/\\\/dev.nutralie.com\\\/wp-content\\\/uploads\\\/2020\\\/10\\\/002_Nutralie_Amazon_2025_ImagenesLaterales_PropuestaVisual_Garcinia_2000x2000_mockup_EN.jpg\",\"width\":2000,\"height\":2000},{\"@type\":\"BreadcrumbList\",\"@id\":\"https:\\\/\\\/dev.nutralie.com\\\/es\\\/garcinia-cambogia-complex\\\/#breadcrumb\",\"itemListElement\":[{\"@type\":\"ListItem\",\"position\":1,\"name\":\"Home\",\"item\":\"https:\\\/\\\/dev.nutralie.com\\\/es\\\/\"},{\"@type\":\"ListItem\",\"position\":2,\"name\":\"Productos\",\"item\":\"https:\\\/\\\/dev.nutralie.com\\\/es\\\/shop\\\/\"},{\"@type\":\"ListItem\",\"position\":3,\"name\":\"GARCINIA CAMBOGIA COMPLEX\"}]},{\"@type\":\"WebSite\",\"@id\":\"https:\\\/\\\/dev.nutralie.com\\\/es\\\/#website\",\"url\":\"https:\\\/\\\/dev.nutralie.com\\\/es\\\/\",\"name\":\"Nutralie\",\"description\":\"\",\"potentialAction\":[{\"@type\":\"SearchAction\",\"target\":{\"@type\":\"EntryPoint\",\"urlTemplate\":\"https:\\\/\\\/dev.nutralie.com\\\/es\\\/?s={search_term_string}\"},\"query-input\":{\"@type\":\"PropertyValueSpecification\",\"valueRequired\":true,\"valueName\":\"search_term_string\"}}],\"inLanguage\":\"es\"}]}<\/script>\n<!-- \/ Yoast SEO plugin. -->","yoast_head_json":{"title":"Garcinia Cambogia Complex | 90 C\u00e1psulas \u25b6\ufe0f Env\u00edo Gratis Desde 50\u20ac","description":"Garcinia Cambogia Complex | Suplemento de garcinia cambogia, minerales y vitaminas. F\u00f3rmula Complex | Nutralie","robots":{"index":"noindex","follow":"follow","max-snippet":"max-snippet:-1","max-image-preview":"max-image-preview:large","max-video-preview":"max-video-preview:-1"},"og_locale":"es_ES","og_type":"article","og_title":"Garcinia Cambogia Complex | 90 C\u00e1psulas \u25b6\ufe0f Env\u00edo Gratis Desde 50\u20ac","og_description":"Garcinia Cambogia Complex | Suplemento de garcinia cambogia, minerales y vitaminas. F\u00f3rmula Complex | Nutralie","og_url":"https:\/\/dev.nutralie.com\/es\/garcinia-cambogia-complex\/","og_site_name":"Nutralie","article_modified_time":"2026-01-08T09:18:58+00:00","og_image":[{"width":2000,"height":2000,"url":"https:\/\/dev.nutralie.com\/wp-content\/uploads\/2020\/10\/002_Nutralie_Amazon_2025_ImagenesLaterales_PropuestaVisual_Garcinia_2000x2000_mockup_EN.jpg","type":"image\/jpeg"}],"twitter_card":"summary_large_image","twitter_misc":{"Tiempo de lectura":"1 minuto"},"schema":{"@context":"https:\/\/schema.org","@graph":[{"@type":"WebPage","@id":"https:\/\/dev.nutralie.com\/es\/garcinia-cambogia-complex\/","url":"https:\/\/dev.nutralie.com\/es\/garcinia-cambogia-complex\/","name":"Garcinia Cambogia Complex | 90 C\u00e1psulas \u25b6\ufe0f Env\u00edo Gratis Desde 50\u20ac","isPartOf":{"@id":"https:\/\/dev.nutralie.com\/es\/#website"},"primaryImageOfPage":{"@id":"https:\/\/dev.nutralie.com\/es\/garcinia-cambogia-complex\/#primaryimage"},"image":{"@id":"https:\/\/dev.nutralie.com\/es\/garcinia-cambogia-complex\/#primaryimage"},"thumbnailUrl":"https:\/\/dev.nutralie.com\/wp-content\/uploads\/2020\/10\/002_Nutralie_Amazon_2025_ImagenesLaterales_PropuestaVisual_Garcinia_2000x2000_mockup_EN.jpg","datePublished":"2020-10-20T07:21:28+00:00","dateModified":"2026-01-08T09:18:58+00:00","description":"Garcinia Cambogia Complex | Suplemento de garcinia cambogia, minerales y vitaminas. F\u00f3rmula Complex | Nutralie","breadcrumb":{"@id":"https:\/\/dev.nutralie.com\/es\/garcinia-cambogia-complex\/#breadcrumb"},"inLanguage":"es","potentialAction":[{"@type":"ReadAction","target":["https:\/\/dev.nutralie.com\/es\/garcinia-cambogia-complex\/"]}]},{"@type":"ImageObject","inLanguage":"es","@id":"https:\/\/dev.nutralie.com\/es\/garcinia-cambogia-complex\/#primaryimage","url":"https:\/\/dev.nutralie.com\/wp-content\/uploads\/2020\/10\/002_Nutralie_Amazon_2025_ImagenesLaterales_PropuestaVisual_Garcinia_2000x2000_mockup_EN.jpg","contentUrl":"https:\/\/dev.nutralie.com\/wp-content\/uploads\/2020\/10\/002_Nutralie_Amazon_2025_ImagenesLaterales_PropuestaVisual_Garcinia_2000x2000_mockup_EN.jpg","width":2000,"height":2000},{"@type":"BreadcrumbList","@id":"https:\/\/dev.nutralie.com\/es\/garcinia-cambogia-complex\/#breadcrumb","itemListElement":[{"@type":"ListItem","position":1,"name":"Home","item":"https:\/\/dev.nutralie.com\/es\/"},{"@type":"ListItem","position":2,"name":"Productos","item":"https:\/\/dev.nutralie.com\/es\/shop\/"},{"@type":"ListItem","position":3,"name":"GARCINIA CAMBOGIA COMPLEX"}]},{"@type":"WebSite","@id":"https:\/\/dev.nutralie.com\/es\/#website","url":"https:\/\/dev.nutralie.com\/es\/","name":"Nutralie","description":"","potentialAction":[{"@type":"SearchAction","target":{"@type":"EntryPoint","urlTemplate":"https:\/\/dev.nutralie.com\/es\/?s={search_term_string}"},"query-input":{"@type":"PropertyValueSpecification","valueRequired":true,"valueName":"search_term_string"}}],"inLanguage":"es"}]}},"_links":{"self":[{"href":"https:\/\/dev.nutralie.com\/es\/wp-json\/wp\/v2\/product\/8695","targetHints":{"allow":["GET"]}}],"collection":[{"href":"https:\/\/dev.nutralie.com\/es\/wp-json\/wp\/v2\/product"}],"about":[{"href":"https:\/\/dev.nutralie.com\/es\/wp-json\/wp\/v2\/types\/product"}],"wp:featuredmedia":[{"embeddable":true,"href":"https:\/\/dev.nutralie.com\/es\/wp-json\/wp\/v2\/media\/205031"}],"wp:attachment":[{"href":"https:\/\/dev.nutralie.com\/es\/wp-json\/wp\/v2\/media?parent=8695"}],"wp:term":[{"taxonomy":"product_brand","embeddable":true,"href":"https:\/\/dev.nutralie.com\/es\/wp-json\/wp\/v2\/product_brand?post=8695"},{"taxonomy":"product_cat","embeddable":true,"href":"https:\/\/dev.nutralie.com\/es\/wp-json\/wp\/v2\/product_cat?post=8695"},{"taxonomy":"product_tag","embeddable":true,"href":"https:\/\/dev.nutralie.com\/es\/wp-json\/wp\/v2\/product_tag?post=8695"},{"taxonomy":"referencias","embeddable":true,"href":"https:\/\/dev.nutralie.com\/es\/wp-json\/wp\/v2\/referencias?post=8695"},{"taxonomy":"beneficio","embeddable":true,"href":"https:\/\/dev.nutralie.com\/es\/wp-json\/wp\/v2\/beneficio?post=8695"}],"curies":[{"name":"wp","href":"https:\/\/api.w.org\/{rel}","templated":true}]}}