{"id":8771,"date":"2020-10-22T06:52:59","date_gmt":"2020-10-22T04:52:59","guid":{"rendered":"http:\/\/dev.nutralie.com\/?post_type=product&#038;p=8771"},"modified":"2026-02-04T12:17:23","modified_gmt":"2026-02-04T10:17:23","slug":"biprotics","status":"publish","type":"product","link":"https:\/\/dev.nutralie.com\/es\/biprotics\/","title":{"rendered":"BIPROTICS COMPLEX"},"content":{"rendered":"","protected":false},"excerpt":{"rendered":"<p>Biprotics Complex de Nutralie es un complemento alimenticio natural con una combinaci\u00f3n de 10 cepas. Esta combinaci\u00f3n proporciona 50 mil millones de UFC garantizadas durante la vida \u00fatil del producto. En Biprotics Complex se encuentran cepas que pertenecen al grupo de lactobacilos y bifidobacterias.<\/p>\n<p><strong>C\u00c1PSULAS<\/strong><\/p>\n<p>Biprotics Complex se presenta en un envase con un contenido de 60 c\u00e1psulas.<\/p>\n","protected":false},"featured_media":202784,"template":"","meta":{"_acf_changed":false},"product_brand":[],"product_cat":[170],"product_tag":[],"referencias":[2191],"beneficio":[],"class_list":{"0":"post-8771","1":"product","2":"type-product","3":"status-publish","4":"has-post-thumbnail","6":"product_cat-defensas","8":"first","9":"instock","10":"taxable","11":"shipping-taxable","12":"purchasable","13":"product-type-simple"},"bundled_by":[],"bundle_stock_status":"instock","bundle_stock_quantity":null,"bundle_virtual":false,"bundle_layout":"","bundle_add_to_cart_form_location":"","bundle_editable_in_cart":false,"bundle_sold_individually_context":"","bundle_item_grouping":"","bundle_min_size":"","bundle_max_size":"","bundle_price":[],"bundled_items":[],"bundle_sell_ids":[],"acf":[],"yoast_head":"<!-- This site is optimized with the Yoast SEO plugin v27.3 - https:\/\/yoast.com\/product\/yoast-seo-wordpress\/ -->\n<title>Biprotics Complex | 60 C\u00e1psulas \u25b6\ufe0f Env\u00edo Gratis Desde 50\u20ac<\/title>\n<meta name=\"description\" content=\"Biprotics Complex | Suplemento con una combinaci\u00f3n de 10 cepas. F\u00f3rmula Complex | Nutralie\" \/>\n<meta name=\"robots\" content=\"noindex, follow, max-snippet:-1, max-image-preview:large, max-video-preview:-1\" \/>\n<meta property=\"og:locale\" content=\"es_ES\" \/>\n<meta property=\"og:type\" content=\"article\" \/>\n<meta property=\"og:title\" content=\"Biprotics Complex | 60 C\u00e1psulas \u25b6\ufe0f Env\u00edo Gratis Desde 50\u20ac\" \/>\n<meta property=\"og:description\" content=\"Biprotics Complex | Suplemento con una combinaci\u00f3n de 10 cepas. F\u00f3rmula Complex | Nutralie\" \/>\n<meta property=\"og:url\" content=\"https:\/\/dev.nutralie.com\/es\/biprotics\/\" \/>\n<meta property=\"og:site_name\" content=\"Nutralie\" \/>\n<meta property=\"article:modified_time\" content=\"2026-02-04T10:17:23+00:00\" \/>\n<meta property=\"og:image\" content=\"https:\/\/dev.nutralie.com\/wp-content\/uploads\/2020\/10\/001_Nutralie_Amazon_2025_ImagenesLaterales_PropuestaVisual_Biprotics_2000x2000_mockup_EN.jpg\" \/>\n\t<meta property=\"og:image:width\" content=\"2000\" \/>\n\t<meta property=\"og:image:height\" content=\"2000\" \/>\n\t<meta property=\"og:image:type\" content=\"image\/jpeg\" \/>\n<meta name=\"twitter:card\" content=\"summary_large_image\" \/>\n<meta name=\"twitter:label1\" content=\"Tiempo de lectura\" \/>\n\t<meta name=\"twitter:data1\" content=\"1 minuto\" \/>\n<script type=\"application\/ld+json\" class=\"yoast-schema-graph\">{\"@context\":\"https:\\\/\\\/schema.org\",\"@graph\":[{\"@type\":\"WebPage\",\"@id\":\"https:\\\/\\\/dev.nutralie.com\\\/es\\\/biprotics\\\/\",\"url\":\"https:\\\/\\\/dev.nutralie.com\\\/es\\\/biprotics\\\/\",\"name\":\"Biprotics Complex | 60 C\u00e1psulas \u25b6\ufe0f Env\u00edo Gratis Desde 50\u20ac\",\"isPartOf\":{\"@id\":\"https:\\\/\\\/dev.nutralie.com\\\/es\\\/#website\"},\"primaryImageOfPage\":{\"@id\":\"https:\\\/\\\/dev.nutralie.com\\\/es\\\/biprotics\\\/#primaryimage\"},\"image\":{\"@id\":\"https:\\\/\\\/dev.nutralie.com\\\/es\\\/biprotics\\\/#primaryimage\"},\"thumbnailUrl\":\"https:\\\/\\\/dev.nutralie.com\\\/wp-content\\\/uploads\\\/2020\\\/10\\\/001_Nutralie_Amazon_2025_ImagenesLaterales_PropuestaVisual_Biprotics_2000x2000_mockup_EN.jpg\",\"datePublished\":\"2020-10-22T04:52:59+00:00\",\"dateModified\":\"2026-02-04T10:17:23+00:00\",\"description\":\"Biprotics Complex | Suplemento con una combinaci\u00f3n de 10 cepas. F\u00f3rmula Complex | Nutralie\",\"breadcrumb\":{\"@id\":\"https:\\\/\\\/dev.nutralie.com\\\/es\\\/biprotics\\\/#breadcrumb\"},\"inLanguage\":\"es\",\"potentialAction\":[{\"@type\":\"ReadAction\",\"target\":[\"https:\\\/\\\/dev.nutralie.com\\\/es\\\/biprotics\\\/\"]}]},{\"@type\":\"ImageObject\",\"inLanguage\":\"es\",\"@id\":\"https:\\\/\\\/dev.nutralie.com\\\/es\\\/biprotics\\\/#primaryimage\",\"url\":\"https:\\\/\\\/dev.nutralie.com\\\/wp-content\\\/uploads\\\/2020\\\/10\\\/001_Nutralie_Amazon_2025_ImagenesLaterales_PropuestaVisual_Biprotics_2000x2000_mockup_EN.jpg\",\"contentUrl\":\"https:\\\/\\\/dev.nutralie.com\\\/wp-content\\\/uploads\\\/2020\\\/10\\\/001_Nutralie_Amazon_2025_ImagenesLaterales_PropuestaVisual_Biprotics_2000x2000_mockup_EN.jpg\",\"width\":2000,\"height\":2000},{\"@type\":\"BreadcrumbList\",\"@id\":\"https:\\\/\\\/dev.nutralie.com\\\/es\\\/biprotics\\\/#breadcrumb\",\"itemListElement\":[{\"@type\":\"ListItem\",\"position\":1,\"name\":\"Home\",\"item\":\"https:\\\/\\\/dev.nutralie.com\\\/es\\\/\"},{\"@type\":\"ListItem\",\"position\":2,\"name\":\"Productos\",\"item\":\"https:\\\/\\\/dev.nutralie.com\\\/es\\\/shop\\\/\"},{\"@type\":\"ListItem\",\"position\":3,\"name\":\"BIPROTICS COMPLEX\"}]},{\"@type\":\"WebSite\",\"@id\":\"https:\\\/\\\/dev.nutralie.com\\\/es\\\/#website\",\"url\":\"https:\\\/\\\/dev.nutralie.com\\\/es\\\/\",\"name\":\"Nutralie\",\"description\":\"\",\"potentialAction\":[{\"@type\":\"SearchAction\",\"target\":{\"@type\":\"EntryPoint\",\"urlTemplate\":\"https:\\\/\\\/dev.nutralie.com\\\/es\\\/?s={search_term_string}\"},\"query-input\":{\"@type\":\"PropertyValueSpecification\",\"valueRequired\":true,\"valueName\":\"search_term_string\"}}],\"inLanguage\":\"es\"}]}<\/script>\n<!-- \/ Yoast SEO plugin. -->","yoast_head_json":{"title":"Biprotics Complex | 60 C\u00e1psulas \u25b6\ufe0f Env\u00edo Gratis Desde 50\u20ac","description":"Biprotics Complex | Suplemento con una combinaci\u00f3n de 10 cepas. F\u00f3rmula Complex | Nutralie","robots":{"index":"noindex","follow":"follow","max-snippet":"max-snippet:-1","max-image-preview":"max-image-preview:large","max-video-preview":"max-video-preview:-1"},"og_locale":"es_ES","og_type":"article","og_title":"Biprotics Complex | 60 C\u00e1psulas \u25b6\ufe0f Env\u00edo Gratis Desde 50\u20ac","og_description":"Biprotics Complex | Suplemento con una combinaci\u00f3n de 10 cepas. F\u00f3rmula Complex | Nutralie","og_url":"https:\/\/dev.nutralie.com\/es\/biprotics\/","og_site_name":"Nutralie","article_modified_time":"2026-02-04T10:17:23+00:00","og_image":[{"width":2000,"height":2000,"url":"https:\/\/dev.nutralie.com\/wp-content\/uploads\/2020\/10\/001_Nutralie_Amazon_2025_ImagenesLaterales_PropuestaVisual_Biprotics_2000x2000_mockup_EN.jpg","type":"image\/jpeg"}],"twitter_card":"summary_large_image","twitter_misc":{"Tiempo de lectura":"1 minuto"},"schema":{"@context":"https:\/\/schema.org","@graph":[{"@type":"WebPage","@id":"https:\/\/dev.nutralie.com\/es\/biprotics\/","url":"https:\/\/dev.nutralie.com\/es\/biprotics\/","name":"Biprotics Complex | 60 C\u00e1psulas \u25b6\ufe0f Env\u00edo Gratis Desde 50\u20ac","isPartOf":{"@id":"https:\/\/dev.nutralie.com\/es\/#website"},"primaryImageOfPage":{"@id":"https:\/\/dev.nutralie.com\/es\/biprotics\/#primaryimage"},"image":{"@id":"https:\/\/dev.nutralie.com\/es\/biprotics\/#primaryimage"},"thumbnailUrl":"https:\/\/dev.nutralie.com\/wp-content\/uploads\/2020\/10\/001_Nutralie_Amazon_2025_ImagenesLaterales_PropuestaVisual_Biprotics_2000x2000_mockup_EN.jpg","datePublished":"2020-10-22T04:52:59+00:00","dateModified":"2026-02-04T10:17:23+00:00","description":"Biprotics Complex | Suplemento con una combinaci\u00f3n de 10 cepas. F\u00f3rmula Complex | Nutralie","breadcrumb":{"@id":"https:\/\/dev.nutralie.com\/es\/biprotics\/#breadcrumb"},"inLanguage":"es","potentialAction":[{"@type":"ReadAction","target":["https:\/\/dev.nutralie.com\/es\/biprotics\/"]}]},{"@type":"ImageObject","inLanguage":"es","@id":"https:\/\/dev.nutralie.com\/es\/biprotics\/#primaryimage","url":"https:\/\/dev.nutralie.com\/wp-content\/uploads\/2020\/10\/001_Nutralie_Amazon_2025_ImagenesLaterales_PropuestaVisual_Biprotics_2000x2000_mockup_EN.jpg","contentUrl":"https:\/\/dev.nutralie.com\/wp-content\/uploads\/2020\/10\/001_Nutralie_Amazon_2025_ImagenesLaterales_PropuestaVisual_Biprotics_2000x2000_mockup_EN.jpg","width":2000,"height":2000},{"@type":"BreadcrumbList","@id":"https:\/\/dev.nutralie.com\/es\/biprotics\/#breadcrumb","itemListElement":[{"@type":"ListItem","position":1,"name":"Home","item":"https:\/\/dev.nutralie.com\/es\/"},{"@type":"ListItem","position":2,"name":"Productos","item":"https:\/\/dev.nutralie.com\/es\/shop\/"},{"@type":"ListItem","position":3,"name":"BIPROTICS COMPLEX"}]},{"@type":"WebSite","@id":"https:\/\/dev.nutralie.com\/es\/#website","url":"https:\/\/dev.nutralie.com\/es\/","name":"Nutralie","description":"","potentialAction":[{"@type":"SearchAction","target":{"@type":"EntryPoint","urlTemplate":"https:\/\/dev.nutralie.com\/es\/?s={search_term_string}"},"query-input":{"@type":"PropertyValueSpecification","valueRequired":true,"valueName":"search_term_string"}}],"inLanguage":"es"}]}},"_links":{"self":[{"href":"https:\/\/dev.nutralie.com\/es\/wp-json\/wp\/v2\/product\/8771","targetHints":{"allow":["GET"]}}],"collection":[{"href":"https:\/\/dev.nutralie.com\/es\/wp-json\/wp\/v2\/product"}],"about":[{"href":"https:\/\/dev.nutralie.com\/es\/wp-json\/wp\/v2\/types\/product"}],"wp:featuredmedia":[{"embeddable":true,"href":"https:\/\/dev.nutralie.com\/es\/wp-json\/wp\/v2\/media\/202784"}],"wp:attachment":[{"href":"https:\/\/dev.nutralie.com\/es\/wp-json\/wp\/v2\/media?parent=8771"}],"wp:term":[{"taxonomy":"product_brand","embeddable":true,"href":"https:\/\/dev.nutralie.com\/es\/wp-json\/wp\/v2\/product_brand?post=8771"},{"taxonomy":"product_cat","embeddable":true,"href":"https:\/\/dev.nutralie.com\/es\/wp-json\/wp\/v2\/product_cat?post=8771"},{"taxonomy":"product_tag","embeddable":true,"href":"https:\/\/dev.nutralie.com\/es\/wp-json\/wp\/v2\/product_tag?post=8771"},{"taxonomy":"referencias","embeddable":true,"href":"https:\/\/dev.nutralie.com\/es\/wp-json\/wp\/v2\/referencias?post=8771"},{"taxonomy":"beneficio","embeddable":true,"href":"https:\/\/dev.nutralie.com\/es\/wp-json\/wp\/v2\/beneficio?post=8771"}],"curies":[{"name":"wp","href":"https:\/\/api.w.org\/{rel}","templated":true}]}}