{"id":194791,"date":"2025-05-15T16:52:54","date_gmt":"2025-05-15T14:52:54","guid":{"rendered":"http:\/\/dev.nutralie.com\/about-2\/"},"modified":"2025-09-12T11:50:35","modified_gmt":"2025-09-12T09:50:35","slug":"about-2","status":"publish","type":"page","link":"https:\/\/dev.nutralie.com\/fr\/about\/","title":{"rendered":"About"},"content":{"rendered":"<div class=\"wpb-content-wrapper\"><p>[vc_row][vc_column]<div class=\"ult-spacer spacer-69e48d39a24e2\" data-id=\"69e48d39a24e2\" data-height=\"80\" data-height-mobile=\"80\" data-height-tab=\"80\" data-height-tab-portrait=\"\" data-height-mobile-landscape=\"\" style=\"clear:both;display:block;\"><\/div><h2 class=\"titulo-dos-colores title-1\" style=\"text-align:center !important;\"><span class=\"titulo-negro\">Be<\/span> <span class=\"titulo-morado\">Nutralie<\/span><\/h2><style>\r\n                .titulo-dos-colores .titulo-negro {\r\n                    color: #000000;\r\n                }\r\n                .titulo-dos-colores .titulo-morado {\r\n                    color: #AAA5FF;\r\n                }\r\n            <\/style><div class=\"ult-spacer spacer-69e48d39a25b6\" data-id=\"69e48d39a25b6\" data-height=\"20\" data-height-mobile=\"20\" data-height-tab=\"20\" data-height-tab-portrait=\"\" data-height-mobile-landscape=\"\" style=\"clear:both;display:block;\"><\/div>[\/vc_column][\/vc_row][vc_row full_width=\u00a0\u00bbstretch_row\u00a0\u00bb][vc_column width=\u00a0\u00bb1\/6&Prime;][\/vc_column][vc_column width=\u00a0\u00bb2\/3&Prime; el_class=\u00a0\u00bbfull-width-767&Prime;][vc_column_text css=\u00a0\u00bb\u00a0\u00bb]\u00catre Nutralie, c&rsquo;est prendre soin des gens, se connecter \u00e0 la nature et promouvoir le bien-\u00eatre d&rsquo;une mani\u00e8re authentique et proche. Nous croyons en un monde o\u00f9 le naturel signifie \u00eatre \u00e0 l&rsquo;\u00e9coute de son corps, lui donner ce dont il a besoin et se sentir bien de l&rsquo;int\u00e9rieur. Un monde o\u00f9 le bien-\u00eatre n&rsquo;est pas un objectif lointain, mais un compagnon quotidien simple et authentique.[\/vc_column_text]<div class=\"ult-spacer spacer-69e48d39a2619\" data-id=\"69e48d39a2619\" data-height=\"20\" data-height-mobile=\"20\" data-height-tab=\"20\" data-height-tab-portrait=\"\" data-height-mobile-landscape=\"\" style=\"clear:both;display:block;\"><\/div>[\/vc_column][vc_column width=\u00a0\u00bb1\/6&Prime;][\/vc_column][\/vc_row][vc_row][vc_column]<div class=\"ult-spacer spacer-69e48d39a26db\" data-id=\"69e48d39a26db\" data-height=\"40\" data-height-mobile=\"20\" data-height-tab=\"\" data-height-tab-portrait=\"\" data-height-mobile-landscape=\"20\" style=\"clear:both;display:block;\"><\/div>[\/vc_column][\/vc_row][vc_row full_width=\u00a0\u00bbstretch_row_content\u00a0\u00bb gap=\u00a0\u00bb35&Prime; content_placement=\u00a0\u00bbmiddle\u00a0\u00bb el_class=\u00a0\u00bbcolumna-calidad-sostenibilidad ordenar-responsive pading_lat fondo_about\u00a0\u00bb][vc_column width=\u00a0\u00bb5\/12&Prime; css=\u00a0\u00bb.vc_custom_1747322230302{background-position: center !important;background-repeat: no-repeat !important;background-size: cover !important;}\u00a0\u00bb el_class=\u00a0\u00bborder-0&Prime;][vc_single_image image=\u00a0\u00bb189548&Prime; img_size=\u00a0\u00bbfull\u00a0\u00bb alignment=\u00a0\u00bbcenter\u00a0\u00bb css=\u00a0\u00bb\u00a0\u00bb][\/vc_column][vc_column width=\u00a0\u00bb7\/12&Prime; el_class=\u00a0\u00bborder-1&Prime;]<div class=\"ult-spacer spacer-69e48d39a275b\" data-id=\"69e48d39a275b\" data-height=\"45\" data-height-mobile=\"5\" data-height-tab=\"\" data-height-tab-portrait=\"\" data-height-mobile-landscape=\"5\" style=\"clear:both;display:block;\"><\/div><h2 class=\"titulo-dos-colores title-1\" style=\"text-align:left !important;\"><span class=\"titulo-negro\">Notre<\/span> <span class=\"titulo-morado\">mission<\/span><\/h2><style>\r\n                .titulo-dos-colores .titulo-negro {\r\n                    color: #000000;\r\n                }\r\n                .titulo-dos-colores .titulo-morado {\r\n                    color: #AAA5FF;\r\n                }\r\n            <\/style><div class=\"ult-spacer spacer-69e48d39a2800\" data-id=\"69e48d39a2800\" data-height=\"20\" data-height-mobile=\"20\" data-height-tab=\"\" data-height-tab-portrait=\"\" data-height-mobile-landscape=\"20\" style=\"clear:both;display:block;\"><\/div>[vc_column_text css=\u00a0\u00bb\u00a0\u00bb]Chez Nutralie, nous voulons vous accompagner sur le chemin du bien-\u00eatre, celui qui vous permet de vous sentir bien physiquement et mentalement, afin que vous puissiez profiter pleinement de votre vie. Faire un voyage avec des amis, lire un livre sur la plage, suivre un cours de yoga ou se d\u00e9connecter et \u00eatre en contact avec la nature sont des moments qui nous font nous sentir bien et nous donnent l&rsquo;impression d&rsquo;\u00eatre complets. Nous voulons que vous puissiez profiter de ces exp\u00e9riences tout en vous sentant bien \u00e0 l&rsquo;int\u00e9rieur et \u00e0 l&rsquo;ext\u00e9rieur.[\/vc_column_text]<div class=\"ult-spacer spacer-69e48d39a2856\" data-id=\"69e48d39a2856\" data-height=\"20\" data-height-mobile=\"20\" data-height-tab=\"\" data-height-tab-portrait=\"\" data-height-mobile-landscape=\"20\" style=\"clear:both;display:block;\"><\/div><div class=\"ult-spacer spacer-69e48d39a28a9\" data-id=\"69e48d39a28a9\" data-height=\"20\" data-height-mobile=\"5\" data-height-tab=\"\" data-height-tab-portrait=\"\" data-height-mobile-landscape=\"5\" style=\"clear:both;display:block;\"><\/div>[\/vc_column][\/vc_row][vc_row][vc_column]<div class=\"ult-spacer spacer-69e48d39a2900\" data-id=\"69e48d39a2900\" data-height=\"50\" data-height-mobile=\"50\" data-height-tab=\"50\" data-height-tab-portrait=\"\" data-height-mobile-landscape=\"\" style=\"clear:both;display:block;\"><\/div>[\/vc_column][\/vc_row][vc_row full_width=\u00a0\u00bbstretch_row_content\u00a0\u00bb equal_height=\u00a0\u00bbyes\u00a0\u00bb][vc_column width=\u00a0\u00bb3\/4&Prime; el_class=\u00a0\u00bbtext_img title_valores\u00a0\u00bb]<div class=\"ult-spacer spacer-69e48d39a2950\" data-id=\"69e48d39a2950\" data-height=\"40\" data-height-mobile=\"40\" data-height-tab=\"40\" data-height-tab-portrait=\"\" data-height-mobile-landscape=\"\" style=\"clear:both;display:block;\"><\/div><h2 class=\"titulo-dos-colores title-1\" style=\"text-align:left !important;\"><span class=\"titulo-negro\">VALEURS<\/span> <span class=\"titulo-morado\"><\/span><\/h2><style>\r\n                .titulo-dos-colores .titulo-negro {\r\n                    color: #000000;\r\n                }\r\n                .titulo-dos-colores .titulo-morado {\r\n                    color: #AAA5FF;\r\n                }\r\n            <\/style><div class=\"ult-spacer spacer-69e48d39a29e3\" data-id=\"69e48d39a29e3\" data-height=\"40\" data-height-mobile=\"20\" data-height-tab=\"\" data-height-tab-portrait=\"\" data-height-mobile-landscape=\"20\" style=\"clear:both;display:block;\"><\/div><div id=\"ult-carousel-18658534369e48d39a2c0d\" class=\"ult-carousel-wrapper  sliders_icon ult_horizontal\" data-gutter=\"15\" data-rtl=\"false\" ><div class=\"ult-carousel-65903668669e48d39a2a3f \" >[vc_row_inner content_placement=\u00a0\u00bbmiddle\u00a0\u00bb el_class=\u00a0\u00bbseccion-valores\u00a0\u00bb][vc_column_inner el_class=\u00a0\u00bbprimera_figura\u00a0\u00bb][vc_single_image image=\u00a0\u00bb192341&Prime; img_size=\u00a0\u00bbfull\u00a0\u00bb css=\u00a0\u00bb\u00a0\u00bb]<div class=\"ult-item-wrap\" data-animation=\"animated no-animation\"><div class=\"ult-spacer spacer-69e48d39a2d3b\" data-id=\"69e48d39a2d3b\" data-height=\"10\" data-height-mobile=\"10\" data-height-tab=\"10\" data-height-tab-portrait=\"\" data-height-mobile-landscape=\"\" style=\"clear:both;display:block;\"><\/div><\/div>[vc_column_text css=\u00a0\u00bb\u00a0\u00bb el_class=\u00a0\u00bbsubtitle-valores\u00a0\u00bb]<\/p>\n<p style=\"text-align: left;\"><strong>NATUREL<\/strong><\/p>\n<p>[\/vc_column_text][vc_column_text css=\u00a0\u00bb\u00a0\u00bb el_class=\u00a0\u00bbtexto-15px\u00a0\u00bb]<\/p>\n<p data-start=\"271\" data-end=\"528\">La nature nous inspire \u00e0 cr\u00e9er des produits qui favorisent le bien-\u00eatre de fa\u00e7on simple et authentique. Chacune de nos formules est \u00e9labor\u00e9e \u00e0 partir d\u2019ingr\u00e9dients naturels, car nous pensons que le naturel est une voie pour se sentir bien.<\/p>\n<p>[\/vc_column_text][\/vc_column_inner][\/vc_row_inner][vc_row_inner el_class=\u00a0\u00bbseccion-valores\u00a0\u00bb][vc_column_inner][vc_single_image image=\u00a0\u00bb190724&Prime; img_size=\u00a0\u00bbfull\u00a0\u00bb css=\u00a0\u00bb\u00a0\u00bb]<div class=\"ult-item-wrap\" data-animation=\"animated no-animation\"><div class=\"ult-spacer spacer-69e48d39a2d95\" data-id=\"69e48d39a2d95\" data-height=\"10\" data-height-mobile=\"10\" data-height-tab=\"10\" data-height-tab-portrait=\"\" data-height-mobile-landscape=\"\" style=\"clear:both;display:block;\"><\/div><\/div>[vc_column_text css=\u00a0\u00bb\u00a0\u00bb el_class=\u00a0\u00bbsubtitle-valores\u00a0\u00bb]<strong>POUR LES PERSONNES<\/strong>[\/vc_column_text][vc_column_text css=\u00a0\u00bb\u00a0\u00bb el_class=\u00a0\u00bbtexto-15px\u00a0\u00bb]Nous nous effor\u00e7ons d&rsquo;am\u00e9liorer la vie des gens et de les accompagner sur la voie d&rsquo;une vie saine. C&rsquo;est pourquoi nous \u00e9coutons, nous apprenons et nous nous effor\u00e7ons de cr\u00e9er un v\u00e9ritable lien avec ceux qui nous font confiance.[\/vc_column_text][\/vc_column_inner][\/vc_row_inner][vc_row_inner el_class=\u00a0\u00bbseccion-valores\u00a0\u00bb][vc_column_inner][vc_single_image image=\u00a0\u00bb190730&Prime; img_size=\u00a0\u00bbfull\u00a0\u00bb css=\u00a0\u00bb\u00a0\u00bb]<div class=\"ult-item-wrap\" data-animation=\"animated no-animation\"><div class=\"ult-spacer spacer-69e48d39a2de9\" data-id=\"69e48d39a2de9\" data-height=\"10\" data-height-mobile=\"10\" data-height-tab=\"10\" data-height-tab-portrait=\"\" data-height-mobile-landscape=\"\" style=\"clear:both;display:block;\"><\/div><\/div>[vc_column_text css=\u00a0\u00bb\u00a0\u00bb el_class=\u00a0\u00bbsubtitle-valores\u00a0\u00bb]<strong>QUALIT\u00c9<\/strong>[\/vc_column_text][vc_column_text css=\u00a0\u00bb\u00a0\u00bb el_class=\u00a0\u00bbtexto-15px\u00a0\u00bb]<\/p>\n<p data-start=\"316\" data-end=\"529\">Nous pr\u00eatons attention \u00e0 chaque d\u00e9tail : du choix des ingr\u00e9dients et de leur origine jusqu\u2019\u00e0 l\u2019\u00e9laboration du produit final, toujours avec l\u2019engagement de proposer des produits s\u00fbrs et efficaces.<\/p>\n<p>[\/vc_column_text][\/vc_column_inner][\/vc_row_inner][vc_row_inner el_class=\u00a0\u00bbseccion-valores\u00a0\u00bb][vc_column_inner][vc_single_image image=\u00a0\u00bb190736&Prime; img_size=\u00a0\u00bbfull\u00a0\u00bb css=\u00a0\u00bb\u00a0\u00bb]<div class=\"ult-item-wrap\" data-animation=\"animated no-animation\"><div class=\"ult-spacer spacer-69e48d39a2e3b\" data-id=\"69e48d39a2e3b\" data-height=\"10\" data-height-mobile=\"10\" data-height-tab=\"10\" data-height-tab-portrait=\"\" data-height-mobile-landscape=\"\" style=\"clear:both;display:block;\"><\/div><\/div>[vc_column_text css=\u00a0\u00bb\u00a0\u00bb el_class=\u00a0\u00bbsubtitle-valores\u00a0\u00bb]<strong>INNOVATION<\/strong>[\/vc_column_text][vc_column_text css=\u00a0\u00bb\u00a0\u00bb el_class=\u00a0\u00bbtexto-15px\u00a0\u00bb]<\/p>\n<p data-start=\"282\" data-end=\"502\">Chaque formule, Complex ou Elements, est le fruit d\u2019un processus de recherche minutieux, con\u00e7u pour s\u00e9lectionner et combiner les ingr\u00e9dients de mani\u00e8re responsable, en portant attention \u00e0 chaque d\u00e9tail.<\/p>\n<p>[\/vc_column_text][\/vc_column_inner][\/vc_row_inner]<\/div><\/div>\t\t\t<script type=\"text\/javascript\">\r\n\t\t\t\tjQuery(document).ready(function ($) {\r\n\t\t\t\t\tif( typeof jQuery('.ult-carousel-65903668669e48d39a2a3f').slick == \"function\"){\r\n\t\t\t\t\t\t$('.ult-carousel-65903668669e48d39a2a3f').slick({dots: true,autoplaySpeed: 5000,speed: 300,infinite: false,arrows: true,nextArrow: '<button type=\"button\" role=\"button\" aria-label=\"Next\" style=\"color:#333333; font-size:20px;\" class=\"slick-next default\"><i class=\"ultsl-arrow-right4\"><\/i><\/button>',prevArrow: '<button type=\"button\" role=\"button\" aria-label=\"Previous\" style=\"color:#333333; font-size:20px;\" class=\"slick-prev default\"><i class=\"ultsl-arrow-left4\"><\/i><\/button>',slidesToScroll:4,slidesToShow:4,swipe: true,draggable: true,touchMove: true,pauseOnHover: true,pauseOnFocus: false,responsive: [\r\n\t\t\t\t\t\t\t{\r\n\t\t\t\t\t\t\t  breakpoint: 1026,\r\n\t\t\t\t\t\t\t  settings: {\r\n\t\t\t\t\t\t\t\tslidesToShow: 4,\r\n\t\t\t\t\t\t\t\tslidesToScroll: 4,  \r\n\t\t\t\t\t\t\t  }\r\n\t\t\t\t\t\t\t},\r\n\t\t\t\t\t\t\t{\r\n\t\t\t\t\t\t\t  breakpoint: 1025,\r\n\t\t\t\t\t\t\t  settings: {\r\n\t\t\t\t\t\t\t\tslidesToShow: 4,\r\n\t\t\t\t\t\t\t\tslidesToScroll: 4\r\n\t\t\t\t\t\t\t  }\r\n\t\t\t\t\t\t\t},\r\n\t\t\t\t\t\t\t{\r\n\t\t\t\t\t\t\t  breakpoint: 760,\r\n\t\t\t\t\t\t\t  settings: {\r\n\t\t\t\t\t\t\t\tslidesToShow: 1,\r\n\t\t\t\t\t\t\t\tslidesToScroll: 1\r\n\t\t\t\t\t\t\t  }\r\n\t\t\t\t\t\t\t}\r\n\t\t\t\t\t\t],pauseOnDotsHover: true,customPaging: function(slider, i) {\r\n                   return '<i type=\"button\" style= \"color:#333333;\" class=\"ultsl-record\" data-role=\"none\"><\/i>';\r\n                },});\r\n\t\t\t\t\t}\r\n\t\t\t\t});\r\n\t\t\t<\/script>\r\n\t\t\t<div class=\"ult-spacer spacer-69e48d39a2ed1\" data-id=\"69e48d39a2ed1\" data-height=\"40\" data-height-mobile=\"40\" data-height-tab=\"40\" data-height-tab-portrait=\"\" data-height-mobile-landscape=\"\" style=\"clear:both;display:block;\"><\/div>[\/vc_column][vc_column width=\u00a0\u00bb1\/4&Prime; el_class=\u00a0\u00bbimg_img img_valores\u00a0\u00bb][vc_single_image image=\u00a0\u00bb189554&Prime; img_size=\u00a0\u00bbfull\u00a0\u00bb alignment=\u00a0\u00bbcenter\u00a0\u00bb css=\u00a0\u00bb\u00a0\u00bb el_class=\u00a0\u00bbimagen-calidad\u00a0\u00bb][\/vc_column][\/vc_row]<\/p>\n<\/div>","protected":false},"excerpt":{"rendered":"<p>[vc_row][vc_column][\/vc_column][\/vc_row][vc_row full_width=\u00a0\u00bbstretch_row\u00a0\u00bb][vc_column width=\u00a0\u00bb1\/6&Prime;][\/vc_column][vc_column width=\u00a0\u00bb2\/3&Prime; el_class=\u00a0\u00bbfull-width-767&Prime;][vc_column_text css=\u00a0\u00bb\u00a0\u00bb]\u00catre Nutralie, c&rsquo;est prendre soin des gens, se connecter \u00e0 la nature et promouvoir le bien-\u00eatre d&rsquo;une mani\u00e8re authentique et proche. Nous croyons en un monde o\u00f9 le naturel signifie \u00eatre \u00e0 l&rsquo;\u00e9coute de son<\/p>\n<p><a class=\"readmore\" href=\"https:\/\/dev.nutralie.com\/fr\/about\/\">Leer M\u00e1s<\/a><\/p>\n","protected":false},"author":1,"featured_media":0,"parent":0,"menu_order":0,"comment_status":"closed","ping_status":"closed","template":"full-width.php","meta":{"_acf_changed":false,"footnotes":""},"class_list":["post-194791","page","type-page","status-publish","hentry"],"acf":[],"yoast_head":"<!-- This site is optimized with the Yoast SEO plugin v27.3 - https:\/\/yoast.com\/product\/yoast-seo-wordpress\/ -->\n<title>About | Nutralie<\/title>\n<meta name=\"description\" content=\"Notre objectif est de vous apporter l&#039;\u00e9quilibre et le bien-\u00eatre dont vous avez besoin gr\u00e2ce \u00e0 nos compl\u00e9ments alimentaires, avec un engagement en faveur de l&#039;innovation et de la durabilit\u00e9.\" \/>\n<meta name=\"robots\" content=\"noindex, follow, max-snippet:-1, max-image-preview:large, max-video-preview:-1\" \/>\n<meta property=\"og:locale\" content=\"fr_FR\" \/>\n<meta property=\"og:type\" content=\"article\" \/>\n<meta property=\"og:title\" content=\"About | Nutralie\" \/>\n<meta property=\"og:description\" content=\"Notre objectif est de vous apporter l&#039;\u00e9quilibre et le bien-\u00eatre dont vous avez besoin gr\u00e2ce \u00e0 nos compl\u00e9ments alimentaires, avec un engagement en faveur de l&#039;innovation et de la durabilit\u00e9.\" \/>\n<meta property=\"og:url\" content=\"https:\/\/dev.nutralie.com\/fr\/about\/\" \/>\n<meta property=\"og:site_name\" content=\"Nutralie\" \/>\n<meta property=\"article:modified_time\" content=\"2025-09-12T09:50:35+00:00\" \/>\n<meta name=\"twitter:card\" content=\"summary_large_image\" \/>\n<meta name=\"twitter:label1\" content=\"Dur\u00e9e de lecture estim\u00e9e\" \/>\n\t<meta name=\"twitter:data1\" content=\"4 minutes\" \/>\n<script type=\"application\/ld+json\" class=\"yoast-schema-graph\">{\"@context\":\"https:\\\/\\\/schema.org\",\"@graph\":[{\"@type\":\"WebPage\",\"@id\":\"https:\\\/\\\/dev.nutralie.com\\\/fr\\\/about\\\/\",\"url\":\"https:\\\/\\\/dev.nutralie.com\\\/fr\\\/about\\\/\",\"name\":\"About | Nutralie\",\"isPartOf\":{\"@id\":\"https:\\\/\\\/dev.nutralie.com\\\/fr\\\/#website\"},\"datePublished\":\"2025-05-15T14:52:54+00:00\",\"dateModified\":\"2025-09-12T09:50:35+00:00\",\"description\":\"Notre objectif est de vous apporter l'\u00e9quilibre et le bien-\u00eatre dont vous avez besoin gr\u00e2ce \u00e0 nos compl\u00e9ments alimentaires, avec un engagement en faveur de l'innovation et de la durabilit\u00e9.\",\"breadcrumb\":{\"@id\":\"https:\\\/\\\/dev.nutralie.com\\\/fr\\\/about\\\/#breadcrumb\"},\"inLanguage\":\"fr-FR\",\"potentialAction\":[{\"@type\":\"ReadAction\",\"target\":[\"https:\\\/\\\/dev.nutralie.com\\\/fr\\\/about\\\/\"]}]},{\"@type\":\"BreadcrumbList\",\"@id\":\"https:\\\/\\\/dev.nutralie.com\\\/fr\\\/about\\\/#breadcrumb\",\"itemListElement\":[{\"@type\":\"ListItem\",\"position\":1,\"name\":\"Home\",\"item\":\"https:\\\/\\\/dev.nutralie.com\\\/fr\\\/\"},{\"@type\":\"ListItem\",\"position\":2,\"name\":\"About\"}]},{\"@type\":\"WebSite\",\"@id\":\"https:\\\/\\\/dev.nutralie.com\\\/fr\\\/#website\",\"url\":\"https:\\\/\\\/dev.nutralie.com\\\/fr\\\/\",\"name\":\"Nutralie\",\"description\":\"\",\"potentialAction\":[{\"@type\":\"SearchAction\",\"target\":{\"@type\":\"EntryPoint\",\"urlTemplate\":\"https:\\\/\\\/dev.nutralie.com\\\/fr\\\/?s={search_term_string}\"},\"query-input\":{\"@type\":\"PropertyValueSpecification\",\"valueRequired\":true,\"valueName\":\"search_term_string\"}}],\"inLanguage\":\"fr-FR\"}]}<\/script>\n<!-- \/ Yoast SEO plugin. -->","yoast_head_json":{"title":"About | Nutralie","description":"Notre objectif est de vous apporter l'\u00e9quilibre et le bien-\u00eatre dont vous avez besoin gr\u00e2ce \u00e0 nos compl\u00e9ments alimentaires, avec un engagement en faveur de l'innovation et de la durabilit\u00e9.","robots":{"index":"noindex","follow":"follow","max-snippet":"max-snippet:-1","max-image-preview":"max-image-preview:large","max-video-preview":"max-video-preview:-1"},"og_locale":"fr_FR","og_type":"article","og_title":"About | Nutralie","og_description":"Notre objectif est de vous apporter l'\u00e9quilibre et le bien-\u00eatre dont vous avez besoin gr\u00e2ce \u00e0 nos compl\u00e9ments alimentaires, avec un engagement en faveur de l'innovation et de la durabilit\u00e9.","og_url":"https:\/\/dev.nutralie.com\/fr\/about\/","og_site_name":"Nutralie","article_modified_time":"2025-09-12T09:50:35+00:00","twitter_card":"summary_large_image","twitter_misc":{"Dur\u00e9e de lecture estim\u00e9e":"4 minutes"},"schema":{"@context":"https:\/\/schema.org","@graph":[{"@type":"WebPage","@id":"https:\/\/dev.nutralie.com\/fr\/about\/","url":"https:\/\/dev.nutralie.com\/fr\/about\/","name":"About | Nutralie","isPartOf":{"@id":"https:\/\/dev.nutralie.com\/fr\/#website"},"datePublished":"2025-05-15T14:52:54+00:00","dateModified":"2025-09-12T09:50:35+00:00","description":"Notre objectif est de vous apporter l'\u00e9quilibre et le bien-\u00eatre dont vous avez besoin gr\u00e2ce \u00e0 nos compl\u00e9ments alimentaires, avec un engagement en faveur de l'innovation et de la durabilit\u00e9.","breadcrumb":{"@id":"https:\/\/dev.nutralie.com\/fr\/about\/#breadcrumb"},"inLanguage":"fr-FR","potentialAction":[{"@type":"ReadAction","target":["https:\/\/dev.nutralie.com\/fr\/about\/"]}]},{"@type":"BreadcrumbList","@id":"https:\/\/dev.nutralie.com\/fr\/about\/#breadcrumb","itemListElement":[{"@type":"ListItem","position":1,"name":"Home","item":"https:\/\/dev.nutralie.com\/fr\/"},{"@type":"ListItem","position":2,"name":"About"}]},{"@type":"WebSite","@id":"https:\/\/dev.nutralie.com\/fr\/#website","url":"https:\/\/dev.nutralie.com\/fr\/","name":"Nutralie","description":"","potentialAction":[{"@type":"SearchAction","target":{"@type":"EntryPoint","urlTemplate":"https:\/\/dev.nutralie.com\/fr\/?s={search_term_string}"},"query-input":{"@type":"PropertyValueSpecification","valueRequired":true,"valueName":"search_term_string"}}],"inLanguage":"fr-FR"}]}},"_links":{"self":[{"href":"https:\/\/dev.nutralie.com\/fr\/wp-json\/wp\/v2\/pages\/194791","targetHints":{"allow":["GET"]}}],"collection":[{"href":"https:\/\/dev.nutralie.com\/fr\/wp-json\/wp\/v2\/pages"}],"about":[{"href":"https:\/\/dev.nutralie.com\/fr\/wp-json\/wp\/v2\/types\/page"}],"author":[{"embeddable":true,"href":"https:\/\/dev.nutralie.com\/fr\/wp-json\/wp\/v2\/users\/1"}],"replies":[{"embeddable":true,"href":"https:\/\/dev.nutralie.com\/fr\/wp-json\/wp\/v2\/comments?post=194791"}],"version-history":[{"count":6,"href":"https:\/\/dev.nutralie.com\/fr\/wp-json\/wp\/v2\/pages\/194791\/revisions"}],"predecessor-version":[{"id":207830,"href":"https:\/\/dev.nutralie.com\/fr\/wp-json\/wp\/v2\/pages\/194791\/revisions\/207830"}],"wp:attachment":[{"href":"https:\/\/dev.nutralie.com\/fr\/wp-json\/wp\/v2\/media?parent=194791"}],"curies":[{"name":"wp","href":"https:\/\/api.w.org\/{rel}","templated":true}]}}