{"id":218108,"date":"2026-01-28T13:24:25","date_gmt":"2026-01-28T11:24:25","guid":{"rendered":"http:\/\/dev.nutralie.com\/?page_id=218108"},"modified":"2026-01-28T14:08:34","modified_gmt":"2026-01-28T12:08:34","slug":"politique-relative-aux-medias-sociaux","status":"publish","type":"page","link":"https:\/\/dev.nutralie.com\/fr\/politique-relative-aux-medias-sociaux\/","title":{"rendered":"POLITIQUE RELATIVE AUX M\u00c9DIAS SOCIAUX"},"content":{"rendered":"<div class=\"wpb-content-wrapper\"><p>[vc_row][vc_column]<div class=\"ult-spacer spacer-69e1fd16d810f\" data-id=\"69e1fd16d810f\" data-height=\"80\" data-height-mobile=\"55\" data-height-tab=\"\" data-height-tab-portrait=\"\" data-height-mobile-landscape=\"55\" style=\"clear:both;display:block;\"><\/div><h2 class=\"titulo-dos-colores title-1\" style=\"text-align:center !important;\"><span class=\"titulo-negro\">POLITIQUE RELATIVE AUX<\/span> <span class=\"titulo-morado\">M\u00c9DIAS SOCIAUX<\/span><\/h2><style>\r\n                .titulo-dos-colores .titulo-negro {\r\n                    color: #000000;\r\n                }\r\n                .titulo-dos-colores .titulo-morado {\r\n                    color: #AAA5FF;\r\n                }\r\n            <\/style><div class=\"ult-spacer spacer-69e1fd16d822a\" data-id=\"69e1fd16d822a\" data-height=\"80\" data-height-mobile=\"55\" data-height-tab=\"\" data-height-tab-portrait=\"\" data-height-mobile-landscape=\"55\" style=\"clear:both;display:block;\"><\/div>[\/vc_column][\/vc_row][vc_row][vc_column][vc_column_text css=\u00a0\u00bb\u00a0\u00bb]<\/p>\n<p data-start=\"159\" data-end=\"216\"><strong data-start=\"159\" data-end=\"216\">POLITIQUE DE CONFIDENTIALIT\u00c9 POUR LES R\u00c9SEAUX SOCIAUX<\/strong><\/p>\n<p data-start=\"218\" data-end=\"253\"><strong data-start=\"218\" data-end=\"253\">1. INFORMATIONS \u00c0 L\u2019UTILISATEUR<\/strong><\/p>\n<p data-start=\"255\" data-end=\"324\"><strong data-start=\"255\" data-end=\"322\">Qui est responsable du traitement de vos donn\u00e9es personnelles ?<\/strong><\/p>\n<p data-start=\"326\" data-end=\"673\">NUTRIEXPERTS, SL est responsable du traitement des donn\u00e9es personnelles des personnes ayant cr\u00e9\u00e9 un profil sur l\u2019un de ses r\u00e9seaux sociaux. Ces donn\u00e9es seront trait\u00e9es conform\u00e9ment au R\u00e8glement (UE) 2016\/679 (RGPD), \u00e0 la Loi Organique 3\/2018 (LOPDGDD) et \u00e0 la Loi sur les Services de la Soci\u00e9t\u00e9 de l\u2019Information et le Commerce \u00c9lectronique (LSSI).<\/p>\n<p data-start=\"675\" data-end=\"736\"><strong data-start=\"675\" data-end=\"734\">\u00c0 quelles fins traitons-nous vos donn\u00e9es personnelles ?<\/strong><\/p>\n<p data-start=\"738\" data-end=\"871\">L\u2019objectif du traitement est de maintenir une relation entre l\u2019utilisateur et NUTRIEXPERTS, SL, comprenant les op\u00e9rations suivantes :<\/p>\n<p data-start=\"875\" data-end=\"936\">Traiter les demandes et questions adress\u00e9es au responsable.<\/p>\n<p data-start=\"939\" data-end=\"1027\">Fournir des informations sur les activit\u00e9s, \u00e9v\u00e9nements, produits ou services propos\u00e9s.<\/p>\n<p data-start=\"1030\" data-end=\"1066\">Interagir via les profils officiels.<\/p>\n<p data-start=\"1068\" data-end=\"1346\"><strong data-start=\"1068\" data-end=\"1102\">Base juridique du traitement :<\/strong><br data-start=\"1102\" data-end=\"1105\" \/>Consentement explicite donn\u00e9 par l\u2019utilisateur pour un ou plusieurs objectifs sp\u00e9cifiques. L\u2019utilisateur peut \u00e0 tout moment consulter les politiques de confidentialit\u00e9 du r\u00e9seau social et configurer son profil afin de garantir sa vie priv\u00e9e.<\/p>\n<p data-start=\"1348\" data-end=\"1510\"><strong data-start=\"1348\" data-end=\"1413\">Combien de temps conserverons-nous vos donn\u00e9es personnelles ?<\/strong><br data-start=\"1413\" data-end=\"1416\" \/>Les donn\u00e9es seront conserv\u00e9es tant que l\u2019utilisateur n\u2019aura pas retir\u00e9 le consentement fourni.<\/p>\n<p data-start=\"1512\" data-end=\"1948\"><strong data-start=\"1512\" data-end=\"1566\">\u00c0 qui communiquons-nous vos donn\u00e9es personnelles ?<\/strong><br data-start=\"1566\" data-end=\"1569\" \/>Les informations fournies via les r\u00e9seaux sociaux peuvent \u00eatre publi\u00e9es et rendues accessibles au public pour d\u2019autres utilisateurs du m\u00eame r\u00e9seau. Les donn\u00e9es ne sont pas communiqu\u00e9es \u00e0 des tiers en dehors du r\u00e9seau social, sauf si cela est n\u00e9cessaire pour les finalit\u00e9s du traitement (par exemple, les prestataires de services ayant des contrats de confidentialit\u00e9 en vigueur).<\/p>\n<p data-start=\"1950\" data-end=\"2073\"><strong data-start=\"1950\" data-end=\"1977\">Quels sont vos droits ?<\/strong><br data-start=\"1977\" data-end=\"1980\" \/>Ces droits ne peuvent \u00eatre exerc\u00e9s que sur les informations sous le contr\u00f4le du responsable :<\/p>\n<p data-start=\"2077\" data-end=\"2126\">Droit de retirer le consentement \u00e0 tout moment.<\/p>\n<p data-start=\"2129\" data-end=\"2240\">Droit d\u2019acc\u00e8s, de rectification, de portabilit\u00e9, de suppression, de limitation et d\u2019opposition au traitement.<\/p>\n<p data-start=\"2243\" data-end=\"2327\">Droit de d\u00e9poser une r\u00e9clamation aupr\u00e8s de l\u2019autorit\u00e9 de contr\u00f4le (<strong data-start=\"2310\" data-end=\"2325\"><a class=\"decorated-link\" href=\"http:\/\/www.aepd.es\" target=\"_new\" rel=\"noopener\" data-start=\"2312\" data-end=\"2323\">www.aepd.es<\/a><\/strong>).<\/p>\n<p data-start=\"2329\" data-end=\"2500\"><strong data-start=\"2329\" data-end=\"2370\">Coordonn\u00e9es pour exercer vos droits :<\/strong><br data-start=\"2370\" data-end=\"2373\" \/>Adresse postale : C\/ Vallespir, 19, 3e \u00e9tage, Bureau 5, 08173 Sant Cugat del Vall\u00e8s (Barcelone)<br data-start=\"2468\" data-end=\"2471\" \/>E-mail : <a class=\"decorated-link cursor-pointer\" rel=\"noopener\" data-start=\"2480\" data-end=\"2500\">gdpr@nutriexperts.eu<\/a><\/p>\n<p data-start=\"2507\" data-end=\"2537\"><strong data-start=\"2507\" data-end=\"2535\">2. UTILISATION DU PROFIL<\/strong><\/p>\n<p data-start=\"2539\" data-end=\"2969\">Le responsable peut effectuer des actions telles que l\u2019acc\u00e8s aux informations publiques du profil, la publication d\u2019informations d\u00e9j\u00e0 pr\u00e9sentes sur son propre r\u00e9seau social sur le profil de l\u2019utilisateur, l\u2019envoi de messages personnels et individuels, ainsi que des mises \u00e0 jour de statut. L\u2019utilisateur peut \u00e0 tout moment g\u00e9rer ses connexions et restreindre avec qui il partage ses contenus via les param\u00e8tres de confidentialit\u00e9.<\/p>\n<p data-start=\"2976\" data-end=\"2997\"><strong data-start=\"2976\" data-end=\"2995\">3. PUBLICATIONS<\/strong><\/p>\n<p data-start=\"2999\" data-end=\"3110\">Une fois que l\u2019utilisateur est abonn\u00e9, il peut publier des commentaires, liens, images ou contenus multim\u00e9dias.<\/p>\n<p data-start=\"3114\" data-end=\"3225\"><strong data-start=\"3114\" data-end=\"3129\">Propri\u00e9t\u00e9 :<\/strong> L\u2019utilisateur doit \u00eatre titulaire du contenu ou disposer du consentement des tiers concern\u00e9s.<\/p>\n<p data-start=\"3228\" data-end=\"3394\"><strong data-start=\"3228\" data-end=\"3247\">Interdictions :<\/strong> Les publications portant atteinte \u00e0 la morale, \u00e0 l\u2019\u00e9thique ou \u00e0 la loi, ainsi que les commentaires offensants ou diffamatoires, sont interdites.<\/p>\n<p data-start=\"3397\" data-end=\"3647\"><strong data-start=\"3397\" data-end=\"3417\">Responsabilit\u00e9 :<\/strong> Le responsable se r\u00e9serve le droit de retirer imm\u00e9diatement tout contenu et de bloquer les utilisateurs sans pr\u00e9avis. L\u2019utilisateur est principalement responsable de sa propre vie priv\u00e9e concernant les contenus publi\u00e9s librement.<\/p>\n<p data-start=\"3654\" data-end=\"3722\"><strong data-start=\"3654\" data-end=\"3720\">4. DONN\u00c9ES DES MINEURS OU PERSONNES AYANT DES BESOINS SP\u00c9CIAUX<\/strong><\/p>\n<p data-start=\"3724\" data-end=\"4001\">Il est recommand\u00e9 de v\u00e9rifier les exigences d\u2019\u00e2ge de chaque r\u00e9seau social. Le responsable n\u2019est pas responsable de l\u2019utilisation des r\u00e9seaux sociaux par les mineurs ou les personnes ayant des besoins sp\u00e9cifiques, dont l\u2019acc\u00e8s doit \u00eatre supervis\u00e9 par leurs repr\u00e9sentants l\u00e9gaux.<\/p>\n<p data-start=\"4003\" data-end=\"4145\" data-is-last-node=\"\" data-is-only-node=\"\"><strong data-start=\"4003\" data-end=\"4017\">Remarque :<\/strong> Cette politique peut \u00eatre modifi\u00e9e \u00e0 tout moment, et les changements seront communiqu\u00e9s via les r\u00e9seaux sociaux ou le site web.<\/p>\n<p>[\/vc_column_text][\/vc_column][\/vc_row][vc_row][vc_column]<div class=\"ult-spacer spacer-69e1fd16d8288\" data-id=\"69e1fd16d8288\" data-height=\"80\" data-height-mobile=\"55\" data-height-tab=\"\" data-height-tab-portrait=\"\" data-height-mobile-landscape=\"55\" style=\"clear:both;display:block;\"><\/div>[\/vc_column][\/vc_row]<\/p>\n<\/div>","protected":false},"excerpt":{"rendered":"<p>[vc_row][vc_column][\/vc_column][\/vc_row][vc_row][vc_column][vc_column_text css=\u00a0\u00bb\u00a0\u00bb] POLITIQUE DE CONFIDENTIALIT\u00c9 POUR LES R\u00c9SEAUX SOCIAUX 1. INFORMATIONS \u00c0 L\u2019UTILISATEUR Qui est responsable du traitement de vos donn\u00e9es personnelles ? NUTRIEXPERTS, SL est responsable du traitement des donn\u00e9es personnelles des personnes ayant cr\u00e9\u00e9 un profil sur l\u2019un<\/p>\n<p><a class=\"readmore\" href=\"https:\/\/dev.nutralie.com\/fr\/politique-relative-aux-medias-sociaux\/\">Leer M\u00e1s<\/a><\/p>\n","protected":false},"author":14,"featured_media":0,"parent":0,"menu_order":0,"comment_status":"closed","ping_status":"closed","template":"","meta":{"_acf_changed":false,"footnotes":""},"class_list":["post-218108","page","type-page","status-publish","hentry"],"acf":[],"yoast_head":"<!-- This site is optimized with the Yoast SEO plugin v27.3 - https:\/\/yoast.com\/product\/yoast-seo-wordpress\/ -->\n<title>POLITIQUE RELATIVE AUX M\u00c9DIAS SOCIAUX - Nutralie<\/title>\n<meta name=\"robots\" content=\"noindex, follow, max-snippet:-1, max-image-preview:large, max-video-preview:-1\" \/>\n<meta property=\"og:locale\" content=\"fr_FR\" \/>\n<meta property=\"og:type\" content=\"article\" \/>\n<meta property=\"og:title\" content=\"POLITIQUE RELATIVE AUX M\u00c9DIAS SOCIAUX - Nutralie\" \/>\n<meta property=\"og:description\" content=\"[vc_row][vc_column][\/vc_column][\/vc_row][vc_row][vc_column][vc_column_text css=\u00a0\u00bb\u00a0\u00bb] POLITIQUE DE CONFIDENTIALIT\u00c9 POUR LES R\u00c9SEAUX SOCIAUX 1. INFORMATIONS \u00c0 L\u2019UTILISATEUR Qui est responsable du traitement de vos donn\u00e9es personnelles ? NUTRIEXPERTS, SL est responsable du traitement des donn\u00e9es personnelles des personnes ayant cr\u00e9\u00e9 un profil sur l\u2019unLeer M\u00e1s\" \/>\n<meta property=\"og:url\" content=\"https:\/\/dev.nutralie.com\/fr\/politique-relative-aux-medias-sociaux\/\" \/>\n<meta property=\"og:site_name\" content=\"Nutralie\" \/>\n<meta property=\"article:modified_time\" content=\"2026-01-28T12:08:34+00:00\" \/>\n<meta name=\"twitter:card\" content=\"summary_large_image\" \/>\n<meta name=\"twitter:label1\" content=\"Dur\u00e9e de lecture estim\u00e9e\" \/>\n\t<meta name=\"twitter:data1\" content=\"3 minutes\" \/>\n<script type=\"application\/ld+json\" class=\"yoast-schema-graph\">{\"@context\":\"https:\\\/\\\/schema.org\",\"@graph\":[{\"@type\":\"WebPage\",\"@id\":\"https:\\\/\\\/dev.nutralie.com\\\/fr\\\/politique-relative-aux-medias-sociaux\\\/\",\"url\":\"https:\\\/\\\/dev.nutralie.com\\\/fr\\\/politique-relative-aux-medias-sociaux\\\/\",\"name\":\"POLITIQUE RELATIVE AUX M\u00c9DIAS SOCIAUX - Nutralie\",\"isPartOf\":{\"@id\":\"https:\\\/\\\/dev.nutralie.com\\\/fr\\\/#website\"},\"datePublished\":\"2026-01-28T11:24:25+00:00\",\"dateModified\":\"2026-01-28T12:08:34+00:00\",\"breadcrumb\":{\"@id\":\"https:\\\/\\\/dev.nutralie.com\\\/fr\\\/politique-relative-aux-medias-sociaux\\\/#breadcrumb\"},\"inLanguage\":\"fr-FR\",\"potentialAction\":[{\"@type\":\"ReadAction\",\"target\":[\"https:\\\/\\\/dev.nutralie.com\\\/fr\\\/politique-relative-aux-medias-sociaux\\\/\"]}]},{\"@type\":\"BreadcrumbList\",\"@id\":\"https:\\\/\\\/dev.nutralie.com\\\/fr\\\/politique-relative-aux-medias-sociaux\\\/#breadcrumb\",\"itemListElement\":[{\"@type\":\"ListItem\",\"position\":1,\"name\":\"Home\",\"item\":\"https:\\\/\\\/dev.nutralie.com\\\/fr\\\/\"},{\"@type\":\"ListItem\",\"position\":2,\"name\":\"POLITIQUE RELATIVE AUX M\u00c9DIAS SOCIAUX\"}]},{\"@type\":\"WebSite\",\"@id\":\"https:\\\/\\\/dev.nutralie.com\\\/fr\\\/#website\",\"url\":\"https:\\\/\\\/dev.nutralie.com\\\/fr\\\/\",\"name\":\"Nutralie\",\"description\":\"\",\"potentialAction\":[{\"@type\":\"SearchAction\",\"target\":{\"@type\":\"EntryPoint\",\"urlTemplate\":\"https:\\\/\\\/dev.nutralie.com\\\/fr\\\/?s={search_term_string}\"},\"query-input\":{\"@type\":\"PropertyValueSpecification\",\"valueRequired\":true,\"valueName\":\"search_term_string\"}}],\"inLanguage\":\"fr-FR\"}]}<\/script>\n<!-- \/ Yoast SEO plugin. -->","yoast_head_json":{"title":"POLITIQUE RELATIVE AUX M\u00c9DIAS SOCIAUX - Nutralie","robots":{"index":"noindex","follow":"follow","max-snippet":"max-snippet:-1","max-image-preview":"max-image-preview:large","max-video-preview":"max-video-preview:-1"},"og_locale":"fr_FR","og_type":"article","og_title":"POLITIQUE RELATIVE AUX M\u00c9DIAS SOCIAUX - Nutralie","og_description":"[vc_row][vc_column][\/vc_column][\/vc_row][vc_row][vc_column][vc_column_text css=\u00a0\u00bb\u00a0\u00bb] POLITIQUE DE CONFIDENTIALIT\u00c9 POUR LES R\u00c9SEAUX SOCIAUX 1. INFORMATIONS \u00c0 L\u2019UTILISATEUR Qui est responsable du traitement de vos donn\u00e9es personnelles ? NUTRIEXPERTS, SL est responsable du traitement des donn\u00e9es personnelles des personnes ayant cr\u00e9\u00e9 un profil sur l\u2019unLeer M\u00e1s","og_url":"https:\/\/dev.nutralie.com\/fr\/politique-relative-aux-medias-sociaux\/","og_site_name":"Nutralie","article_modified_time":"2026-01-28T12:08:34+00:00","twitter_card":"summary_large_image","twitter_misc":{"Dur\u00e9e de lecture estim\u00e9e":"3 minutes"},"schema":{"@context":"https:\/\/schema.org","@graph":[{"@type":"WebPage","@id":"https:\/\/dev.nutralie.com\/fr\/politique-relative-aux-medias-sociaux\/","url":"https:\/\/dev.nutralie.com\/fr\/politique-relative-aux-medias-sociaux\/","name":"POLITIQUE RELATIVE AUX M\u00c9DIAS SOCIAUX - Nutralie","isPartOf":{"@id":"https:\/\/dev.nutralie.com\/fr\/#website"},"datePublished":"2026-01-28T11:24:25+00:00","dateModified":"2026-01-28T12:08:34+00:00","breadcrumb":{"@id":"https:\/\/dev.nutralie.com\/fr\/politique-relative-aux-medias-sociaux\/#breadcrumb"},"inLanguage":"fr-FR","potentialAction":[{"@type":"ReadAction","target":["https:\/\/dev.nutralie.com\/fr\/politique-relative-aux-medias-sociaux\/"]}]},{"@type":"BreadcrumbList","@id":"https:\/\/dev.nutralie.com\/fr\/politique-relative-aux-medias-sociaux\/#breadcrumb","itemListElement":[{"@type":"ListItem","position":1,"name":"Home","item":"https:\/\/dev.nutralie.com\/fr\/"},{"@type":"ListItem","position":2,"name":"POLITIQUE RELATIVE AUX M\u00c9DIAS SOCIAUX"}]},{"@type":"WebSite","@id":"https:\/\/dev.nutralie.com\/fr\/#website","url":"https:\/\/dev.nutralie.com\/fr\/","name":"Nutralie","description":"","potentialAction":[{"@type":"SearchAction","target":{"@type":"EntryPoint","urlTemplate":"https:\/\/dev.nutralie.com\/fr\/?s={search_term_string}"},"query-input":{"@type":"PropertyValueSpecification","valueRequired":true,"valueName":"search_term_string"}}],"inLanguage":"fr-FR"}]}},"_links":{"self":[{"href":"https:\/\/dev.nutralie.com\/fr\/wp-json\/wp\/v2\/pages\/218108","targetHints":{"allow":["GET"]}}],"collection":[{"href":"https:\/\/dev.nutralie.com\/fr\/wp-json\/wp\/v2\/pages"}],"about":[{"href":"https:\/\/dev.nutralie.com\/fr\/wp-json\/wp\/v2\/types\/page"}],"author":[{"embeddable":true,"href":"https:\/\/dev.nutralie.com\/fr\/wp-json\/wp\/v2\/users\/14"}],"replies":[{"embeddable":true,"href":"https:\/\/dev.nutralie.com\/fr\/wp-json\/wp\/v2\/comments?post=218108"}],"version-history":[{"count":3,"href":"https:\/\/dev.nutralie.com\/fr\/wp-json\/wp\/v2\/pages\/218108\/revisions"}],"predecessor-version":[{"id":218137,"href":"https:\/\/dev.nutralie.com\/fr\/wp-json\/wp\/v2\/pages\/218108\/revisions\/218137"}],"wp:attachment":[{"href":"https:\/\/dev.nutralie.com\/fr\/wp-json\/wp\/v2\/media?parent=218108"}],"curies":[{"name":"wp","href":"https:\/\/api.w.org\/{rel}","templated":true}]}}