{"id":30124,"date":"2021-03-12T12:42:43","date_gmt":"2021-03-12T10:42:43","guid":{"rendered":"http:\/\/dev.nutralie.com\/aviso-legal\/"},"modified":"2026-01-28T11:48:15","modified_gmt":"2026-01-28T09:48:15","slug":"mentions-legales","status":"publish","type":"page","link":"https:\/\/dev.nutralie.com\/fr\/mentions-legales\/","title":{"rendered":"MENTIONS L\u00c9GALES"},"content":{"rendered":"<div class=\"wpb-content-wrapper\"><p>[vc_row][vc_column]<div class=\"ult-spacer spacer-69e1c5f691b05\" data-id=\"69e1c5f691b05\" data-height=\"80\" data-height-mobile=\"55\" data-height-tab=\"\" data-height-tab-portrait=\"\" data-height-mobile-landscape=\"55\" style=\"clear:both;display:block;\"><\/div><h2 class=\"titulo-dos-colores title-1\" style=\"text-align:center !important;\"><span class=\"titulo-negro\">Mentions<\/span> <span class=\"titulo-morado\">l\u00e9gales<\/span><\/h2><style>\r\n                .titulo-dos-colores .titulo-negro {\r\n                    color: #000000;\r\n                }\r\n                .titulo-dos-colores .titulo-morado {\r\n                    color: #AAA5FF;\r\n                }\r\n            <\/style><div class=\"ult-spacer spacer-69e1c5f691be7\" data-id=\"69e1c5f691be7\" data-height=\"55\" data-height-mobile=\"25\" data-height-tab=\"\" data-height-tab-portrait=\"\" data-height-mobile-landscape=\"25\" style=\"clear:both;display:block;\"><\/div>[\/vc_column][\/vc_row][vc_row el_class=\u00a0\u00bbsection-aviso-legal\u00a0\u00bb][vc_column][vc_column_text css=\u00a0\u00bb\u00a0\u00bb]Conform\u00e9ment aux dispositions de l\u2019article 10 de la loi 34\/2002, du 11 juillet 2002, sur les services de la soci\u00e9t\u00e9 de l\u2019information et le commerce \u00e9lectronique, et de l\u2019article 5 de la directive 2000\/31\/CE, nous vous communiquons les donn\u00e9es suivantes :<\/p>\n<p data-path-to-node=\"6,0,0\"><b data-path-to-node=\"6,0,0\" data-index-in-node=\"0\">Nom de domaine :<\/b> <a class=\"ng-star-inserted\" href=\"http:\/\/dev.nutralie.com\/fr\/\" target=\"_blank\" rel=\"noopener\">www.nutralie.com<\/a><\/p>\n<p data-path-to-node=\"6,1,0\"><b data-path-to-node=\"6,1,0\" data-index-in-node=\"0\">Nom commercial :<\/b> Nutralie<\/p>\n<p data-path-to-node=\"6,2,0\"><b data-path-to-node=\"6,2,0\" data-index-in-node=\"0\">D\u00e9nomination sociale :<\/b> NUTRIEXPERTS, SL<\/p>\n<p data-path-to-node=\"6,3,0\"><b data-path-to-node=\"6,3,0\" data-index-in-node=\"0\">NIF (Num\u00e9ro d&rsquo;identification fiscale) :<\/b> B06770051<\/p>\n<p data-path-to-node=\"6,4,0\"><b data-path-to-node=\"6,4,0\" data-index-in-node=\"0\">Si\u00e8ge social :<\/b> C\/ Vallespir, 19 Planta 3 Oficina 5, 08173 Sant Cugat del Vall\u00e8s (Barcelone), Espagne<\/p>\n<p data-path-to-node=\"6,5,0\"><b data-path-to-node=\"6,5,0\" data-index-in-node=\"0\">E-mail :<\/b> info@dev.nutralie.com<\/p>\n<p data-path-to-node=\"6,6,0\">Inscrite au Registre du Commerce de Barcelone, Tome 39904, Folio 113, Section 8, Feuille B-356186.<\/p>\n<p>&nbsp;<\/p>\n<p class=\"title-2-aviso-legal\"><b>Conditions <span style=\"color: #aaa5ff !important;\">d&rsquo;utilisation<\/span><\/b><\/p>\n<p>En utilisant ce site, vous acceptez d\u2019\u00eatre li\u00e9 par ces conditions d\u2019utilisation.<\/p>\n<p>Les conditions g\u00e9n\u00e9rales d\u2019utilisation Nutriexperts SL, ci-apr\u00e8s d\u00e9nomm\u00e9 le contr\u00f4leur, r\u00e9gissent votre acc\u00e8s au site et son utilisation.<\/p>\n<p>Le site se r\u00e9serve le droit de suspendre ou de mettre fin, \u00e0 tout moment et sans pr\u00e9avis, \u00e0 tout ou partie des services propos\u00e9s sur ce site.<\/p>\n<p>&nbsp;<\/p>\n<p><strong>1- Limitations de l\u2019utilisation des utilisateurs du site web<\/strong><\/p>\n<p>Il est express\u00e9ment interdit aux utilisateurs du site web qui ne sont pas express\u00e9ment autoris\u00e9s par le RESPONSABLE de copier, distribuer (y compris par courrier \u00e9lectronique et Internet), transmettre, communiquer, modifier, alt\u00e9rer, transformer, transf\u00e9rer ou de toute autre mani\u00e8re, des activit\u00e9s illicites portant atteinte \u00e0 l\u2019utilisation du site web ou des contenus ou \u00e9l\u00e9ments qui le composent, sous toutes ses formes. Les utilisateurs qui font un usage abusif du site web, enfreignent les conditions d\u2019utilisation ou violent les syst\u00e8mes de s\u00e9curit\u00e9 du site web seront responsables de la r\u00e9paration des dommages g\u00e9n\u00e9r\u00e9s par ces actions.<\/p>\n<p>L\u2019utilisateur s\u2019engage \u00e0 indemniser les propri\u00e9taires du site web pour toute perte, tout dommage ou toute d\u00e9pense qui pourrait \u00eatre subi en relation avec l\u2019utilisation ou l\u2019abus du site web par l\u2019utilisateur \u00e0 des fins ill\u00e9gales ou interdites, conform\u00e9ment aux dispositions des pr\u00e9sentes conditions.<\/p>\n<p>&nbsp;<\/p>\n<p><strong>2- Exon\u00e9ration de la responsabilit\u00e9 du propri\u00e9taire du site web<\/strong><\/p>\n<p>Le titulaire du web ne sera, \u00e0 aucun moment et dans aucune circonstance temporaire ou g\u00e9ographique particuli\u00e8re, responsable des actions suivantes qui sont expos\u00e9es \u00e0 la suite:<\/p>\n<p>D\u2019un fonctionnement d\u00e9fectueux ou avec des d\u00e9ficiences techniques de la toile, s\u2019il d\u00e9rive de travaux techniques n\u00e9cessaires pour produire sur la toile un fonctionnement complet et correct. Cela inclut toute action n\u00e9cessaire pour v\u00e9rifier le fonctionnement, les performances, la s\u00e9curit\u00e9 et toute autre action d\u00e9riv\u00e9e de l\u2019utilisation du site web.<br \/>\nLes \u00e9ventuelles erreurs de s\u00e9curit\u00e9 qui peuvent \u00eatre caus\u00e9es par des virus, des fichiers, des programmes et\/ou d\u2019autres \u00e9l\u00e9ments nuisibles sur le site web ou le serveur.<br \/>\nPour les dommages g\u00e9n\u00e9r\u00e9s \u00e0 l\u2019utilisateur ou \u00e0 un tiers en cas d\u2019impossibilit\u00e9 de fournir le service en cas de circonstances impr\u00e9visibles, de force majeure, ou d\u2019autres causes non imputables aux propri\u00e9taires du site web.<br \/>\nDes informations publi\u00e9es sur le site web, les blogs, les r\u00e9seaux sociaux et autres m\u00e9dias, \u00e0 condition que ces informations aient \u00e9t\u00e9 manipul\u00e9es ou introduites par un tiers non autoris\u00e9.<br \/>\nLes liens vers d\u2019autres sites web non g\u00e9r\u00e9s par le RESPONSABLE qui peuvent \u00eatre contenus sur le site web.<\/p>\n<p>&nbsp;<\/p>\n<p><strong>3- Liens<\/strong><\/p>\n<p>Il est signal\u00e9 que le site web du RESPONSABLE peut contenir des liens vers d\u2019autres sites web non g\u00e9r\u00e9s par le RESPONSABLE qui ne seront propos\u00e9s qu\u2019\u00e0 titre de r\u00e9f\u00e9rences informatives, dont le but est de fournir d\u2019autres contenus jug\u00e9s int\u00e9ressants. De m\u00eame, le RESPONSABLE d\u00e9clare qu\u2019il n\u2019a aucun contr\u00f4le sur ces portails ou sites web et qu\u2019il n\u2019est pas responsable de leur contenu.<\/p>\n<p>Le RESPONSABLE n\u2019assume aucune responsabilit\u00e9 directe ou indirecte en relation avec la l\u00e9galit\u00e9, la v\u00e9racit\u00e9, l\u2019utilit\u00e9, la qualit\u00e9 ou la fiabilit\u00e9 des contenus qui ne sont pas directement g\u00e9r\u00e9s ou contr\u00f4l\u00e9s par lui, bien qu\u2019ils puissent \u00eatre accessibles \u00e0 travers le site web.<\/p>\n<p>&nbsp;<\/p>\n<p><strong>4- Propri\u00e9t\u00e9 intellectuelle et industrielle<\/strong><\/p>\n<p>Le RESPONSABLE se r\u00e9serve les droits de propri\u00e9t\u00e9 intellectuelle du site web en ce qui concerne les \u00e9l\u00e9ments qui composent l\u2019aspect visuel, l\u2019image graphique, le code source, le design, les structures de navigation et les diff\u00e9rents \u00e9l\u00e9ments qui y sont contenus tels que les publications, les informations, les graphiques, les dessins, les photographies, les enregistrements, ainsi que la technologie, le savoir-faire, les marques, les signes distinctifs et les logos. Les contenus et les \u0153uvres reproduits sur ce site sont la propri\u00e9t\u00e9 du RESPONSABLE et sont donc prot\u00e9g\u00e9s par la r\u00e9glementation sur la propri\u00e9t\u00e9 intellectuelle et industrielle.<\/p>\n<p>La reproduction, la transformation, la distribution, la communication publique, la mise \u00e0 disposition du public et, en g\u00e9n\u00e9ral, toute autre forme d\u2019exploitation, partielle ou totale des \u00e9l\u00e9ments vis\u00e9s dans les sections pr\u00e9c\u00e9dentes est interdite. Leur publication sur d\u2019autres sites web ou dans d\u2019autres m\u00e9dias num\u00e9riques ou \u00e9crits requiert le consentement expr\u00e8s du propri\u00e9taire du site web et, en tout \u00e9tat de cause, ils appara\u00eetront avec une r\u00e9f\u00e9rence explicite \u00e0 la propri\u00e9t\u00e9 des droits de propri\u00e9t\u00e9 intellectuelle.<\/p>\n<p>&nbsp;<\/p>\n<p><strong>5- Compte d\u2019usagers<\/strong><\/p>\n<p>En vous enregistrant sur le site web, vous acceptez de nous fournir une information d\u2019enregistrement pr\u00e9cise et compl\u00e8te ainsi que de nous informer imm\u00e9diatement de toute mise \u00e0 jour ou autres changements concernant cette information.<br \/>\nL\u2019usager est l\u2019unique responsable de prot\u00e9ger la s\u00e9curit\u00e9 et la confidentialit\u00e9 du mot de passe ainsi que de l\u2019identification qui lui a \u00e9t\u00e9 attribu\u00e9e. Il devra nous notifier imm\u00e9diatement de tout usage non autoris\u00e9 de son mot de passe ou identification ou toute autre violation ou menace de violation de la s\u00e9curit\u00e9 de ce site.[\/vc_column_text]<div class=\"ult-spacer spacer-69e1c5f691c42\" data-id=\"69e1c5f691c42\" data-height=\"80\" data-height-mobile=\"45\" data-height-tab=\"\" data-height-tab-portrait=\"\" data-height-mobile-landscape=\"45\" style=\"clear:both;display:block;\"><\/div>[\/vc_column][\/vc_row]<\/p>\n<\/div>","protected":false},"excerpt":{"rendered":"<p>[vc_row][vc_column][\/vc_column][\/vc_row][vc_row el_class=\u00a0\u00bbsection-aviso-legal\u00a0\u00bb][vc_column][vc_column_text css=\u00a0\u00bb\u00a0\u00bb]Conform\u00e9ment aux dispositions de l\u2019article 10 de la loi 34\/2002, du 11 juillet 2002, sur les services de la soci\u00e9t\u00e9 de l\u2019information et le commerce \u00e9lectronique, et de l\u2019article 5 de la directive 2000\/31\/CE, nous vous communiquons les<\/p>\n<p><a class=\"readmore\" href=\"https:\/\/dev.nutralie.com\/fr\/mentions-legales\/\">Leer M\u00e1s<\/a><\/p>\n","protected":false},"author":3,"featured_media":0,"parent":0,"menu_order":0,"comment_status":"closed","ping_status":"closed","template":"","meta":{"_acf_changed":false,"footnotes":""},"class_list":["post-30124","page","type-page","status-publish","hentry"],"acf":[],"yoast_head":"<!-- This site is optimized with the Yoast SEO plugin v27.3 - https:\/\/yoast.com\/product\/yoast-seo-wordpress\/ -->\n<title>Mentions L\u00e9gales | Nutralie<\/title>\n<meta name=\"description\" content=\"Mentions L\u00e9gales de Nutralie\" \/>\n<meta name=\"robots\" content=\"noindex, follow, max-snippet:-1, max-image-preview:large, max-video-preview:-1\" \/>\n<meta property=\"og:locale\" content=\"fr_FR\" \/>\n<meta property=\"og:type\" content=\"article\" \/>\n<meta property=\"og:title\" content=\"Mentions L\u00e9gales | Nutralie\" \/>\n<meta property=\"og:description\" content=\"Mentions L\u00e9gales de Nutralie\" \/>\n<meta property=\"og:url\" content=\"https:\/\/dev.nutralie.com\/fr\/mentions-legales\/\" \/>\n<meta property=\"og:site_name\" content=\"Nutralie\" \/>\n<meta property=\"article:modified_time\" content=\"2026-01-28T09:48:15+00:00\" \/>\n<meta name=\"twitter:card\" content=\"summary_large_image\" \/>\n<meta name=\"twitter:label1\" content=\"Dur\u00e9e de lecture estim\u00e9e\" \/>\n\t<meta name=\"twitter:data1\" content=\"5 minutes\" \/>\n<script type=\"application\/ld+json\" class=\"yoast-schema-graph\">{\"@context\":\"https:\\\/\\\/schema.org\",\"@graph\":[{\"@type\":\"WebPage\",\"@id\":\"https:\\\/\\\/dev.nutralie.com\\\/fr\\\/mentions-legales\\\/\",\"url\":\"https:\\\/\\\/dev.nutralie.com\\\/fr\\\/mentions-legales\\\/\",\"name\":\"Mentions L\u00e9gales | Nutralie\",\"isPartOf\":{\"@id\":\"https:\\\/\\\/dev.nutralie.com\\\/fr\\\/#website\"},\"datePublished\":\"2021-03-12T10:42:43+00:00\",\"dateModified\":\"2026-01-28T09:48:15+00:00\",\"description\":\"Mentions L\u00e9gales de Nutralie\",\"breadcrumb\":{\"@id\":\"https:\\\/\\\/dev.nutralie.com\\\/fr\\\/mentions-legales\\\/#breadcrumb\"},\"inLanguage\":\"fr-FR\",\"potentialAction\":[{\"@type\":\"ReadAction\",\"target\":[\"https:\\\/\\\/dev.nutralie.com\\\/fr\\\/mentions-legales\\\/\"]}]},{\"@type\":\"BreadcrumbList\",\"@id\":\"https:\\\/\\\/dev.nutralie.com\\\/fr\\\/mentions-legales\\\/#breadcrumb\",\"itemListElement\":[{\"@type\":\"ListItem\",\"position\":1,\"name\":\"Home\",\"item\":\"https:\\\/\\\/dev.nutralie.com\\\/fr\\\/\"},{\"@type\":\"ListItem\",\"position\":2,\"name\":\"MENTIONS L\u00c9GALES\"}]},{\"@type\":\"WebSite\",\"@id\":\"https:\\\/\\\/dev.nutralie.com\\\/fr\\\/#website\",\"url\":\"https:\\\/\\\/dev.nutralie.com\\\/fr\\\/\",\"name\":\"Nutralie\",\"description\":\"\",\"potentialAction\":[{\"@type\":\"SearchAction\",\"target\":{\"@type\":\"EntryPoint\",\"urlTemplate\":\"https:\\\/\\\/dev.nutralie.com\\\/fr\\\/?s={search_term_string}\"},\"query-input\":{\"@type\":\"PropertyValueSpecification\",\"valueRequired\":true,\"valueName\":\"search_term_string\"}}],\"inLanguage\":\"fr-FR\"}]}<\/script>\n<!-- \/ Yoast SEO plugin. -->","yoast_head_json":{"title":"Mentions L\u00e9gales | Nutralie","description":"Mentions L\u00e9gales de Nutralie","robots":{"index":"noindex","follow":"follow","max-snippet":"max-snippet:-1","max-image-preview":"max-image-preview:large","max-video-preview":"max-video-preview:-1"},"og_locale":"fr_FR","og_type":"article","og_title":"Mentions L\u00e9gales | Nutralie","og_description":"Mentions L\u00e9gales de Nutralie","og_url":"https:\/\/dev.nutralie.com\/fr\/mentions-legales\/","og_site_name":"Nutralie","article_modified_time":"2026-01-28T09:48:15+00:00","twitter_card":"summary_large_image","twitter_misc":{"Dur\u00e9e de lecture estim\u00e9e":"5 minutes"},"schema":{"@context":"https:\/\/schema.org","@graph":[{"@type":"WebPage","@id":"https:\/\/dev.nutralie.com\/fr\/mentions-legales\/","url":"https:\/\/dev.nutralie.com\/fr\/mentions-legales\/","name":"Mentions L\u00e9gales | Nutralie","isPartOf":{"@id":"https:\/\/dev.nutralie.com\/fr\/#website"},"datePublished":"2021-03-12T10:42:43+00:00","dateModified":"2026-01-28T09:48:15+00:00","description":"Mentions L\u00e9gales de Nutralie","breadcrumb":{"@id":"https:\/\/dev.nutralie.com\/fr\/mentions-legales\/#breadcrumb"},"inLanguage":"fr-FR","potentialAction":[{"@type":"ReadAction","target":["https:\/\/dev.nutralie.com\/fr\/mentions-legales\/"]}]},{"@type":"BreadcrumbList","@id":"https:\/\/dev.nutralie.com\/fr\/mentions-legales\/#breadcrumb","itemListElement":[{"@type":"ListItem","position":1,"name":"Home","item":"https:\/\/dev.nutralie.com\/fr\/"},{"@type":"ListItem","position":2,"name":"MENTIONS L\u00c9GALES"}]},{"@type":"WebSite","@id":"https:\/\/dev.nutralie.com\/fr\/#website","url":"https:\/\/dev.nutralie.com\/fr\/","name":"Nutralie","description":"","potentialAction":[{"@type":"SearchAction","target":{"@type":"EntryPoint","urlTemplate":"https:\/\/dev.nutralie.com\/fr\/?s={search_term_string}"},"query-input":{"@type":"PropertyValueSpecification","valueRequired":true,"valueName":"search_term_string"}}],"inLanguage":"fr-FR"}]}},"_links":{"self":[{"href":"https:\/\/dev.nutralie.com\/fr\/wp-json\/wp\/v2\/pages\/30124","targetHints":{"allow":["GET"]}}],"collection":[{"href":"https:\/\/dev.nutralie.com\/fr\/wp-json\/wp\/v2\/pages"}],"about":[{"href":"https:\/\/dev.nutralie.com\/fr\/wp-json\/wp\/v2\/types\/page"}],"author":[{"embeddable":true,"href":"https:\/\/dev.nutralie.com\/fr\/wp-json\/wp\/v2\/users\/3"}],"replies":[{"embeddable":true,"href":"https:\/\/dev.nutralie.com\/fr\/wp-json\/wp\/v2\/comments?post=30124"}],"version-history":[{"count":2,"href":"https:\/\/dev.nutralie.com\/fr\/wp-json\/wp\/v2\/pages\/30124\/revisions"}],"predecessor-version":[{"id":218068,"href":"https:\/\/dev.nutralie.com\/fr\/wp-json\/wp\/v2\/pages\/30124\/revisions\/218068"}],"wp:attachment":[{"href":"https:\/\/dev.nutralie.com\/fr\/wp-json\/wp\/v2\/media?parent=30124"}],"curies":[{"name":"wp","href":"https:\/\/api.w.org\/{rel}","templated":true}]}}