{"id":9486,"date":"2020-07-24T09:51:40","date_gmt":"2020-07-24T07:51:40","guid":{"rendered":"http:\/\/dev.nutralie.com\/politica-de-privacidad\/"},"modified":"2026-01-28T13:03:08","modified_gmt":"2026-01-28T11:03:08","slug":"politique-de-confidentialite","status":"publish","type":"page","link":"https:\/\/dev.nutralie.com\/fr\/politique-de-confidentialite\/","title":{"rendered":"POLITIQUE DE CONFIDENTIALIT\u00c9"},"content":{"rendered":"<div class=\"wpb-content-wrapper\"><p>[vc_row][vc_column]<div class=\"mkdf-section-title-holder  mkdf-st-top-tagline-position mkdf-st-center-position mkdf-st-bottom-image-position \" style=\"text-align: center\">\n\t<div class=\"mkdf-st-inner\">\n\t\t\t\t\t\t\t\t\t<h1 class=\"mkdf-st-title\" >\n\t\t\t\tPOLITIQUE DE CONFIDENTIALIT\u00c9\t\t\t<\/h1>\n\t\t\t\t\t\t\t\t\t\t\t\t\t<\/div>\n<\/div>[vc_empty_space][\/vc_column][\/vc_row][vc_row][vc_column][vc_column_text css=\u00a0\u00bb\u00a0\u00bb]<\/p>\n<p data-start=\"130\" data-end=\"174\"><strong data-start=\"130\" data-end=\"174\">POLITIQUE DE CONFIDENTIALIT\u00c9 DU SITE WEB<\/strong><\/p>\n<p data-start=\"176\" data-end=\"208\"><strong data-start=\"176\" data-end=\"208\">1. RESPONSABLE DU TRAITEMENT<\/strong><\/p>\n<p data-start=\"210\" data-end=\"320\">La soci\u00e9t\u00e9 responsable du traitement de vos donn\u00e9es en vertu de la pr\u00e9sente Politique de confidentialit\u00e9 est :<\/p>\n<p data-start=\"322\" data-end=\"728\"><strong data-start=\"322\" data-end=\"348\">D\u00e9nomination sociale :<\/strong> NUTRIEXPERTS, SL<br data-start=\"365\" data-end=\"368\" \/><strong data-start=\"368\" data-end=\"388\">Nom commercial :<\/strong> NUTRIEXPERTS<br data-start=\"401\" data-end=\"404\" \/><strong data-start=\"404\" data-end=\"413\">NIF :<\/strong> B06770051<br data-start=\"423\" data-end=\"426\" \/><strong data-start=\"426\" data-end=\"439\">Adresse :<\/strong> C\/ Vallespir, 19, 3e \u00e9tage, Bureau 5, 08173 Sant Cugat del Vall\u00e8s \u2013 Barcelone (Espagne)<br data-start=\"527\" data-end=\"530\" \/><strong data-start=\"530\" data-end=\"550\">Adresse e-mail :<\/strong> <a class=\"decorated-link cursor-pointer\" rel=\"noopener\" data-start=\"551\" data-end=\"568\">info@dev.nutralie.com<\/a><br data-start=\"568\" data-end=\"571\" \/><strong data-start=\"571\" data-end=\"585\">Site web :<\/strong> <a class=\"decorated-link\" href=\"http:\/\/dev.nutralie.com\" target=\"_new\" rel=\"noopener\" data-start=\"586\" data-end=\"602\">www.nutralie.com<\/a><br data-start=\"602\" data-end=\"605\" \/><strong data-start=\"605\" data-end=\"631\">Registre du commerce :<\/strong> Inscrite au Registre du commerce de Barcelone, Tome 39904, Folio, Section 113, Feuille B-356186.<\/p>\n<p data-start=\"730\" data-end=\"930\">Chez NUTRIEXPERTS, SL, nous nous engageons \u00e0 prot\u00e9ger vos donn\u00e9es personnelles et \u00e0 les traiter de mani\u00e8re responsable et conform\u00e9ment \u00e0 la l\u00e9gislation en vigueur en mati\u00e8re de protection des donn\u00e9es.<\/p>\n<p data-start=\"937\" data-end=\"964\"><strong data-start=\"937\" data-end=\"964\">2. DONN\u00c9ES PERSONNELLES<\/strong><\/p>\n<p data-start=\"966\" data-end=\"1486\">Une donn\u00e9e personnelle est toute information permettant de vous identifier ou de vous rendre identifiable. Via notre site web, nous collectons les donn\u00e9es que vous nous communiquez volontairement (nom, pr\u00e9nom, adresse e-mail, num\u00e9ro de t\u00e9l\u00e9phone, etc.) au moyen de formulaires ou de r\u00e9seaux sociaux. La visite du site web n\u2019implique aucune obligation de fournir des donn\u00e9es personnelles. Si vous les fournissez, elles seront trait\u00e9es conform\u00e9ment au R\u00e8glement (UE) 2016\/679 (RGPD) et \u00e0 la Loi Organique 3\/2018 (LOPDGDD).<\/p>\n<p data-start=\"1493\" data-end=\"1546\"><strong data-start=\"1493\" data-end=\"1546\">3. FINALIT\u00c9, DUR\u00c9E DE CONSERVATION ET BASE L\u00c9GALE<\/strong><\/p>\n<p data-start=\"1548\" data-end=\"1607\">Nous traitons vos donn\u00e9es personnelles aux fins suivantes :<\/p>\n<ul data-start=\"1609\" data-end=\"3483\">\n<li data-start=\"1609\" data-end=\"1796\">\n<p data-start=\"1611\" data-end=\"1796\"><strong data-start=\"1611\" data-end=\"1640\">Traitement des demandes :<\/strong> Gestion des demandes effectu\u00e9es via le formulaire de contact. Dur\u00e9e minimale de conservation de 3 ans.<br data-start=\"1743\" data-end=\"1746\" \/><strong data-start=\"1748\" data-end=\"1765\">Base l\u00e9gale :<\/strong> Consentement de l\u2019utilisateur.<\/p>\n<\/li>\n<li data-start=\"1798\" data-end=\"2069\">\n<p data-start=\"1800\" data-end=\"2069\"><strong data-start=\"1800\" data-end=\"1846\">Am\u00e9lioration de l\u2019exp\u00e9rience du site web :<\/strong> Utilisation de cookies pour faciliter la navigation. Dur\u00e9e minimale de conservation de 3 ans tant que le consentement n\u2019est pas retir\u00e9.<br data-start=\"1982\" data-end=\"1985\" \/><strong data-start=\"1987\" data-end=\"2004\">Base l\u00e9gale :<\/strong> Consentement de l\u2019utilisateur lors de l\u2019acceptation des cookies.<\/p>\n<\/li>\n<li data-start=\"2071\" data-end=\"2262\">\n<p data-start=\"2073\" data-end=\"2262\"><strong data-start=\"2073\" data-end=\"2106\">Gestion des r\u00e9seaux sociaux :<\/strong> Envoi d\u2019informations relatives aux activit\u00e9s et aux produits. Dur\u00e9e minimale de conservation de 3 ans.<br data-start=\"2209\" data-end=\"2212\" \/><strong data-start=\"2214\" data-end=\"2231\">Base l\u00e9gale :<\/strong> Consentement de l\u2019utilisateur.<\/p>\n<\/li>\n<li data-start=\"2264\" data-end=\"2537\">\n<p data-start=\"2266\" data-end=\"2537\"><strong data-start=\"2266\" data-end=\"2290\">Gestion des achats :<\/strong> Traitement des commandes, des paiements et ex\u00e9cution du contrat de vente. Conservation pendant la dur\u00e9e de la relation contractuelle et conform\u00e9ment aux obligations fiscales et comptables applicables.<br data-start=\"2491\" data-end=\"2494\" \/><strong data-start=\"2496\" data-end=\"2513\">Base l\u00e9gale :<\/strong> Ex\u00e9cution d\u2019un contrat.<\/p>\n<\/li>\n<li data-start=\"2539\" data-end=\"2730\">\n<p data-start=\"2541\" data-end=\"2730\"><strong data-start=\"2541\" data-end=\"2563\">Panier abandonn\u00e9 :<\/strong> Envoi de rappels concernant les produits ajout\u00e9s au panier pendant une dur\u00e9e maximale de 5 jours.<br data-start=\"2661\" data-end=\"2664\" \/><strong data-start=\"2666\" data-end=\"2683\">Base l\u00e9gale :<\/strong> Int\u00e9r\u00eat l\u00e9gitime du responsable du traitement.<\/p>\n<\/li>\n<li data-start=\"2732\" data-end=\"2964\">\n<p data-start=\"2734\" data-end=\"2964\"><strong data-start=\"2734\" data-end=\"2750\">Newsletter :<\/strong> Envoi de bulletins d\u2019information et de communications commerciales. Dur\u00e9e minimale de conservation de 3 ans tant que le consentement n\u2019est pas retir\u00e9.<br data-start=\"2901\" data-end=\"2904\" \/><strong data-start=\"2906\" data-end=\"2923\">Base l\u00e9gale :<\/strong> Consentement explicite de l\u2019utilisateur.<\/p>\n<\/li>\n<li data-start=\"2966\" data-end=\"3235\">\n<p data-start=\"2968\" data-end=\"3235\"><strong data-start=\"2968\" data-end=\"3002\">Inscription de l\u2019utilisateur :<\/strong> Gestion de la cr\u00e9ation du compte, de sa maintenance et de l\u2019acc\u00e8s \u00e0 l\u2019espace priv\u00e9. Conservation jusqu\u2019\u00e0 la demande de suppression du compte (minimum 3 ans).<br data-start=\"3160\" data-end=\"3163\" \/><strong data-start=\"3165\" data-end=\"3182\">Base l\u00e9gale :<\/strong> Consentement de l\u2019utilisateur lors de l\u2019inscription.<\/p>\n<\/li>\n<li data-start=\"3237\" data-end=\"3483\">\n<p data-start=\"3239\" data-end=\"3483\"><strong data-start=\"3239\" data-end=\"3272\">Concours et tirages au sort :<\/strong> Gestion de la participation et communication avec les gagnants. Conservation conform\u00e9ment aux r\u00e8gles du concours (minimum 3 ans).<br data-start=\"3402\" data-end=\"3405\" \/><strong data-start=\"3407\" data-end=\"3424\">Base l\u00e9gale :<\/strong> Consentement de l\u2019utilisateur et acceptation du r\u00e8glement.<\/p>\n<\/li>\n<\/ul>\n<p data-start=\"3490\" data-end=\"3551\"><strong data-start=\"3490\" data-end=\"3551\">4. COMMUNICATION DES DONN\u00c9ES ET TRANSFERTS INTERNATIONAUX<\/strong><\/p>\n<p data-start=\"3553\" data-end=\"4076\">Vos donn\u00e9es personnelles ne seront pas communiqu\u00e9es \u00e0 des tiers, sauf obligation l\u00e9gale ou lorsque cela est n\u00e9cessaire pour la prestation de services par des fournisseurs agissant en tant que sous-traitants. Nos serveurs sont situ\u00e9s au sein de l\u2019Union europ\u00e9enne. En cas de transferts internationaux de donn\u00e9es en dehors de l\u2019Espace \u00c9conomique Europ\u00e9en, un niveau de protection ad\u00e9quat sera garanti par des d\u00e9cisions d\u2019ad\u00e9quation ou par l\u2019application de clauses contractuelles types approuv\u00e9es par la Commission europ\u00e9enne.<\/p>\n<p data-start=\"4083\" data-end=\"4121\"><strong data-start=\"4083\" data-end=\"4121\">5. DROITS DES PERSONNES CONCERN\u00c9ES<\/strong><\/p>\n<p data-start=\"4123\" data-end=\"4158\">Vous disposez des droits suivants :<\/p>\n<ol data-start=\"4160\" data-end=\"4464\">\n<li data-start=\"4160\" data-end=\"4199\">\n<p data-start=\"4162\" data-end=\"4199\">Acc\u00e9der \u00e0 vos donn\u00e9es personnelles.<\/p>\n<\/li>\n<li data-start=\"4200\" data-end=\"4263\">\n<p data-start=\"4202\" data-end=\"4263\">Demander la rectification ou la suppression de vos donn\u00e9es.<\/p>\n<\/li>\n<li data-start=\"4264\" data-end=\"4332\">\n<p data-start=\"4266\" data-end=\"4332\">Demander la limitation du traitement ou vous opposer \u00e0 celui-ci.<\/p>\n<\/li>\n<li data-start=\"4333\" data-end=\"4376\">\n<p data-start=\"4335\" data-end=\"4376\">Demander la portabilit\u00e9 de vos donn\u00e9es.<\/p>\n<\/li>\n<li data-start=\"4377\" data-end=\"4464\">\n<p data-start=\"4379\" data-end=\"4464\">Ne pas faire l\u2019objet de d\u00e9cisions fond\u00e9es exclusivement sur un traitement automatis\u00e9.<\/p>\n<\/li>\n<\/ol>\n<p data-start=\"4466\" data-end=\"4688\">Pour exercer ces droits, vous pouvez nous contacter \u00e0 l\u2019adresse suivante : <strong data-start=\"4541\" data-end=\"4565\"><a class=\"decorated-link cursor-pointer\" rel=\"noopener\" data-start=\"4543\" data-end=\"4563\">gdpr@nutriexperts.eu<\/a><\/strong>. Vous avez \u00e9galement le droit d\u2019introduire une r\u00e9clamation aupr\u00e8s de l\u2019autorit\u00e9 de contr\u00f4le espagnole via <strong data-start=\"4672\" data-end=\"4687\"><a class=\"decorated-link\" href=\"http:\/\/www.aepd.es\" target=\"_new\" rel=\"noopener\" data-start=\"4674\" data-end=\"4685\">www.aepd.es<\/a><\/strong>.<\/p>\n<p data-start=\"4695\" data-end=\"4721\"><strong data-start=\"4695\" data-end=\"4721\">6. AUTRES DISPOSITIONS<\/strong><\/p>\n<ul data-start=\"4723\" data-end=\"5208\">\n<li data-start=\"4723\" data-end=\"4882\">\n<p data-start=\"4725\" data-end=\"4882\"><strong data-start=\"4725\" data-end=\"4738\">Mineurs :<\/strong> L\u2019acc\u00e8s au site web est interdit aux personnes de moins de 14 ans. Si des donn\u00e9es concernant un mineur sont d\u00e9tect\u00e9es, elles seront supprim\u00e9es.<\/p>\n<\/li>\n<li data-start=\"4884\" data-end=\"5021\">\n<p data-start=\"4886\" data-end=\"5021\"><strong data-start=\"4886\" data-end=\"4918\">S\u00e9curit\u00e9 des mots de passe :<\/strong> L\u2019utilisateur est responsable de la conservation et de la confidentialit\u00e9 de ses identifiants d\u2019acc\u00e8s.<\/p>\n<\/li>\n<li data-start=\"5023\" data-end=\"5208\">\n<p data-start=\"5025\" data-end=\"5208\"><strong data-start=\"5025\" data-end=\"5038\">Cookies :<\/strong> Vous pouvez emp\u00eacher l\u2019installation de cookies via les param\u00e8tres de votre navigateur. Pour plus d\u2019informations, veuillez consulter notre Politique relative aux cookies.<\/p>\n<\/li>\n<\/ul>\n<p data-start=\"5215\" data-end=\"5260\" data-is-last-node=\"\" data-is-only-node=\"\"><strong data-start=\"5215\" data-end=\"5249\">Date de derni\u00e8re mise \u00e0 jour :<\/strong> 30\/10\/2025<\/p>\n<p>[\/vc_column_text][\/vc_column][\/vc_row]<\/p>\n<\/div>","protected":false},"excerpt":{"rendered":"<p>[vc_row][vc_column][vc_empty_space][\/vc_column][\/vc_row][vc_row][vc_column][vc_column_text css=\u00a0\u00bb\u00a0\u00bb] POLITIQUE DE CONFIDENTIALIT\u00c9 DU SITE WEB 1. RESPONSABLE DU TRAITEMENT La soci\u00e9t\u00e9 responsable du traitement de vos donn\u00e9es en vertu de la pr\u00e9sente Politique de confidentialit\u00e9 est : D\u00e9nomination sociale : NUTRIEXPERTS, SLNom commercial : NUTRIEXPERTSNIF : B06770051Adresse<\/p>\n<p><a class=\"readmore\" href=\"https:\/\/dev.nutralie.com\/fr\/politique-de-confidentialite\/\">Leer M\u00e1s<\/a><\/p>\n","protected":false},"author":3,"featured_media":0,"parent":0,"menu_order":0,"comment_status":"closed","ping_status":"closed","template":"","meta":{"_acf_changed":false,"footnotes":""},"class_list":["post-9486","page","type-page","status-publish","hentry"],"acf":[],"yoast_head":"<!-- This site is optimized with the Yoast SEO plugin v27.3 - https:\/\/yoast.com\/product\/yoast-seo-wordpress\/ -->\n<title>Politique de Confidentialit\u00e9 | Nutralie<\/title>\n<meta name=\"robots\" content=\"noindex, follow, max-snippet:-1, max-image-preview:large, max-video-preview:-1\" \/>\n<meta property=\"og:locale\" content=\"fr_FR\" \/>\n<meta property=\"og:type\" content=\"article\" \/>\n<meta property=\"og:title\" content=\"Politique de Confidentialit\u00e9 | Nutralie\" \/>\n<meta property=\"og:description\" content=\"[vc_row][vc_column][vc_empty_space][\/vc_column][\/vc_row][vc_row][vc_column][vc_column_text css=\u00a0\u00bb\u00a0\u00bb] POLITIQUE DE CONFIDENTIALIT\u00c9 DU SITE WEB 1. RESPONSABLE DU TRAITEMENT La soci\u00e9t\u00e9 responsable du traitement de vos donn\u00e9es en vertu de la pr\u00e9sente Politique de confidentialit\u00e9 est : D\u00e9nomination sociale : NUTRIEXPERTS, SLNom commercial : NUTRIEXPERTSNIF : B06770051AdresseLeer M\u00e1s\" \/>\n<meta property=\"og:url\" content=\"https:\/\/dev.nutralie.com\/fr\/politique-de-confidentialite\/\" \/>\n<meta property=\"og:site_name\" content=\"Nutralie\" \/>\n<meta property=\"article:modified_time\" content=\"2026-01-28T11:03:08+00:00\" \/>\n<meta name=\"twitter:card\" content=\"summary_large_image\" \/>\n<meta name=\"twitter:label1\" content=\"Dur\u00e9e de lecture estim\u00e9e\" \/>\n\t<meta name=\"twitter:data1\" content=\"4 minutes\" \/>\n<script type=\"application\/ld+json\" class=\"yoast-schema-graph\">{\"@context\":\"https:\\\/\\\/schema.org\",\"@graph\":[{\"@type\":\"WebPage\",\"@id\":\"https:\\\/\\\/dev.nutralie.com\\\/fr\\\/politique-de-confidentialite\\\/\",\"url\":\"https:\\\/\\\/dev.nutralie.com\\\/fr\\\/politique-de-confidentialite\\\/\",\"name\":\"Politique de Confidentialit\u00e9 | Nutralie\",\"isPartOf\":{\"@id\":\"https:\\\/\\\/dev.nutralie.com\\\/fr\\\/#website\"},\"datePublished\":\"2020-07-24T07:51:40+00:00\",\"dateModified\":\"2026-01-28T11:03:08+00:00\",\"breadcrumb\":{\"@id\":\"https:\\\/\\\/dev.nutralie.com\\\/fr\\\/politique-de-confidentialite\\\/#breadcrumb\"},\"inLanguage\":\"fr-FR\",\"potentialAction\":[{\"@type\":\"ReadAction\",\"target\":[\"https:\\\/\\\/dev.nutralie.com\\\/fr\\\/politique-de-confidentialite\\\/\"]}]},{\"@type\":\"BreadcrumbList\",\"@id\":\"https:\\\/\\\/dev.nutralie.com\\\/fr\\\/politique-de-confidentialite\\\/#breadcrumb\",\"itemListElement\":[{\"@type\":\"ListItem\",\"position\":1,\"name\":\"Home\",\"item\":\"https:\\\/\\\/dev.nutralie.com\\\/fr\\\/\"},{\"@type\":\"ListItem\",\"position\":2,\"name\":\"POLITIQUE DE CONFIDENTIALIT\u00c9\"}]},{\"@type\":\"WebSite\",\"@id\":\"https:\\\/\\\/dev.nutralie.com\\\/fr\\\/#website\",\"url\":\"https:\\\/\\\/dev.nutralie.com\\\/fr\\\/\",\"name\":\"Nutralie\",\"description\":\"\",\"potentialAction\":[{\"@type\":\"SearchAction\",\"target\":{\"@type\":\"EntryPoint\",\"urlTemplate\":\"https:\\\/\\\/dev.nutralie.com\\\/fr\\\/?s={search_term_string}\"},\"query-input\":{\"@type\":\"PropertyValueSpecification\",\"valueRequired\":true,\"valueName\":\"search_term_string\"}}],\"inLanguage\":\"fr-FR\"}]}<\/script>\n<!-- \/ Yoast SEO plugin. -->","yoast_head_json":{"title":"Politique de Confidentialit\u00e9 | Nutralie","robots":{"index":"noindex","follow":"follow","max-snippet":"max-snippet:-1","max-image-preview":"max-image-preview:large","max-video-preview":"max-video-preview:-1"},"og_locale":"fr_FR","og_type":"article","og_title":"Politique de Confidentialit\u00e9 | Nutralie","og_description":"[vc_row][vc_column][vc_empty_space][\/vc_column][\/vc_row][vc_row][vc_column][vc_column_text css=\u00a0\u00bb\u00a0\u00bb] POLITIQUE DE CONFIDENTIALIT\u00c9 DU SITE WEB 1. RESPONSABLE DU TRAITEMENT La soci\u00e9t\u00e9 responsable du traitement de vos donn\u00e9es en vertu de la pr\u00e9sente Politique de confidentialit\u00e9 est : D\u00e9nomination sociale : NUTRIEXPERTS, SLNom commercial : NUTRIEXPERTSNIF : B06770051AdresseLeer M\u00e1s","og_url":"https:\/\/dev.nutralie.com\/fr\/politique-de-confidentialite\/","og_site_name":"Nutralie","article_modified_time":"2026-01-28T11:03:08+00:00","twitter_card":"summary_large_image","twitter_misc":{"Dur\u00e9e de lecture estim\u00e9e":"4 minutes"},"schema":{"@context":"https:\/\/schema.org","@graph":[{"@type":"WebPage","@id":"https:\/\/dev.nutralie.com\/fr\/politique-de-confidentialite\/","url":"https:\/\/dev.nutralie.com\/fr\/politique-de-confidentialite\/","name":"Politique de Confidentialit\u00e9 | Nutralie","isPartOf":{"@id":"https:\/\/dev.nutralie.com\/fr\/#website"},"datePublished":"2020-07-24T07:51:40+00:00","dateModified":"2026-01-28T11:03:08+00:00","breadcrumb":{"@id":"https:\/\/dev.nutralie.com\/fr\/politique-de-confidentialite\/#breadcrumb"},"inLanguage":"fr-FR","potentialAction":[{"@type":"ReadAction","target":["https:\/\/dev.nutralie.com\/fr\/politique-de-confidentialite\/"]}]},{"@type":"BreadcrumbList","@id":"https:\/\/dev.nutralie.com\/fr\/politique-de-confidentialite\/#breadcrumb","itemListElement":[{"@type":"ListItem","position":1,"name":"Home","item":"https:\/\/dev.nutralie.com\/fr\/"},{"@type":"ListItem","position":2,"name":"POLITIQUE DE CONFIDENTIALIT\u00c9"}]},{"@type":"WebSite","@id":"https:\/\/dev.nutralie.com\/fr\/#website","url":"https:\/\/dev.nutralie.com\/fr\/","name":"Nutralie","description":"","potentialAction":[{"@type":"SearchAction","target":{"@type":"EntryPoint","urlTemplate":"https:\/\/dev.nutralie.com\/fr\/?s={search_term_string}"},"query-input":{"@type":"PropertyValueSpecification","valueRequired":true,"valueName":"search_term_string"}}],"inLanguage":"fr-FR"}]}},"_links":{"self":[{"href":"https:\/\/dev.nutralie.com\/fr\/wp-json\/wp\/v2\/pages\/9486","targetHints":{"allow":["GET"]}}],"collection":[{"href":"https:\/\/dev.nutralie.com\/fr\/wp-json\/wp\/v2\/pages"}],"about":[{"href":"https:\/\/dev.nutralie.com\/fr\/wp-json\/wp\/v2\/types\/page"}],"author":[{"embeddable":true,"href":"https:\/\/dev.nutralie.com\/fr\/wp-json\/wp\/v2\/users\/3"}],"replies":[{"embeddable":true,"href":"https:\/\/dev.nutralie.com\/fr\/wp-json\/wp\/v2\/comments?post=9486"}],"version-history":[{"count":2,"href":"https:\/\/dev.nutralie.com\/fr\/wp-json\/wp\/v2\/pages\/9486\/revisions"}],"predecessor-version":[{"id":218086,"href":"https:\/\/dev.nutralie.com\/fr\/wp-json\/wp\/v2\/pages\/9486\/revisions\/218086"}],"wp:attachment":[{"href":"https:\/\/dev.nutralie.com\/fr\/wp-json\/wp\/v2\/media?parent=9486"}],"curies":[{"name":"wp","href":"https:\/\/api.w.org\/{rel}","templated":true}]}}