{"id":9584,"date":"2020-08-27T11:40:43","date_gmt":"2020-08-27T09:40:43","guid":{"rendered":"http:\/\/dev.nutralie.com\/politica-cookies\/"},"modified":"2025-11-14T13:57:08","modified_gmt":"2025-11-14T11:57:08","slug":"politique-cookies","status":"publish","type":"page","link":"https:\/\/dev.nutralie.com\/fr\/politique-cookies\/","title":{"rendered":"POLITIQUE DE COOKIES"},"content":{"rendered":"<div class=\"wpb-content-wrapper\"><p>[vc_row][vc_column]<div class=\"mkdf-section-title-holder  mkdf-st-top-tagline-position mkdf-st-center-position mkdf-st-bottom-image-position \" style=\"text-align: center\">\n\t<div class=\"mkdf-st-inner\">\n\t\t\t\t\t\t\t\t\t<h1 class=\"mkdf-st-title\" >\n\t\t\t\tPOLITIQUE DE COOKIES\t\t\t<\/h1>\n\t\t\t\t\t\t\t\t\t\t\t\t\t<\/div>\n<\/div>[vc_empty_space][\/vc_column][\/vc_row][vc_column][\/vc_column][vc_row][vc_column][vc_column_text css=\u00a0\u00bb\u00a0\u00bb]<\/p>\n<p style=\"text-align: right;\" data-start=\"131\" data-end=\"174\"><strong>Derni\u00e8re mise \u00e0 jour : 14 novembre 2025<\/strong><\/p>\n<p data-start=\"176\" data-end=\"694\">Sur ce site web, nous utilisons des cookies et des technologies similaires (ci-apr\u00e8s, les \u00ab cookies \u00bb) qui permettent le fonctionnement et la personnalisation du site, ainsi que la r\u00e9alisation d\u2019analyses statistiques d\u2019utilisation. L\u2019objectif de la pr\u00e9sente politique est de fournir une information claire et compl\u00e8te sur l\u2019utilisation des cookies par ce site web, conform\u00e9ment au R\u00e8glement (UE) 2016\/679 (RGPD), \u00e0 la Loi 34\/2002 (LSSI) et aux lignes directrices de l\u2019Agence espagnole de protection des donn\u00e9es (AEPD).<\/p>\n<p data-start=\"701\" data-end=\"730\"><strong>1. Que sont les cookies ?<\/strong><\/p>\n<p data-start=\"732\" data-end=\"1036\">Les cookies sont des fichiers t\u00e9l\u00e9charg\u00e9s sur l\u2019appareil de l\u2019utilisateur (ordinateur, smartphone, tablette ou autres) afin de stocker et de r\u00e9cup\u00e9rer des informations. Ils permettent, par exemple, de m\u00e9moriser des donn\u00e9es de navigation, des pr\u00e9f\u00e9rences ou d\u2019identifier des sch\u00e9mas d\u2019utilisation du site.<\/p>\n<p data-start=\"1038\" data-end=\"1153\">Les cookies n\u2019endommagent pas votre appareil et sont essentiels pour le bon fonctionnement des services num\u00e9riques.<\/p>\n<p data-start=\"1160\" data-end=\"1192\"><strong>2. Types de cookies utilis\u00e9s<\/strong><\/p>\n<p data-start=\"1194\" data-end=\"1257\">Les cookies peuvent \u00eatre class\u00e9s selon diff\u00e9rentes cat\u00e9gories :<\/p>\n<p data-start=\"1259\" data-end=\"1296\"><strong>2.1. Selon l\u2019entit\u00e9 qui les g\u00e8re<\/strong><\/p>\n<p data-start=\"1298\" data-end=\"1411\">a) Cookies internes (first-party). Envoy\u00e9s et g\u00e9r\u00e9s par ce site web depuis nos propres serveurs ou domaines.<\/p>\n<p data-start=\"1413\" data-end=\"1607\">b) Cookies tiers. G\u00e9r\u00e9s depuis un domaine diff\u00e9rent de celui de ce site web, g\u00e9n\u00e9ralement lors de l\u2019int\u00e9gration de services externes, tels que des outils d\u2019analyse (ex. Google Analytics 4).<\/p>\n<p data-start=\"1609\" data-end=\"1648\"><strong>2.2. Selon leur dur\u00e9e d\u2019activation<\/strong><\/p>\n<p data-start=\"1650\" data-end=\"1790\">a) Cookies de session. Supprim\u00e9s automatiquement \u00e0 la fermeture du navigateur. Ils permettent les fonctionnalit\u00e9s essentielles du site.<\/p>\n<p data-start=\"1792\" data-end=\"1911\">b) Cookies persistants. Stock\u00e9s pendant une dur\u00e9e d\u00e9termin\u00e9e pouvant aller de quelques minutes \u00e0 plusieurs ann\u00e9es.<\/p>\n<p data-start=\"1913\" data-end=\"1942\"><strong>2.3. Selon leur finalit\u00e9<\/strong><\/p>\n<p data-start=\"1944\" data-end=\"2178\">a) Cookies techniques ou n\u00e9cessaires (exempt\u00e9s de consentement). Permettent la navigation et l\u2019utilisation correcte du site, la gestion de pr\u00e9f\u00e9rences basiques, la s\u00e9curit\u00e9 et le bon fonctionnement de WordPress et de ses plugins.<\/p>\n<p data-start=\"2180\" data-end=\"2338\">b) Cookies de pr\u00e9f\u00e9rence ou de personnalisation. Permettent de m\u00e9moriser les configurations choisies par l\u2019utilisateur (langue, apparence du site, etc.).<\/p>\n<p data-start=\"2340\" data-end=\"2512\">c) Cookies d\u2019analyse ou de mesure. Permettent de quantifier le nombre d\u2019utilisateurs et d\u2019analyser l\u2019usage du site afin d\u2019am\u00e9liorer ses fonctionnalit\u00e9s et son contenu.<\/p>\n<p data-start=\"2514\" data-end=\"2576\">Ce site utilise Google Analytics 4 avec anonymisation de l\u2019IP.<\/p>\n<p data-start=\"2583\" data-end=\"2622\"><strong>3. Cookies utilis\u00e9s sur ce site web<\/strong><\/p>\n<p data-start=\"2624\" data-end=\"2763\">Voici les cookies susceptibles d\u2019\u00eatre install\u00e9s lors de la navigation sur ce site, ainsi que leur finalit\u00e9, leur dur\u00e9e et leur responsable.<\/p>\n<p data-start=\"2765\" data-end=\"2886\"><em data-start=\"2765\" data-end=\"2886\">Remarque : l\u2019installation effective peut varier en fonction des choix de l\u2019utilisateur dans le panneau de consentement.<\/em><\/p>\n<p data-start=\"2888\" data-end=\"2967\"><strong>3.1. Cookies techniques (internes et WordPress) (exempt\u00e9s de consentement)<\/strong><\/p>\n<div class=\"group _tableWrapper_1rjym_13 flex w-fit flex-col-reverse\" tabindex=\"-1\">\n<table class=\"w-fit min-w-(--thread-content-width)\" style=\"height: 248px;\" width=\"1357\" data-start=\"2969\" data-end=\"3925\">\n<thead data-start=\"2969\" data-end=\"3012\">\n<tr data-start=\"2969\" data-end=\"3012\">\n<th data-start=\"2969\" data-end=\"2978\" data-col-size=\"md\">Cookie<\/th>\n<th data-start=\"2978\" data-end=\"2989\" data-col-size=\"md\">Finalit\u00e9<\/th>\n<th data-start=\"2989\" data-end=\"2997\" data-col-size=\"sm\">Dur\u00e9e<\/th>\n<th data-start=\"2997\" data-end=\"3012\" data-col-size=\"sm\">Responsable<\/th>\n<\/tr>\n<\/thead>\n<tbody data-start=\"3059\" data-end=\"3925\">\n<tr data-start=\"3059\" data-end=\"3191\">\n<td data-start=\"3059\" data-end=\"3098\" data-col-size=\"md\">cookielawinfo-checkbox-necessary<\/td>\n<td data-start=\"3098\" data-end=\"3146\" data-col-size=\"md\">V\u00e9rifie l\u2019activation des cookies n\u00e9cessaires.<\/td>\n<td data-start=\"3146\" data-end=\"3153\" data-col-size=\"sm\">1 an<\/td>\n<td data-start=\"3153\" data-end=\"3191\" data-col-size=\"sm\">WordPress (plugin de consentement)<\/td>\n<\/tr>\n<tr data-start=\"3192\" data-end=\"3333\">\n<td data-start=\"3192\" data-end=\"3235\" data-col-size=\"md\">cookielawinfo-checkbox-non-necessary<\/td>\n<td data-start=\"3235\" data-end=\"3288\" data-col-size=\"md\">Contr\u00f4le l\u2019activation des cookies non n\u00e9cessaires.<\/td>\n<td data-start=\"3288\" data-end=\"3295\" data-col-size=\"sm\">1 an<\/td>\n<td data-start=\"3295\" data-end=\"3333\" data-col-size=\"sm\">WordPress (plugin de consentement)<\/td>\n<\/tr>\n<tr data-start=\"3334\" data-end=\"3447\">\n<td data-start=\"3334\" data-end=\"3361\" data-col-size=\"md\">CookieLawInfoConsent<\/td>\n<td data-start=\"3361\" data-end=\"3402\" data-col-size=\"md\">Stocke l\u2019\u00e9tat g\u00e9n\u00e9ral du consentement.<\/td>\n<td data-start=\"3402\" data-end=\"3409\" data-col-size=\"sm\">1 an<\/td>\n<td data-start=\"3409\" data-end=\"3447\" data-col-size=\"sm\">WordPress (plugin de consentement)<\/td>\n<\/tr>\n<tr data-start=\"3448\" data-end=\"3555\">\n<td data-start=\"3448\" data-end=\"3475\" data-col-size=\"md\">viewed_cookie_policy<\/td>\n<td data-start=\"3475\" data-end=\"3535\" data-col-size=\"md\">Enregistre si l\u2019utilisateur a consult\u00e9 l\u2019avis de cookies.<\/td>\n<td data-start=\"3535\" data-end=\"3542\" data-col-size=\"sm\">1 an<\/td>\n<td data-start=\"3542\" data-end=\"3555\" data-col-size=\"sm\">WordPress<\/td>\n<\/tr>\n<tr data-start=\"3556\" data-end=\"3680\">\n<td data-start=\"3556\" data-end=\"3604\" data-col-size=\"md\">wp-wpml_current_language (le cas \u00e9ch\u00e9ant)<\/td>\n<td data-start=\"3604\" data-end=\"3662\" data-col-size=\"md\">Maintient la langue s\u00e9lectionn\u00e9e lors de la navigation.<\/td>\n<td data-start=\"3662\" data-end=\"3672\" data-col-size=\"sm\">Session<\/td>\n<td data-start=\"3672\" data-end=\"3680\" data-col-size=\"sm\">WPML<\/td>\n<\/tr>\n<tr data-start=\"3681\" data-end=\"3818\">\n<td data-start=\"3681\" data-end=\"3754\" data-col-size=\"md\">woocommerce_cart_hash \/ woocommerce_items_in_cart (le cas \u00e9ch\u00e9ant)<\/td>\n<td data-start=\"3754\" data-end=\"3793\" data-col-size=\"md\">Permet la gestion du panier d\u2019achat.<\/td>\n<td data-start=\"3793\" data-end=\"3803\" data-col-size=\"sm\">Session<\/td>\n<td data-start=\"3803\" data-end=\"3818\" data-col-size=\"sm\">WooCommerce<\/td>\n<\/tr>\n<tr data-start=\"3819\" data-end=\"3925\">\n<td data-start=\"3819\" data-end=\"3860\" data-col-size=\"md\">yith_wcwl_session (le cas \u00e9ch\u00e9ant)<\/td>\n<td data-start=\"3860\" data-end=\"3895\" data-col-size=\"md\">Gestion de la liste de souhaits.<\/td>\n<td data-start=\"3895\" data-end=\"3905\" data-col-size=\"sm\">2 jours<\/td>\n<td data-start=\"3905\" data-end=\"3925\" data-col-size=\"sm\">WordPress \/ YITH<\/td>\n<\/tr>\n<\/tbody>\n<\/table>\n<\/div>\n<p data-start=\"3927\" data-end=\"3975\"><strong>3.2. Cookies d\u2019analyse (Google Analytics 4)<\/strong><\/p>\n<p data-start=\"3977\" data-end=\"4059\">GA4 utilise principalement des cookies internes (first-party) avec IP anonymis\u00e9e :<\/p>\n<div class=\"group _tableWrapper_1rjym_13 flex w-fit flex-col-reverse\" tabindex=\"-1\">\n<table class=\"w-fit min-w-(--thread-content-width)\" style=\"height: 88px;\" width=\"953\" data-start=\"4061\" data-end=\"4329\">\n<thead data-start=\"4061\" data-end=\"4104\">\n<tr data-start=\"4061\" data-end=\"4104\">\n<th data-start=\"4061\" data-end=\"4070\" data-col-size=\"sm\">Cookie<\/th>\n<th data-start=\"4070\" data-end=\"4081\" data-col-size=\"md\">Finalit\u00e9<\/th>\n<th data-start=\"4081\" data-end=\"4089\" data-col-size=\"sm\">Dur\u00e9e<\/th>\n<th data-start=\"4089\" data-end=\"4104\" data-col-size=\"sm\">Responsable<\/th>\n<\/tr>\n<\/thead>\n<tbody data-start=\"4151\" data-end=\"4329\">\n<tr data-start=\"4151\" data-end=\"4232\">\n<td data-start=\"4151\" data-end=\"4161\" data-col-size=\"sm\">_ga<\/td>\n<td data-start=\"4161\" data-end=\"4210\" data-col-size=\"md\">Distingue les utilisateurs de mani\u00e8re anonyme.<\/td>\n<td data-start=\"4210\" data-end=\"4218\" data-col-size=\"sm\">2 ans<\/td>\n<td data-start=\"4218\" data-end=\"4232\" data-col-size=\"sm\">Google LLC<\/td>\n<\/tr>\n<tr data-start=\"4233\" data-end=\"4329\">\n<td data-start=\"4233\" data-end=\"4258\" data-col-size=\"sm\"><em data-start=\"4237\" data-end=\"4241\">ga<\/em>&lt;ID_CONTENEUR&gt;<\/td>\n<td data-start=\"4258\" data-end=\"4307\" data-col-size=\"md\">Maintient l\u2019\u00e9tat de la session pour l\u2019analyse.<\/td>\n<td data-start=\"4307\" data-end=\"4315\" data-col-size=\"sm\">2 ans<\/td>\n<td data-start=\"4315\" data-end=\"4329\" data-col-size=\"sm\">Google LLC<\/td>\n<\/tr>\n<\/tbody>\n<\/table>\n<\/div>\n<p data-start=\"4331\" data-end=\"4490\">Google Analytics 4 est configur\u00e9 sur ce site avec anonymisation de l\u2019IP et un syst\u00e8me de mesure bas\u00e9 sur les \u00e9v\u00e9nements, conform\u00e9ment aux directives de l\u2019AEPD.<\/p>\n<p data-start=\"4497\" data-end=\"4540\"><strong>4. Transferts internationaux de donn\u00e9es<\/strong><\/p>\n<p data-start=\"4542\" data-end=\"4850\">L\u2019utilisation de Google Analytics 4 peut impliquer des transferts internationaux de donn\u00e9es vers les \u00c9tats-Unis.<br data-start=\"4654\" data-end=\"4657\" \/>Google LLC garantit la protection ad\u00e9quate des donn\u00e9es au moyen des Clauses Contractuelles Types approuv\u00e9es par la Commission europ\u00e9enne, compl\u00e9t\u00e9es par des mesures de s\u00e9curit\u00e9 suppl\u00e9mentaires.<\/p>\n<p data-start=\"4852\" data-end=\"4946\">Vous pouvez consulter davantage d\u2019informations dans la politique de confidentialit\u00e9 de Google.<\/p>\n<p data-start=\"4953\" data-end=\"5001\"><strong>5. Comment g\u00e9rer ou d\u00e9sactiver les cookies ?<\/strong><\/p>\n<p data-start=\"5003\" data-end=\"5023\">L\u2019utilisateur peut :<\/p>\n<p data-start=\"5025\" data-end=\"5181\">a) Accepter ou refuser les cookies avec la m\u00eame facilit\u00e9. Lors de la premi\u00e8re visite sur le site, une banni\u00e8re de consentement s\u2019affiche et permet de :<\/p>\n<ul>\n<li data-start=\"5185\" data-end=\"5212\">Accepter tous les cookies<\/li>\n<li data-start=\"5215\" data-end=\"5241\">Refuser tous les cookies<\/li>\n<li data-start=\"5244\" data-end=\"5282\">Les configurer de mani\u00e8re granulaire<\/li>\n<\/ul>\n<p data-start=\"5284\" data-end=\"5503\">b) Modifier ou retirer le consentement \u00e0 tout moment. L\u2019utilisateur peut acc\u00e9der \u00e0 nouveau au panneau de configuration via le lien \u00ab Configurer les cookies \u00bb, disponible en permanence (g\u00e9n\u00e9ralement en bas de page).<\/p>\n<p data-start=\"5505\" data-end=\"5764\">c) Configurer les cookies depuis son navigateur. Vous pouvez autoriser, bloquer ou supprimer les cookies install\u00e9s sur votre appareil via les param\u00e8tres de votre navigateur. Ci-dessous figurent les liens vers les instructions des principaux navigateurs :<\/p>\n<ul>\n<li data-start=\"5768\" data-end=\"5783\">Google Chrome<\/li>\n<li data-start=\"5786\" data-end=\"5803\">Mozilla Firefox<\/li>\n<li data-start=\"5806\" data-end=\"5820\">Apple Safari<\/li>\n<li data-start=\"5823\" data-end=\"5839\">Microsoft Edge<\/li>\n<li data-start=\"5842\" data-end=\"5863\">Chrome pour Android<\/li>\n<li data-start=\"5866\" data-end=\"5883\">Safari pour iOS<\/li>\n<\/ul>\n<p data-start=\"5885\" data-end=\"6056\">(<em data-start=\"5886\" data-end=\"6055\">Assurez-vous que votre plugin g\u00e9n\u00e8re automatiquement ces liens ; les politiques actuelles d\u00e9conseillent d\u2019inclure les instructions compl\u00e8tes directement dans le texte.<\/em>)<\/p>\n<p data-start=\"6063\" data-end=\"6102\"><strong>6. Cookies exempt\u00e9s de consentement<\/strong><\/p>\n<p data-start=\"6104\" data-end=\"6174\">Sont exempt\u00e9s de consentement pr\u00e9alable les cookies n\u00e9cessaires pour :<\/p>\n<ul>\n<li data-start=\"6178\" data-end=\"6254\">Permettre la communication entre l\u2019appareil de l\u2019utilisateur et le r\u00e9seau,<\/li>\n<li data-start=\"6257\" data-end=\"6317\">Fournir un service express\u00e9ment demand\u00e9 par l\u2019utilisateur,<\/li>\n<li data-start=\"6320\" data-end=\"6415\">Garantir les fonctionnalit\u00e9s basiques de WordPress, WooCommerce ou d\u2019autres modules techniques.<\/li>\n<\/ul>\n<p data-start=\"6422\" data-end=\"6485\"><strong>7. Mises \u00e0 jour et modifications de la politique de cookies<\/strong><\/p>\n<p data-start=\"6487\" data-end=\"6674\">Nous pouvons mettre \u00e0 jour la pr\u00e9sente Politique de Cookies afin de r\u00e9pondre \u00e0 des exigences l\u00e9gales, techniques ou r\u00e9glementaires, ou pour l\u2019adapter aux changements de services propos\u00e9s.<\/p>\n<p data-start=\"6676\" data-end=\"6809\">En cas de modifications importantes, l\u2019utilisateur sera inform\u00e9 au moyen d\u2019un avis sur le site web ou via le panneau de consentement.<\/p>\n<p>[\/vc_column_text][\/vc_column][\/vc_row]<\/p>\n<\/div>","protected":false},"excerpt":{"rendered":"<p>[vc_row][vc_column][vc_empty_space][\/vc_column][\/vc_row][vc_column][\/vc_column][vc_row][vc_column][vc_column_text css=\u00a0\u00bb\u00a0\u00bb] Derni\u00e8re mise \u00e0 jour : 14 novembre 2025 Sur ce site web, nous utilisons des cookies et des technologies similaires (ci-apr\u00e8s, les \u00ab cookies \u00bb) qui permettent le fonctionnement et la personnalisation du site, ainsi que la r\u00e9alisation<\/p>\n<p><a class=\"readmore\" href=\"https:\/\/dev.nutralie.com\/fr\/politique-cookies\/\">Leer M\u00e1s<\/a><\/p>\n","protected":false},"author":3,"featured_media":0,"parent":0,"menu_order":0,"comment_status":"closed","ping_status":"closed","template":"","meta":{"_acf_changed":false,"footnotes":""},"class_list":["post-9584","page","type-page","status-publish","hentry"],"acf":[],"yoast_head":"<!-- This site is optimized with the Yoast SEO plugin v27.3 - https:\/\/yoast.com\/product\/yoast-seo-wordpress\/ -->\n<title>Pol\u00edtique de Cookies | Nutralie<\/title>\n<meta name=\"robots\" content=\"noindex, follow, max-snippet:-1, max-image-preview:large, max-video-preview:-1\" \/>\n<meta property=\"og:locale\" content=\"fr_FR\" \/>\n<meta property=\"og:type\" content=\"article\" \/>\n<meta property=\"og:title\" content=\"Pol\u00edtique de Cookies | Nutralie\" \/>\n<meta property=\"og:description\" content=\"[vc_row][vc_column][vc_empty_space][\/vc_column][\/vc_row][vc_column][\/vc_column][vc_row][vc_column][vc_column_text css=\u00a0\u00bb\u00a0\u00bb] Derni\u00e8re mise \u00e0 jour : 14 novembre 2025 Sur ce site web, nous utilisons des cookies et des technologies similaires (ci-apr\u00e8s, les \u00ab cookies \u00bb) qui permettent le fonctionnement et la personnalisation du site, ainsi que la r\u00e9alisationLeer M\u00e1s\" \/>\n<meta property=\"og:url\" content=\"https:\/\/dev.nutralie.com\/fr\/politique-cookies\/\" \/>\n<meta property=\"og:site_name\" content=\"Nutralie\" \/>\n<meta property=\"article:modified_time\" content=\"2025-11-14T11:57:08+00:00\" \/>\n<meta name=\"twitter:card\" content=\"summary_large_image\" \/>\n<meta name=\"twitter:label1\" content=\"Dur\u00e9e de lecture estim\u00e9e\" \/>\n\t<meta name=\"twitter:data1\" content=\"4 minutes\" \/>\n<script type=\"application\/ld+json\" class=\"yoast-schema-graph\">{\"@context\":\"https:\\\/\\\/schema.org\",\"@graph\":[{\"@type\":\"WebPage\",\"@id\":\"https:\\\/\\\/dev.nutralie.com\\\/fr\\\/politique-cookies\\\/\",\"url\":\"https:\\\/\\\/dev.nutralie.com\\\/fr\\\/politique-cookies\\\/\",\"name\":\"Pol\u00edtique de Cookies | Nutralie\",\"isPartOf\":{\"@id\":\"https:\\\/\\\/dev.nutralie.com\\\/fr\\\/#website\"},\"datePublished\":\"2020-08-27T09:40:43+00:00\",\"dateModified\":\"2025-11-14T11:57:08+00:00\",\"breadcrumb\":{\"@id\":\"https:\\\/\\\/dev.nutralie.com\\\/fr\\\/politique-cookies\\\/#breadcrumb\"},\"inLanguage\":\"fr-FR\",\"potentialAction\":[{\"@type\":\"ReadAction\",\"target\":[\"https:\\\/\\\/dev.nutralie.com\\\/fr\\\/politique-cookies\\\/\"]}]},{\"@type\":\"BreadcrumbList\",\"@id\":\"https:\\\/\\\/dev.nutralie.com\\\/fr\\\/politique-cookies\\\/#breadcrumb\",\"itemListElement\":[{\"@type\":\"ListItem\",\"position\":1,\"name\":\"Home\",\"item\":\"https:\\\/\\\/dev.nutralie.com\\\/fr\\\/\"},{\"@type\":\"ListItem\",\"position\":2,\"name\":\"POLITIQUE DE COOKIES\"}]},{\"@type\":\"WebSite\",\"@id\":\"https:\\\/\\\/dev.nutralie.com\\\/fr\\\/#website\",\"url\":\"https:\\\/\\\/dev.nutralie.com\\\/fr\\\/\",\"name\":\"Nutralie\",\"description\":\"\",\"potentialAction\":[{\"@type\":\"SearchAction\",\"target\":{\"@type\":\"EntryPoint\",\"urlTemplate\":\"https:\\\/\\\/dev.nutralie.com\\\/fr\\\/?s={search_term_string}\"},\"query-input\":{\"@type\":\"PropertyValueSpecification\",\"valueRequired\":true,\"valueName\":\"search_term_string\"}}],\"inLanguage\":\"fr-FR\"}]}<\/script>\n<!-- \/ Yoast SEO plugin. -->","yoast_head_json":{"title":"Pol\u00edtique de Cookies | Nutralie","robots":{"index":"noindex","follow":"follow","max-snippet":"max-snippet:-1","max-image-preview":"max-image-preview:large","max-video-preview":"max-video-preview:-1"},"og_locale":"fr_FR","og_type":"article","og_title":"Pol\u00edtique de Cookies | Nutralie","og_description":"[vc_row][vc_column][vc_empty_space][\/vc_column][\/vc_row][vc_column][\/vc_column][vc_row][vc_column][vc_column_text css=\u00a0\u00bb\u00a0\u00bb] Derni\u00e8re mise \u00e0 jour : 14 novembre 2025 Sur ce site web, nous utilisons des cookies et des technologies similaires (ci-apr\u00e8s, les \u00ab cookies \u00bb) qui permettent le fonctionnement et la personnalisation du site, ainsi que la r\u00e9alisationLeer M\u00e1s","og_url":"https:\/\/dev.nutralie.com\/fr\/politique-cookies\/","og_site_name":"Nutralie","article_modified_time":"2025-11-14T11:57:08+00:00","twitter_card":"summary_large_image","twitter_misc":{"Dur\u00e9e de lecture estim\u00e9e":"4 minutes"},"schema":{"@context":"https:\/\/schema.org","@graph":[{"@type":"WebPage","@id":"https:\/\/dev.nutralie.com\/fr\/politique-cookies\/","url":"https:\/\/dev.nutralie.com\/fr\/politique-cookies\/","name":"Pol\u00edtique de Cookies | Nutralie","isPartOf":{"@id":"https:\/\/dev.nutralie.com\/fr\/#website"},"datePublished":"2020-08-27T09:40:43+00:00","dateModified":"2025-11-14T11:57:08+00:00","breadcrumb":{"@id":"https:\/\/dev.nutralie.com\/fr\/politique-cookies\/#breadcrumb"},"inLanguage":"fr-FR","potentialAction":[{"@type":"ReadAction","target":["https:\/\/dev.nutralie.com\/fr\/politique-cookies\/"]}]},{"@type":"BreadcrumbList","@id":"https:\/\/dev.nutralie.com\/fr\/politique-cookies\/#breadcrumb","itemListElement":[{"@type":"ListItem","position":1,"name":"Home","item":"https:\/\/dev.nutralie.com\/fr\/"},{"@type":"ListItem","position":2,"name":"POLITIQUE DE COOKIES"}]},{"@type":"WebSite","@id":"https:\/\/dev.nutralie.com\/fr\/#website","url":"https:\/\/dev.nutralie.com\/fr\/","name":"Nutralie","description":"","potentialAction":[{"@type":"SearchAction","target":{"@type":"EntryPoint","urlTemplate":"https:\/\/dev.nutralie.com\/fr\/?s={search_term_string}"},"query-input":{"@type":"PropertyValueSpecification","valueRequired":true,"valueName":"search_term_string"}}],"inLanguage":"fr-FR"}]}},"_links":{"self":[{"href":"https:\/\/dev.nutralie.com\/fr\/wp-json\/wp\/v2\/pages\/9584","targetHints":{"allow":["GET"]}}],"collection":[{"href":"https:\/\/dev.nutralie.com\/fr\/wp-json\/wp\/v2\/pages"}],"about":[{"href":"https:\/\/dev.nutralie.com\/fr\/wp-json\/wp\/v2\/types\/page"}],"author":[{"embeddable":true,"href":"https:\/\/dev.nutralie.com\/fr\/wp-json\/wp\/v2\/users\/3"}],"replies":[{"embeddable":true,"href":"https:\/\/dev.nutralie.com\/fr\/wp-json\/wp\/v2\/comments?post=9584"}],"version-history":[{"count":1,"href":"https:\/\/dev.nutralie.com\/fr\/wp-json\/wp\/v2\/pages\/9584\/revisions"}],"predecessor-version":[{"id":212621,"href":"https:\/\/dev.nutralie.com\/fr\/wp-json\/wp\/v2\/pages\/9584\/revisions\/212621"}],"wp:attachment":[{"href":"https:\/\/dev.nutralie.com\/fr\/wp-json\/wp\/v2\/media?parent=9584"}],"curies":[{"name":"wp","href":"https:\/\/api.w.org\/{rel}","templated":true}]}}