{"id":142696,"date":"2023-08-22T11:47:27","date_gmt":"2023-08-22T09:47:27","guid":{"rendered":"http:\/\/dev.nutralie.com\/?post_type=product&#038;p=142696"},"modified":"2026-01-08T11:40:50","modified_gmt":"2026-01-08T09:40:50","slug":"brain-complex","status":"publish","type":"product","link":"https:\/\/dev.nutralie.com\/fr\/brain-complex\/","title":{"rendered":"BRAIN COMPLEX"},"content":{"rendered":"","protected":false},"excerpt":{"rendered":"<p>Brain Complex de Nutralie a \u00e9t\u00e9 d\u00e9velopp\u00e9 \u00e0 partir de 24 actifs, dont des extraits de Bacopa Monnieri, Ginseng, Ginkgo Biloba, Ashwagandha, Phosphatidyls\u00e9rine, Coenzyme Q10, 9 vitamines, 5 min\u00e9raux et acides amin\u00e9s.<\/p>\n<p><strong>G\u00c9LULES<\/strong><\/p>\n<p>Brain Complex de Nutralie est pr\u00e9sent\u00e9 dans un flacon contenant 60 g\u00e9lules.<\/p>\n","protected":false},"featured_media":202995,"template":"","meta":{"_acf_changed":false},"product_brand":[],"product_cat":[2395],"product_tag":[],"referencias":[],"beneficio":[],"class_list":{"0":"post-142696","1":"product","2":"type-product","3":"status-publish","4":"has-post-thumbnail","6":"product_cat-mental-fr","8":"first","9":"instock","10":"taxable","11":"shipping-taxable","12":"purchasable","13":"product-type-simple"},"bundled_by":[],"bundle_stock_status":"instock","bundle_stock_quantity":null,"bundle_virtual":false,"bundle_layout":"","bundle_add_to_cart_form_location":"","bundle_editable_in_cart":false,"bundle_sold_individually_context":"","bundle_item_grouping":"","bundle_min_size":"","bundle_max_size":"","bundle_price":[],"bundled_items":[],"bundle_sell_ids":[],"acf":[],"yoast_head":"<!-- This site is optimized with the Yoast SEO plugin v27.3 - https:\/\/yoast.com\/product\/yoast-seo-wordpress\/ -->\n<title>Brain Complex | 60 g\u00e9lules \u25b6\ufe0f Livraison gratuite \u00e0 partir de 50 \u20ac<\/title>\n<meta name=\"description\" content=\"Brain Complex | Compl\u00e9ment alimentaire \u00e0 base de bacopa monnieri, ginseng, ginkgo biloba, ashwagandha, phosphatidyls\u00e9rine, coenzyme Q10, 9 vitamines, 5 min\u00e9raux et acides amin\u00e9s. Formule Complex | Nutralie\" \/>\n<meta name=\"robots\" content=\"noindex, follow, max-snippet:-1, max-image-preview:large, max-video-preview:-1\" \/>\n<meta property=\"og:locale\" content=\"fr_FR\" \/>\n<meta property=\"og:type\" content=\"article\" \/>\n<meta property=\"og:title\" content=\"Brain Complex | 60 g\u00e9lules \u25b6\ufe0f Livraison gratuite \u00e0 partir de 50 \u20ac\" \/>\n<meta property=\"og:description\" content=\"Brain Complex | Compl\u00e9ment alimentaire \u00e0 base de bacopa monnieri, ginseng, ginkgo biloba, ashwagandha, phosphatidyls\u00e9rine, coenzyme Q10, 9 vitamines, 5 min\u00e9raux et acides amin\u00e9s. Formule Complex | Nutralie\" \/>\n<meta property=\"og:url\" content=\"https:\/\/dev.nutralie.com\/fr\/brain-complex\/\" \/>\n<meta property=\"og:site_name\" content=\"Nutralie\" \/>\n<meta property=\"article:modified_time\" content=\"2026-01-08T09:40:50+00:00\" \/>\n<meta property=\"og:image\" content=\"https:\/\/dev.nutralie.com\/wp-content\/uploads\/2023\/08\/001_Nutralie_Amazon_2025_ImagenesLaterales_PropuestaVisual_Brain_2000x2000_mockup_EN.jpg\" \/>\n\t<meta property=\"og:image:width\" content=\"2000\" \/>\n\t<meta property=\"og:image:height\" content=\"2000\" \/>\n\t<meta property=\"og:image:type\" content=\"image\/jpeg\" \/>\n<meta name=\"twitter:card\" content=\"summary_large_image\" \/>\n<meta name=\"twitter:label1\" content=\"Dur\u00e9e de lecture estim\u00e9e\" \/>\n\t<meta name=\"twitter:data1\" content=\"1 minute\" \/>\n<script type=\"application\/ld+json\" class=\"yoast-schema-graph\">{\"@context\":\"https:\\\/\\\/schema.org\",\"@graph\":[{\"@type\":\"WebPage\",\"@id\":\"https:\\\/\\\/dev.nutralie.com\\\/fr\\\/brain-complex\\\/\",\"url\":\"https:\\\/\\\/dev.nutralie.com\\\/fr\\\/brain-complex\\\/\",\"name\":\"Brain Complex | 60 g\u00e9lules \u25b6\ufe0f Livraison gratuite \u00e0 partir de 50 \u20ac\",\"isPartOf\":{\"@id\":\"https:\\\/\\\/dev.nutralie.com\\\/fr\\\/#website\"},\"primaryImageOfPage\":{\"@id\":\"https:\\\/\\\/dev.nutralie.com\\\/fr\\\/brain-complex\\\/#primaryimage\"},\"image\":{\"@id\":\"https:\\\/\\\/dev.nutralie.com\\\/fr\\\/brain-complex\\\/#primaryimage\"},\"thumbnailUrl\":\"https:\\\/\\\/dev.nutralie.com\\\/wp-content\\\/uploads\\\/2023\\\/08\\\/001_Nutralie_Amazon_2025_ImagenesLaterales_PropuestaVisual_Brain_2000x2000_mockup_EN.jpg\",\"datePublished\":\"2023-08-22T09:47:27+00:00\",\"dateModified\":\"2026-01-08T09:40:50+00:00\",\"description\":\"Brain Complex | Compl\u00e9ment alimentaire \u00e0 base de bacopa monnieri, ginseng, ginkgo biloba, ashwagandha, phosphatidyls\u00e9rine, coenzyme Q10, 9 vitamines, 5 min\u00e9raux et acides amin\u00e9s. Formule Complex | Nutralie\",\"breadcrumb\":{\"@id\":\"https:\\\/\\\/dev.nutralie.com\\\/fr\\\/brain-complex\\\/#breadcrumb\"},\"inLanguage\":\"fr-FR\",\"potentialAction\":[{\"@type\":\"ReadAction\",\"target\":[\"https:\\\/\\\/dev.nutralie.com\\\/fr\\\/brain-complex\\\/\"]}]},{\"@type\":\"ImageObject\",\"inLanguage\":\"fr-FR\",\"@id\":\"https:\\\/\\\/dev.nutralie.com\\\/fr\\\/brain-complex\\\/#primaryimage\",\"url\":\"https:\\\/\\\/dev.nutralie.com\\\/wp-content\\\/uploads\\\/2023\\\/08\\\/001_Nutralie_Amazon_2025_ImagenesLaterales_PropuestaVisual_Brain_2000x2000_mockup_EN.jpg\",\"contentUrl\":\"https:\\\/\\\/dev.nutralie.com\\\/wp-content\\\/uploads\\\/2023\\\/08\\\/001_Nutralie_Amazon_2025_ImagenesLaterales_PropuestaVisual_Brain_2000x2000_mockup_EN.jpg\",\"width\":2000,\"height\":2000},{\"@type\":\"BreadcrumbList\",\"@id\":\"https:\\\/\\\/dev.nutralie.com\\\/fr\\\/brain-complex\\\/#breadcrumb\",\"itemListElement\":[{\"@type\":\"ListItem\",\"position\":1,\"name\":\"Home\",\"item\":\"https:\\\/\\\/dev.nutralie.com\\\/fr\\\/\"},{\"@type\":\"ListItem\",\"position\":2,\"name\":\"Produits\",\"item\":\"https:\\\/\\\/dev.nutralie.com\\\/fr\\\/shop\\\/\"},{\"@type\":\"ListItem\",\"position\":3,\"name\":\"BRAIN COMPLEX\"}]},{\"@type\":\"WebSite\",\"@id\":\"https:\\\/\\\/dev.nutralie.com\\\/fr\\\/#website\",\"url\":\"https:\\\/\\\/dev.nutralie.com\\\/fr\\\/\",\"name\":\"Nutralie\",\"description\":\"\",\"potentialAction\":[{\"@type\":\"SearchAction\",\"target\":{\"@type\":\"EntryPoint\",\"urlTemplate\":\"https:\\\/\\\/dev.nutralie.com\\\/fr\\\/?s={search_term_string}\"},\"query-input\":{\"@type\":\"PropertyValueSpecification\",\"valueRequired\":true,\"valueName\":\"search_term_string\"}}],\"inLanguage\":\"fr-FR\"}]}<\/script>\n<!-- \/ Yoast SEO plugin. -->","yoast_head_json":{"title":"Brain Complex | 60 g\u00e9lules \u25b6\ufe0f Livraison gratuite \u00e0 partir de 50 \u20ac","description":"Brain Complex | Compl\u00e9ment alimentaire \u00e0 base de bacopa monnieri, ginseng, ginkgo biloba, ashwagandha, phosphatidyls\u00e9rine, coenzyme Q10, 9 vitamines, 5 min\u00e9raux et acides amin\u00e9s. Formule Complex | Nutralie","robots":{"index":"noindex","follow":"follow","max-snippet":"max-snippet:-1","max-image-preview":"max-image-preview:large","max-video-preview":"max-video-preview:-1"},"og_locale":"fr_FR","og_type":"article","og_title":"Brain Complex | 60 g\u00e9lules \u25b6\ufe0f Livraison gratuite \u00e0 partir de 50 \u20ac","og_description":"Brain Complex | Compl\u00e9ment alimentaire \u00e0 base de bacopa monnieri, ginseng, ginkgo biloba, ashwagandha, phosphatidyls\u00e9rine, coenzyme Q10, 9 vitamines, 5 min\u00e9raux et acides amin\u00e9s. Formule Complex | Nutralie","og_url":"https:\/\/dev.nutralie.com\/fr\/brain-complex\/","og_site_name":"Nutralie","article_modified_time":"2026-01-08T09:40:50+00:00","og_image":[{"width":2000,"height":2000,"url":"https:\/\/dev.nutralie.com\/wp-content\/uploads\/2023\/08\/001_Nutralie_Amazon_2025_ImagenesLaterales_PropuestaVisual_Brain_2000x2000_mockup_EN.jpg","type":"image\/jpeg"}],"twitter_card":"summary_large_image","twitter_misc":{"Dur\u00e9e de lecture estim\u00e9e":"1 minute"},"schema":{"@context":"https:\/\/schema.org","@graph":[{"@type":"WebPage","@id":"https:\/\/dev.nutralie.com\/fr\/brain-complex\/","url":"https:\/\/dev.nutralie.com\/fr\/brain-complex\/","name":"Brain Complex | 60 g\u00e9lules \u25b6\ufe0f Livraison gratuite \u00e0 partir de 50 \u20ac","isPartOf":{"@id":"https:\/\/dev.nutralie.com\/fr\/#website"},"primaryImageOfPage":{"@id":"https:\/\/dev.nutralie.com\/fr\/brain-complex\/#primaryimage"},"image":{"@id":"https:\/\/dev.nutralie.com\/fr\/brain-complex\/#primaryimage"},"thumbnailUrl":"https:\/\/dev.nutralie.com\/wp-content\/uploads\/2023\/08\/001_Nutralie_Amazon_2025_ImagenesLaterales_PropuestaVisual_Brain_2000x2000_mockup_EN.jpg","datePublished":"2023-08-22T09:47:27+00:00","dateModified":"2026-01-08T09:40:50+00:00","description":"Brain Complex | Compl\u00e9ment alimentaire \u00e0 base de bacopa monnieri, ginseng, ginkgo biloba, ashwagandha, phosphatidyls\u00e9rine, coenzyme Q10, 9 vitamines, 5 min\u00e9raux et acides amin\u00e9s. Formule Complex | Nutralie","breadcrumb":{"@id":"https:\/\/dev.nutralie.com\/fr\/brain-complex\/#breadcrumb"},"inLanguage":"fr-FR","potentialAction":[{"@type":"ReadAction","target":["https:\/\/dev.nutralie.com\/fr\/brain-complex\/"]}]},{"@type":"ImageObject","inLanguage":"fr-FR","@id":"https:\/\/dev.nutralie.com\/fr\/brain-complex\/#primaryimage","url":"https:\/\/dev.nutralie.com\/wp-content\/uploads\/2023\/08\/001_Nutralie_Amazon_2025_ImagenesLaterales_PropuestaVisual_Brain_2000x2000_mockup_EN.jpg","contentUrl":"https:\/\/dev.nutralie.com\/wp-content\/uploads\/2023\/08\/001_Nutralie_Amazon_2025_ImagenesLaterales_PropuestaVisual_Brain_2000x2000_mockup_EN.jpg","width":2000,"height":2000},{"@type":"BreadcrumbList","@id":"https:\/\/dev.nutralie.com\/fr\/brain-complex\/#breadcrumb","itemListElement":[{"@type":"ListItem","position":1,"name":"Home","item":"https:\/\/dev.nutralie.com\/fr\/"},{"@type":"ListItem","position":2,"name":"Produits","item":"https:\/\/dev.nutralie.com\/fr\/shop\/"},{"@type":"ListItem","position":3,"name":"BRAIN COMPLEX"}]},{"@type":"WebSite","@id":"https:\/\/dev.nutralie.com\/fr\/#website","url":"https:\/\/dev.nutralie.com\/fr\/","name":"Nutralie","description":"","potentialAction":[{"@type":"SearchAction","target":{"@type":"EntryPoint","urlTemplate":"https:\/\/dev.nutralie.com\/fr\/?s={search_term_string}"},"query-input":{"@type":"PropertyValueSpecification","valueRequired":true,"valueName":"search_term_string"}}],"inLanguage":"fr-FR"}]}},"_links":{"self":[{"href":"https:\/\/dev.nutralie.com\/fr\/wp-json\/wp\/v2\/product\/142696","targetHints":{"allow":["GET"]}}],"collection":[{"href":"https:\/\/dev.nutralie.com\/fr\/wp-json\/wp\/v2\/product"}],"about":[{"href":"https:\/\/dev.nutralie.com\/fr\/wp-json\/wp\/v2\/types\/product"}],"wp:featuredmedia":[{"embeddable":true,"href":"https:\/\/dev.nutralie.com\/fr\/wp-json\/wp\/v2\/media\/202995"}],"wp:attachment":[{"href":"https:\/\/dev.nutralie.com\/fr\/wp-json\/wp\/v2\/media?parent=142696"}],"wp:term":[{"taxonomy":"product_brand","embeddable":true,"href":"https:\/\/dev.nutralie.com\/fr\/wp-json\/wp\/v2\/product_brand?post=142696"},{"taxonomy":"product_cat","embeddable":true,"href":"https:\/\/dev.nutralie.com\/fr\/wp-json\/wp\/v2\/product_cat?post=142696"},{"taxonomy":"product_tag","embeddable":true,"href":"https:\/\/dev.nutralie.com\/fr\/wp-json\/wp\/v2\/product_tag?post=142696"},{"taxonomy":"referencias","embeddable":true,"href":"https:\/\/dev.nutralie.com\/fr\/wp-json\/wp\/v2\/referencias?post=142696"},{"taxonomy":"beneficio","embeddable":true,"href":"https:\/\/dev.nutralie.com\/fr\/wp-json\/wp\/v2\/beneficio?post=142696"}],"curies":[{"name":"wp","href":"https:\/\/api.w.org\/{rel}","templated":true}]}}