{"id":147124,"date":"2024-03-18T17:52:45","date_gmt":"2024-03-18T15:52:45","guid":{"rendered":"http:\/\/dev.nutralie.com\/?post_type=product&#038;p=147124"},"modified":"2026-01-08T11:40:41","modified_gmt":"2026-01-08T09:40:41","slug":"vitamin-b-complex-copia-copia-2","status":"publish","type":"product","link":"https:\/\/dev.nutralie.com\/fr\/vision-complex\/","title":{"rendered":"VISION COMPLEX"},"content":{"rendered":"","protected":false},"excerpt":{"rendered":"<p>Vision Complex est un compl\u00e9ment alimentaire \u00e0 base de <strong>lut\u00e9ine, d&rsquo;astaxanthine, de z\u00e9axanthine, de b\u00eata-carot\u00e8ne, d&rsquo;Aristotelia chilensis, de myrtille, de raisin, de lycop\u00e8ne, d&rsquo;\u00e9corce de pin, d&rsquo;argousier, de vitamines A, C, E, B1 et B2, et de min\u00e9raux (zinc, cuivre, s\u00e9l\u00e9nium).<\/strong><\/p>\n<p><span style=\"font-weight: 400;\">*<\/span><span style=\"font-weight: 400;\">La vitamine A, la riboflavine et le zinc\u00a0 contribuent au maintien d\u2019une vision normale.<\/span><\/p>\n<p><strong>G\u00c9LULES<\/strong><\/p>\n<p>Vision Complex de Nutralie est pr\u00e9sent\u00e9 dans un flacon contenant 60 g\u00e9lules.<\/p>\n","protected":false},"featured_media":206162,"template":"","meta":{"_acf_changed":false},"product_brand":[],"product_cat":[171],"product_tag":[],"referencias":[],"beneficio":[],"class_list":{"0":"post-147124","1":"product","2":"type-product","3":"status-publish","4":"has-post-thumbnail","6":"product_cat-bien-etre","8":"first","9":"instock","10":"taxable","11":"shipping-taxable","12":"purchasable","13":"product-type-simple"},"bundled_by":[],"bundle_stock_status":"instock","bundle_stock_quantity":null,"bundle_virtual":false,"bundle_layout":"","bundle_add_to_cart_form_location":"","bundle_editable_in_cart":false,"bundle_sold_individually_context":"","bundle_item_grouping":"","bundle_min_size":"","bundle_max_size":"","bundle_price":[],"bundled_items":[],"bundle_sell_ids":[],"acf":[],"yoast_head":"<!-- This site is optimized with the Yoast SEO plugin v27.3 - https:\/\/yoast.com\/product\/yoast-seo-wordpress\/ -->\n<title>Vision Complex | 60 g\u00e9lules \u25b6\ufe0f Livraison gratuite \u00e0 partir de 50 \u20ac<\/title>\n<meta name=\"description\" content=\"Vision Complex | Le zinc contribue au maintien d\u2019une vision normale. Formule Complex | Nutralie\" \/>\n<meta name=\"robots\" content=\"noindex, follow, max-snippet:-1, max-image-preview:large, max-video-preview:-1\" \/>\n<meta property=\"og:locale\" content=\"fr_FR\" \/>\n<meta property=\"og:type\" content=\"article\" \/>\n<meta property=\"og:title\" content=\"Vision Complex | 60 g\u00e9lules \u25b6\ufe0f Livraison gratuite \u00e0 partir de 50 \u20ac\" \/>\n<meta property=\"og:description\" content=\"Vision Complex | Le zinc contribue au maintien d\u2019une vision normale. Formule Complex | Nutralie\" \/>\n<meta property=\"og:url\" content=\"https:\/\/dev.nutralie.com\/fr\/vision-complex\/\" \/>\n<meta property=\"og:site_name\" content=\"Nutralie\" \/>\n<meta property=\"article:modified_time\" content=\"2026-01-08T09:40:41+00:00\" \/>\n<meta property=\"og:image\" content=\"https:\/\/dev.nutralie.com\/wp-content\/uploads\/2024\/03\/001_Nutralie_Amazon_2025_ImagenesLaterales_PropuestaVisual_Vision_2000x2000_mockup_EN.jpg\" \/>\n\t<meta property=\"og:image:width\" content=\"2000\" \/>\n\t<meta property=\"og:image:height\" content=\"2000\" \/>\n\t<meta property=\"og:image:type\" content=\"image\/jpeg\" \/>\n<meta name=\"twitter:card\" content=\"summary_large_image\" \/>\n<meta name=\"twitter:label1\" content=\"Dur\u00e9e de lecture estim\u00e9e\" \/>\n\t<meta name=\"twitter:data1\" content=\"1 minute\" \/>\n<script type=\"application\/ld+json\" class=\"yoast-schema-graph\">{\"@context\":\"https:\\\/\\\/schema.org\",\"@graph\":[{\"@type\":\"WebPage\",\"@id\":\"https:\\\/\\\/dev.nutralie.com\\\/fr\\\/vision-complex\\\/\",\"url\":\"https:\\\/\\\/dev.nutralie.com\\\/fr\\\/vision-complex\\\/\",\"name\":\"Vision Complex | 60 g\u00e9lules \u25b6\ufe0f Livraison gratuite \u00e0 partir de 50 \u20ac\",\"isPartOf\":{\"@id\":\"https:\\\/\\\/dev.nutralie.com\\\/fr\\\/#website\"},\"primaryImageOfPage\":{\"@id\":\"https:\\\/\\\/dev.nutralie.com\\\/fr\\\/vision-complex\\\/#primaryimage\"},\"image\":{\"@id\":\"https:\\\/\\\/dev.nutralie.com\\\/fr\\\/vision-complex\\\/#primaryimage\"},\"thumbnailUrl\":\"https:\\\/\\\/dev.nutralie.com\\\/wp-content\\\/uploads\\\/2024\\\/03\\\/001_Nutralie_Amazon_2025_ImagenesLaterales_PropuestaVisual_Vision_2000x2000_mockup_EN.jpg\",\"datePublished\":\"2024-03-18T15:52:45+00:00\",\"dateModified\":\"2026-01-08T09:40:41+00:00\",\"description\":\"Vision Complex | Le zinc contribue au maintien d\u2019une vision normale. Formule Complex | Nutralie\",\"breadcrumb\":{\"@id\":\"https:\\\/\\\/dev.nutralie.com\\\/fr\\\/vision-complex\\\/#breadcrumb\"},\"inLanguage\":\"fr-FR\",\"potentialAction\":[{\"@type\":\"ReadAction\",\"target\":[\"https:\\\/\\\/dev.nutralie.com\\\/fr\\\/vision-complex\\\/\"]}]},{\"@type\":\"ImageObject\",\"inLanguage\":\"fr-FR\",\"@id\":\"https:\\\/\\\/dev.nutralie.com\\\/fr\\\/vision-complex\\\/#primaryimage\",\"url\":\"https:\\\/\\\/dev.nutralie.com\\\/wp-content\\\/uploads\\\/2024\\\/03\\\/001_Nutralie_Amazon_2025_ImagenesLaterales_PropuestaVisual_Vision_2000x2000_mockup_EN.jpg\",\"contentUrl\":\"https:\\\/\\\/dev.nutralie.com\\\/wp-content\\\/uploads\\\/2024\\\/03\\\/001_Nutralie_Amazon_2025_ImagenesLaterales_PropuestaVisual_Vision_2000x2000_mockup_EN.jpg\",\"width\":2000,\"height\":2000},{\"@type\":\"BreadcrumbList\",\"@id\":\"https:\\\/\\\/dev.nutralie.com\\\/fr\\\/vision-complex\\\/#breadcrumb\",\"itemListElement\":[{\"@type\":\"ListItem\",\"position\":1,\"name\":\"Home\",\"item\":\"https:\\\/\\\/dev.nutralie.com\\\/fr\\\/\"},{\"@type\":\"ListItem\",\"position\":2,\"name\":\"Produits\",\"item\":\"https:\\\/\\\/dev.nutralie.com\\\/fr\\\/shop\\\/\"},{\"@type\":\"ListItem\",\"position\":3,\"name\":\"VISION COMPLEX\"}]},{\"@type\":\"WebSite\",\"@id\":\"https:\\\/\\\/dev.nutralie.com\\\/fr\\\/#website\",\"url\":\"https:\\\/\\\/dev.nutralie.com\\\/fr\\\/\",\"name\":\"Nutralie\",\"description\":\"\",\"potentialAction\":[{\"@type\":\"SearchAction\",\"target\":{\"@type\":\"EntryPoint\",\"urlTemplate\":\"https:\\\/\\\/dev.nutralie.com\\\/fr\\\/?s={search_term_string}\"},\"query-input\":{\"@type\":\"PropertyValueSpecification\",\"valueRequired\":true,\"valueName\":\"search_term_string\"}}],\"inLanguage\":\"fr-FR\"}]}<\/script>\n<!-- \/ Yoast SEO plugin. -->","yoast_head_json":{"title":"Vision Complex | 60 g\u00e9lules \u25b6\ufe0f Livraison gratuite \u00e0 partir de 50 \u20ac","description":"Vision Complex | Le zinc contribue au maintien d\u2019une vision normale. Formule Complex | Nutralie","robots":{"index":"noindex","follow":"follow","max-snippet":"max-snippet:-1","max-image-preview":"max-image-preview:large","max-video-preview":"max-video-preview:-1"},"og_locale":"fr_FR","og_type":"article","og_title":"Vision Complex | 60 g\u00e9lules \u25b6\ufe0f Livraison gratuite \u00e0 partir de 50 \u20ac","og_description":"Vision Complex | Le zinc contribue au maintien d\u2019une vision normale. Formule Complex | Nutralie","og_url":"https:\/\/dev.nutralie.com\/fr\/vision-complex\/","og_site_name":"Nutralie","article_modified_time":"2026-01-08T09:40:41+00:00","og_image":[{"width":2000,"height":2000,"url":"https:\/\/dev.nutralie.com\/wp-content\/uploads\/2024\/03\/001_Nutralie_Amazon_2025_ImagenesLaterales_PropuestaVisual_Vision_2000x2000_mockup_EN.jpg","type":"image\/jpeg"}],"twitter_card":"summary_large_image","twitter_misc":{"Dur\u00e9e de lecture estim\u00e9e":"1 minute"},"schema":{"@context":"https:\/\/schema.org","@graph":[{"@type":"WebPage","@id":"https:\/\/dev.nutralie.com\/fr\/vision-complex\/","url":"https:\/\/dev.nutralie.com\/fr\/vision-complex\/","name":"Vision Complex | 60 g\u00e9lules \u25b6\ufe0f Livraison gratuite \u00e0 partir de 50 \u20ac","isPartOf":{"@id":"https:\/\/dev.nutralie.com\/fr\/#website"},"primaryImageOfPage":{"@id":"https:\/\/dev.nutralie.com\/fr\/vision-complex\/#primaryimage"},"image":{"@id":"https:\/\/dev.nutralie.com\/fr\/vision-complex\/#primaryimage"},"thumbnailUrl":"https:\/\/dev.nutralie.com\/wp-content\/uploads\/2024\/03\/001_Nutralie_Amazon_2025_ImagenesLaterales_PropuestaVisual_Vision_2000x2000_mockup_EN.jpg","datePublished":"2024-03-18T15:52:45+00:00","dateModified":"2026-01-08T09:40:41+00:00","description":"Vision Complex | Le zinc contribue au maintien d\u2019une vision normale. Formule Complex | Nutralie","breadcrumb":{"@id":"https:\/\/dev.nutralie.com\/fr\/vision-complex\/#breadcrumb"},"inLanguage":"fr-FR","potentialAction":[{"@type":"ReadAction","target":["https:\/\/dev.nutralie.com\/fr\/vision-complex\/"]}]},{"@type":"ImageObject","inLanguage":"fr-FR","@id":"https:\/\/dev.nutralie.com\/fr\/vision-complex\/#primaryimage","url":"https:\/\/dev.nutralie.com\/wp-content\/uploads\/2024\/03\/001_Nutralie_Amazon_2025_ImagenesLaterales_PropuestaVisual_Vision_2000x2000_mockup_EN.jpg","contentUrl":"https:\/\/dev.nutralie.com\/wp-content\/uploads\/2024\/03\/001_Nutralie_Amazon_2025_ImagenesLaterales_PropuestaVisual_Vision_2000x2000_mockup_EN.jpg","width":2000,"height":2000},{"@type":"BreadcrumbList","@id":"https:\/\/dev.nutralie.com\/fr\/vision-complex\/#breadcrumb","itemListElement":[{"@type":"ListItem","position":1,"name":"Home","item":"https:\/\/dev.nutralie.com\/fr\/"},{"@type":"ListItem","position":2,"name":"Produits","item":"https:\/\/dev.nutralie.com\/fr\/shop\/"},{"@type":"ListItem","position":3,"name":"VISION COMPLEX"}]},{"@type":"WebSite","@id":"https:\/\/dev.nutralie.com\/fr\/#website","url":"https:\/\/dev.nutralie.com\/fr\/","name":"Nutralie","description":"","potentialAction":[{"@type":"SearchAction","target":{"@type":"EntryPoint","urlTemplate":"https:\/\/dev.nutralie.com\/fr\/?s={search_term_string}"},"query-input":{"@type":"PropertyValueSpecification","valueRequired":true,"valueName":"search_term_string"}}],"inLanguage":"fr-FR"}]}},"_links":{"self":[{"href":"https:\/\/dev.nutralie.com\/fr\/wp-json\/wp\/v2\/product\/147124","targetHints":{"allow":["GET"]}}],"collection":[{"href":"https:\/\/dev.nutralie.com\/fr\/wp-json\/wp\/v2\/product"}],"about":[{"href":"https:\/\/dev.nutralie.com\/fr\/wp-json\/wp\/v2\/types\/product"}],"wp:featuredmedia":[{"embeddable":true,"href":"https:\/\/dev.nutralie.com\/fr\/wp-json\/wp\/v2\/media\/206162"}],"wp:attachment":[{"href":"https:\/\/dev.nutralie.com\/fr\/wp-json\/wp\/v2\/media?parent=147124"}],"wp:term":[{"taxonomy":"product_brand","embeddable":true,"href":"https:\/\/dev.nutralie.com\/fr\/wp-json\/wp\/v2\/product_brand?post=147124"},{"taxonomy":"product_cat","embeddable":true,"href":"https:\/\/dev.nutralie.com\/fr\/wp-json\/wp\/v2\/product_cat?post=147124"},{"taxonomy":"product_tag","embeddable":true,"href":"https:\/\/dev.nutralie.com\/fr\/wp-json\/wp\/v2\/product_tag?post=147124"},{"taxonomy":"referencias","embeddable":true,"href":"https:\/\/dev.nutralie.com\/fr\/wp-json\/wp\/v2\/referencias?post=147124"},{"taxonomy":"beneficio","embeddable":true,"href":"https:\/\/dev.nutralie.com\/fr\/wp-json\/wp\/v2\/beneficio?post=147124"}],"curies":[{"name":"wp","href":"https:\/\/api.w.org\/{rel}","templated":true}]}}