{"id":150511,"date":"2024-07-17T10:30:29","date_gmt":"2024-07-17T08:30:29","guid":{"rendered":"http:\/\/dev.nutralie.com\/?post_type=product&#038;p=150511"},"modified":"2026-01-08T11:40:39","modified_gmt":"2026-01-08T09:40:39","slug":"liposomal-iron-elements","status":"publish","type":"product","link":"https:\/\/dev.nutralie.com\/fr\/tienda\/liposomal-iron-elements\/","title":{"rendered":"LIPOSOMAL IRON ELEMENTS"},"content":{"rendered":"","protected":false},"excerpt":{"rendered":"<p>Nutralie Liposomal Iron Elements est un compl\u00e9ment alimentaire \u00e0 base de vitamine C, de fer, de vitamine B6, de vitamine A, d&rsquo;acide folique et de vitamine B12.<\/p>\n<p><strong>COMPRIM\u00c9S<\/strong><\/p>\n<p>Nutralie Liposomal Iron Elements est pr\u00e9sent\u00e9 dans un emballage contenant 60 comprim\u00e9s concentr\u00e9s.<\/p>\n","protected":false},"featured_media":206261,"template":"","meta":{"_acf_changed":false},"product_brand":[],"product_cat":[181],"product_tag":[],"referencias":[],"beneficio":[],"class_list":{"0":"post-150511","1":"product","2":"type-product","3":"status-publish","4":"has-post-thumbnail","6":"product_cat-activite","8":"first","9":"instock","10":"taxable","11":"shipping-taxable","12":"purchasable","13":"product-type-simple"},"bundled_by":[],"bundle_stock_status":"instock","bundle_stock_quantity":null,"bundle_virtual":false,"bundle_layout":"","bundle_add_to_cart_form_location":"","bundle_editable_in_cart":false,"bundle_sold_individually_context":"","bundle_item_grouping":"","bundle_min_size":"","bundle_max_size":"","bundle_price":[],"bundled_items":[],"bundle_sell_ids":[],"acf":[],"yoast_head":"<!-- This site is optimized with the Yoast SEO plugin v27.3 - https:\/\/yoast.com\/product\/yoast-seo-wordpress\/ -->\n<title>\u00c9l\u00e9ments de fer liposomaux | 60 g\u00e9lules \u25b6\ufe0f Livraison gratuite \u00e0 partir de 50 \u20ac<\/title>\n<meta name=\"description\" content=\"\u00c9l\u00e9ments de fer liposomaux | Le fer contribue \u00e0 la formation normale des globules rouges et de l&#039;h\u00e9moglobine | Nutralie\" \/>\n<meta name=\"robots\" content=\"noindex, follow, max-snippet:-1, max-image-preview:large, max-video-preview:-1\" \/>\n<meta property=\"og:locale\" content=\"fr_FR\" \/>\n<meta property=\"og:type\" content=\"article\" \/>\n<meta property=\"og:title\" content=\"\u00c9l\u00e9ments de fer liposomaux | 60 g\u00e9lules \u25b6\ufe0f Livraison gratuite \u00e0 partir de 50 \u20ac\" \/>\n<meta property=\"og:description\" content=\"\u00c9l\u00e9ments de fer liposomaux | Le fer contribue \u00e0 la formation normale des globules rouges et de l&#039;h\u00e9moglobine | Nutralie\" \/>\n<meta property=\"og:url\" content=\"https:\/\/dev.nutralie.com\/fr\/tienda\/liposomal-iron-elements\/\" \/>\n<meta property=\"og:site_name\" content=\"Nutralie\" \/>\n<meta property=\"article:modified_time\" content=\"2026-01-08T09:40:39+00:00\" \/>\n<meta property=\"og:image\" content=\"https:\/\/dev.nutralie.com\/wp-content\/uploads\/2024\/07\/001_Nutralie_Amazon_2025_ImagenesLaterales_PropuestaVisual_LiposomalIron_2000x2000_mockup_EN.jpg\" \/>\n\t<meta property=\"og:image:width\" content=\"2000\" \/>\n\t<meta property=\"og:image:height\" content=\"2000\" \/>\n\t<meta property=\"og:image:type\" content=\"image\/jpeg\" \/>\n<meta name=\"twitter:card\" content=\"summary_large_image\" \/>\n<meta name=\"twitter:label1\" content=\"Dur\u00e9e de lecture estim\u00e9e\" \/>\n\t<meta name=\"twitter:data1\" content=\"1 minute\" \/>\n<script type=\"application\/ld+json\" class=\"yoast-schema-graph\">{\"@context\":\"https:\\\/\\\/schema.org\",\"@graph\":[{\"@type\":\"WebPage\",\"@id\":\"https:\\\/\\\/dev.nutralie.com\\\/fr\\\/tienda\\\/liposomal-iron-elements\\\/\",\"url\":\"https:\\\/\\\/dev.nutralie.com\\\/fr\\\/tienda\\\/liposomal-iron-elements\\\/\",\"name\":\"\u00c9l\u00e9ments de fer liposomaux | 60 g\u00e9lules \u25b6\ufe0f Livraison gratuite \u00e0 partir de 50 \u20ac\",\"isPartOf\":{\"@id\":\"https:\\\/\\\/dev.nutralie.com\\\/fr\\\/#website\"},\"primaryImageOfPage\":{\"@id\":\"https:\\\/\\\/dev.nutralie.com\\\/fr\\\/tienda\\\/liposomal-iron-elements\\\/#primaryimage\"},\"image\":{\"@id\":\"https:\\\/\\\/dev.nutralie.com\\\/fr\\\/tienda\\\/liposomal-iron-elements\\\/#primaryimage\"},\"thumbnailUrl\":\"https:\\\/\\\/dev.nutralie.com\\\/wp-content\\\/uploads\\\/2024\\\/07\\\/001_Nutralie_Amazon_2025_ImagenesLaterales_PropuestaVisual_LiposomalIron_2000x2000_mockup_EN.jpg\",\"datePublished\":\"2024-07-17T08:30:29+00:00\",\"dateModified\":\"2026-01-08T09:40:39+00:00\",\"description\":\"\u00c9l\u00e9ments de fer liposomaux | Le fer contribue \u00e0 la formation normale des globules rouges et de l'h\u00e9moglobine | Nutralie\",\"breadcrumb\":{\"@id\":\"https:\\\/\\\/dev.nutralie.com\\\/fr\\\/tienda\\\/liposomal-iron-elements\\\/#breadcrumb\"},\"inLanguage\":\"fr-FR\",\"potentialAction\":[{\"@type\":\"ReadAction\",\"target\":[\"https:\\\/\\\/dev.nutralie.com\\\/fr\\\/tienda\\\/liposomal-iron-elements\\\/\"]}]},{\"@type\":\"ImageObject\",\"inLanguage\":\"fr-FR\",\"@id\":\"https:\\\/\\\/dev.nutralie.com\\\/fr\\\/tienda\\\/liposomal-iron-elements\\\/#primaryimage\",\"url\":\"https:\\\/\\\/dev.nutralie.com\\\/wp-content\\\/uploads\\\/2024\\\/07\\\/001_Nutralie_Amazon_2025_ImagenesLaterales_PropuestaVisual_LiposomalIron_2000x2000_mockup_EN.jpg\",\"contentUrl\":\"https:\\\/\\\/dev.nutralie.com\\\/wp-content\\\/uploads\\\/2024\\\/07\\\/001_Nutralie_Amazon_2025_ImagenesLaterales_PropuestaVisual_LiposomalIron_2000x2000_mockup_EN.jpg\",\"width\":2000,\"height\":2000},{\"@type\":\"BreadcrumbList\",\"@id\":\"https:\\\/\\\/dev.nutralie.com\\\/fr\\\/tienda\\\/liposomal-iron-elements\\\/#breadcrumb\",\"itemListElement\":[{\"@type\":\"ListItem\",\"position\":1,\"name\":\"Home\",\"item\":\"https:\\\/\\\/dev.nutralie.com\\\/fr\\\/\"},{\"@type\":\"ListItem\",\"position\":2,\"name\":\"Produits\",\"item\":\"https:\\\/\\\/dev.nutralie.com\\\/fr\\\/shop\\\/\"},{\"@type\":\"ListItem\",\"position\":3,\"name\":\"LIPOSOMAL IRON ELEMENTS\"}]},{\"@type\":\"WebSite\",\"@id\":\"https:\\\/\\\/dev.nutralie.com\\\/fr\\\/#website\",\"url\":\"https:\\\/\\\/dev.nutralie.com\\\/fr\\\/\",\"name\":\"Nutralie\",\"description\":\"\",\"potentialAction\":[{\"@type\":\"SearchAction\",\"target\":{\"@type\":\"EntryPoint\",\"urlTemplate\":\"https:\\\/\\\/dev.nutralie.com\\\/fr\\\/?s={search_term_string}\"},\"query-input\":{\"@type\":\"PropertyValueSpecification\",\"valueRequired\":true,\"valueName\":\"search_term_string\"}}],\"inLanguage\":\"fr-FR\"}]}<\/script>\n<!-- \/ Yoast SEO plugin. -->","yoast_head_json":{"title":"\u00c9l\u00e9ments de fer liposomaux | 60 g\u00e9lules \u25b6\ufe0f Livraison gratuite \u00e0 partir de 50 \u20ac","description":"\u00c9l\u00e9ments de fer liposomaux | Le fer contribue \u00e0 la formation normale des globules rouges et de l'h\u00e9moglobine | Nutralie","robots":{"index":"noindex","follow":"follow","max-snippet":"max-snippet:-1","max-image-preview":"max-image-preview:large","max-video-preview":"max-video-preview:-1"},"og_locale":"fr_FR","og_type":"article","og_title":"\u00c9l\u00e9ments de fer liposomaux | 60 g\u00e9lules \u25b6\ufe0f Livraison gratuite \u00e0 partir de 50 \u20ac","og_description":"\u00c9l\u00e9ments de fer liposomaux | Le fer contribue \u00e0 la formation normale des globules rouges et de l'h\u00e9moglobine | Nutralie","og_url":"https:\/\/dev.nutralie.com\/fr\/tienda\/liposomal-iron-elements\/","og_site_name":"Nutralie","article_modified_time":"2026-01-08T09:40:39+00:00","og_image":[{"width":2000,"height":2000,"url":"https:\/\/dev.nutralie.com\/wp-content\/uploads\/2024\/07\/001_Nutralie_Amazon_2025_ImagenesLaterales_PropuestaVisual_LiposomalIron_2000x2000_mockup_EN.jpg","type":"image\/jpeg"}],"twitter_card":"summary_large_image","twitter_misc":{"Dur\u00e9e de lecture estim\u00e9e":"1 minute"},"schema":{"@context":"https:\/\/schema.org","@graph":[{"@type":"WebPage","@id":"https:\/\/dev.nutralie.com\/fr\/tienda\/liposomal-iron-elements\/","url":"https:\/\/dev.nutralie.com\/fr\/tienda\/liposomal-iron-elements\/","name":"\u00c9l\u00e9ments de fer liposomaux | 60 g\u00e9lules \u25b6\ufe0f Livraison gratuite \u00e0 partir de 50 \u20ac","isPartOf":{"@id":"https:\/\/dev.nutralie.com\/fr\/#website"},"primaryImageOfPage":{"@id":"https:\/\/dev.nutralie.com\/fr\/tienda\/liposomal-iron-elements\/#primaryimage"},"image":{"@id":"https:\/\/dev.nutralie.com\/fr\/tienda\/liposomal-iron-elements\/#primaryimage"},"thumbnailUrl":"https:\/\/dev.nutralie.com\/wp-content\/uploads\/2024\/07\/001_Nutralie_Amazon_2025_ImagenesLaterales_PropuestaVisual_LiposomalIron_2000x2000_mockup_EN.jpg","datePublished":"2024-07-17T08:30:29+00:00","dateModified":"2026-01-08T09:40:39+00:00","description":"\u00c9l\u00e9ments de fer liposomaux | Le fer contribue \u00e0 la formation normale des globules rouges et de l'h\u00e9moglobine | Nutralie","breadcrumb":{"@id":"https:\/\/dev.nutralie.com\/fr\/tienda\/liposomal-iron-elements\/#breadcrumb"},"inLanguage":"fr-FR","potentialAction":[{"@type":"ReadAction","target":["https:\/\/dev.nutralie.com\/fr\/tienda\/liposomal-iron-elements\/"]}]},{"@type":"ImageObject","inLanguage":"fr-FR","@id":"https:\/\/dev.nutralie.com\/fr\/tienda\/liposomal-iron-elements\/#primaryimage","url":"https:\/\/dev.nutralie.com\/wp-content\/uploads\/2024\/07\/001_Nutralie_Amazon_2025_ImagenesLaterales_PropuestaVisual_LiposomalIron_2000x2000_mockup_EN.jpg","contentUrl":"https:\/\/dev.nutralie.com\/wp-content\/uploads\/2024\/07\/001_Nutralie_Amazon_2025_ImagenesLaterales_PropuestaVisual_LiposomalIron_2000x2000_mockup_EN.jpg","width":2000,"height":2000},{"@type":"BreadcrumbList","@id":"https:\/\/dev.nutralie.com\/fr\/tienda\/liposomal-iron-elements\/#breadcrumb","itemListElement":[{"@type":"ListItem","position":1,"name":"Home","item":"https:\/\/dev.nutralie.com\/fr\/"},{"@type":"ListItem","position":2,"name":"Produits","item":"https:\/\/dev.nutralie.com\/fr\/shop\/"},{"@type":"ListItem","position":3,"name":"LIPOSOMAL IRON ELEMENTS"}]},{"@type":"WebSite","@id":"https:\/\/dev.nutralie.com\/fr\/#website","url":"https:\/\/dev.nutralie.com\/fr\/","name":"Nutralie","description":"","potentialAction":[{"@type":"SearchAction","target":{"@type":"EntryPoint","urlTemplate":"https:\/\/dev.nutralie.com\/fr\/?s={search_term_string}"},"query-input":{"@type":"PropertyValueSpecification","valueRequired":true,"valueName":"search_term_string"}}],"inLanguage":"fr-FR"}]}},"_links":{"self":[{"href":"https:\/\/dev.nutralie.com\/fr\/wp-json\/wp\/v2\/product\/150511","targetHints":{"allow":["GET"]}}],"collection":[{"href":"https:\/\/dev.nutralie.com\/fr\/wp-json\/wp\/v2\/product"}],"about":[{"href":"https:\/\/dev.nutralie.com\/fr\/wp-json\/wp\/v2\/types\/product"}],"wp:featuredmedia":[{"embeddable":true,"href":"https:\/\/dev.nutralie.com\/fr\/wp-json\/wp\/v2\/media\/206261"}],"wp:attachment":[{"href":"https:\/\/dev.nutralie.com\/fr\/wp-json\/wp\/v2\/media?parent=150511"}],"wp:term":[{"taxonomy":"product_brand","embeddable":true,"href":"https:\/\/dev.nutralie.com\/fr\/wp-json\/wp\/v2\/product_brand?post=150511"},{"taxonomy":"product_cat","embeddable":true,"href":"https:\/\/dev.nutralie.com\/fr\/wp-json\/wp\/v2\/product_cat?post=150511"},{"taxonomy":"product_tag","embeddable":true,"href":"https:\/\/dev.nutralie.com\/fr\/wp-json\/wp\/v2\/product_tag?post=150511"},{"taxonomy":"referencias","embeddable":true,"href":"https:\/\/dev.nutralie.com\/fr\/wp-json\/wp\/v2\/referencias?post=150511"},{"taxonomy":"beneficio","embeddable":true,"href":"https:\/\/dev.nutralie.com\/fr\/wp-json\/wp\/v2\/beneficio?post=150511"}],"curies":[{"name":"wp","href":"https:\/\/api.w.org\/{rel}","templated":true}]}}