{"id":167375,"date":"2025-04-01T10:42:01","date_gmt":"2025-04-01T08:42:01","guid":{"rendered":"http:\/\/dev.nutralie.com\/?post_type=product&#038;p=167375"},"modified":"2026-01-08T11:40:33","modified_gmt":"2026-01-08T09:40:33","slug":"cardiotense-complex","status":"publish","type":"product","link":"https:\/\/dev.nutralie.com\/fr\/cardiotense-complex\/","title":{"rendered":"CARDIOTENSE COMPLEX"},"content":{"rendered":"","protected":false},"excerpt":{"rendered":"<p><strong>Cardiotense Complex de Nutralie<\/strong>\u00a0est un compl\u00e9ment alimentaire contenant de la\u00a0<strong>riboflavine<\/strong>,\u00a0qui\u00a0contribue \u00e0 prot\u00e9ger les cellules contre le stress oxydatif.<\/p>\n<p>Cette formule complexe contient de <strong>l&rsquo;extrait d&rsquo;ail noir, de l&rsquo;aub\u00e9pine, de l&rsquo;\u00e9corce de pin, de la S-allylcyst\u00e9ine et des vitamines B.<\/strong><\/p>\n<p>&nbsp;<\/p>\n<p><strong>CAPSULES<\/strong><\/p>\n<p><strong>Cardiotense Complex de Nutralie<\/strong> se pr\u00e9sente sous la forme d&rsquo;un paquet de <strong>90 g\u00e9lules.<\/strong><\/p>\n","protected":false},"featured_media":200872,"template":"","meta":{"_acf_changed":false},"product_brand":[],"product_cat":[171],"product_tag":[],"referencias":[],"beneficio":[],"class_list":{"0":"post-167375","1":"product","2":"type-product","3":"status-publish","4":"has-post-thumbnail","6":"product_cat-bien-etre","8":"first","9":"instock","10":"taxable","11":"shipping-taxable","12":"purchasable","13":"product-type-simple"},"bundled_by":[],"bundle_stock_status":"instock","bundle_stock_quantity":null,"bundle_virtual":false,"bundle_layout":"","bundle_add_to_cart_form_location":"","bundle_editable_in_cart":false,"bundle_sold_individually_context":"","bundle_item_grouping":"","bundle_min_size":"","bundle_max_size":"","bundle_price":[],"bundled_items":[],"bundle_sell_ids":[],"acf":[],"yoast_head":"<!-- This site is optimized with the Yoast SEO plugin v27.3 - https:\/\/yoast.com\/product\/yoast-seo-wordpress\/ -->\n<title>Cardiotense Complex | 90 g\u00e9lules \u25b6\ufe0f Livraison gratuite \u00e0 partir de 50 \u20ac<\/title>\n<meta name=\"description\" content=\"Cardiotense Complex | Compl\u00e9ment alimentaire \u00e0 base d&#039;extrait d&#039;ail noir, d&#039;aub\u00e9pine, d&#039;\u00e9corce de pin, de S-allyl cyst\u00e9ine et de vitamines du groupe B. Formule Complex | Nutralie\" \/>\n<meta name=\"robots\" content=\"noindex, follow, max-snippet:-1, max-image-preview:large, max-video-preview:-1\" \/>\n<meta property=\"og:locale\" content=\"fr_FR\" \/>\n<meta property=\"og:type\" content=\"article\" \/>\n<meta property=\"og:title\" content=\"Cardiotense Complex | 90 g\u00e9lules \u25b6\ufe0f Livraison gratuite \u00e0 partir de 50 \u20ac\" \/>\n<meta property=\"og:description\" content=\"Cardiotense Complex | Compl\u00e9ment alimentaire \u00e0 base d&#039;extrait d&#039;ail noir, d&#039;aub\u00e9pine, d&#039;\u00e9corce de pin, de S-allyl cyst\u00e9ine et de vitamines du groupe B. Formule Complex | Nutralie\" \/>\n<meta property=\"og:url\" content=\"https:\/\/dev.nutralie.com\/fr\/cardiotense-complex\/\" \/>\n<meta property=\"og:site_name\" content=\"Nutralie\" \/>\n<meta property=\"article:modified_time\" content=\"2026-01-08T09:40:33+00:00\" \/>\n<meta property=\"og:image\" content=\"https:\/\/dev.nutralie.com\/wp-content\/uploads\/2025\/04\/001_Nutralie_Amazon_2025_ImagenesLaterales_PropuestaVisual_Cardiotense_2000x2000_mockup.jpg\" \/>\n\t<meta property=\"og:image:width\" content=\"2000\" \/>\n\t<meta property=\"og:image:height\" content=\"2000\" \/>\n\t<meta property=\"og:image:type\" content=\"image\/jpeg\" \/>\n<meta name=\"twitter:card\" content=\"summary_large_image\" \/>\n<meta name=\"twitter:label1\" content=\"Dur\u00e9e de lecture estim\u00e9e\" \/>\n\t<meta name=\"twitter:data1\" content=\"1 minute\" \/>\n<script type=\"application\/ld+json\" class=\"yoast-schema-graph\">{\"@context\":\"https:\\\/\\\/schema.org\",\"@graph\":[{\"@type\":\"WebPage\",\"@id\":\"https:\\\/\\\/dev.nutralie.com\\\/fr\\\/cardiotense-complex\\\/\",\"url\":\"https:\\\/\\\/dev.nutralie.com\\\/fr\\\/cardiotense-complex\\\/\",\"name\":\"Cardiotense Complex | 90 g\u00e9lules \u25b6\ufe0f Livraison gratuite \u00e0 partir de 50 \u20ac\",\"isPartOf\":{\"@id\":\"https:\\\/\\\/dev.nutralie.com\\\/fr\\\/#website\"},\"primaryImageOfPage\":{\"@id\":\"https:\\\/\\\/dev.nutralie.com\\\/fr\\\/cardiotense-complex\\\/#primaryimage\"},\"image\":{\"@id\":\"https:\\\/\\\/dev.nutralie.com\\\/fr\\\/cardiotense-complex\\\/#primaryimage\"},\"thumbnailUrl\":\"https:\\\/\\\/dev.nutralie.com\\\/wp-content\\\/uploads\\\/2025\\\/04\\\/001_Nutralie_Amazon_2025_ImagenesLaterales_PropuestaVisual_Cardiotense_2000x2000_mockup.jpg\",\"datePublished\":\"2025-04-01T08:42:01+00:00\",\"dateModified\":\"2026-01-08T09:40:33+00:00\",\"description\":\"Cardiotense Complex | Compl\u00e9ment alimentaire \u00e0 base d'extrait d'ail noir, d'aub\u00e9pine, d'\u00e9corce de pin, de S-allyl cyst\u00e9ine et de vitamines du groupe B. Formule Complex | Nutralie\",\"breadcrumb\":{\"@id\":\"https:\\\/\\\/dev.nutralie.com\\\/fr\\\/cardiotense-complex\\\/#breadcrumb\"},\"inLanguage\":\"fr-FR\",\"potentialAction\":[{\"@type\":\"ReadAction\",\"target\":[\"https:\\\/\\\/dev.nutralie.com\\\/fr\\\/cardiotense-complex\\\/\"]}]},{\"@type\":\"ImageObject\",\"inLanguage\":\"fr-FR\",\"@id\":\"https:\\\/\\\/dev.nutralie.com\\\/fr\\\/cardiotense-complex\\\/#primaryimage\",\"url\":\"https:\\\/\\\/dev.nutralie.com\\\/wp-content\\\/uploads\\\/2025\\\/04\\\/001_Nutralie_Amazon_2025_ImagenesLaterales_PropuestaVisual_Cardiotense_2000x2000_mockup.jpg\",\"contentUrl\":\"https:\\\/\\\/dev.nutralie.com\\\/wp-content\\\/uploads\\\/2025\\\/04\\\/001_Nutralie_Amazon_2025_ImagenesLaterales_PropuestaVisual_Cardiotense_2000x2000_mockup.jpg\",\"width\":2000,\"height\":2000},{\"@type\":\"BreadcrumbList\",\"@id\":\"https:\\\/\\\/dev.nutralie.com\\\/fr\\\/cardiotense-complex\\\/#breadcrumb\",\"itemListElement\":[{\"@type\":\"ListItem\",\"position\":1,\"name\":\"Home\",\"item\":\"https:\\\/\\\/dev.nutralie.com\\\/fr\\\/\"},{\"@type\":\"ListItem\",\"position\":2,\"name\":\"Produits\",\"item\":\"https:\\\/\\\/dev.nutralie.com\\\/fr\\\/shop\\\/\"},{\"@type\":\"ListItem\",\"position\":3,\"name\":\"CARDIOTENSE COMPLEX\"}]},{\"@type\":\"WebSite\",\"@id\":\"https:\\\/\\\/dev.nutralie.com\\\/fr\\\/#website\",\"url\":\"https:\\\/\\\/dev.nutralie.com\\\/fr\\\/\",\"name\":\"Nutralie\",\"description\":\"\",\"potentialAction\":[{\"@type\":\"SearchAction\",\"target\":{\"@type\":\"EntryPoint\",\"urlTemplate\":\"https:\\\/\\\/dev.nutralie.com\\\/fr\\\/?s={search_term_string}\"},\"query-input\":{\"@type\":\"PropertyValueSpecification\",\"valueRequired\":true,\"valueName\":\"search_term_string\"}}],\"inLanguage\":\"fr-FR\"}]}<\/script>\n<!-- \/ Yoast SEO plugin. -->","yoast_head_json":{"title":"Cardiotense Complex | 90 g\u00e9lules \u25b6\ufe0f Livraison gratuite \u00e0 partir de 50 \u20ac","description":"Cardiotense Complex | Compl\u00e9ment alimentaire \u00e0 base d'extrait d'ail noir, d'aub\u00e9pine, d'\u00e9corce de pin, de S-allyl cyst\u00e9ine et de vitamines du groupe B. Formule Complex | Nutralie","robots":{"index":"noindex","follow":"follow","max-snippet":"max-snippet:-1","max-image-preview":"max-image-preview:large","max-video-preview":"max-video-preview:-1"},"og_locale":"fr_FR","og_type":"article","og_title":"Cardiotense Complex | 90 g\u00e9lules \u25b6\ufe0f Livraison gratuite \u00e0 partir de 50 \u20ac","og_description":"Cardiotense Complex | Compl\u00e9ment alimentaire \u00e0 base d'extrait d'ail noir, d'aub\u00e9pine, d'\u00e9corce de pin, de S-allyl cyst\u00e9ine et de vitamines du groupe B. Formule Complex | Nutralie","og_url":"https:\/\/dev.nutralie.com\/fr\/cardiotense-complex\/","og_site_name":"Nutralie","article_modified_time":"2026-01-08T09:40:33+00:00","og_image":[{"width":2000,"height":2000,"url":"https:\/\/dev.nutralie.com\/wp-content\/uploads\/2025\/04\/001_Nutralie_Amazon_2025_ImagenesLaterales_PropuestaVisual_Cardiotense_2000x2000_mockup.jpg","type":"image\/jpeg"}],"twitter_card":"summary_large_image","twitter_misc":{"Dur\u00e9e de lecture estim\u00e9e":"1 minute"},"schema":{"@context":"https:\/\/schema.org","@graph":[{"@type":"WebPage","@id":"https:\/\/dev.nutralie.com\/fr\/cardiotense-complex\/","url":"https:\/\/dev.nutralie.com\/fr\/cardiotense-complex\/","name":"Cardiotense Complex | 90 g\u00e9lules \u25b6\ufe0f Livraison gratuite \u00e0 partir de 50 \u20ac","isPartOf":{"@id":"https:\/\/dev.nutralie.com\/fr\/#website"},"primaryImageOfPage":{"@id":"https:\/\/dev.nutralie.com\/fr\/cardiotense-complex\/#primaryimage"},"image":{"@id":"https:\/\/dev.nutralie.com\/fr\/cardiotense-complex\/#primaryimage"},"thumbnailUrl":"https:\/\/dev.nutralie.com\/wp-content\/uploads\/2025\/04\/001_Nutralie_Amazon_2025_ImagenesLaterales_PropuestaVisual_Cardiotense_2000x2000_mockup.jpg","datePublished":"2025-04-01T08:42:01+00:00","dateModified":"2026-01-08T09:40:33+00:00","description":"Cardiotense Complex | Compl\u00e9ment alimentaire \u00e0 base d'extrait d'ail noir, d'aub\u00e9pine, d'\u00e9corce de pin, de S-allyl cyst\u00e9ine et de vitamines du groupe B. Formule Complex | Nutralie","breadcrumb":{"@id":"https:\/\/dev.nutralie.com\/fr\/cardiotense-complex\/#breadcrumb"},"inLanguage":"fr-FR","potentialAction":[{"@type":"ReadAction","target":["https:\/\/dev.nutralie.com\/fr\/cardiotense-complex\/"]}]},{"@type":"ImageObject","inLanguage":"fr-FR","@id":"https:\/\/dev.nutralie.com\/fr\/cardiotense-complex\/#primaryimage","url":"https:\/\/dev.nutralie.com\/wp-content\/uploads\/2025\/04\/001_Nutralie_Amazon_2025_ImagenesLaterales_PropuestaVisual_Cardiotense_2000x2000_mockup.jpg","contentUrl":"https:\/\/dev.nutralie.com\/wp-content\/uploads\/2025\/04\/001_Nutralie_Amazon_2025_ImagenesLaterales_PropuestaVisual_Cardiotense_2000x2000_mockup.jpg","width":2000,"height":2000},{"@type":"BreadcrumbList","@id":"https:\/\/dev.nutralie.com\/fr\/cardiotense-complex\/#breadcrumb","itemListElement":[{"@type":"ListItem","position":1,"name":"Home","item":"https:\/\/dev.nutralie.com\/fr\/"},{"@type":"ListItem","position":2,"name":"Produits","item":"https:\/\/dev.nutralie.com\/fr\/shop\/"},{"@type":"ListItem","position":3,"name":"CARDIOTENSE COMPLEX"}]},{"@type":"WebSite","@id":"https:\/\/dev.nutralie.com\/fr\/#website","url":"https:\/\/dev.nutralie.com\/fr\/","name":"Nutralie","description":"","potentialAction":[{"@type":"SearchAction","target":{"@type":"EntryPoint","urlTemplate":"https:\/\/dev.nutralie.com\/fr\/?s={search_term_string}"},"query-input":{"@type":"PropertyValueSpecification","valueRequired":true,"valueName":"search_term_string"}}],"inLanguage":"fr-FR"}]}},"_links":{"self":[{"href":"https:\/\/dev.nutralie.com\/fr\/wp-json\/wp\/v2\/product\/167375","targetHints":{"allow":["GET"]}}],"collection":[{"href":"https:\/\/dev.nutralie.com\/fr\/wp-json\/wp\/v2\/product"}],"about":[{"href":"https:\/\/dev.nutralie.com\/fr\/wp-json\/wp\/v2\/types\/product"}],"wp:featuredmedia":[{"embeddable":true,"href":"https:\/\/dev.nutralie.com\/fr\/wp-json\/wp\/v2\/media\/200872"}],"wp:attachment":[{"href":"https:\/\/dev.nutralie.com\/fr\/wp-json\/wp\/v2\/media?parent=167375"}],"wp:term":[{"taxonomy":"product_brand","embeddable":true,"href":"https:\/\/dev.nutralie.com\/fr\/wp-json\/wp\/v2\/product_brand?post=167375"},{"taxonomy":"product_cat","embeddable":true,"href":"https:\/\/dev.nutralie.com\/fr\/wp-json\/wp\/v2\/product_cat?post=167375"},{"taxonomy":"product_tag","embeddable":true,"href":"https:\/\/dev.nutralie.com\/fr\/wp-json\/wp\/v2\/product_tag?post=167375"},{"taxonomy":"referencias","embeddable":true,"href":"https:\/\/dev.nutralie.com\/fr\/wp-json\/wp\/v2\/referencias?post=167375"},{"taxonomy":"beneficio","embeddable":true,"href":"https:\/\/dev.nutralie.com\/fr\/wp-json\/wp\/v2\/beneficio?post=167375"}],"curies":[{"name":"wp","href":"https:\/\/api.w.org\/{rel}","templated":true}]}}