{"id":17503,"date":"2021-03-19T11:40:55","date_gmt":"2021-03-19T09:40:55","guid":{"rendered":"http:\/\/dev.nutralie.com\/?post_type=product&#038;p=17503"},"modified":"2026-01-08T11:41:52","modified_gmt":"2026-01-08T09:41:52","slug":"biprotics-30-souches","status":"publish","type":"product","link":"https:\/\/dev.nutralie.com\/fr\/biprotics-30-souches\/","title":{"rendered":"BIPROTICS 30 SOUCHES COMPLEX"},"content":{"rendered":"","protected":false},"excerpt":{"rendered":"<p>Biprotics 30 Cepas Complex de Nutralie se caract\u00e9rise par une combinaison de 30 souches. Chaque dose, compos\u00e9e de deux g\u00e9lules, contient 132 milliards d&rsquo;UFC (unit\u00e9s formant colonie).<\/p>\n<p>Biprotics 30 Cepas Complex contient des souches appartenant aux groupes des <strong>lactobacilles, bifidobact\u00e9ries, pediococcus, streptocoques, lactocoques et leuconostoc.<\/strong><\/p>\n<p><strong>G\u00c9LULES<\/strong><\/p>\n<p>Biprotics 30 Cepas Complex de Nutralie est pr\u00e9sent\u00e9 dans un emballage contenant 60 g\u00e9lules \u00e0 enveloppe v\u00e9g\u00e9tale.<\/p>\n","protected":false},"featured_media":201834,"template":"","meta":{"_acf_changed":false},"product_brand":[],"product_cat":[167],"product_tag":[],"referencias":[2431],"beneficio":[],"class_list":{"0":"post-17503","1":"product","2":"type-product","3":"status-publish","4":"has-post-thumbnail","6":"product_cat-defenses","8":"first","9":"instock","10":"taxable","11":"shipping-taxable","12":"purchasable","13":"product-type-simple"},"bundled_by":[],"bundle_stock_status":"instock","bundle_stock_quantity":null,"bundle_virtual":false,"bundle_layout":"","bundle_add_to_cart_form_location":"","bundle_editable_in_cart":false,"bundle_sold_individually_context":"","bundle_item_grouping":"","bundle_min_size":"","bundle_max_size":"","bundle_price":[],"bundled_items":[],"bundle_sell_ids":[],"acf":[],"yoast_head":"<!-- This site is optimized with the Yoast SEO plugin v27.3 - https:\/\/yoast.com\/product\/yoast-seo-wordpress\/ -->\n<title>Birpotics 30 Strains Complex | 60 g\u00e9lules \u25b6\ufe0f Livraison gratuite \u00e0 partir de 50\u20ac<\/title>\n<meta name=\"description\" content=\"Birpotics 30 Strains Complex | Compl\u00e9ment alimentaire contenant une combinaison de 30 souches. Formule Complex | Nutralie\" \/>\n<meta name=\"robots\" content=\"noindex, follow, max-snippet:-1, max-image-preview:large, max-video-preview:-1\" \/>\n<meta property=\"og:locale\" content=\"fr_FR\" \/>\n<meta property=\"og:type\" content=\"article\" \/>\n<meta property=\"og:title\" content=\"Birpotics 30 Strains Complex | 60 g\u00e9lules \u25b6\ufe0f Livraison gratuite \u00e0 partir de 50\u20ac\" \/>\n<meta property=\"og:description\" content=\"Birpotics 30 Strains Complex | Compl\u00e9ment alimentaire contenant une combinaison de 30 souches. Formule Complex | Nutralie\" \/>\n<meta property=\"og:url\" content=\"https:\/\/dev.nutralie.com\/fr\/biprotics-30-souches\/\" \/>\n<meta property=\"og:site_name\" content=\"Nutralie\" \/>\n<meta property=\"article:modified_time\" content=\"2026-01-08T09:41:52+00:00\" \/>\n<meta property=\"og:image\" content=\"https:\/\/dev.nutralie.com\/wp-content\/uploads\/2021\/03\/001_Nutralie_Amazon_2025_ImagenesLaterales_PropuestaVisual_Biprotics30_2000x2000_mockup_EN.jpg\" \/>\n\t<meta property=\"og:image:width\" content=\"2000\" \/>\n\t<meta property=\"og:image:height\" content=\"2000\" \/>\n\t<meta property=\"og:image:type\" content=\"image\/jpeg\" \/>\n<meta name=\"twitter:card\" content=\"summary_large_image\" \/>\n<meta name=\"twitter:label1\" content=\"Dur\u00e9e de lecture estim\u00e9e\" \/>\n\t<meta name=\"twitter:data1\" content=\"1 minute\" \/>\n<script type=\"application\/ld+json\" class=\"yoast-schema-graph\">{\"@context\":\"https:\\\/\\\/schema.org\",\"@graph\":[{\"@type\":\"WebPage\",\"@id\":\"https:\\\/\\\/dev.nutralie.com\\\/fr\\\/biprotics-30-souches\\\/\",\"url\":\"https:\\\/\\\/dev.nutralie.com\\\/fr\\\/biprotics-30-souches\\\/\",\"name\":\"Birpotics 30 Strains Complex | 60 g\u00e9lules \u25b6\ufe0f Livraison gratuite \u00e0 partir de 50\u20ac\",\"isPartOf\":{\"@id\":\"https:\\\/\\\/dev.nutralie.com\\\/fr\\\/#website\"},\"primaryImageOfPage\":{\"@id\":\"https:\\\/\\\/dev.nutralie.com\\\/fr\\\/biprotics-30-souches\\\/#primaryimage\"},\"image\":{\"@id\":\"https:\\\/\\\/dev.nutralie.com\\\/fr\\\/biprotics-30-souches\\\/#primaryimage\"},\"thumbnailUrl\":\"https:\\\/\\\/dev.nutralie.com\\\/wp-content\\\/uploads\\\/2021\\\/03\\\/001_Nutralie_Amazon_2025_ImagenesLaterales_PropuestaVisual_Biprotics30_2000x2000_mockup_EN.jpg\",\"datePublished\":\"2021-03-19T09:40:55+00:00\",\"dateModified\":\"2026-01-08T09:41:52+00:00\",\"description\":\"Birpotics 30 Strains Complex | Compl\u00e9ment alimentaire contenant une combinaison de 30 souches. Formule Complex | Nutralie\",\"breadcrumb\":{\"@id\":\"https:\\\/\\\/dev.nutralie.com\\\/fr\\\/biprotics-30-souches\\\/#breadcrumb\"},\"inLanguage\":\"fr-FR\",\"potentialAction\":[{\"@type\":\"ReadAction\",\"target\":[\"https:\\\/\\\/dev.nutralie.com\\\/fr\\\/biprotics-30-souches\\\/\"]}]},{\"@type\":\"ImageObject\",\"inLanguage\":\"fr-FR\",\"@id\":\"https:\\\/\\\/dev.nutralie.com\\\/fr\\\/biprotics-30-souches\\\/#primaryimage\",\"url\":\"https:\\\/\\\/dev.nutralie.com\\\/wp-content\\\/uploads\\\/2021\\\/03\\\/001_Nutralie_Amazon_2025_ImagenesLaterales_PropuestaVisual_Biprotics30_2000x2000_mockup_EN.jpg\",\"contentUrl\":\"https:\\\/\\\/dev.nutralie.com\\\/wp-content\\\/uploads\\\/2021\\\/03\\\/001_Nutralie_Amazon_2025_ImagenesLaterales_PropuestaVisual_Biprotics30_2000x2000_mockup_EN.jpg\",\"width\":2000,\"height\":2000},{\"@type\":\"BreadcrumbList\",\"@id\":\"https:\\\/\\\/dev.nutralie.com\\\/fr\\\/biprotics-30-souches\\\/#breadcrumb\",\"itemListElement\":[{\"@type\":\"ListItem\",\"position\":1,\"name\":\"Home\",\"item\":\"https:\\\/\\\/dev.nutralie.com\\\/fr\\\/\"},{\"@type\":\"ListItem\",\"position\":2,\"name\":\"Produits\",\"item\":\"https:\\\/\\\/dev.nutralie.com\\\/fr\\\/shop\\\/\"},{\"@type\":\"ListItem\",\"position\":3,\"name\":\"BIPROTICS 30 SOUCHES COMPLEX\"}]},{\"@type\":\"WebSite\",\"@id\":\"https:\\\/\\\/dev.nutralie.com\\\/fr\\\/#website\",\"url\":\"https:\\\/\\\/dev.nutralie.com\\\/fr\\\/\",\"name\":\"Nutralie\",\"description\":\"\",\"potentialAction\":[{\"@type\":\"SearchAction\",\"target\":{\"@type\":\"EntryPoint\",\"urlTemplate\":\"https:\\\/\\\/dev.nutralie.com\\\/fr\\\/?s={search_term_string}\"},\"query-input\":{\"@type\":\"PropertyValueSpecification\",\"valueRequired\":true,\"valueName\":\"search_term_string\"}}],\"inLanguage\":\"fr-FR\"}]}<\/script>\n<!-- \/ Yoast SEO plugin. -->","yoast_head_json":{"title":"Birpotics 30 Strains Complex | 60 g\u00e9lules \u25b6\ufe0f Livraison gratuite \u00e0 partir de 50\u20ac","description":"Birpotics 30 Strains Complex | Compl\u00e9ment alimentaire contenant une combinaison de 30 souches. Formule Complex | Nutralie","robots":{"index":"noindex","follow":"follow","max-snippet":"max-snippet:-1","max-image-preview":"max-image-preview:large","max-video-preview":"max-video-preview:-1"},"og_locale":"fr_FR","og_type":"article","og_title":"Birpotics 30 Strains Complex | 60 g\u00e9lules \u25b6\ufe0f Livraison gratuite \u00e0 partir de 50\u20ac","og_description":"Birpotics 30 Strains Complex | Compl\u00e9ment alimentaire contenant une combinaison de 30 souches. Formule Complex | Nutralie","og_url":"https:\/\/dev.nutralie.com\/fr\/biprotics-30-souches\/","og_site_name":"Nutralie","article_modified_time":"2026-01-08T09:41:52+00:00","og_image":[{"width":2000,"height":2000,"url":"https:\/\/dev.nutralie.com\/wp-content\/uploads\/2021\/03\/001_Nutralie_Amazon_2025_ImagenesLaterales_PropuestaVisual_Biprotics30_2000x2000_mockup_EN.jpg","type":"image\/jpeg"}],"twitter_card":"summary_large_image","twitter_misc":{"Dur\u00e9e de lecture estim\u00e9e":"1 minute"},"schema":{"@context":"https:\/\/schema.org","@graph":[{"@type":"WebPage","@id":"https:\/\/dev.nutralie.com\/fr\/biprotics-30-souches\/","url":"https:\/\/dev.nutralie.com\/fr\/biprotics-30-souches\/","name":"Birpotics 30 Strains Complex | 60 g\u00e9lules \u25b6\ufe0f Livraison gratuite \u00e0 partir de 50\u20ac","isPartOf":{"@id":"https:\/\/dev.nutralie.com\/fr\/#website"},"primaryImageOfPage":{"@id":"https:\/\/dev.nutralie.com\/fr\/biprotics-30-souches\/#primaryimage"},"image":{"@id":"https:\/\/dev.nutralie.com\/fr\/biprotics-30-souches\/#primaryimage"},"thumbnailUrl":"https:\/\/dev.nutralie.com\/wp-content\/uploads\/2021\/03\/001_Nutralie_Amazon_2025_ImagenesLaterales_PropuestaVisual_Biprotics30_2000x2000_mockup_EN.jpg","datePublished":"2021-03-19T09:40:55+00:00","dateModified":"2026-01-08T09:41:52+00:00","description":"Birpotics 30 Strains Complex | Compl\u00e9ment alimentaire contenant une combinaison de 30 souches. Formule Complex | Nutralie","breadcrumb":{"@id":"https:\/\/dev.nutralie.com\/fr\/biprotics-30-souches\/#breadcrumb"},"inLanguage":"fr-FR","potentialAction":[{"@type":"ReadAction","target":["https:\/\/dev.nutralie.com\/fr\/biprotics-30-souches\/"]}]},{"@type":"ImageObject","inLanguage":"fr-FR","@id":"https:\/\/dev.nutralie.com\/fr\/biprotics-30-souches\/#primaryimage","url":"https:\/\/dev.nutralie.com\/wp-content\/uploads\/2021\/03\/001_Nutralie_Amazon_2025_ImagenesLaterales_PropuestaVisual_Biprotics30_2000x2000_mockup_EN.jpg","contentUrl":"https:\/\/dev.nutralie.com\/wp-content\/uploads\/2021\/03\/001_Nutralie_Amazon_2025_ImagenesLaterales_PropuestaVisual_Biprotics30_2000x2000_mockup_EN.jpg","width":2000,"height":2000},{"@type":"BreadcrumbList","@id":"https:\/\/dev.nutralie.com\/fr\/biprotics-30-souches\/#breadcrumb","itemListElement":[{"@type":"ListItem","position":1,"name":"Home","item":"https:\/\/dev.nutralie.com\/fr\/"},{"@type":"ListItem","position":2,"name":"Produits","item":"https:\/\/dev.nutralie.com\/fr\/shop\/"},{"@type":"ListItem","position":3,"name":"BIPROTICS 30 SOUCHES COMPLEX"}]},{"@type":"WebSite","@id":"https:\/\/dev.nutralie.com\/fr\/#website","url":"https:\/\/dev.nutralie.com\/fr\/","name":"Nutralie","description":"","potentialAction":[{"@type":"SearchAction","target":{"@type":"EntryPoint","urlTemplate":"https:\/\/dev.nutralie.com\/fr\/?s={search_term_string}"},"query-input":{"@type":"PropertyValueSpecification","valueRequired":true,"valueName":"search_term_string"}}],"inLanguage":"fr-FR"}]}},"_links":{"self":[{"href":"https:\/\/dev.nutralie.com\/fr\/wp-json\/wp\/v2\/product\/17503","targetHints":{"allow":["GET"]}}],"collection":[{"href":"https:\/\/dev.nutralie.com\/fr\/wp-json\/wp\/v2\/product"}],"about":[{"href":"https:\/\/dev.nutralie.com\/fr\/wp-json\/wp\/v2\/types\/product"}],"wp:featuredmedia":[{"embeddable":true,"href":"https:\/\/dev.nutralie.com\/fr\/wp-json\/wp\/v2\/media\/201834"}],"wp:attachment":[{"href":"https:\/\/dev.nutralie.com\/fr\/wp-json\/wp\/v2\/media?parent=17503"}],"wp:term":[{"taxonomy":"product_brand","embeddable":true,"href":"https:\/\/dev.nutralie.com\/fr\/wp-json\/wp\/v2\/product_brand?post=17503"},{"taxonomy":"product_cat","embeddable":true,"href":"https:\/\/dev.nutralie.com\/fr\/wp-json\/wp\/v2\/product_cat?post=17503"},{"taxonomy":"product_tag","embeddable":true,"href":"https:\/\/dev.nutralie.com\/fr\/wp-json\/wp\/v2\/product_tag?post=17503"},{"taxonomy":"referencias","embeddable":true,"href":"https:\/\/dev.nutralie.com\/fr\/wp-json\/wp\/v2\/referencias?post=17503"},{"taxonomy":"beneficio","embeddable":true,"href":"https:\/\/dev.nutralie.com\/fr\/wp-json\/wp\/v2\/beneficio?post=17503"}],"curies":[{"name":"wp","href":"https:\/\/api.w.org\/{rel}","templated":true}]}}