{"id":209116,"date":"2025-09-26T12:23:25","date_gmt":"2025-09-26T10:23:25","guid":{"rendered":"http:\/\/dev.nutralie.com\/?post_type=product&#038;p=209116"},"modified":"2026-01-08T11:40:25","modified_gmt":"2026-01-08T09:40:25","slug":"pack-immunite","status":"publish","type":"product","link":"https:\/\/dev.nutralie.com\/fr\/pack-immunite\/","title":{"rendered":"PACK IMMUNIT\u00c9"},"content":{"rendered":"","protected":false},"excerpt":{"rendered":"<p><strong>OFFRE LIMIT\u00c9E : LES COMPL\u00c9MENTS ALIMENTAIRES D&rsquo;AUTOMNE \u00c0 -15 % !<\/strong><\/p>\n<p><strong>Vitamin C Elements<\/strong> est un compl\u00e9ment alimentaire \u00e0 base de vitamine C (900 % VNR) avec de l&rsquo;\u00e9glantier (60 %) et des bioflavono\u00efdes (70 %).<\/p>\n<p><strong>Immunity Booster Complex<\/strong> de Nutralie est un compl\u00e9ment alimentaire \u00e0 base d&rsquo;extrait de reishi, de propolis, d&rsquo;extrait d&rsquo;\u00e9chinac\u00e9e pourpre, de vitamines A \u00e0 D et de min\u00e9raux.<\/p>\n<p>&nbsp;<\/p>\n<p><strong>G\u00c9LULES<\/strong><br \/>\nVitamin C Elements de Nutralie est pr\u00e9sent\u00e9 dans un flacon contenant 180 comprim\u00e9s concentr\u00e9s.<\/p>\n<p>Immunity Booster Complex de Nutralie est pr\u00e9sent\u00e9 dans un flacon contenant 60 comprim\u00e9s concentr\u00e9s.<\/p>\n","protected":false},"featured_media":207564,"template":"","meta":{"_acf_changed":false},"product_brand":[],"product_cat":[167],"product_tag":[],"referencias":[],"beneficio":[],"class_list":{"0":"post-209116","1":"product","2":"type-product","3":"status-publish","4":"has-post-thumbnail","6":"product_cat-defenses","8":"first","9":"instock","10":"sale","11":"taxable","12":"shipping-taxable","13":"purchasable","14":"product-type-simple"},"bundled_by":[],"bundle_stock_status":"instock","bundle_stock_quantity":null,"bundle_virtual":false,"bundle_layout":"","bundle_add_to_cart_form_location":"","bundle_editable_in_cart":false,"bundle_sold_individually_context":"","bundle_item_grouping":"","bundle_min_size":"","bundle_max_size":"","bundle_price":[],"bundled_items":[],"bundle_sell_ids":[],"acf":[],"yoast_head":"<!-- This site is optimized with the Yoast SEO plugin v27.3 - https:\/\/yoast.com\/product\/yoast-seo-wordpress\/ -->\n<title>Pack Immunit\u00e0 | Immunity Booster + Vitamina C | Offerta speciale<\/title>\n<meta name=\"description\" content=\"Pack Immunit\u00e0 | Offerta speciale sui supplementi TOP Immunity Booster Complex e Vitamin C Elements di Nutralie\" \/>\n<meta name=\"robots\" content=\"noindex, follow, max-snippet:-1, max-image-preview:large, max-video-preview:-1\" \/>\n<meta property=\"og:locale\" content=\"fr_FR\" \/>\n<meta property=\"og:type\" content=\"article\" \/>\n<meta property=\"og:title\" content=\"Pack Immunit\u00e0 | Immunity Booster + Vitamina C | Offerta speciale\" \/>\n<meta property=\"og:description\" content=\"Pack Immunit\u00e0 | Offerta speciale sui supplementi TOP Immunity Booster Complex e Vitamin C Elements di Nutralie\" \/>\n<meta property=\"og:url\" content=\"https:\/\/dev.nutralie.com\/fr\/pack-immunite\/\" \/>\n<meta property=\"og:site_name\" content=\"Nutralie\" \/>\n<meta property=\"article:modified_time\" content=\"2026-01-08T09:40:25+00:00\" \/>\n<meta property=\"og:image\" content=\"https:\/\/dev.nutralie.com\/wp-content\/uploads\/2025\/09\/001_Nutralie_Web_Destokp_ImmnunityVitC_2560x2560px.jpg\" \/>\n\t<meta property=\"og:image:width\" content=\"2560\" \/>\n\t<meta property=\"og:image:height\" content=\"2560\" \/>\n\t<meta property=\"og:image:type\" content=\"image\/jpeg\" \/>\n<meta name=\"twitter:card\" content=\"summary_large_image\" \/>\n<meta name=\"twitter:label1\" content=\"Dur\u00e9e de lecture estim\u00e9e\" \/>\n\t<meta name=\"twitter:data1\" content=\"1 minute\" \/>\n<script type=\"application\/ld+json\" class=\"yoast-schema-graph\">{\"@context\":\"https:\\\/\\\/schema.org\",\"@graph\":[{\"@type\":\"WebPage\",\"@id\":\"https:\\\/\\\/dev.nutralie.com\\\/fr\\\/pack-immunite\\\/\",\"url\":\"https:\\\/\\\/dev.nutralie.com\\\/fr\\\/pack-immunite\\\/\",\"name\":\"Pack Immunit\u00e0 | Immunity Booster + Vitamina C | Offerta speciale\",\"isPartOf\":{\"@id\":\"https:\\\/\\\/dev.nutralie.com\\\/fr\\\/#website\"},\"primaryImageOfPage\":{\"@id\":\"https:\\\/\\\/dev.nutralie.com\\\/fr\\\/pack-immunite\\\/#primaryimage\"},\"image\":{\"@id\":\"https:\\\/\\\/dev.nutralie.com\\\/fr\\\/pack-immunite\\\/#primaryimage\"},\"thumbnailUrl\":\"https:\\\/\\\/dev.nutralie.com\\\/wp-content\\\/uploads\\\/2025\\\/09\\\/001_Nutralie_Web_Destokp_ImmnunityVitC_2560x2560px.jpg\",\"datePublished\":\"2025-09-26T10:23:25+00:00\",\"dateModified\":\"2026-01-08T09:40:25+00:00\",\"description\":\"Pack Immunit\u00e0 | Offerta speciale sui supplementi TOP Immunity Booster Complex e Vitamin C Elements di Nutralie\",\"breadcrumb\":{\"@id\":\"https:\\\/\\\/dev.nutralie.com\\\/fr\\\/pack-immunite\\\/#breadcrumb\"},\"inLanguage\":\"fr-FR\",\"potentialAction\":[{\"@type\":\"ReadAction\",\"target\":[\"https:\\\/\\\/dev.nutralie.com\\\/fr\\\/pack-immunite\\\/\"]}]},{\"@type\":\"ImageObject\",\"inLanguage\":\"fr-FR\",\"@id\":\"https:\\\/\\\/dev.nutralie.com\\\/fr\\\/pack-immunite\\\/#primaryimage\",\"url\":\"https:\\\/\\\/dev.nutralie.com\\\/wp-content\\\/uploads\\\/2025\\\/09\\\/001_Nutralie_Web_Destokp_ImmnunityVitC_2560x2560px.jpg\",\"contentUrl\":\"https:\\\/\\\/dev.nutralie.com\\\/wp-content\\\/uploads\\\/2025\\\/09\\\/001_Nutralie_Web_Destokp_ImmnunityVitC_2560x2560px.jpg\",\"width\":2560,\"height\":2560},{\"@type\":\"BreadcrumbList\",\"@id\":\"https:\\\/\\\/dev.nutralie.com\\\/fr\\\/pack-immunite\\\/#breadcrumb\",\"itemListElement\":[{\"@type\":\"ListItem\",\"position\":1,\"name\":\"Home\",\"item\":\"https:\\\/\\\/dev.nutralie.com\\\/fr\\\/\"},{\"@type\":\"ListItem\",\"position\":2,\"name\":\"Produits\",\"item\":\"https:\\\/\\\/dev.nutralie.com\\\/fr\\\/shop\\\/\"},{\"@type\":\"ListItem\",\"position\":3,\"name\":\"PACK IMMUNIT\u00c9\"}]},{\"@type\":\"WebSite\",\"@id\":\"https:\\\/\\\/dev.nutralie.com\\\/fr\\\/#website\",\"url\":\"https:\\\/\\\/dev.nutralie.com\\\/fr\\\/\",\"name\":\"Nutralie\",\"description\":\"\",\"potentialAction\":[{\"@type\":\"SearchAction\",\"target\":{\"@type\":\"EntryPoint\",\"urlTemplate\":\"https:\\\/\\\/dev.nutralie.com\\\/fr\\\/?s={search_term_string}\"},\"query-input\":{\"@type\":\"PropertyValueSpecification\",\"valueRequired\":true,\"valueName\":\"search_term_string\"}}],\"inLanguage\":\"fr-FR\"}]}<\/script>\n<!-- \/ Yoast SEO plugin. -->","yoast_head_json":{"title":"Pack Immunit\u00e0 | Immunity Booster + Vitamina C | Offerta speciale","description":"Pack Immunit\u00e0 | Offerta speciale sui supplementi TOP Immunity Booster Complex e Vitamin C Elements di Nutralie","robots":{"index":"noindex","follow":"follow","max-snippet":"max-snippet:-1","max-image-preview":"max-image-preview:large","max-video-preview":"max-video-preview:-1"},"og_locale":"fr_FR","og_type":"article","og_title":"Pack Immunit\u00e0 | Immunity Booster + Vitamina C | Offerta speciale","og_description":"Pack Immunit\u00e0 | Offerta speciale sui supplementi TOP Immunity Booster Complex e Vitamin C Elements di Nutralie","og_url":"https:\/\/dev.nutralie.com\/fr\/pack-immunite\/","og_site_name":"Nutralie","article_modified_time":"2026-01-08T09:40:25+00:00","og_image":[{"width":2560,"height":2560,"url":"https:\/\/dev.nutralie.com\/wp-content\/uploads\/2025\/09\/001_Nutralie_Web_Destokp_ImmnunityVitC_2560x2560px.jpg","type":"image\/jpeg"}],"twitter_card":"summary_large_image","twitter_misc":{"Dur\u00e9e de lecture estim\u00e9e":"1 minute"},"schema":{"@context":"https:\/\/schema.org","@graph":[{"@type":"WebPage","@id":"https:\/\/dev.nutralie.com\/fr\/pack-immunite\/","url":"https:\/\/dev.nutralie.com\/fr\/pack-immunite\/","name":"Pack Immunit\u00e0 | Immunity Booster + Vitamina C | Offerta speciale","isPartOf":{"@id":"https:\/\/dev.nutralie.com\/fr\/#website"},"primaryImageOfPage":{"@id":"https:\/\/dev.nutralie.com\/fr\/pack-immunite\/#primaryimage"},"image":{"@id":"https:\/\/dev.nutralie.com\/fr\/pack-immunite\/#primaryimage"},"thumbnailUrl":"https:\/\/dev.nutralie.com\/wp-content\/uploads\/2025\/09\/001_Nutralie_Web_Destokp_ImmnunityVitC_2560x2560px.jpg","datePublished":"2025-09-26T10:23:25+00:00","dateModified":"2026-01-08T09:40:25+00:00","description":"Pack Immunit\u00e0 | Offerta speciale sui supplementi TOP Immunity Booster Complex e Vitamin C Elements di Nutralie","breadcrumb":{"@id":"https:\/\/dev.nutralie.com\/fr\/pack-immunite\/#breadcrumb"},"inLanguage":"fr-FR","potentialAction":[{"@type":"ReadAction","target":["https:\/\/dev.nutralie.com\/fr\/pack-immunite\/"]}]},{"@type":"ImageObject","inLanguage":"fr-FR","@id":"https:\/\/dev.nutralie.com\/fr\/pack-immunite\/#primaryimage","url":"https:\/\/dev.nutralie.com\/wp-content\/uploads\/2025\/09\/001_Nutralie_Web_Destokp_ImmnunityVitC_2560x2560px.jpg","contentUrl":"https:\/\/dev.nutralie.com\/wp-content\/uploads\/2025\/09\/001_Nutralie_Web_Destokp_ImmnunityVitC_2560x2560px.jpg","width":2560,"height":2560},{"@type":"BreadcrumbList","@id":"https:\/\/dev.nutralie.com\/fr\/pack-immunite\/#breadcrumb","itemListElement":[{"@type":"ListItem","position":1,"name":"Home","item":"https:\/\/dev.nutralie.com\/fr\/"},{"@type":"ListItem","position":2,"name":"Produits","item":"https:\/\/dev.nutralie.com\/fr\/shop\/"},{"@type":"ListItem","position":3,"name":"PACK IMMUNIT\u00c9"}]},{"@type":"WebSite","@id":"https:\/\/dev.nutralie.com\/fr\/#website","url":"https:\/\/dev.nutralie.com\/fr\/","name":"Nutralie","description":"","potentialAction":[{"@type":"SearchAction","target":{"@type":"EntryPoint","urlTemplate":"https:\/\/dev.nutralie.com\/fr\/?s={search_term_string}"},"query-input":{"@type":"PropertyValueSpecification","valueRequired":true,"valueName":"search_term_string"}}],"inLanguage":"fr-FR"}]}},"_links":{"self":[{"href":"https:\/\/dev.nutralie.com\/fr\/wp-json\/wp\/v2\/product\/209116","targetHints":{"allow":["GET"]}}],"collection":[{"href":"https:\/\/dev.nutralie.com\/fr\/wp-json\/wp\/v2\/product"}],"about":[{"href":"https:\/\/dev.nutralie.com\/fr\/wp-json\/wp\/v2\/types\/product"}],"wp:featuredmedia":[{"embeddable":true,"href":"https:\/\/dev.nutralie.com\/fr\/wp-json\/wp\/v2\/media\/207564"}],"wp:attachment":[{"href":"https:\/\/dev.nutralie.com\/fr\/wp-json\/wp\/v2\/media?parent=209116"}],"wp:term":[{"taxonomy":"product_brand","embeddable":true,"href":"https:\/\/dev.nutralie.com\/fr\/wp-json\/wp\/v2\/product_brand?post=209116"},{"taxonomy":"product_cat","embeddable":true,"href":"https:\/\/dev.nutralie.com\/fr\/wp-json\/wp\/v2\/product_cat?post=209116"},{"taxonomy":"product_tag","embeddable":true,"href":"https:\/\/dev.nutralie.com\/fr\/wp-json\/wp\/v2\/product_tag?post=209116"},{"taxonomy":"referencias","embeddable":true,"href":"https:\/\/dev.nutralie.com\/fr\/wp-json\/wp\/v2\/referencias?post=209116"},{"taxonomy":"beneficio","embeddable":true,"href":"https:\/\/dev.nutralie.com\/fr\/wp-json\/wp\/v2\/beneficio?post=209116"}],"curies":[{"name":"wp","href":"https:\/\/api.w.org\/{rel}","templated":true}]}}