{"id":26667,"date":"2021-05-05T13:52:57","date_gmt":"2021-05-05T11:52:57","guid":{"rendered":"http:\/\/dev.nutralie.com\/?post_type=product&#038;p=26667"},"modified":"2026-01-08T11:41:49","modified_gmt":"2026-01-08T09:41:49","slug":"collagene-marin","status":"publish","type":"product","link":"https:\/\/dev.nutralie.com\/fr\/collagene-marin\/","title":{"rendered":"MARINE COLLAG\u00c8NE COMPLEX"},"content":{"rendered":"","protected":false},"excerpt":{"rendered":"<p>Col\u00e1geno Marino Complex de Nutralie contient 1000 mg de col\u00e1geno hidrolizado marin. De plus, il pr\u00e9sente 45 mg d&rsquo;acide hialuronique, 15 mg de Q10, 25 mg de vitamine C, 9,1 mg de vitamine E, 2,5 \u00b5g de vitamine B12 et 7,5 mg de lycop\u00e8ne.<\/p>\n<p><strong>CAPSULES<\/strong><\/p>\n<p>Col\u00e1geno Marino Complex de Nutralie est pr\u00e9sent\u00e9 dans un vase contenant 60 capsules.<\/p>\n","protected":false},"featured_media":204717,"template":"","meta":{"_acf_changed":false},"product_brand":[],"product_cat":[176],"product_tag":[],"referencias":[2420],"beneficio":[],"class_list":{"0":"post-26667","1":"product","2":"type-product","3":"status-publish","4":"has-post-thumbnail","6":"product_cat-beaute","8":"first","9":"instock","10":"taxable","11":"shipping-taxable","12":"purchasable","13":"product-type-simple"},"bundled_by":[],"bundle_stock_status":"instock","bundle_stock_quantity":null,"bundle_virtual":false,"bundle_layout":"","bundle_add_to_cart_form_location":"","bundle_editable_in_cart":false,"bundle_sold_individually_context":"","bundle_item_grouping":"","bundle_min_size":"","bundle_max_size":"","bundle_price":[],"bundled_items":[],"bundle_sell_ids":[],"acf":[],"yoast_head":"<!-- This site is optimized with the Yoast SEO plugin v27.3 - https:\/\/yoast.com\/product\/yoast-seo-wordpress\/ -->\n<title>Complexe de collag\u00e8ne marin | 60 Capsules \u25b6\ufe0f Env\u00edo Gratis Desde 50\u20ac<\/title>\n<meta name=\"description\" content=\"Complexe de collag\u00e8ne marin | Suppl\u00e9ment de col\u00e1geno hidrolizado marino con \u00e1cido hialur\u00f3nico. Complexe Formule | Nutralie\" \/>\n<meta name=\"robots\" content=\"noindex, follow, max-snippet:-1, max-image-preview:large, max-video-preview:-1\" \/>\n<meta property=\"og:locale\" content=\"fr_FR\" \/>\n<meta property=\"og:type\" content=\"article\" \/>\n<meta property=\"og:title\" content=\"Complexe de collag\u00e8ne marin | 60 Capsules \u25b6\ufe0f Env\u00edo Gratis Desde 50\u20ac\" \/>\n<meta property=\"og:description\" content=\"Complexe de collag\u00e8ne marin | Suppl\u00e9ment de col\u00e1geno hidrolizado marino con \u00e1cido hialur\u00f3nico. Complexe Formule | Nutralie\" \/>\n<meta property=\"og:url\" content=\"https:\/\/dev.nutralie.com\/fr\/collagene-marin\/\" \/>\n<meta property=\"og:site_name\" content=\"Nutralie\" \/>\n<meta property=\"article:modified_time\" content=\"2026-01-08T09:41:49+00:00\" \/>\n<meta property=\"og:image\" content=\"https:\/\/dev.nutralie.com\/wp-content\/uploads\/2021\/05\/001_Nutralie_Amazon_2025_ImagenesLaterales_PropuestaVisual_MarineCollagen_2000x2000_mockup_EN.jpg\" \/>\n\t<meta property=\"og:image:width\" content=\"2000\" \/>\n\t<meta property=\"og:image:height\" content=\"2000\" \/>\n\t<meta property=\"og:image:type\" content=\"image\/jpeg\" \/>\n<meta name=\"twitter:card\" content=\"summary_large_image\" \/>\n<meta name=\"twitter:label1\" content=\"Dur\u00e9e de lecture estim\u00e9e\" \/>\n\t<meta name=\"twitter:data1\" content=\"1 minute\" \/>\n<script type=\"application\/ld+json\" class=\"yoast-schema-graph\">{\"@context\":\"https:\\\/\\\/schema.org\",\"@graph\":[{\"@type\":\"WebPage\",\"@id\":\"https:\\\/\\\/dev.nutralie.com\\\/fr\\\/collagene-marin\\\/\",\"url\":\"https:\\\/\\\/dev.nutralie.com\\\/fr\\\/collagene-marin\\\/\",\"name\":\"Complexe de collag\u00e8ne marin | 60 Capsules \u25b6\ufe0f Env\u00edo Gratis Desde 50\u20ac\",\"isPartOf\":{\"@id\":\"https:\\\/\\\/dev.nutralie.com\\\/fr\\\/#website\"},\"primaryImageOfPage\":{\"@id\":\"https:\\\/\\\/dev.nutralie.com\\\/fr\\\/collagene-marin\\\/#primaryimage\"},\"image\":{\"@id\":\"https:\\\/\\\/dev.nutralie.com\\\/fr\\\/collagene-marin\\\/#primaryimage\"},\"thumbnailUrl\":\"https:\\\/\\\/dev.nutralie.com\\\/wp-content\\\/uploads\\\/2021\\\/05\\\/001_Nutralie_Amazon_2025_ImagenesLaterales_PropuestaVisual_MarineCollagen_2000x2000_mockup_EN.jpg\",\"datePublished\":\"2021-05-05T11:52:57+00:00\",\"dateModified\":\"2026-01-08T09:41:49+00:00\",\"description\":\"Complexe de collag\u00e8ne marin | Suppl\u00e9ment de col\u00e1geno hidrolizado marino con \u00e1cido hialur\u00f3nico. Complexe Formule | Nutralie\",\"breadcrumb\":{\"@id\":\"https:\\\/\\\/dev.nutralie.com\\\/fr\\\/collagene-marin\\\/#breadcrumb\"},\"inLanguage\":\"fr-FR\",\"potentialAction\":[{\"@type\":\"ReadAction\",\"target\":[\"https:\\\/\\\/dev.nutralie.com\\\/fr\\\/collagene-marin\\\/\"]}]},{\"@type\":\"ImageObject\",\"inLanguage\":\"fr-FR\",\"@id\":\"https:\\\/\\\/dev.nutralie.com\\\/fr\\\/collagene-marin\\\/#primaryimage\",\"url\":\"https:\\\/\\\/dev.nutralie.com\\\/wp-content\\\/uploads\\\/2021\\\/05\\\/001_Nutralie_Amazon_2025_ImagenesLaterales_PropuestaVisual_MarineCollagen_2000x2000_mockup_EN.jpg\",\"contentUrl\":\"https:\\\/\\\/dev.nutralie.com\\\/wp-content\\\/uploads\\\/2021\\\/05\\\/001_Nutralie_Amazon_2025_ImagenesLaterales_PropuestaVisual_MarineCollagen_2000x2000_mockup_EN.jpg\",\"width\":2000,\"height\":2000},{\"@type\":\"BreadcrumbList\",\"@id\":\"https:\\\/\\\/dev.nutralie.com\\\/fr\\\/collagene-marin\\\/#breadcrumb\",\"itemListElement\":[{\"@type\":\"ListItem\",\"position\":1,\"name\":\"Home\",\"item\":\"https:\\\/\\\/dev.nutralie.com\\\/fr\\\/\"},{\"@type\":\"ListItem\",\"position\":2,\"name\":\"Produits\",\"item\":\"https:\\\/\\\/dev.nutralie.com\\\/fr\\\/shop\\\/\"},{\"@type\":\"ListItem\",\"position\":3,\"name\":\"MARINE COLLAG\u00c8NE COMPLEX\"}]},{\"@type\":\"WebSite\",\"@id\":\"https:\\\/\\\/dev.nutralie.com\\\/fr\\\/#website\",\"url\":\"https:\\\/\\\/dev.nutralie.com\\\/fr\\\/\",\"name\":\"Nutralie\",\"description\":\"\",\"potentialAction\":[{\"@type\":\"SearchAction\",\"target\":{\"@type\":\"EntryPoint\",\"urlTemplate\":\"https:\\\/\\\/dev.nutralie.com\\\/fr\\\/?s={search_term_string}\"},\"query-input\":{\"@type\":\"PropertyValueSpecification\",\"valueRequired\":true,\"valueName\":\"search_term_string\"}}],\"inLanguage\":\"fr-FR\"}]}<\/script>\n<!-- \/ Yoast SEO plugin. -->","yoast_head_json":{"title":"Complexe de collag\u00e8ne marin | 60 Capsules \u25b6\ufe0f Env\u00edo Gratis Desde 50\u20ac","description":"Complexe de collag\u00e8ne marin | Suppl\u00e9ment de col\u00e1geno hidrolizado marino con \u00e1cido hialur\u00f3nico. Complexe Formule | Nutralie","robots":{"index":"noindex","follow":"follow","max-snippet":"max-snippet:-1","max-image-preview":"max-image-preview:large","max-video-preview":"max-video-preview:-1"},"og_locale":"fr_FR","og_type":"article","og_title":"Complexe de collag\u00e8ne marin | 60 Capsules \u25b6\ufe0f Env\u00edo Gratis Desde 50\u20ac","og_description":"Complexe de collag\u00e8ne marin | Suppl\u00e9ment de col\u00e1geno hidrolizado marino con \u00e1cido hialur\u00f3nico. Complexe Formule | Nutralie","og_url":"https:\/\/dev.nutralie.com\/fr\/collagene-marin\/","og_site_name":"Nutralie","article_modified_time":"2026-01-08T09:41:49+00:00","og_image":[{"width":2000,"height":2000,"url":"https:\/\/dev.nutralie.com\/wp-content\/uploads\/2021\/05\/001_Nutralie_Amazon_2025_ImagenesLaterales_PropuestaVisual_MarineCollagen_2000x2000_mockup_EN.jpg","type":"image\/jpeg"}],"twitter_card":"summary_large_image","twitter_misc":{"Dur\u00e9e de lecture estim\u00e9e":"1 minute"},"schema":{"@context":"https:\/\/schema.org","@graph":[{"@type":"WebPage","@id":"https:\/\/dev.nutralie.com\/fr\/collagene-marin\/","url":"https:\/\/dev.nutralie.com\/fr\/collagene-marin\/","name":"Complexe de collag\u00e8ne marin | 60 Capsules \u25b6\ufe0f Env\u00edo Gratis Desde 50\u20ac","isPartOf":{"@id":"https:\/\/dev.nutralie.com\/fr\/#website"},"primaryImageOfPage":{"@id":"https:\/\/dev.nutralie.com\/fr\/collagene-marin\/#primaryimage"},"image":{"@id":"https:\/\/dev.nutralie.com\/fr\/collagene-marin\/#primaryimage"},"thumbnailUrl":"https:\/\/dev.nutralie.com\/wp-content\/uploads\/2021\/05\/001_Nutralie_Amazon_2025_ImagenesLaterales_PropuestaVisual_MarineCollagen_2000x2000_mockup_EN.jpg","datePublished":"2021-05-05T11:52:57+00:00","dateModified":"2026-01-08T09:41:49+00:00","description":"Complexe de collag\u00e8ne marin | Suppl\u00e9ment de col\u00e1geno hidrolizado marino con \u00e1cido hialur\u00f3nico. Complexe Formule | Nutralie","breadcrumb":{"@id":"https:\/\/dev.nutralie.com\/fr\/collagene-marin\/#breadcrumb"},"inLanguage":"fr-FR","potentialAction":[{"@type":"ReadAction","target":["https:\/\/dev.nutralie.com\/fr\/collagene-marin\/"]}]},{"@type":"ImageObject","inLanguage":"fr-FR","@id":"https:\/\/dev.nutralie.com\/fr\/collagene-marin\/#primaryimage","url":"https:\/\/dev.nutralie.com\/wp-content\/uploads\/2021\/05\/001_Nutralie_Amazon_2025_ImagenesLaterales_PropuestaVisual_MarineCollagen_2000x2000_mockup_EN.jpg","contentUrl":"https:\/\/dev.nutralie.com\/wp-content\/uploads\/2021\/05\/001_Nutralie_Amazon_2025_ImagenesLaterales_PropuestaVisual_MarineCollagen_2000x2000_mockup_EN.jpg","width":2000,"height":2000},{"@type":"BreadcrumbList","@id":"https:\/\/dev.nutralie.com\/fr\/collagene-marin\/#breadcrumb","itemListElement":[{"@type":"ListItem","position":1,"name":"Home","item":"https:\/\/dev.nutralie.com\/fr\/"},{"@type":"ListItem","position":2,"name":"Produits","item":"https:\/\/dev.nutralie.com\/fr\/shop\/"},{"@type":"ListItem","position":3,"name":"MARINE COLLAG\u00c8NE COMPLEX"}]},{"@type":"WebSite","@id":"https:\/\/dev.nutralie.com\/fr\/#website","url":"https:\/\/dev.nutralie.com\/fr\/","name":"Nutralie","description":"","potentialAction":[{"@type":"SearchAction","target":{"@type":"EntryPoint","urlTemplate":"https:\/\/dev.nutralie.com\/fr\/?s={search_term_string}"},"query-input":{"@type":"PropertyValueSpecification","valueRequired":true,"valueName":"search_term_string"}}],"inLanguage":"fr-FR"}]}},"_links":{"self":[{"href":"https:\/\/dev.nutralie.com\/fr\/wp-json\/wp\/v2\/product\/26667","targetHints":{"allow":["GET"]}}],"collection":[{"href":"https:\/\/dev.nutralie.com\/fr\/wp-json\/wp\/v2\/product"}],"about":[{"href":"https:\/\/dev.nutralie.com\/fr\/wp-json\/wp\/v2\/types\/product"}],"wp:featuredmedia":[{"embeddable":true,"href":"https:\/\/dev.nutralie.com\/fr\/wp-json\/wp\/v2\/media\/204717"}],"wp:attachment":[{"href":"https:\/\/dev.nutralie.com\/fr\/wp-json\/wp\/v2\/media?parent=26667"}],"wp:term":[{"taxonomy":"product_brand","embeddable":true,"href":"https:\/\/dev.nutralie.com\/fr\/wp-json\/wp\/v2\/product_brand?post=26667"},{"taxonomy":"product_cat","embeddable":true,"href":"https:\/\/dev.nutralie.com\/fr\/wp-json\/wp\/v2\/product_cat?post=26667"},{"taxonomy":"product_tag","embeddable":true,"href":"https:\/\/dev.nutralie.com\/fr\/wp-json\/wp\/v2\/product_tag?post=26667"},{"taxonomy":"referencias","embeddable":true,"href":"https:\/\/dev.nutralie.com\/fr\/wp-json\/wp\/v2\/referencias?post=26667"},{"taxonomy":"beneficio","embeddable":true,"href":"https:\/\/dev.nutralie.com\/fr\/wp-json\/wp\/v2\/beneficio?post=26667"}],"curies":[{"name":"wp","href":"https:\/\/api.w.org\/{rel}","templated":true}]}}