{"id":9943,"date":"2020-10-20T09:44:42","date_gmt":"2020-10-20T07:44:42","guid":{"rendered":"http:\/\/dev.nutralie.com\/detox\/"},"modified":"2026-01-08T11:42:46","modified_gmt":"2026-01-08T09:42:46","slug":"detox","status":"publish","type":"product","link":"https:\/\/dev.nutralie.com\/fr\/detox\/","title":{"rendered":"DETOX COMPLEX"},"content":{"rendered":"","protected":false},"excerpt":{"rendered":"<p>Notre compl\u00e9ment D\u00e9tox Complex est compos\u00e9 de diverses plantes et graines, dont l&rsquo;artichaut et le radis noir. Cette formule naturelle contient \u00e9galement de la choline et des vitamines B1 (thiamine) et B6, cette derni\u00e8re contribuant \u00e0 un m\u00e9tabolisme \u00e9nerg\u00e9tique normal.<\/p>\n<p><strong>G\u00c9LULES<\/strong><\/p>\n<p>Le D\u00e9tox Complex de Nutralie est pr\u00e9sent\u00e9 dans un emballage de 90 g\u00e9lules.<\/p>\n","protected":false},"featured_media":204911,"template":"","meta":{"_acf_changed":false},"product_brand":[],"product_cat":[162],"product_tag":[],"referencias":[2442],"beneficio":[],"class_list":{"0":"post-9943","1":"product","2":"type-product","3":"status-publish","4":"has-post-thumbnail","6":"product_cat-controle-du-poids","8":"first","9":"instock","10":"taxable","11":"shipping-taxable","12":"purchasable","13":"product-type-simple"},"bundled_by":["137696"],"bundle_stock_status":"instock","bundle_stock_quantity":null,"bundle_virtual":false,"bundle_layout":"","bundle_add_to_cart_form_location":"","bundle_editable_in_cart":false,"bundle_sold_individually_context":"","bundle_item_grouping":"","bundle_min_size":"","bundle_max_size":"","bundle_price":[],"bundled_items":[],"bundle_sell_ids":[],"acf":[],"yoast_head":"<!-- This site is optimized with the Yoast SEO plugin v27.3 - https:\/\/yoast.com\/product\/yoast-seo-wordpress\/ -->\n<title>Complexe D\u00e9tox | 120 Capsules \u25b6\ufe0f Livraison gratuite \u00e0 partir de 50 \u20ac<\/title>\n<meta name=\"description\" content=\"Complexe D\u00e9tox | Artichaut, radis noir, chardon-Marie et compl\u00e9ment vitaminique. Formule complexe | Nutralie\" \/>\n<meta name=\"robots\" content=\"noindex, follow, max-snippet:-1, max-image-preview:large, max-video-preview:-1\" \/>\n<meta property=\"og:locale\" content=\"fr_FR\" \/>\n<meta property=\"og:type\" content=\"article\" \/>\n<meta property=\"og:title\" content=\"Complexe D\u00e9tox | 120 Capsules \u25b6\ufe0f Livraison gratuite \u00e0 partir de 50 \u20ac\" \/>\n<meta property=\"og:description\" content=\"Complexe D\u00e9tox | Artichaut, radis noir, chardon-Marie et compl\u00e9ment vitaminique. Formule complexe | Nutralie\" \/>\n<meta property=\"og:url\" content=\"https:\/\/dev.nutralie.com\/fr\/detox\/\" \/>\n<meta property=\"og:site_name\" content=\"Nutralie\" \/>\n<meta property=\"article:modified_time\" content=\"2026-01-08T09:42:46+00:00\" \/>\n<meta property=\"og:image\" content=\"https:\/\/dev.nutralie.com\/wp-content\/uploads\/2025\/08\/002_Nutralie_Amazon_2025_ImagenesLaterales_PropuestaVisual_Detox_2000x2000_mockup_EN-2.jpg\" \/>\n\t<meta property=\"og:image:width\" content=\"2000\" \/>\n\t<meta property=\"og:image:height\" content=\"2000\" \/>\n\t<meta property=\"og:image:type\" content=\"image\/jpeg\" \/>\n<meta name=\"twitter:card\" content=\"summary_large_image\" \/>\n<meta name=\"twitter:label1\" content=\"Dur\u00e9e de lecture estim\u00e9e\" \/>\n\t<meta name=\"twitter:data1\" content=\"1 minute\" \/>\n<script type=\"application\/ld+json\" class=\"yoast-schema-graph\">{\"@context\":\"https:\\\/\\\/schema.org\",\"@graph\":[{\"@type\":\"WebPage\",\"@id\":\"https:\\\/\\\/dev.nutralie.com\\\/fr\\\/detox\\\/\",\"url\":\"https:\\\/\\\/dev.nutralie.com\\\/fr\\\/detox\\\/\",\"name\":\"Complexe D\u00e9tox | 120 Capsules \u25b6\ufe0f Livraison gratuite \u00e0 partir de 50 \u20ac\",\"isPartOf\":{\"@id\":\"https:\\\/\\\/dev.nutralie.com\\\/fr\\\/#website\"},\"primaryImageOfPage\":{\"@id\":\"https:\\\/\\\/dev.nutralie.com\\\/fr\\\/detox\\\/#primaryimage\"},\"image\":{\"@id\":\"https:\\\/\\\/dev.nutralie.com\\\/fr\\\/detox\\\/#primaryimage\"},\"thumbnailUrl\":\"https:\\\/\\\/dev.nutralie.com\\\/wp-content\\\/uploads\\\/2025\\\/08\\\/002_Nutralie_Amazon_2025_ImagenesLaterales_PropuestaVisual_Detox_2000x2000_mockup_EN-2.jpg\",\"datePublished\":\"2020-10-20T07:44:42+00:00\",\"dateModified\":\"2026-01-08T09:42:46+00:00\",\"description\":\"Complexe D\u00e9tox | Artichaut, radis noir, chardon-Marie et compl\u00e9ment vitaminique. Formule complexe | Nutralie\",\"breadcrumb\":{\"@id\":\"https:\\\/\\\/dev.nutralie.com\\\/fr\\\/detox\\\/#breadcrumb\"},\"inLanguage\":\"fr-FR\",\"potentialAction\":[{\"@type\":\"ReadAction\",\"target\":[\"https:\\\/\\\/dev.nutralie.com\\\/fr\\\/detox\\\/\"]}]},{\"@type\":\"ImageObject\",\"inLanguage\":\"fr-FR\",\"@id\":\"https:\\\/\\\/dev.nutralie.com\\\/fr\\\/detox\\\/#primaryimage\",\"url\":\"https:\\\/\\\/dev.nutralie.com\\\/wp-content\\\/uploads\\\/2025\\\/08\\\/002_Nutralie_Amazon_2025_ImagenesLaterales_PropuestaVisual_Detox_2000x2000_mockup_EN-2.jpg\",\"contentUrl\":\"https:\\\/\\\/dev.nutralie.com\\\/wp-content\\\/uploads\\\/2025\\\/08\\\/002_Nutralie_Amazon_2025_ImagenesLaterales_PropuestaVisual_Detox_2000x2000_mockup_EN-2.jpg\",\"width\":2000,\"height\":2000},{\"@type\":\"BreadcrumbList\",\"@id\":\"https:\\\/\\\/dev.nutralie.com\\\/fr\\\/detox\\\/#breadcrumb\",\"itemListElement\":[{\"@type\":\"ListItem\",\"position\":1,\"name\":\"Home\",\"item\":\"https:\\\/\\\/dev.nutralie.com\\\/fr\\\/\"},{\"@type\":\"ListItem\",\"position\":2,\"name\":\"Produits\",\"item\":\"https:\\\/\\\/dev.nutralie.com\\\/fr\\\/shop\\\/\"},{\"@type\":\"ListItem\",\"position\":3,\"name\":\"DETOX COMPLEX\"}]},{\"@type\":\"WebSite\",\"@id\":\"https:\\\/\\\/dev.nutralie.com\\\/fr\\\/#website\",\"url\":\"https:\\\/\\\/dev.nutralie.com\\\/fr\\\/\",\"name\":\"Nutralie\",\"description\":\"\",\"potentialAction\":[{\"@type\":\"SearchAction\",\"target\":{\"@type\":\"EntryPoint\",\"urlTemplate\":\"https:\\\/\\\/dev.nutralie.com\\\/fr\\\/?s={search_term_string}\"},\"query-input\":{\"@type\":\"PropertyValueSpecification\",\"valueRequired\":true,\"valueName\":\"search_term_string\"}}],\"inLanguage\":\"fr-FR\"}]}<\/script>\n<!-- \/ Yoast SEO plugin. -->","yoast_head_json":{"title":"Complexe D\u00e9tox | 120 Capsules \u25b6\ufe0f Livraison gratuite \u00e0 partir de 50 \u20ac","description":"Complexe D\u00e9tox | Artichaut, radis noir, chardon-Marie et compl\u00e9ment vitaminique. Formule complexe | Nutralie","robots":{"index":"noindex","follow":"follow","max-snippet":"max-snippet:-1","max-image-preview":"max-image-preview:large","max-video-preview":"max-video-preview:-1"},"og_locale":"fr_FR","og_type":"article","og_title":"Complexe D\u00e9tox | 120 Capsules \u25b6\ufe0f Livraison gratuite \u00e0 partir de 50 \u20ac","og_description":"Complexe D\u00e9tox | Artichaut, radis noir, chardon-Marie et compl\u00e9ment vitaminique. Formule complexe | Nutralie","og_url":"https:\/\/dev.nutralie.com\/fr\/detox\/","og_site_name":"Nutralie","article_modified_time":"2026-01-08T09:42:46+00:00","og_image":[{"width":2000,"height":2000,"url":"https:\/\/dev.nutralie.com\/wp-content\/uploads\/2025\/08\/002_Nutralie_Amazon_2025_ImagenesLaterales_PropuestaVisual_Detox_2000x2000_mockup_EN-2.jpg","type":"image\/jpeg"}],"twitter_card":"summary_large_image","twitter_misc":{"Dur\u00e9e de lecture estim\u00e9e":"1 minute"},"schema":{"@context":"https:\/\/schema.org","@graph":[{"@type":"WebPage","@id":"https:\/\/dev.nutralie.com\/fr\/detox\/","url":"https:\/\/dev.nutralie.com\/fr\/detox\/","name":"Complexe D\u00e9tox | 120 Capsules \u25b6\ufe0f Livraison gratuite \u00e0 partir de 50 \u20ac","isPartOf":{"@id":"https:\/\/dev.nutralie.com\/fr\/#website"},"primaryImageOfPage":{"@id":"https:\/\/dev.nutralie.com\/fr\/detox\/#primaryimage"},"image":{"@id":"https:\/\/dev.nutralie.com\/fr\/detox\/#primaryimage"},"thumbnailUrl":"https:\/\/dev.nutralie.com\/wp-content\/uploads\/2025\/08\/002_Nutralie_Amazon_2025_ImagenesLaterales_PropuestaVisual_Detox_2000x2000_mockup_EN-2.jpg","datePublished":"2020-10-20T07:44:42+00:00","dateModified":"2026-01-08T09:42:46+00:00","description":"Complexe D\u00e9tox | Artichaut, radis noir, chardon-Marie et compl\u00e9ment vitaminique. Formule complexe | Nutralie","breadcrumb":{"@id":"https:\/\/dev.nutralie.com\/fr\/detox\/#breadcrumb"},"inLanguage":"fr-FR","potentialAction":[{"@type":"ReadAction","target":["https:\/\/dev.nutralie.com\/fr\/detox\/"]}]},{"@type":"ImageObject","inLanguage":"fr-FR","@id":"https:\/\/dev.nutralie.com\/fr\/detox\/#primaryimage","url":"https:\/\/dev.nutralie.com\/wp-content\/uploads\/2025\/08\/002_Nutralie_Amazon_2025_ImagenesLaterales_PropuestaVisual_Detox_2000x2000_mockup_EN-2.jpg","contentUrl":"https:\/\/dev.nutralie.com\/wp-content\/uploads\/2025\/08\/002_Nutralie_Amazon_2025_ImagenesLaterales_PropuestaVisual_Detox_2000x2000_mockup_EN-2.jpg","width":2000,"height":2000},{"@type":"BreadcrumbList","@id":"https:\/\/dev.nutralie.com\/fr\/detox\/#breadcrumb","itemListElement":[{"@type":"ListItem","position":1,"name":"Home","item":"https:\/\/dev.nutralie.com\/fr\/"},{"@type":"ListItem","position":2,"name":"Produits","item":"https:\/\/dev.nutralie.com\/fr\/shop\/"},{"@type":"ListItem","position":3,"name":"DETOX COMPLEX"}]},{"@type":"WebSite","@id":"https:\/\/dev.nutralie.com\/fr\/#website","url":"https:\/\/dev.nutralie.com\/fr\/","name":"Nutralie","description":"","potentialAction":[{"@type":"SearchAction","target":{"@type":"EntryPoint","urlTemplate":"https:\/\/dev.nutralie.com\/fr\/?s={search_term_string}"},"query-input":{"@type":"PropertyValueSpecification","valueRequired":true,"valueName":"search_term_string"}}],"inLanguage":"fr-FR"}]}},"_links":{"self":[{"href":"https:\/\/dev.nutralie.com\/fr\/wp-json\/wp\/v2\/product\/9943","targetHints":{"allow":["GET"]}}],"collection":[{"href":"https:\/\/dev.nutralie.com\/fr\/wp-json\/wp\/v2\/product"}],"about":[{"href":"https:\/\/dev.nutralie.com\/fr\/wp-json\/wp\/v2\/types\/product"}],"wp:featuredmedia":[{"embeddable":true,"href":"https:\/\/dev.nutralie.com\/fr\/wp-json\/wp\/v2\/media\/204911"}],"wp:attachment":[{"href":"https:\/\/dev.nutralie.com\/fr\/wp-json\/wp\/v2\/media?parent=9943"}],"wp:term":[{"taxonomy":"product_brand","embeddable":true,"href":"https:\/\/dev.nutralie.com\/fr\/wp-json\/wp\/v2\/product_brand?post=9943"},{"taxonomy":"product_cat","embeddable":true,"href":"https:\/\/dev.nutralie.com\/fr\/wp-json\/wp\/v2\/product_cat?post=9943"},{"taxonomy":"product_tag","embeddable":true,"href":"https:\/\/dev.nutralie.com\/fr\/wp-json\/wp\/v2\/product_tag?post=9943"},{"taxonomy":"referencias","embeddable":true,"href":"https:\/\/dev.nutralie.com\/fr\/wp-json\/wp\/v2\/referencias?post=9943"},{"taxonomy":"beneficio","embeddable":true,"href":"https:\/\/dev.nutralie.com\/fr\/wp-json\/wp\/v2\/beneficio?post=9943"}],"curies":[{"name":"wp","href":"https:\/\/api.w.org\/{rel}","templated":true}]}}