{"id":30043,"date":"2021-03-12T12:42:43","date_gmt":"2021-03-12T10:42:43","guid":{"rendered":"http:\/\/dev.nutralie.com\/aviso-legal\/"},"modified":"2026-01-28T11:49:00","modified_gmt":"2026-01-28T09:49:00","slug":"avviso-legale","status":"publish","type":"page","link":"https:\/\/dev.nutralie.com\/it\/avviso-legale\/","title":{"rendered":"AVVISO LEGALE"},"content":{"rendered":"<div class=\"wpb-content-wrapper\"><p>[vc_row][vc_column]<div class=\"ult-spacer spacer-69e171f824e53\" data-id=\"69e171f824e53\" data-height=\"80\" data-height-mobile=\"55\" data-height-tab=\"\" data-height-tab-portrait=\"\" data-height-mobile-landscape=\"55\" style=\"clear:both;display:block;\"><\/div><h2 class=\"titulo-dos-colores title-1\" style=\"text-align:center !important;\"><span class=\"titulo-negro\">Avviso<\/span> <span class=\"titulo-morado\">legale<\/span><\/h2><style>\r\n                .titulo-dos-colores .titulo-negro {\r\n                    color: #000000;\r\n                }\r\n                .titulo-dos-colores .titulo-morado {\r\n                    color: #AAA5FF;\r\n                }\r\n            <\/style><div class=\"ult-spacer spacer-69e171f824f68\" data-id=\"69e171f824f68\" data-height=\"55\" data-height-mobile=\"25\" data-height-tab=\"\" data-height-tab-portrait=\"\" data-height-mobile-landscape=\"25\" style=\"clear:both;display:block;\"><\/div>[\/vc_column][\/vc_row][vc_row el_class=&#8221;section-aviso-legal&#8221;][vc_column][vc_column_text css=&#8221;&#8221;]<span data-sheets-value=\"{&quot;1&quot;:2,&quot;2&quot;:&quot;AVVISO LEGALE\\nIn conformit\u00e0 a quanto disposto dall'articolo 10 della legge 34\/2002 del 11 luglio, servizi della societ\u00e0 dell'informazione e del commercio elettronico, e l'articolo 5 della direttiva 2000\/31 \/ CE, informiamo le seguenti informazioni:\\nRESPONSABILE PER WEB: Ewalu Lani LTD\\nNUMERO DI AZIENDA: 648.196\\nINDIRIZZO: 84 Northumberland Road, Dublin, 4 D04 PY94, IRLANDA\\nMAIL: info@dev.nutralie.com\\n\\nTermini di utilizzo\\nCon l'utilizzo del sito web, l'utente accetta di essere vincolato dalle presenti condizioni di utilizzo.\\nLe condizioni generali di utilizzo del Ewalu Lani LTD, da oggi responsabile, regolano l'accesso e l'uso del web.\\nIl sito web si riserva il diritto di sospendere o interrompere in qualsiasi momento e senza preavviso, tutti o parte dei servizi offerti su questo sito.\\n\\n1- Limitazioni di utilizzo degli utenti del Web\\n\u00c8 espressamente vietato agli utenti del sito web che non siano espressamente autorizzati dal RESPONSABILE di copiare, distribuire (compresa la posta elettronica e Internet), trasmettere, comunicare, modificare, alterare, trasformare, trasferire o in qualsiasi altro modo attivit\u00e0 illecite che compromettano l'uso del sito web o dei contenuti o elementi che lo compongono, in qualsiasi forma. Gli utenti che fanno un uso improprio del sito web, violano le condizioni d'uso o i sistemi di sicurezza del sito web saranno responsabili del risarcimento dei danni generati da tali azioni.\\nL'utente si impegna a risarcire i proprietari del sito web per qualsiasi perdita, danno o spesa che possa essere subita in relazione all'uso o all'abuso del sito web da parte dell'utente per qualsiasi scopo illegale o proibito, in conformit\u00e0 con le disposizioni di questi termini e condizioni.\\n\\nDiniego 2- il proprietario del web\\nIl proprietario del sito web non sar\u00e0, in qualsiasi momento e in qualsiasi circostanza speciale temporanea o geografica, responsabile delle seguenti azioni che sono esposte di seguito:\\nDi un funzionamento difettoso o con carenze tecniche del web, se deriva dal lavoro tecnico necessario per produrre sul web un funzionamento completo e corretto. Questo include qualsiasi azione necessaria per controllare il funzionamento, le prestazioni, la sicurezza e qualsiasi altra azione derivata dall'uso del sito web.\\nEventuali errori di sicurezza che possono essere causati da virus, file, programmi e\/o altri componenti dannosi sul sito web o sul server. \\nPer i danni generati all'utente o a terzi in caso di impossibilit\u00e0 di fornire il servizio in caso di caso fortuito, forza maggiore, o altre cause non imputabili ai proprietari del sito web.\\nDelle informazioni pubblicate sul sito web, blog, reti sociali e altri media, a condizione che queste informazioni siano state manipolate o introdotte da un terzo non autorizzato.\\nLink ad altri siti web non gestiti dal RESPONSABILE che possono essere contenuti nel sito web.\\n\\n3- link\\nSi segnala che il sito web del RESPONSABILE pu\u00f2 contenere link ad altri siti web non gestiti dal RESPONSABILE che saranno offerti solo come riferimenti informativi, il cui scopo \u00e8 quello di fornire altri contenuti che sono considerati di interesse. Allo stesso modo, il RESPONSABILE dichiara di non avere alcun controllo su tali portali o siti web, n\u00e9 \u00e8 responsabile del loro contenuto.\\nIl RESPONSABILE non si assume alcuna responsabilit\u00e0 diretta o indiretta in relazione alla legalit\u00e0, veridicit\u00e0, utilit\u00e0, qualit\u00e0 o affidabilit\u00e0 dei contenuti che non sono direttamente gestiti o controllati da lui, anche se possono essere accessibili attraverso il web.\\n\\n\\n4-intellettuale e propriet\u00e0 industriale\\nIl RESPONSABILE si riserva i diritti di propriet\u00e0 intellettuale del sito web per quanto riguarda gli elementi che compongono l'aspetto visivo, l'immagine grafica, il codice sorgente, il design, le strutture di navigazione e i vari elementi in esso contenuti come pubblicazioni, informazioni, grafici, disegni, fotografie, registrazioni, cos\u00ec come la tecnologia, il know-how, i marchi, i segni distintivi e i loghi. I contenuti e le opere riprodotte in questo sito web sono di propriet\u00e0 del RESPONSABILE e sono quindi protetti dalle norme di propriet\u00e0 intellettuale e industriale.\\nLa riproduzione, trasformazione, distribuzione, comunicazione pubblica, messa a disposizione del pubblico e, in generale, qualsiasi altra forma di sfruttamento, parziale o totale degli elementi di cui alle sezioni precedenti \u00e8 vietata. La loro pubblicazione in altri siti web o in altri supporti digitali o scritti richiede il consenso espresso del proprietario del sito web e, in ogni caso, appariranno con un riferimento esplicito alla propriet\u00e0 dei diritti di propriet\u00e0 intellettuale.\\n\\n5- Legislazione applicabile, giurisdizione competente e notifiche\\nQueste condizioni sono regolate e interpretate in conformit\u00e0 con la legislazione italiana ed europea applicabile.\\nPer qualsiasi controversia che possa sorgere in relazione ai servizi forniti attraverso questo sito web, saranno competenti i tribunali italiani, e l'utente rinuncia a qualsiasi altra giurisdizione che possa avere.\\nIl RESPONSABILE perseguir\u00e0 la violazione di queste condizioni, cos\u00ec come qualsiasi uso improprio del sito web esercitando tutte le azioni civili e penali che possono corrispondere a lui e assistere in diritto.&quot;}\" data-sheets-userformat=\"{&quot;2&quot;:5057,&quot;3&quot;:{&quot;1&quot;:0},&quot;9&quot;:1,&quot;10&quot;:1,&quot;11&quot;:4,&quot;12&quot;:0,&quot;15&quot;:&quot;Montserrat&quot;}\" data-sheets-textstyleruns=\"{&quot;1&quot;:0}\uee10[null,249,{&quot;2&quot;:[null,2,16711680]}]\uee10{&quot;1&quot;:399}\">In conformit\u00e0 a quanto disposto dall\u2019articolo 10 della legge 34\/2002 del 11 luglio, servizi della societ\u00e0 dell\u2019informazione e del commercio elettronico, e l\u2019articolo 5 della direttiva 2000\/31 \/ CE, informiamo le seguenti informazioni:<\/span><\/p>\n<p data-path-to-node=\"9,0,0\"><b data-path-to-node=\"9,0,0\" data-index-in-node=\"0\">Nome a dominio:<\/b> <a class=\"ng-star-inserted\" href=\"http:\/\/dev.nutralie.com\/it\/\" target=\"_blank\" rel=\"noopener\">www.nutralie.com<\/a><\/p>\n<p data-path-to-node=\"9,1,0\"><b data-path-to-node=\"9,1,0\" data-index-in-node=\"0\">Nome commerciale:<\/b> Nutralie<\/p>\n<p data-path-to-node=\"9,2,0\"><b data-path-to-node=\"9,2,0\" data-index-in-node=\"0\">Ragione sociale:<\/b> NUTRIEXPERTS, SL<\/p>\n<p data-path-to-node=\"9,3,0\"><b data-path-to-node=\"9,3,0\" data-index-in-node=\"0\">Codice Fiscale \/ Partita IVA (NIF):<\/b> B06770051<\/p>\n<p data-path-to-node=\"9,4,0\"><b data-path-to-node=\"9,4,0\" data-index-in-node=\"0\">Sede legale:<\/b> C\/ Vallespir, 19 Planta 3 Oficina 5, 08173 Sant Cugat del Vall\u00e8s (Barcellona), Spagna<\/p>\n<p data-path-to-node=\"9,5,0\"><b data-path-to-node=\"9,5,0\" data-index-in-node=\"0\">E-mail:<\/b> info@dev.nutralie.com<\/p>\n<p data-path-to-node=\"9,5,0\">Iscritta al Registro delle Imprese di Barcellona, Tomo 39904, Foglio 113, Sezione 8, Pagina B-356186.<\/p>\n<p>&nbsp;<\/p>\n<p class=\"title-2-aviso-legal\"><b>Termini <span style=\"color: #aaa5ff !important;\">di utilizzo<\/span><\/b><\/p>\n<p>Con l\u2019utilizzo del sito web, l\u2019utente accetta di essere vincolato dalle presenti condizioni di utilizzo.<\/p>\n<p>Le condizioni generali di utilizzo del Nutriexperts SL, da oggi responsabile, regolano l\u2019accesso e l\u2019uso del web.<\/p>\n<p>Il sito web si riserva il diritto di sospendere o interrompere in qualsiasi momento e senza preavviso, tutti o parte dei servizi offerti su questo sito.<\/p>\n<p>&nbsp;<\/p>\n<p><strong>1- Limitazioni di utilizzo degli utenti del Web<\/strong><\/p>\n<p>\u00c8 espressamente vietato agli utenti del sito web che non siano espressamente autorizzati dal RESPONSABILE di copiare, distribuire (compresa la posta elettronica e Internet), trasmettere, comunicare, modificare, alterare, trasformare, trasferire o in qualsiasi altro modo attivit\u00e0 illecite che compromettano l\u2019uso del sito web o dei contenuti o elementi che lo compongono, in qualsiasi forma. Gli utenti che fanno un uso improprio del sito web, violano le condizioni d\u2019uso o i sistemi di sicurezza del sito web saranno responsabili del risarcimento dei danni generati da tali azioni.<br \/>\nL\u2019utente si impegna a risarcire i proprietari del sito web per qualsiasi perdita, danno o spesa che possa essere subita in relazione all\u2019uso o all\u2019abuso del sito web da parte dell\u2019utente per qualsiasi scopo illegale o proibito, in conformit\u00e0 con le disposizioni di questi termini e condizioni.<\/p>\n<p>&nbsp;<\/p>\n<p><strong>2- Il proprietario del web<\/strong><\/p>\n<p>Il proprietario del sito web non sar\u00e0, in qualsiasi momento e in qualsiasi circostanza speciale temporanea o geografica, responsabile delle seguenti azioni che sono esposte di seguito: Di un funzionamento difettoso o con carenze tecniche del web, se deriva dal lavoro tecnico necessario per produrre sul web un funzionamento completo e corretto. Questo include qualsiasi azione necessaria per controllare il funzionamento, le prestazioni, la sicurezza e qualsiasi altra azione derivata dall\u2019uso del sito web. Eventuali errori di sicurezza che possono essere causati da virus, file, programmi e\/o altri componenti dannosi sul sito web o sul server.<\/p>\n<p>Per i danni generati all\u2019utente o a terzi in caso di impossibilit\u00e0 di fornire il servizio in caso di caso fortuito, forza maggiore, o altre cause non imputabili ai proprietari del sito web.<\/p>\n<p>Delle informazioni pubblicate sul sito web, blog, reti sociali e altri media, a condizione che queste informazioni siano state manipolate o introdotte da un terzo non autorizzato.<\/p>\n<p>Link ad altri siti web non gestiti dal RESPONSABILE che possono essere contenuti nel sito web.<\/p>\n<p>&nbsp;<\/p>\n<p><strong>3- Link<\/strong><\/p>\n<p>Si segnala che il sito web del RESPONSABILE pu\u00f2 contenere link ad altri siti web non gestiti dal RESPONSABILE che saranno offerti solo come riferimenti informativi, il cui scopo \u00e8 quello di fornire altri contenuti che sono considerati di interesse. Allo stesso modo, il RESPONSABILE dichiara di non avere alcun controllo su tali portali o siti web, n\u00e9 \u00e8 responsabile del loro contenuto.<\/p>\n<p>Il RESPONSABILE non si assume alcuna responsabilit\u00e0 diretta o indiretta in relazione alla legalit\u00e0, veridicit\u00e0, utilit\u00e0, qualit\u00e0 o affidabilit\u00e0 dei contenuti che non sono direttamente gestiti o controllati da lui, anche se possono essere accessibili attraverso il web.<\/p>\n<p>&nbsp;<\/p>\n<p><strong>4- Intellettuale e propriet\u00e0 industriale<\/strong><\/p>\n<p>Il RESPONSABILE si riserva i diritti di propriet\u00e0 intellettuale del sito web per quanto riguarda gli elementi che compongono l\u2019aspetto visivo, l\u2019immagine grafica, il codice sorgente, il design, le strutture di navigazione e i vari elementi in esso contenuti come pubblicazioni, informazioni, grafici, disegni, fotografie, registrazioni, cos\u00ec come la tecnologia, il know-how, i marchi, i segni distintivi e i loghi.<\/p>\n<p>I contenuti e le opere riprodotte in questo sito web sono di propriet\u00e0 del RESPONSABILE e sono quindi protetti dalle norme di propriet\u00e0 intellettuale e industriale. La riproduzione, trasformazione, distribuzione, comunicazione pubblica, messa a disposizione del pubblico e, in generale, qualsiasi altra forma di sfruttamento, parziale o totale degli elementi di cui alle sezioni precedenti \u00e8 vietata.<\/p>\n<p>La loro pubblicazione in altri siti web o in altri supporti digitali o scritti richiede il consenso espresso del proprietario del sito web e, in ogni caso, appariranno con un riferimento esplicito alla propriet\u00e0 dei diritti di propriet\u00e0 intellettuale.<\/p>\n<p>&nbsp;<\/p>\n<p><strong>5- Account utente<\/strong><br \/>\nSe si registra al sito web, l\u2019utente accetta di fornirci informazioni di registrazione accurate e complete e di informarci immediatamente di eventuali aggiornamenti o altre modifiche di tali informazioni.<br \/>\nLei \u00e8 l\u2019unico responsabile della protezione della sicurezza e della riservatezza della password e dell\u2019identificazione che le sono state assegnate. Dovr\u00e0 notificarci immediatamente qualsiasi uso non autorizzato della sua password o del suo ID o qualsiasi altra violazione o minaccia di violazione della sicurezza di questo sito.[\/vc_column_text]<div class=\"ult-spacer spacer-69e171f824fc1\" data-id=\"69e171f824fc1\" data-height=\"80\" data-height-mobile=\"45\" data-height-tab=\"\" data-height-tab-portrait=\"\" data-height-mobile-landscape=\"45\" style=\"clear:both;display:block;\"><\/div>[\/vc_column][\/vc_row]<\/p>\n<\/div>","protected":false},"excerpt":{"rendered":"<p>[vc_row][vc_column][\/vc_column][\/vc_row][vc_row el_class=&#8221;section-aviso-legal&#8221;][vc_column][vc_column_text css=&#8221;&#8221;]In conformit\u00e0 a quanto disposto dall\u2019articolo 10 della legge 34\/2002 del 11 luglio, servizi della societ\u00e0 dell\u2019informazione e del commercio elettronico, e l\u2019articolo 5 della direttiva 2000\/31 \/ CE, informiamo le seguenti informazioni: Nome a dominio: www.nutralie.com Nome<\/p>\n<p><a class=\"readmore\" href=\"https:\/\/dev.nutralie.com\/it\/avviso-legale\/\">Leer M\u00e1s<\/a><\/p>\n","protected":false},"author":3,"featured_media":0,"parent":0,"menu_order":0,"comment_status":"closed","ping_status":"closed","template":"","meta":{"_acf_changed":false,"footnotes":""},"class_list":["post-30043","page","type-page","status-publish","hentry"],"acf":[],"yoast_head":"<!-- This site is optimized with the Yoast SEO plugin v27.3 - https:\/\/yoast.com\/product\/yoast-seo-wordpress\/ -->\n<title>Avviso legale | Nutralie<\/title>\n<meta name=\"description\" content=\"Avviso legale Nutralie\" \/>\n<meta name=\"robots\" content=\"noindex, follow, max-snippet:-1, max-image-preview:large, max-video-preview:-1\" \/>\n<meta property=\"og:locale\" content=\"it_IT\" \/>\n<meta property=\"og:type\" content=\"article\" \/>\n<meta property=\"og:title\" content=\"Avviso legale | Nutralie\" \/>\n<meta property=\"og:description\" content=\"Avviso legale Nutralie\" \/>\n<meta property=\"og:url\" content=\"https:\/\/dev.nutralie.com\/it\/avviso-legale\/\" \/>\n<meta property=\"og:site_name\" content=\"Nutralie\" \/>\n<meta property=\"article:modified_time\" content=\"2026-01-28T09:49:00+00:00\" \/>\n<meta name=\"twitter:card\" content=\"summary_large_image\" \/>\n<meta name=\"twitter:label1\" content=\"Tempo di lettura stimato\" \/>\n\t<meta name=\"twitter:data1\" content=\"4 minuti\" \/>\n<script type=\"application\/ld+json\" class=\"yoast-schema-graph\">{\"@context\":\"https:\\\/\\\/schema.org\",\"@graph\":[{\"@type\":\"WebPage\",\"@id\":\"https:\\\/\\\/dev.nutralie.com\\\/it\\\/avviso-legale\\\/\",\"url\":\"https:\\\/\\\/dev.nutralie.com\\\/it\\\/avviso-legale\\\/\",\"name\":\"Avviso legale | Nutralie\",\"isPartOf\":{\"@id\":\"https:\\\/\\\/dev.nutralie.com\\\/it\\\/#website\"},\"datePublished\":\"2021-03-12T10:42:43+00:00\",\"dateModified\":\"2026-01-28T09:49:00+00:00\",\"description\":\"Avviso legale Nutralie\",\"breadcrumb\":{\"@id\":\"https:\\\/\\\/dev.nutralie.com\\\/it\\\/avviso-legale\\\/#breadcrumb\"},\"inLanguage\":\"it-IT\",\"potentialAction\":[{\"@type\":\"ReadAction\",\"target\":[\"https:\\\/\\\/dev.nutralie.com\\\/it\\\/avviso-legale\\\/\"]}]},{\"@type\":\"BreadcrumbList\",\"@id\":\"https:\\\/\\\/dev.nutralie.com\\\/it\\\/avviso-legale\\\/#breadcrumb\",\"itemListElement\":[{\"@type\":\"ListItem\",\"position\":1,\"name\":\"Home\",\"item\":\"https:\\\/\\\/dev.nutralie.com\\\/it\\\/\"},{\"@type\":\"ListItem\",\"position\":2,\"name\":\"AVVISO LEGALE\"}]},{\"@type\":\"WebSite\",\"@id\":\"https:\\\/\\\/dev.nutralie.com\\\/it\\\/#website\",\"url\":\"https:\\\/\\\/dev.nutralie.com\\\/it\\\/\",\"name\":\"Nutralie\",\"description\":\"\",\"potentialAction\":[{\"@type\":\"SearchAction\",\"target\":{\"@type\":\"EntryPoint\",\"urlTemplate\":\"https:\\\/\\\/dev.nutralie.com\\\/it\\\/?s={search_term_string}\"},\"query-input\":{\"@type\":\"PropertyValueSpecification\",\"valueRequired\":true,\"valueName\":\"search_term_string\"}}],\"inLanguage\":\"it-IT\"}]}<\/script>\n<!-- \/ Yoast SEO plugin. -->","yoast_head_json":{"title":"Avviso legale | Nutralie","description":"Avviso legale Nutralie","robots":{"index":"noindex","follow":"follow","max-snippet":"max-snippet:-1","max-image-preview":"max-image-preview:large","max-video-preview":"max-video-preview:-1"},"og_locale":"it_IT","og_type":"article","og_title":"Avviso legale | Nutralie","og_description":"Avviso legale Nutralie","og_url":"https:\/\/dev.nutralie.com\/it\/avviso-legale\/","og_site_name":"Nutralie","article_modified_time":"2026-01-28T09:49:00+00:00","twitter_card":"summary_large_image","twitter_misc":{"Tempo di lettura stimato":"4 minuti"},"schema":{"@context":"https:\/\/schema.org","@graph":[{"@type":"WebPage","@id":"https:\/\/dev.nutralie.com\/it\/avviso-legale\/","url":"https:\/\/dev.nutralie.com\/it\/avviso-legale\/","name":"Avviso legale | Nutralie","isPartOf":{"@id":"https:\/\/dev.nutralie.com\/it\/#website"},"datePublished":"2021-03-12T10:42:43+00:00","dateModified":"2026-01-28T09:49:00+00:00","description":"Avviso legale Nutralie","breadcrumb":{"@id":"https:\/\/dev.nutralie.com\/it\/avviso-legale\/#breadcrumb"},"inLanguage":"it-IT","potentialAction":[{"@type":"ReadAction","target":["https:\/\/dev.nutralie.com\/it\/avviso-legale\/"]}]},{"@type":"BreadcrumbList","@id":"https:\/\/dev.nutralie.com\/it\/avviso-legale\/#breadcrumb","itemListElement":[{"@type":"ListItem","position":1,"name":"Home","item":"https:\/\/dev.nutralie.com\/it\/"},{"@type":"ListItem","position":2,"name":"AVVISO LEGALE"}]},{"@type":"WebSite","@id":"https:\/\/dev.nutralie.com\/it\/#website","url":"https:\/\/dev.nutralie.com\/it\/","name":"Nutralie","description":"","potentialAction":[{"@type":"SearchAction","target":{"@type":"EntryPoint","urlTemplate":"https:\/\/dev.nutralie.com\/it\/?s={search_term_string}"},"query-input":{"@type":"PropertyValueSpecification","valueRequired":true,"valueName":"search_term_string"}}],"inLanguage":"it-IT"}]}},"_links":{"self":[{"href":"https:\/\/dev.nutralie.com\/it\/wp-json\/wp\/v2\/pages\/30043","targetHints":{"allow":["GET"]}}],"collection":[{"href":"https:\/\/dev.nutralie.com\/it\/wp-json\/wp\/v2\/pages"}],"about":[{"href":"https:\/\/dev.nutralie.com\/it\/wp-json\/wp\/v2\/types\/page"}],"author":[{"embeddable":true,"href":"https:\/\/dev.nutralie.com\/it\/wp-json\/wp\/v2\/users\/3"}],"replies":[{"embeddable":true,"href":"https:\/\/dev.nutralie.com\/it\/wp-json\/wp\/v2\/comments?post=30043"}],"version-history":[{"count":2,"href":"https:\/\/dev.nutralie.com\/it\/wp-json\/wp\/v2\/pages\/30043\/revisions"}],"predecessor-version":[{"id":218069,"href":"https:\/\/dev.nutralie.com\/it\/wp-json\/wp\/v2\/pages\/30043\/revisions\/218069"}],"wp:attachment":[{"href":"https:\/\/dev.nutralie.com\/it\/wp-json\/wp\/v2\/media?parent=30043"}],"curies":[{"name":"wp","href":"https:\/\/api.w.org\/{rel}","templated":true}]}}